{"id":5442,"date":"2025-10-19T09:20:27","date_gmt":"2025-10-19T09:20:27","guid":{"rendered":"https:\/\/wavexia.com\/product\/celimax-ji-woo-gae-cica-bha-acne-foam-cleansing-150ml\/"},"modified":"2026-03-10T07:31:09","modified_gmt":"2026-03-10T07:31:09","slug":"celimax-ji-woo-gae-cica-bha-acne-foam-cleansing-150ml","status":"publish","type":"product","link":"https:\/\/wavexia.com\/?product=celimax-ji-woo-gae-cica-bha-acne-foam-cleansing-150ml","title":{"rendered":"Celimax Ji Woo Gae Cica Bha Acne Foam Cleansing 150ml"},"content":{"rendered":"<h2>Description<\/h2>\n<p>Celimax Ji Woo Gae Cica BHA Acne Foam Cleansing est un nettoyant pour le visage doux mais efficace infus\u00e9 de BHA et d\u2019extrait de Centella Asiatica. Cette mousse nettoyante nettoie en profondeur les pores, \u00e9limine les impuret\u00e9s et pr\u00e9vient l\u2019acn\u00e9 sans provoquer d\u2019irritation.<\/p>\n<p><strong>Exfolie et pr\u00e9vient les \u00e9ruptions cutan\u00e9es :<\/strong>&nbsp;Le BHA aide \u00e0 d\u00e9gager les pores obstru\u00e9s, \u00e0 r\u00e9duire l\u2019acn\u00e9 et \u00e0 pr\u00e9venir les \u00e9ruptions futures.<br \/><strong>Apaise et calme : L\u2019extrait<\/strong>&nbsp;de Centella Asiatica aide \u00e0 calmer et \u00e0 apaiser la peau irrit\u00e9e, favorisant ainsi la gu\u00e9rison.<br \/><strong>Formule douce :<\/strong>&nbsp;Fournit un nettoyage doux et non dess\u00e9chant qui minimise l\u2019irritation de la peau, parfait pour les peaux sensibles.<\/p>\n<p><strong>\u00c0 quel type de peau convient-il ?<br \/><\/strong>Peau \u00e0 imperfections\/acn\u00e9<\/p>\n<h5><span class=\"accordion__toggle h6\">Mode d\u2019emploi<\/span><\/h5>\n<div class=\"accordion__content prose\">\n<div class=\"metafield-rich_text_field\">\n<p>1. Appliquez une petite quantit\u00e9 de nettoyant sur le visage.<\/p>\n<p>2. Massez doucement en mouvements circulaires et rincez<\/p>\n<p>&nbsp;<\/p>\n<h5><span class=\"accordion__toggle h6\">Ingr\u00e9dients<\/span><\/h5>\n<div class=\"accordion__content prose\">Eau, acide myristique, glyc\u00e9rine, hydroxyde de potassium, acide st\u00e9arique, st\u00e9arate de glyc\u00e9ryle, propanediol, acide palmitique, cocamidopropyl b\u00e9ta\u00efne, sulfonate d\u2019ol\u00e9fine sulfonate de sodium C14-16, benzoate de potassium, butyl\u00e8ne glycol, acide salicylique (0,45&nbsp;%), coco-glucoside, citrate de coco-glucoside disodique, chlorure de sodium, sorbitol, acrylates\/polym\u00e8re crois\u00e9 d\u2019acrylate d\u2019alkyle C10-30, huile de feuille de Melaleuca alternifolia (arbre \u00e0 th\u00e9), alcool c\u00e9t\u00e9arylique, edta disodique, polyquaternium-7, polyd\u00e9c\u00e8ne hydrog\u00e9n\u00e9, acide arachidique, acide laurique, 1,2-hexanediol, citrate de sodium, lysat de ferment de bifida, extrait de Centella Asiatica (0,02&nbsp;%), lactose, acide ol\u00e9ique, panth\u00e9nol, benzoate de sodium, acide citrique, mad\u00e9cassoside (0,001&nbsp;%), extrait de Houttuynia Cordata.<\/div>\n<\/div>\n<\/div>\n","protected":false},"excerpt":{"rendered":"<p>Description Celimax Ji Woo Gae Cica BHA Acne Foam Cleansing est un nettoyant pour le visage doux mais efficace infus\u00e9 de BHA et d\u2019extrait de Centella Asiatica. Cette mousse nettoyante nettoie en profondeur les pores, \u00e9limine les impuret\u00e9s et pr\u00e9vient l\u2019acn\u00e9 sans provoquer d\u2019irritation. Exfolie et pr\u00e9vient les \u00e9ruptions cutan\u00e9es :&nbsp;Le BHA aide \u00e0 d\u00e9gager [&hellip;]<\/p>\n","protected":false},"featured_media":5441,"comment_status":"open","ping_status":"closed","template":"","meta":{"content-type":"","_uag_custom_page_level_css":""},"pwb-brand":[],"product_brand":[],"product_cat":[333,336,328,334],"product_tag":[],"class_list":{"0":"post-5442","1":"product","2":"type-product","3":"status-publish","4":"has-post-thumbnail","6":"product_cat-celimax","7":"product_cat-nettoyant","8":"product_cat-nouveautes","9":"product_cat-produits-coreens","11":"first","12":"instock","13":"sale","14":"shipping-taxable","15":"purchasable","16":"product-type-simple"},"aioseo_notices":[],"uagb_featured_image_src":{"full":["https:\/\/wavexia.com\/wp-content\/uploads\/2025\/10\/celimax-ji-woo-gae-cica-bha-acne-foam-cleansing-150ml-UK-PURESEOUL-KBeauty-shop.webp",1000,1000,false],"thumbnail":["https:\/\/wavexia.com\/wp-content\/uploads\/2025\/10\/celimax-ji-woo-gae-cica-bha-acne-foam-cleansing-150ml-UK-PURESEOUL-KBeauty-shop-150x150.webp",150,150,true],"medium":["https:\/\/wavexia.com\/wp-content\/uploads\/2025\/10\/celimax-ji-woo-gae-cica-bha-acne-foam-cleansing-150ml-UK-PURESEOUL-KBeauty-shop-300x300.webp",300,300,true],"medium_large":["https:\/\/wavexia.com\/wp-content\/uploads\/2025\/10\/celimax-ji-woo-gae-cica-bha-acne-foam-cleansing-150ml-UK-PURESEOUL-KBeauty-shop-768x768.webp",768,768,true],"large":["https:\/\/wavexia.com\/wp-content\/uploads\/2025\/10\/celimax-ji-woo-gae-cica-bha-acne-foam-cleansing-150ml-UK-PURESEOUL-KBeauty-shop.webp",1000,1000,false],"1536x1536":["https:\/\/wavexia.com\/wp-content\/uploads\/2025\/10\/celimax-ji-woo-gae-cica-bha-acne-foam-cleansing-150ml-UK-PURESEOUL-KBeauty-shop.webp",1000,1000,false],"2048x2048":["https:\/\/wavexia.com\/wp-content\/uploads\/2025\/10\/celimax-ji-woo-gae-cica-bha-acne-foam-cleansing-150ml-UK-PURESEOUL-KBeauty-shop.webp",1000,1000,false],"woocommerce_archive_thumbnail":["https:\/\/wavexia.com\/wp-content\/uploads\/2025\/10\/celimax-ji-woo-gae-cica-bha-acne-foam-cleansing-150ml-UK-PURESEOUL-KBeauty-shop-300x300.webp",300,300,true],"woocommerce_thumbnail":["https:\/\/wavexia.com\/wp-content\/uploads\/2025\/10\/celimax-ji-woo-gae-cica-bha-acne-foam-cleansing-150ml-UK-PURESEOUL-KBeauty-shop-300x300.webp",300,300,true],"woocommerce_single":["https:\/\/wavexia.com\/wp-content\/uploads\/2025\/10\/celimax-ji-woo-gae-cica-bha-acne-foam-cleansing-150ml-UK-PURESEOUL-KBeauty-shop-600x600.webp",600,600,true],"woocommerce_gallery_thumbnail":["https:\/\/wavexia.com\/wp-content\/uploads\/2025\/10\/celimax-ji-woo-gae-cica-bha-acne-foam-cleansing-150ml-UK-PURESEOUL-KBeauty-shop-100x100.webp",100,100,true]},"uagb_author_info":{"display_name":"zineddine.ayoub98@gmail.com","author_link":"https:\/\/wavexia.com\/?author=0"},"uagb_comment_info":0,"uagb_excerpt":"Description Celimax Ji Woo Gae Cica BHA Acne Foam Cleansing est un nettoyant pour le visage doux mais efficace infus\u00e9 de BHA et d\u2019extrait de Centella Asiatica. Cette mousse nettoyante nettoie en profondeur les pores, \u00e9limine les impuret\u00e9s et pr\u00e9vient l\u2019acn\u00e9 sans provoquer d\u2019irritation. Exfolie et pr\u00e9vient les \u00e9ruptions cutan\u00e9es :&nbsp;Le BHA aide \u00e0 d\u00e9gager&hellip;","brands":[],"_links":{"self":[{"href":"https:\/\/wavexia.com\/index.php?rest_route=\/wp\/v2\/product\/5442","targetHints":{"allow":["GET"]}}],"collection":[{"href":"https:\/\/wavexia.com\/index.php?rest_route=\/wp\/v2\/product"}],"about":[{"href":"https:\/\/wavexia.com\/index.php?rest_route=\/wp\/v2\/types\/product"}],"replies":[{"embeddable":true,"href":"https:\/\/wavexia.com\/index.php?rest_route=%2Fwp%2Fv2%2Fcomments&post=5442"}],"wp:featuredmedia":[{"embeddable":true,"href":"https:\/\/wavexia.com\/index.php?rest_route=\/wp\/v2\/media\/5441"}],"wp:attachment":[{"href":"https:\/\/wavexia.com\/index.php?rest_route=%2Fwp%2Fv2%2Fmedia&parent=5442"}],"wp:term":[{"taxonomy":"pwb-brand","embeddable":true,"href":"https:\/\/wavexia.com\/index.php?rest_route=%2Fwp%2Fv2%2Fpwb-brand&post=5442"},{"taxonomy":"product_brand","embeddable":true,"href":"https:\/\/wavexia.com\/index.php?rest_route=%2Fwp%2Fv2%2Fproduct_brand&post=5442"},{"taxonomy":"product_cat","embeddable":true,"href":"https:\/\/wavexia.com\/index.php?rest_route=%2Fwp%2Fv2%2Fproduct_cat&post=5442"},{"taxonomy":"product_tag","embeddable":true,"href":"https:\/\/wavexia.com\/index.php?rest_route=%2Fwp%2Fv2%2Fproduct_tag&post=5442"}],"curies":[{"name":"wp","href":"https:\/\/api.w.org\/{rel}","templated":true}]}}