{"id":5440,"date":"2025-10-19T09:20:26","date_gmt":"2025-10-19T09:20:26","guid":{"rendered":"https:\/\/wavexia.com\/product\/tocobo-coconut-clay-cleansing-foam-150-ml\/"},"modified":"2026-03-10T07:31:09","modified_gmt":"2026-03-10T07:31:09","slug":"tocobo-coconut-clay-cleansing-foam-150-ml","status":"publish","type":"product","link":"https:\/\/wavexia.com\/?product=tocobo-coconut-clay-cleansing-foam-150-ml","title":{"rendered":"TOCOBO Coconut Clay Cleansing Foam 150 ML"},"content":{"rendered":"<h2>Description<\/h2>\n<p data-start=\"0\" data-end=\"334\">La mousse nettoyante TOCOBO Coconut Clay Cleansing Foam est un nettoyant \u00e0 base d\u2019argile de coco, rafra\u00eechissant et purifiant con\u00e7u pour \u00e9liminer en douceur les impuret\u00e9s et l\u2019exc\u00e8s de s\u00e9bum tout en nettoyant en profondeur la peau. Ce nettoyant moussant aide \u00e0 \u00e9quilibrer la peau, la laissant fra\u00eeche, lisse et hydrat\u00e9e sans priver la peau de son hydratation naturelle.<\/p>\n<p data-start=\"336\" data-end=\"400\">Principaux bienfaits de la mousse nettoyante TOCOBO Coconut Clay Cleansing Foam :<\/p>\n<ul>\n<li>Nettoyage en profondeur et purification :&nbsp;l\u2019<strong>Argile rose et min\u00e9rale&nbsp;<\/strong>de la formule absorbe l\u2019exc\u00e8s de s\u00e9bum et les impuret\u00e9s, r\u00e9duisant la brillance et favorisant un teint plus clair tout en purifiant la surface de la peau sans enlever l\u2019humidit\u00e9 naturelle<\/li>\n<li>Hydratation et r\u00e9tention de l\u2019hydratation : enrichi en&nbsp;<b>extrait de noix de coco<\/b>, il nourrit et hydrate la peau, maintenant son \u00e9quilibre naturel en mati\u00e8re d\u2019hydratation et laissant la peau douce, rafra\u00eechie et hydrat\u00e9e<\/li>\n<li>Exfoliation douce et texture lisse :&nbsp;l\u2019<b>argile<\/b>&nbsp;exfolie en douceur, aidant \u00e0 lisser les zones rugueuses et \u00e0 affiner la surface de la peau pour une texture plus uniforme et am\u00e9lior\u00e9e<\/li>\n<li>Apaisant et calmant : l\u2019<b>extrait de noix de coco<\/b> apporte \u00e9galement un effet apaisant, r\u00e9duisant les rougeurs et les irritations, laissant la peau apais\u00e9e et confortable\n<ul>\n<li><strong>Formule non dess\u00e9chante<\/strong>&nbsp;: malgr\u00e9 son action purifiante en profondeur, la formule veille \u00e0 ce que la peau conserve son hydratation naturelle, \u00e9vitant la sensation de tiraillement ou de s\u00e9cheresse apr\u00e8s utilisation.<\/li>\n<\/ul>\n<p data-start=\"1449\" data-end=\"1469\"><strong data-start=\"1449\" data-end=\"1465\">type de peau<\/strong>&nbsp;:<\/p>\n<ul data-start=\"1470\" data-end=\"1512\">\n<li data-start=\"1470\" data-end=\"1479\">s\u00e8che<\/li>\n<li data-start=\"1480\" data-end=\"1491\">normale<\/li>\n<li data-start=\"1492\" data-end=\"1501\">mixte<\/li>\n<li data-start=\"1502\" data-end=\"1512\">grasse\n<div>\n<div id=\"ProductAccordion-453cf46a-566a-4002-ad99-28fcaa37c117-template--22421374304590__main\" class=\"accordion__content rte\">\n<div class=\"metafield-rich_text_field\">\n<p><strong>Quand l\u2019utiliser:&nbsp;<\/strong>matin et\/ou soir<\/p>\n<p>1. Pr\u00e9l\u00e8ve une quantit\u00e9 suffisante et ajoute de l\u2019eau pour obtenir une mousse abondante<br \/>2. Masse d\u00e9licatement ta peau en effectuant des mouvements circulaires<br \/>3. Rince abondamment \u00e0 l\u2019eau ti\u00e8de<\/p>\n<h2 class=\"h4 accordion__title inline-richtext\">Ingr\u00e9dients<\/h2>\n<p>Aqua, Glycerin, Hydrogenated Palm Acid (25%), Potassium Hydroxide, Potassium Cocoate (2.9%), Calamine (1,000 ppm), Soapy Grass Extract (100ppm), Bentonite (9,000 ppm), Glycery| Stearate Late, Butylene Glycol, Polyquaternium-7, Acrylate\/C10-30 Alkyl Acrylate Crosspolymer, Sodium Phytate, EDTA,Sodium Benzoate, Fragrance, Red No.504 (CI14700)<\/p>\n<\/div>\n<\/div>\n<\/li>\n<\/ul>\n<\/li>\n<\/ul>\n<\/div>\n","protected":false},"excerpt":{"rendered":"<p>Description La mousse nettoyante TOCOBO Coconut Clay Cleansing Foam est un nettoyant \u00e0 base d\u2019argile de coco, rafra\u00eechissant et purifiant con\u00e7u pour \u00e9liminer en douceur les impuret\u00e9s et l\u2019exc\u00e8s de s\u00e9bum tout en nettoyant en profondeur la peau. Ce nettoyant moussant aide \u00e0 \u00e9quilibrer la peau, la laissant fra\u00eeche, lisse et hydrat\u00e9e sans priver la [&hellip;]<\/p>\n","protected":false},"featured_media":5439,"comment_status":"open","ping_status":"closed","template":"","meta":{"content-type":"","_uag_custom_page_level_css":""},"pwb-brand":[],"product_brand":[],"product_cat":[336,328,334,394],"product_tag":[],"class_list":{"0":"post-5440","1":"product","2":"type-product","3":"status-publish","4":"has-post-thumbnail","6":"product_cat-nettoyant","7":"product_cat-nouveautes","8":"product_cat-produits-coreens","9":"product_cat-tocobo","11":"first","12":"instock","13":"sale","14":"shipping-taxable","15":"purchasable","16":"product-type-simple"},"aioseo_notices":[],"uagb_featured_image_src":{"full":["https:\/\/wavexia.com\/wp-content\/uploads\/2025\/10\/NEW_ee0dc58d-059f-40bf-8318-99571ca4a75e.webp",1000,1000,false],"thumbnail":["https:\/\/wavexia.com\/wp-content\/uploads\/2025\/10\/NEW_ee0dc58d-059f-40bf-8318-99571ca4a75e-150x150.webp",150,150,true],"medium":["https:\/\/wavexia.com\/wp-content\/uploads\/2025\/10\/NEW_ee0dc58d-059f-40bf-8318-99571ca4a75e-300x300.webp",300,300,true],"medium_large":["https:\/\/wavexia.com\/wp-content\/uploads\/2025\/10\/NEW_ee0dc58d-059f-40bf-8318-99571ca4a75e-768x768.webp",768,768,true],"large":["https:\/\/wavexia.com\/wp-content\/uploads\/2025\/10\/NEW_ee0dc58d-059f-40bf-8318-99571ca4a75e.webp",1000,1000,false],"1536x1536":["https:\/\/wavexia.com\/wp-content\/uploads\/2025\/10\/NEW_ee0dc58d-059f-40bf-8318-99571ca4a75e.webp",1000,1000,false],"2048x2048":["https:\/\/wavexia.com\/wp-content\/uploads\/2025\/10\/NEW_ee0dc58d-059f-40bf-8318-99571ca4a75e.webp",1000,1000,false],"woocommerce_archive_thumbnail":["https:\/\/wavexia.com\/wp-content\/uploads\/2025\/10\/NEW_ee0dc58d-059f-40bf-8318-99571ca4a75e-300x300.webp",300,300,true],"woocommerce_thumbnail":["https:\/\/wavexia.com\/wp-content\/uploads\/2025\/10\/NEW_ee0dc58d-059f-40bf-8318-99571ca4a75e-300x300.webp",300,300,true],"woocommerce_single":["https:\/\/wavexia.com\/wp-content\/uploads\/2025\/10\/NEW_ee0dc58d-059f-40bf-8318-99571ca4a75e-600x600.webp",600,600,true],"woocommerce_gallery_thumbnail":["https:\/\/wavexia.com\/wp-content\/uploads\/2025\/10\/NEW_ee0dc58d-059f-40bf-8318-99571ca4a75e-100x100.webp",100,100,true]},"uagb_author_info":{"display_name":"zineddine.ayoub98@gmail.com","author_link":"https:\/\/wavexia.com\/?author=0"},"uagb_comment_info":0,"uagb_excerpt":"Description La mousse nettoyante TOCOBO Coconut Clay Cleansing Foam est un nettoyant \u00e0 base d\u2019argile de coco, rafra\u00eechissant et purifiant con\u00e7u pour \u00e9liminer en douceur les impuret\u00e9s et l\u2019exc\u00e8s de s\u00e9bum tout en nettoyant en profondeur la peau. Ce nettoyant moussant aide \u00e0 \u00e9quilibrer la peau, la laissant fra\u00eeche, lisse et hydrat\u00e9e sans priver la&hellip;","brands":[],"_links":{"self":[{"href":"https:\/\/wavexia.com\/index.php?rest_route=\/wp\/v2\/product\/5440","targetHints":{"allow":["GET"]}}],"collection":[{"href":"https:\/\/wavexia.com\/index.php?rest_route=\/wp\/v2\/product"}],"about":[{"href":"https:\/\/wavexia.com\/index.php?rest_route=\/wp\/v2\/types\/product"}],"replies":[{"embeddable":true,"href":"https:\/\/wavexia.com\/index.php?rest_route=%2Fwp%2Fv2%2Fcomments&post=5440"}],"wp:featuredmedia":[{"embeddable":true,"href":"https:\/\/wavexia.com\/index.php?rest_route=\/wp\/v2\/media\/5439"}],"wp:attachment":[{"href":"https:\/\/wavexia.com\/index.php?rest_route=%2Fwp%2Fv2%2Fmedia&parent=5440"}],"wp:term":[{"taxonomy":"pwb-brand","embeddable":true,"href":"https:\/\/wavexia.com\/index.php?rest_route=%2Fwp%2Fv2%2Fpwb-brand&post=5440"},{"taxonomy":"product_brand","embeddable":true,"href":"https:\/\/wavexia.com\/index.php?rest_route=%2Fwp%2Fv2%2Fproduct_brand&post=5440"},{"taxonomy":"product_cat","embeddable":true,"href":"https:\/\/wavexia.com\/index.php?rest_route=%2Fwp%2Fv2%2Fproduct_cat&post=5440"},{"taxonomy":"product_tag","embeddable":true,"href":"https:\/\/wavexia.com\/index.php?rest_route=%2Fwp%2Fv2%2Fproduct_tag&post=5440"}],"curies":[{"name":"wp","href":"https:\/\/api.w.org\/{rel}","templated":true}]}}