{"id":5423,"date":"2025-10-19T09:20:15","date_gmt":"2025-10-19T09:20:15","guid":{"rendered":"https:\/\/wavexia.com\/product\/rare-beauty-soft-pinch-dewy-liquid-blush-ref-grateful\/"},"modified":"2026-03-10T07:31:09","modified_gmt":"2026-03-10T07:31:09","slug":"rare-beauty-soft-pinch-dewy-liquid-blush-ref-grateful","status":"publish","type":"product","link":"https:\/\/wavexia.com\/?product=rare-beauty-soft-pinch-dewy-liquid-blush-ref-grateful","title":{"rendered":"Rare Beauty Soft Pinch Dewy Liquid Blush Ref Grateful"},"content":{"rendered":"<h2>Description<\/h2>\n<p>Un blush liquide l\u00e9ger et longue dur\u00e9e qui fusionne parfaitement avec la peau pour lui conf\u00e9rer un effet bonne mine tout en d\u00e9licatesse. Disponible en finition mate ou nacr\u00e9e.<\/p>\n<p>Obtenez un effet bonne mine \u00e9clatant du matin au soir avec cette formule ultral\u00e9g\u00e8re enrichie en pigments longue tenue. Ce blush liquide se fond \u00e0 merveille avec la peau pour cr\u00e9er une couleur douce et modulable \u00e0 l\u2019effet seconde peau tr\u00e8s naturel.<\/p>\n","protected":false},"excerpt":{"rendered":"<p>Description Un blush liquide l\u00e9ger et longue dur\u00e9e qui fusionne parfaitement avec la peau pour lui conf\u00e9rer un effet bonne mine tout en d\u00e9licatesse. Disponible en finition mate ou nacr\u00e9e. Obtenez un effet bonne mine \u00e9clatant du matin au soir avec cette formule ultral\u00e9g\u00e8re enrichie en pigments longue tenue. Ce blush liquide se fond \u00e0 [&hellip;]<\/p>\n","protected":false},"featured_media":5422,"comment_status":"open","ping_status":"closed","template":"","meta":{"content-type":"","_uag_custom_page_level_css":""},"pwb-brand":[],"product_brand":[],"product_cat":[360,328,420],"product_tag":[],"class_list":{"0":"post-5423","1":"product","2":"type-product","3":"status-publish","4":"has-post-thumbnail","6":"product_cat-maquillage","7":"product_cat-nouveautes","8":"product_cat-rare-beauty","10":"first","11":"instock","12":"sale","13":"shipping-taxable","14":"purchasable","15":"product-type-simple"},"aioseo_notices":[],"uagb_featured_image_src":{"full":["https:\/\/wavexia.com\/wp-content\/uploads\/2025\/10\/UK200032777_RARE_1.webp",582,582,false],"thumbnail":["https:\/\/wavexia.com\/wp-content\/uploads\/2025\/10\/UK200032777_RARE_1-150x150.webp",150,150,true],"medium":["https:\/\/wavexia.com\/wp-content\/uploads\/2025\/10\/UK200032777_RARE_1-300x300.webp",300,300,true],"medium_large":["https:\/\/wavexia.com\/wp-content\/uploads\/2025\/10\/UK200032777_RARE_1.webp",582,582,false],"large":["https:\/\/wavexia.com\/wp-content\/uploads\/2025\/10\/UK200032777_RARE_1.webp",582,582,false],"1536x1536":["https:\/\/wavexia.com\/wp-content\/uploads\/2025\/10\/UK200032777_RARE_1.webp",582,582,false],"2048x2048":["https:\/\/wavexia.com\/wp-content\/uploads\/2025\/10\/UK200032777_RARE_1.webp",582,582,false],"woocommerce_archive_thumbnail":["https:\/\/wavexia.com\/wp-content\/uploads\/2025\/10\/UK200032777_RARE_1-300x300.webp",300,300,true],"woocommerce_thumbnail":["https:\/\/wavexia.com\/wp-content\/uploads\/2025\/10\/UK200032777_RARE_1-300x300.webp",300,300,true],"woocommerce_single":["https:\/\/wavexia.com\/wp-content\/uploads\/2025\/10\/UK200032777_RARE_1.webp",582,582,false],"woocommerce_gallery_thumbnail":["https:\/\/wavexia.com\/wp-content\/uploads\/2025\/10\/UK200032777_RARE_1-100x100.webp",100,100,true]},"uagb_author_info":{"display_name":"zineddine.ayoub98@gmail.com","author_link":"https:\/\/wavexia.com\/?author=0"},"uagb_comment_info":0,"uagb_excerpt":"Description Un blush liquide l\u00e9ger et longue dur\u00e9e qui fusionne parfaitement avec la peau pour lui conf\u00e9rer un effet bonne mine tout en d\u00e9licatesse. Disponible en finition mate ou nacr\u00e9e. Obtenez un effet bonne mine \u00e9clatant du matin au soir avec cette formule ultral\u00e9g\u00e8re enrichie en pigments longue tenue. Ce blush liquide se fond \u00e0&hellip;","brands":[],"_links":{"self":[{"href":"https:\/\/wavexia.com\/index.php?rest_route=\/wp\/v2\/product\/5423","targetHints":{"allow":["GET"]}}],"collection":[{"href":"https:\/\/wavexia.com\/index.php?rest_route=\/wp\/v2\/product"}],"about":[{"href":"https:\/\/wavexia.com\/index.php?rest_route=\/wp\/v2\/types\/product"}],"replies":[{"embeddable":true,"href":"https:\/\/wavexia.com\/index.php?rest_route=%2Fwp%2Fv2%2Fcomments&post=5423"}],"wp:featuredmedia":[{"embeddable":true,"href":"https:\/\/wavexia.com\/index.php?rest_route=\/wp\/v2\/media\/5422"}],"wp:attachment":[{"href":"https:\/\/wavexia.com\/index.php?rest_route=%2Fwp%2Fv2%2Fmedia&parent=5423"}],"wp:term":[{"taxonomy":"pwb-brand","embeddable":true,"href":"https:\/\/wavexia.com\/index.php?rest_route=%2Fwp%2Fv2%2Fpwb-brand&post=5423"},{"taxonomy":"product_brand","embeddable":true,"href":"https:\/\/wavexia.com\/index.php?rest_route=%2Fwp%2Fv2%2Fproduct_brand&post=5423"},{"taxonomy":"product_cat","embeddable":true,"href":"https:\/\/wavexia.com\/index.php?rest_route=%2Fwp%2Fv2%2Fproduct_cat&post=5423"},{"taxonomy":"product_tag","embeddable":true,"href":"https:\/\/wavexia.com\/index.php?rest_route=%2Fwp%2Fv2%2Fproduct_tag&post=5423"}],"curies":[{"name":"wp","href":"https:\/\/api.w.org\/{rel}","templated":true}]}}