{"id":5410,"date":"2025-10-19T09:20:02","date_gmt":"2025-10-19T09:20:02","guid":{"rendered":"https:\/\/wavexia.com\/product\/kahi-seoul-facial-balm-with-jeju-origin-oil-collagen\/"},"modified":"2026-03-10T07:31:09","modified_gmt":"2026-03-10T07:31:09","slug":"kahi-seoul-facial-balm-with-jeju-origin-oil-collagen","status":"publish","type":"product","link":"https:\/\/wavexia.com\/?product=kahi-seoul-facial-balm-with-jeju-origin-oil-collagen","title":{"rendered":"KAHI SEOUL Facial Balm With Jeju Origin Oil &#038; Collagen"},"content":{"rendered":"<h2>Description<\/h2>\n<div class=\"f5 lh-copy mid-gray dangerous-html mb3\">\n<div>Le baume anti-rides Kahi Seoul peut \u00eatre utilis\u00e9 sur le cou, les fossettes, les l\u00e8vres, les cheveux, le contour des yeux et les sourcils. Ce baume infus\u00e9 au complexe de saumon, qui contient du collag\u00e8ne de saumon et du PDRN de saumon, augmente la synth\u00e8se de collag\u00e8ne dans la peau pour restaurer l\u2019\u00e9lasticit\u00e9 de l\u2019efficacit\u00e9 de la peau. HYDRATEZ LA PEAU S\u00c8CHE \u2013 Le baume Kahi Seoul hydrate la peau instantan\u00e9ment et vous donne un \u00e9clat brillant \u00e0 la zone sur laquelle vous l\u2019avez appliqu\u00e9. Recommand\u00e9 pour ceux qui ont une peau qui a besoin d\u2019\u00eatre hydrat\u00e9e m\u00eame lorsqu\u2019ils sortent, qui ont la peau qui gerce fr\u00e9quemment, qui veulent garder leur maquillage \u00e9clatant jusqu\u2019\u00e0 l\u2019apr\u00e8s-midi, qui sont pr\u00e9occup\u00e9s par les taches de rousseur et les rides autour des yeux, qui veulent avoir une peau humide qui brille toute la journ\u00e9e FACILIT\u00c9 D\u2019UTILISATION \u2013 Le baume Kahi est compact et pr\u00eat \u00e0 l\u2019emploi \u00e0 tout moment. Ce baume peut \u00eatre tenu d\u2019une seule main et transport\u00e9 facilement dans votre poche ou votre sac \u00e0 main. Gr\u00e2ce \u00e0 la m\u00e9canique de torsion, vous pouvez pousser le baume vers le haut pour un acc\u00e8s facile \u00e0 la peau. Utilisez-le lorsque vous faites vos courses, mangez, travaillez, \u00e9tudiez, avant ou apr\u00e8s votre maquillage, avant ou apr\u00e8s vous \u00eatre lav\u00e9 le visage, et lorsque vous vous r\u00e9veillez ou allez au lit. NATURAL SEOUL \u2013 Kahi Multi Balm utilise des huiles naturelles de Jeju telles que les baies de Schisandra, l\u2019extrait de racine de carotte, le b\u00eata-carot\u00e8ne et l\u2019huile de graines de carotte. Ces huiles ferment\u00e9es de Jeju sont des absorbants rapides qui pr\u00e9viennent les peaux grasses. Il a un haut niveau d\u2019affinit\u00e9 avec l\u2019humidit\u00e9 pr\u00e9sente dans la peau, ce qui conduit \u00e0 une absorption rapide qui emp\u00eache la d\u00e9shydratation du starum corn\u00e9e. IMAGE DE MARQUE POPULAIRE : La marque Kahi est tr\u00e8s connue en Cor\u00e9e du Sud et est utilis\u00e9e par de nombreuses c\u00e9l\u00e9brit\u00e9s. Au cours des 3 mois qui ont suivi le lancement, ils ont vendu 300 000 unit\u00e9s de ce baume anti-rides. Toutes les secondes, 3 baumes \u00e0 l\u00e8vres sont vendus en Cor\u00e9e.<\/p>\n<div><\/div>\n<\/div>\n<div class=\"f6 lh-copy mid-gray dangerous-html mb3\">\n<ul>\n<li><span>Un baume hydratant \u00e0 usage multiple.<\/span><br \/>&nbsp;<\/li>\n<li><span>Aide \u00e0 former une barri\u00e8re d\u2019hydratation pour une hydratation longue dur\u00e9e et pour stimuler le pouvoir durable du maquillage.<\/span><br \/>&nbsp;<\/li>\n<li><span>Peut s\u2019appliquer comme baume \u00e0 l\u00e8vres ou pour cr\u00e9er un teint \u00e9clatant.<\/span><br \/>&nbsp;<\/li>\n<li><span>Infus\u00e9 avec un complexe de saumon tel que le collag\u00e8ne de saumon et le PDRN de saumon, qui augmente la synth\u00e8se de collag\u00e8ne dans la peau pour restaurer efficacement l\u2019\u00e9lasticit\u00e9 de la peau.<\/span><br \/>&nbsp;<\/li>\n<li><span>Aide \u00e0 minimiser les pores, \u00e0 augmenter l\u2019\u00e9lasticit\u00e9 et l\u2019\u00e9clat de la peau tout en r\u00e9duisant l\u2019apparence des rides.<\/span><br \/>&nbsp;<\/li>\n<li>Contient de l\u2019huile ferment\u00e9e naturelle de Jeju telle que les baies de Schisandra pour intensifier l\u2019absorption.<\/li>\n<\/ul>\n<\/div>\n<\/div>\n","protected":false},"excerpt":{"rendered":"<p>Description Le baume anti-rides Kahi Seoul peut \u00eatre utilis\u00e9 sur le cou, les fossettes, les l\u00e8vres, les cheveux, le contour des yeux et les sourcils. Ce baume infus\u00e9 au complexe de saumon, qui contient du collag\u00e8ne de saumon et du PDRN de saumon, augmente la synth\u00e8se de collag\u00e8ne dans la peau pour restaurer l\u2019\u00e9lasticit\u00e9 de [&hellip;]<\/p>\n","protected":false},"featured_media":5409,"comment_status":"open","ping_status":"closed","template":"","meta":{"content-type":"","_uag_custom_page_level_css":""},"pwb-brand":[],"product_brand":[],"product_cat":[352,447,328,334],"product_tag":[],"class_list":{"0":"post-5410","1":"product","2":"type-product","3":"status-publish","4":"has-post-thumbnail","6":"product_cat-contour-des-yeux","7":"product_cat-kahi-seoul","8":"product_cat-nouveautes","9":"product_cat-produits-coreens","11":"first","12":"instock","13":"sale","14":"shipping-taxable","15":"purchasable","16":"product-type-simple"},"aioseo_notices":[],"uagb_featured_image_src":{"full":["https:\/\/wavexia.com\/wp-content\/uploads\/2025\/10\/41wO5guxmiL._SL1000_.jpg",1000,1000,false],"thumbnail":["https:\/\/wavexia.com\/wp-content\/uploads\/2025\/10\/41wO5guxmiL._SL1000_-150x150.jpg",150,150,true],"medium":["https:\/\/wavexia.com\/wp-content\/uploads\/2025\/10\/41wO5guxmiL._SL1000_-300x300.jpg",300,300,true],"medium_large":["https:\/\/wavexia.com\/wp-content\/uploads\/2025\/10\/41wO5guxmiL._SL1000_-768x768.jpg",768,768,true],"large":["https:\/\/wavexia.com\/wp-content\/uploads\/2025\/10\/41wO5guxmiL._SL1000_.jpg",1000,1000,false],"1536x1536":["https:\/\/wavexia.com\/wp-content\/uploads\/2025\/10\/41wO5guxmiL._SL1000_.jpg",1000,1000,false],"2048x2048":["https:\/\/wavexia.com\/wp-content\/uploads\/2025\/10\/41wO5guxmiL._SL1000_.jpg",1000,1000,false],"woocommerce_archive_thumbnail":["https:\/\/wavexia.com\/wp-content\/uploads\/2025\/10\/41wO5guxmiL._SL1000_-300x300.jpg",300,300,true],"woocommerce_thumbnail":["https:\/\/wavexia.com\/wp-content\/uploads\/2025\/10\/41wO5guxmiL._SL1000_-300x300.jpg",300,300,true],"woocommerce_single":["https:\/\/wavexia.com\/wp-content\/uploads\/2025\/10\/41wO5guxmiL._SL1000_-600x600.jpg",600,600,true],"woocommerce_gallery_thumbnail":["https:\/\/wavexia.com\/wp-content\/uploads\/2025\/10\/41wO5guxmiL._SL1000_-100x100.jpg",100,100,true]},"uagb_author_info":{"display_name":"zineddine.ayoub98@gmail.com","author_link":"https:\/\/wavexia.com\/?author=0"},"uagb_comment_info":0,"uagb_excerpt":"Description Le baume anti-rides Kahi Seoul peut \u00eatre utilis\u00e9 sur le cou, les fossettes, les l\u00e8vres, les cheveux, le contour des yeux et les sourcils. Ce baume infus\u00e9 au complexe de saumon, qui contient du collag\u00e8ne de saumon et du PDRN de saumon, augmente la synth\u00e8se de collag\u00e8ne dans la peau pour restaurer l\u2019\u00e9lasticit\u00e9 de&hellip;","brands":[],"_links":{"self":[{"href":"https:\/\/wavexia.com\/index.php?rest_route=\/wp\/v2\/product\/5410","targetHints":{"allow":["GET"]}}],"collection":[{"href":"https:\/\/wavexia.com\/index.php?rest_route=\/wp\/v2\/product"}],"about":[{"href":"https:\/\/wavexia.com\/index.php?rest_route=\/wp\/v2\/types\/product"}],"replies":[{"embeddable":true,"href":"https:\/\/wavexia.com\/index.php?rest_route=%2Fwp%2Fv2%2Fcomments&post=5410"}],"wp:featuredmedia":[{"embeddable":true,"href":"https:\/\/wavexia.com\/index.php?rest_route=\/wp\/v2\/media\/5409"}],"wp:attachment":[{"href":"https:\/\/wavexia.com\/index.php?rest_route=%2Fwp%2Fv2%2Fmedia&parent=5410"}],"wp:term":[{"taxonomy":"pwb-brand","embeddable":true,"href":"https:\/\/wavexia.com\/index.php?rest_route=%2Fwp%2Fv2%2Fpwb-brand&post=5410"},{"taxonomy":"product_brand","embeddable":true,"href":"https:\/\/wavexia.com\/index.php?rest_route=%2Fwp%2Fv2%2Fproduct_brand&post=5410"},{"taxonomy":"product_cat","embeddable":true,"href":"https:\/\/wavexia.com\/index.php?rest_route=%2Fwp%2Fv2%2Fproduct_cat&post=5410"},{"taxonomy":"product_tag","embeddable":true,"href":"https:\/\/wavexia.com\/index.php?rest_route=%2Fwp%2Fv2%2Fproduct_tag&post=5410"}],"curies":[{"name":"wp","href":"https:\/\/api.w.org\/{rel}","templated":true}]}}