{"id":5403,"date":"2025-10-19T09:19:50","date_gmt":"2025-10-19T09:19:50","guid":{"rendered":"https:\/\/wavexia.com\/product\/vt-cosmetics-collagen-reedle-shot-100\/"},"modified":"2026-03-10T07:31:09","modified_gmt":"2026-03-10T07:31:09","slug":"vt-cosmetics-collagen-reedle-shot-100","status":"publish","type":"product","link":"https:\/\/wavexia.com\/?product=vt-cosmetics-collagen-reedle-shot-100","title":{"rendered":"VT COSMETICS Collagen Reedle Shot 100"},"content":{"rendered":"<h2>Description<\/h2>\n<form action=\"https:\/\/www.maquibeauty.fr\/vt-cosmetics-serum-micro-aiguille-vita-light-reedle-shot-100-p-87156.html?action=add_product\" method=\"post\" name=\"cart_quantity\">\n<div class=\"product-sheet__wrapper\">\n<div class=\"product-sheet__tabs\">\n<div class=\"product-sheet__tabs-wrapper\">\n<div class=\"product-sheet__tab-contents\">\n<div class=\"product-sheet__tab-content product-sheet__tab-content--active\" data-tabid=\"1\">\n<p>Revitalisez votre peau avec&nbsp;<strong>le s\u00e9rum de microneedling&nbsp;Collagen Reedle Shot 100 VT Cosmetics, un traitement avanc\u00e9 con\u00e7u pour lutter contre les signes visibles du vieillissement.<\/strong><\/p>\n<p><strong>Formul\u00e9 avec une technologie de pointe, ce produit combine les ingr\u00e9dients exclusifs CICAHYALON\u2122 et les microparticules r\u00e9volutionnaires de CICA REEDLE, \u2122 offrant des soins profonds et efficaces pour am\u00e9liorer la texture et l\u2019apparence de la peau.<\/strong><\/p>\n<p><strong>Principaux avantages<\/strong><\/p>\n<ul>\n<li><strong>R\u00e9duction des rides et ridules<\/strong><\/li>\n<li><strong>Enrichi en collag\u00e8ne de bas poids mol\u00e9culaire (500 Da), ce soin favorise la r\u00e9g\u00e9n\u00e9ration cellulaire pour lisser les rides et am\u00e9liorer la texture de la peau.<\/strong><\/li>\n<li><strong>Am\u00e9lioration de l\u2019\u00e9lasticit\u00e9 et de la fermet\u00e9<\/strong><\/li>\n<li><strong>Aide \u00e0 restaurer la fermet\u00e9 naturelle de la peau, lui donnant une apparence plus tonique et plus jeune.<\/strong><\/li>\n<li><strong>Hydratation intense et prolong\u00e9e<\/strong><\/li>\n<\/ul>\n<p><strong>Caract\u00e9ristiques principales<\/strong><\/p>\n<ul>\n<li><strong>Formule stimulante au collag\u00e8ne : Con\u00e7ue pour rajeunir et revitaliser la peau, avec des r\u00e9sultats visibles d\u00e8s les premi\u00e8res applications.<\/strong><\/li>\n<li><strong>Technologie de microneedling de pr\u00e9cision : Ouvre des microcanaux dans la peau pour une absorption plus profonde et plus efficace des ingr\u00e9dients.<\/strong><\/li>\n<li><strong>Hypoallerg\u00e9nique et s\u00fbr : Sans parab\u00e8nes, silicones ou ingr\u00e9dients agressifs.<\/strong><\/li>\n<\/ul>\n<p><strong>R\u00e9sultats attendus<\/strong><\/p>\n<ul>\n<li><strong>R\u00e9duction notable des rides et ridules.<\/strong><\/li>\n<li><strong>Peau plus ferme, plus \u00e9lastique et rajeunie.<\/strong><\/li>\n<li><strong>Texture douce et teint uniforme.<\/strong><\/li>\n<li><strong>Hydratation profonde et durable pour une peau \u00e9clatante.<\/strong><\/li>\n<\/ul>\n<\/div>\n<\/div>\n<\/div>\n<div class=\"product-sheet__other-combinations\">\n<div class=\"product-sheet__combinations-wrapper\">\n<h5 class=\"pro_infor_title_style\">Mode d\u2019emploi<\/h5>\n<p><span>1. Reedle Shot est un produit de soin de nuit utilis\u00e9 dans la premi\u00e8re \u00e9tape apr\u00e8s le nettoyage.<br \/>2. Le seul produit qui peut augmenter la fr\u00e9quence d\u2019utilisation est le reedle shot 100.<br \/>3. M\u00eame si le reddle shot 300 et 700 sont efficaces apr\u00e8s utilisation, assurez-vous de suivre les cycles de 3 jours et 7 jours, respectivement.<br \/>4. N\u2019utilisez pas Reedle Shot 100, 300 et 700 en m\u00eame temps.<br \/>Assurez-vous que votre peau peut absorber compl\u00e8tement le grenaille avec un seul produit.<\/span><\/p>\n<h5>Ingr\u00e9dients<\/h5>\n<\/div>\n<p>Water, Dipropylene Glycol, Niacinamide, Glycerin, Butylene Glycol, Macadamia Ternifolia Seed Oil, 1,2-Hexanediol, Ethylhexyl Palmitate, Sodium Polyacrylate, Sodium Acrylate\/Sodium Acryloyldimethyl Taurate Copolymer, Polyisobutene, Silica, Glycereth-26, Ammonium Acryloyldimethyltaurate\/VP Copolymer, Ethylhexylglycerin, Caprylyl Glycol, Xanthan Gum, Adenosine, Sodium Hyaluronate, Caprylyl\/Capryl Glucoside, Sorbitan Oleate, Tocopherol, Centella Asiatica Extract, Collagen Water(0.979ppm), Milk Protein Extract, Collagen Extract(0.002ppm), Madecassoside, Madecassic Acid, Asiaticoside, Asiatic Acid, Propolis Extract.<\/p>\n<\/div>\n<\/div>\n<\/form>\n<\/div>\n","protected":false},"excerpt":{"rendered":"<p>Description Revitalisez votre peau avec&nbsp;le s\u00e9rum de microneedling&nbsp;Collagen Reedle Shot 100 VT Cosmetics, un traitement avanc\u00e9 con\u00e7u pour lutter contre les signes visibles du vieillissement. Formul\u00e9 avec une technologie de pointe, ce produit combine les ingr\u00e9dients exclusifs CICAHYALON\u2122 et les microparticules r\u00e9volutionnaires de CICA REEDLE, \u2122 offrant des soins profonds et efficaces pour am\u00e9liorer la [&hellip;]<\/p>\n","protected":false},"featured_media":5402,"comment_status":"open","ping_status":"closed","template":"","meta":{"content-type":"","_uag_custom_page_level_css":""},"pwb-brand":[],"product_brand":[],"product_cat":[334,338,355],"product_tag":[],"class_list":{"0":"post-5403","1":"product","2":"type-product","3":"status-publish","4":"has-post-thumbnail","6":"product_cat-produits-coreens","7":"product_cat-serum-ampoule","8":"product_cat-vt-cosmetics","10":"first","11":"instock","12":"sale","13":"shipping-taxable","14":"purchasable","15":"product-type-simple"},"aioseo_notices":[],"uagb_featured_image_src":{"full":["https:\/\/wavexia.com\/wp-content\/uploads\/2025\/10\/reedle_300_shot_1.webp",1000,1000,false],"thumbnail":["https:\/\/wavexia.com\/wp-content\/uploads\/2025\/10\/reedle_300_shot_1-150x150.webp",150,150,true],"medium":["https:\/\/wavexia.com\/wp-content\/uploads\/2025\/10\/reedle_300_shot_1-300x300.webp",300,300,true],"medium_large":["https:\/\/wavexia.com\/wp-content\/uploads\/2025\/10\/reedle_300_shot_1-768x768.webp",768,768,true],"large":["https:\/\/wavexia.com\/wp-content\/uploads\/2025\/10\/reedle_300_shot_1.webp",1000,1000,false],"1536x1536":["https:\/\/wavexia.com\/wp-content\/uploads\/2025\/10\/reedle_300_shot_1.webp",1000,1000,false],"2048x2048":["https:\/\/wavexia.com\/wp-content\/uploads\/2025\/10\/reedle_300_shot_1.webp",1000,1000,false],"woocommerce_archive_thumbnail":["https:\/\/wavexia.com\/wp-content\/uploads\/2025\/10\/reedle_300_shot_1-300x300.webp",300,300,true],"woocommerce_thumbnail":["https:\/\/wavexia.com\/wp-content\/uploads\/2025\/10\/reedle_300_shot_1-300x300.webp",300,300,true],"woocommerce_single":["https:\/\/wavexia.com\/wp-content\/uploads\/2025\/10\/reedle_300_shot_1-600x600.webp",600,600,true],"woocommerce_gallery_thumbnail":["https:\/\/wavexia.com\/wp-content\/uploads\/2025\/10\/reedle_300_shot_1-100x100.webp",100,100,true]},"uagb_author_info":{"display_name":"zineddine.ayoub98@gmail.com","author_link":"https:\/\/wavexia.com\/?author=0"},"uagb_comment_info":0,"uagb_excerpt":"Description Revitalisez votre peau avec&nbsp;le s\u00e9rum de microneedling&nbsp;Collagen Reedle Shot 100 VT Cosmetics, un traitement avanc\u00e9 con\u00e7u pour lutter contre les signes visibles du vieillissement. Formul\u00e9 avec une technologie de pointe, ce produit combine les ingr\u00e9dients exclusifs CICAHYALON\u2122 et les microparticules r\u00e9volutionnaires de CICA REEDLE, \u2122 offrant des soins profonds et efficaces pour am\u00e9liorer la&hellip;","brands":[],"_links":{"self":[{"href":"https:\/\/wavexia.com\/index.php?rest_route=\/wp\/v2\/product\/5403","targetHints":{"allow":["GET"]}}],"collection":[{"href":"https:\/\/wavexia.com\/index.php?rest_route=\/wp\/v2\/product"}],"about":[{"href":"https:\/\/wavexia.com\/index.php?rest_route=\/wp\/v2\/types\/product"}],"replies":[{"embeddable":true,"href":"https:\/\/wavexia.com\/index.php?rest_route=%2Fwp%2Fv2%2Fcomments&post=5403"}],"wp:featuredmedia":[{"embeddable":true,"href":"https:\/\/wavexia.com\/index.php?rest_route=\/wp\/v2\/media\/5402"}],"wp:attachment":[{"href":"https:\/\/wavexia.com\/index.php?rest_route=%2Fwp%2Fv2%2Fmedia&parent=5403"}],"wp:term":[{"taxonomy":"pwb-brand","embeddable":true,"href":"https:\/\/wavexia.com\/index.php?rest_route=%2Fwp%2Fv2%2Fpwb-brand&post=5403"},{"taxonomy":"product_brand","embeddable":true,"href":"https:\/\/wavexia.com\/index.php?rest_route=%2Fwp%2Fv2%2Fproduct_brand&post=5403"},{"taxonomy":"product_cat","embeddable":true,"href":"https:\/\/wavexia.com\/index.php?rest_route=%2Fwp%2Fv2%2Fproduct_cat&post=5403"},{"taxonomy":"product_tag","embeddable":true,"href":"https:\/\/wavexia.com\/index.php?rest_route=%2Fwp%2Fv2%2Fproduct_tag&post=5403"}],"curies":[{"name":"wp","href":"https:\/\/api.w.org\/{rel}","templated":true}]}}