{"id":5393,"date":"2025-10-19T09:19:43","date_gmt":"2025-10-19T09:19:43","guid":{"rendered":"https:\/\/wavexia.com\/product\/vt-cosmetics-vita-light-reedle-shot-100\/"},"modified":"2026-03-10T07:31:09","modified_gmt":"2026-03-10T07:31:09","slug":"vt-cosmetics-vita-light-reedle-shot-100","status":"publish","type":"product","link":"https:\/\/wavexia.com\/?product=vt-cosmetics-vita-light-reedle-shot-100","title":{"rendered":"VT Cosmetics Vita Light Reedle Shot 100"},"content":{"rendered":"<h2>Description<\/h2>\n<form action=\"https:\/\/www.maquibeauty.fr\/vt-cosmetics-serum-micro-aiguille-vita-light-reedle-shot-100-p-87156.html?action=add_product\" method=\"post\" name=\"cart_quantity\">\n<div class=\"product-sheet__wrapper\">\n<div class=\"product-sheet__tabs\">\n<div class=\"product-sheet__tabs-wrapper\">\n<div class=\"product-sheet__tab-contents\">\n<div class=\"product-sheet__tab-content product-sheet__tab-content--active\" data-tabid=\"1\">\n<p><strong>VT Cosmetics VT Cosmetics Le s\u00e9rum Microneedling<\/strong>&nbsp;est un traitement de nuit r\u00e9volutionnaire con\u00e7u pour \u00e9claircir et revitaliser la peau gr\u00e2ce \u00e0 une technologie avanc\u00e9e et des ingr\u00e9dients actifs puissants.<\/p>\n<p>Dot\u00e9 du microneedling Cica Reedle\u2122, ce produit maximise l\u2019absorption des ingr\u00e9dients actifs pour transformer la texture et le teint de la peau d\u00e8s la premi\u00e8re application.<\/p>\n<p>Il poss\u00e8de la technologie Cica Reedle\u2122 : des micro-aiguilles \u00e0 l\u2019extrait de Centella Asiatica qui p\u00e9n\u00e8trent en douceur dans l\u2019\u00e9piderme pour am\u00e9liorer l\u2019absorption des principes actifs.<\/p>\n<p>Ingr\u00e9dients puissants&nbsp;:<\/p>\n<ul>\n<li>Vitamine C et Niacinamide (5%) : Unifient le teint et apportent de la luminosit\u00e9.<\/li>\n<li>Glutathion et Vitamine E : Puissants antioxydants qui revitalisent et prot\u00e8gent la peau.<\/li>\n<li>HPR (HydroxyPinacolone Retinoate) : D\u00e9riv\u00e9 avanc\u00e9 de vitamine A qui offre les bienfaits du r\u00e9tinol avec moins d\u2019irritation, am\u00e9liorant l\u2019\u00e9lasticit\u00e9 et r\u00e9duisant les rides.<\/li>\n<\/ul>\n<p>Con\u00e7u pour am\u00e9liorer la texture de la peau, r\u00e9duire les taches brunes et minimiser les pores tout en offrant un soin anti-\u00e2ge et une \u00e9lasticit\u00e9.<\/p>\n<p>Avantages:<\/p>\n<ul>\n<li>Luminosit\u00e9 instantan\u00e9e : Transforme la peau terne en un visage frais et \u00e9clatant.<\/li>\n<li>Uniformit\u00e9 du ton&nbsp;: r\u00e9duit les taches brunes et am\u00e9liore le teint irr\u00e9gulier.<\/li>\n<li>Soin Anti-\u00c2ge Complet : Combat les rides, am\u00e9liore l\u2019\u00e9lasticit\u00e9 et raffermit la peau.<\/li>\n<li>Optimisation de la texture&nbsp;: minimise les pores et lisse la surface de la peau.<\/li>\n<\/ul>\n<p>Pour qui est-il id\u00e9al ?<\/p>\n<ul>\n<li>Teint terne ou irr\u00e9gulier.<\/li>\n<li>Les personnes pr\u00e9sentant des taches brunes ou une hyperpigmentation.<\/li>\n<li>Ceux qui recherchent des soins intensifs anti-\u00e2ge et luminosit\u00e9.<\/li>\n<li>Peau qui a besoin d\u2019une revitalisation nocturne avec des r\u00e9sultats visibles.<\/li>\n<\/ul>\n<\/div>\n<\/div>\n<\/div>\n<div class=\"product-sheet__combinations\">\n<div class=\"product-sheet__combinations-wrapper\">\n<div id=\"swogo-bundle-0\" class=\"swogo-box product_info\"><\/div>\n<\/div>\n<\/div>\n<div class=\"product-sheet__other-combinations\">\n<div class=\"product-sheet__combinations-wrapper\">\n<h5 id=\"swogo-bundle-1\" class=\"swogo-box\">Utilisation :<\/h5>\n<div>\n<p>Nettoyez votre visage avec un nettoyant adapt\u00e9.<\/p>\n<p>Appliquer l\u2019essence : R\u00e9partir une quantit\u00e9 adapt\u00e9e sur une peau propre et s\u00e8che en \u00e9vitant le contour des yeux.<\/p>\n<p>Massez doucement : Effectuez des mouvements circulaires pour favoriser l\u2019absorption.<\/p>\n<h5>Ingr\u00e9dients<\/h5>\n<p>Water, Dipropylene Glycol, Glycerin, Niacinamide, Polyglycerin-3, Caprylic\/Capric Triglyceride, 1,2-Hexanediol, Betaine, Sodium Carbomer, Ammonium Acryloyldimethyltaurate\/VP Copolymer, Silica, Ethylhexylglycerin, Acrylates\/C10-30 Alkyl Acrylate Crosspolymer, C12-14 Alketh-12, Hydroxyethylcellulose, Hydroxyacetophenone, Caprylyl Glycol, Adenosine, Tromethamine, Butylene Glycol, Melia Azadirachta Leaf Extract, Disodium EDTA, Melia Azadirachta Flower Extract, Cyamopsis Tetragonoloba (Guar) Gum, Curcuma Longa (Turmeric) Root Extract, Agar, Xanthan Gum, Ubiquinone, Centella Asiatica Extract, Ocimum Sanctum Leaf Extract, Tocopherol, Ascorbic Acid, Hydrogenated Polydecene, Hippophae Rhamnoides Fruit Oil, Glutathione, Hippophae Rhamnoides Water, Propanediol, Corallina Officinalis Extract, Polyglyceryl-10 Pentalaurate, Astaxanthin, Hydrogenated Phosphatidylcholine, ??Sodium Phosphate, Polysorbate 60, Retinyl Palmitate, Eriobotrya Japonica Leaf Extract, Sodium Phosphate, Sodium Lauroyl Glutamate, Mentha Viridis (Spearmint) Extract, Sodium Hyaluronate, Propolis Extract, Ferulic Acid, Asiaticoside, Asiatic Acid, Madecassic Acid, Madecassoside.<\/p>\n<\/div>\n<\/div>\n<\/div>\n<\/div>\n<\/form>\n<div class=\"product-sheet__reviews\">\n<div class=\"product-sheet__reviews-wrapper\">\n<div class=\"maquillalia-title maquillalia-title--product-reviews\"><\/div>\n<\/div>\n<\/div>\n<\/div>\n","protected":false},"excerpt":{"rendered":"<p>Description VT Cosmetics VT Cosmetics Le s\u00e9rum Microneedling&nbsp;est un traitement de nuit r\u00e9volutionnaire con\u00e7u pour \u00e9claircir et revitaliser la peau gr\u00e2ce \u00e0 une technologie avanc\u00e9e et des ingr\u00e9dients actifs puissants. Dot\u00e9 du microneedling Cica Reedle\u2122, ce produit maximise l\u2019absorption des ingr\u00e9dients actifs pour transformer la texture et le teint de la peau d\u00e8s la premi\u00e8re [&hellip;]<\/p>\n","protected":false},"featured_media":5392,"comment_status":"open","ping_status":"closed","template":"","meta":{"content-type":"","_uag_custom_page_level_css":""},"pwb-brand":[],"product_brand":[],"product_cat":[334,338,355],"product_tag":[],"class_list":{"0":"post-5393","1":"product","2":"type-product","3":"status-publish","4":"has-post-thumbnail","6":"product_cat-produits-coreens","7":"product_cat-serum-ampoule","8":"product_cat-vt-cosmetics","10":"first","11":"instock","12":"sale","13":"shipping-taxable","14":"purchasable","15":"product-type-simple"},"aioseo_notices":[],"uagb_featured_image_src":{"full":["https:\/\/wavexia.com\/wp-content\/uploads\/2025\/10\/VT_Cosmetics_Vita-Light_Reedle_Shot_100.webp",640,640,false],"thumbnail":["https:\/\/wavexia.com\/wp-content\/uploads\/2025\/10\/VT_Cosmetics_Vita-Light_Reedle_Shot_100-150x150.webp",150,150,true],"medium":["https:\/\/wavexia.com\/wp-content\/uploads\/2025\/10\/VT_Cosmetics_Vita-Light_Reedle_Shot_100-300x300.webp",300,300,true],"medium_large":["https:\/\/wavexia.com\/wp-content\/uploads\/2025\/10\/VT_Cosmetics_Vita-Light_Reedle_Shot_100.webp",640,640,false],"large":["https:\/\/wavexia.com\/wp-content\/uploads\/2025\/10\/VT_Cosmetics_Vita-Light_Reedle_Shot_100.webp",640,640,false],"1536x1536":["https:\/\/wavexia.com\/wp-content\/uploads\/2025\/10\/VT_Cosmetics_Vita-Light_Reedle_Shot_100.webp",640,640,false],"2048x2048":["https:\/\/wavexia.com\/wp-content\/uploads\/2025\/10\/VT_Cosmetics_Vita-Light_Reedle_Shot_100.webp",640,640,false],"woocommerce_archive_thumbnail":["https:\/\/wavexia.com\/wp-content\/uploads\/2025\/10\/VT_Cosmetics_Vita-Light_Reedle_Shot_100-300x300.webp",300,300,true],"woocommerce_thumbnail":["https:\/\/wavexia.com\/wp-content\/uploads\/2025\/10\/VT_Cosmetics_Vita-Light_Reedle_Shot_100-300x300.webp",300,300,true],"woocommerce_single":["https:\/\/wavexia.com\/wp-content\/uploads\/2025\/10\/VT_Cosmetics_Vita-Light_Reedle_Shot_100-600x600.webp",600,600,true],"woocommerce_gallery_thumbnail":["https:\/\/wavexia.com\/wp-content\/uploads\/2025\/10\/VT_Cosmetics_Vita-Light_Reedle_Shot_100-100x100.webp",100,100,true]},"uagb_author_info":{"display_name":"zineddine.ayoub98@gmail.com","author_link":"https:\/\/wavexia.com\/?author=0"},"uagb_comment_info":0,"uagb_excerpt":"Description VT Cosmetics VT Cosmetics Le s\u00e9rum Microneedling&nbsp;est un traitement de nuit r\u00e9volutionnaire con\u00e7u pour \u00e9claircir et revitaliser la peau gr\u00e2ce \u00e0 une technologie avanc\u00e9e et des ingr\u00e9dients actifs puissants. Dot\u00e9 du microneedling Cica Reedle\u2122, ce produit maximise l\u2019absorption des ingr\u00e9dients actifs pour transformer la texture et le teint de la peau d\u00e8s la premi\u00e8re&hellip;","brands":[],"_links":{"self":[{"href":"https:\/\/wavexia.com\/index.php?rest_route=\/wp\/v2\/product\/5393","targetHints":{"allow":["GET"]}}],"collection":[{"href":"https:\/\/wavexia.com\/index.php?rest_route=\/wp\/v2\/product"}],"about":[{"href":"https:\/\/wavexia.com\/index.php?rest_route=\/wp\/v2\/types\/product"}],"replies":[{"embeddable":true,"href":"https:\/\/wavexia.com\/index.php?rest_route=%2Fwp%2Fv2%2Fcomments&post=5393"}],"wp:featuredmedia":[{"embeddable":true,"href":"https:\/\/wavexia.com\/index.php?rest_route=\/wp\/v2\/media\/5392"}],"wp:attachment":[{"href":"https:\/\/wavexia.com\/index.php?rest_route=%2Fwp%2Fv2%2Fmedia&parent=5393"}],"wp:term":[{"taxonomy":"pwb-brand","embeddable":true,"href":"https:\/\/wavexia.com\/index.php?rest_route=%2Fwp%2Fv2%2Fpwb-brand&post=5393"},{"taxonomy":"product_brand","embeddable":true,"href":"https:\/\/wavexia.com\/index.php?rest_route=%2Fwp%2Fv2%2Fproduct_brand&post=5393"},{"taxonomy":"product_cat","embeddable":true,"href":"https:\/\/wavexia.com\/index.php?rest_route=%2Fwp%2Fv2%2Fproduct_cat&post=5393"},{"taxonomy":"product_tag","embeddable":true,"href":"https:\/\/wavexia.com\/index.php?rest_route=%2Fwp%2Fv2%2Fproduct_tag&post=5393"}],"curies":[{"name":"wp","href":"https:\/\/api.w.org\/{rel}","templated":true}]}}