{"id":5384,"date":"2025-10-19T09:19:38","date_gmt":"2025-10-19T09:19:38","guid":{"rendered":"https:\/\/wavexia.com\/product\/medicube-zero-pore-blackhead-deep-cleansing-oil-205-ml\/"},"modified":"2026-03-10T07:31:09","modified_gmt":"2026-03-10T07:31:09","slug":"medicube-zero-pore-blackhead-deep-cleansing-oil-205-ml","status":"publish","type":"product","link":"https:\/\/wavexia.com\/?product=medicube-zero-pore-blackhead-deep-cleansing-oil-205-ml","title":{"rendered":"Medicube Zero Pore Blackhead Deep Cleansing Oil 205 ml"},"content":{"rendered":"<h2>Description<\/h2>\n<p>Le ZERO PORE BLACKHEAD DEEP CLEANSING OIL est une huile d\u00e9maquillante sp\u00e9cialement formul\u00e9e pour \u00e9liminer en douceur les impuret\u00e9s, les points noirs et le maquillage, tout en r\u00e9duisant l\u2019apparence des pores. Enrichie en huile de cam\u00e9lia et en extrait de th\u00e9 vert, cette huile nettoyante dissout facilement les r\u00e9sidus de maquillage, l\u2019exc\u00e8s de s\u00e9bum et les impuret\u00e9s, tout en purifiant la peau en profondeur.<br data-start=\"897\" data-end=\"900\">Sa texture l\u00e9g\u00e8re et non grasse se transforme en une \u00e9mulsion douce au contact de l\u2019eau, facilitant un nettoyage efficace sans irriter la peau. Gr\u00e2ce \u00e0 son complexe anti-points noirs, elle aide \u00e0 nettoyer les pores en profondeur et \u00e0 resserrer leur apparence, laissant la peau douce, propre et \u00e9clatante.<\/p>\n<h5>utilisation:<\/h5>\n<ol data-start=\"1229\" data-end=\"1546\">\n<li class=\"\" data-start=\"1229\" data-end=\"1289\">\n<p class=\"\" data-start=\"1232\" data-end=\"1289\">Appliquez une petite quantit\u00e9 d\u2019huile sur le visage sec<\/p>\n<\/li>\n<li class=\"\" data-start=\"1290\" data-end=\"1383\">\n<p class=\"\" data-start=\"1293\" data-end=\"1383\">Massez doucement en mouvements circulaires pour dissoudre le maquillage et les impuret\u00e9s<\/p>\n<\/li>\n<li class=\"\" data-start=\"1384\" data-end=\"1465\">\n<p class=\"\" data-start=\"1387\" data-end=\"1465\">Ajoutez un peu d\u2019eau ti\u00e8de pour \u00e9mulsionner l\u2019huile, puis rincez abondamment<\/p>\n<\/li>\n<li class=\"\" data-start=\"1466\" data-end=\"1546\">\n<p class=\"\" data-start=\"1469\" data-end=\"1546\">Utilisez le soir pour un nettoyage en profondeur, avant le nettoyant moussant<\/p>\n<\/li>\n<\/ol>\n<h5>ingr\u00e9dients:<\/h5>\n<p>Glycine Soja (Soybean) Oil, Isopropyl Myristate, Cetyl Ethylhexanoate, Sorbeth-30 Tetraoleate, PEG-20 Glyceryl Triisostearate, Macadamia Ternifolia Seed Oil, Jojoba Seed Oil, Grape Seed Oil, Camellia Japonica Seed Oil, Oryza Sativa (Rice) Bran Oil, Prunus Armeniaca (Apricot) Kernel Oil, Squalane, Butyrospermum Parkii (Shea) Butter Extract, Helianthus Annuus (Sunflower) Seed Oil, Tocopherol, Charcoal Powder, Caprylhydroxamic Acid, 1,2-Hexanediol, Water, Fragrance.<\/p>\n","protected":false},"excerpt":{"rendered":"<p>Description Le ZERO PORE BLACKHEAD DEEP CLEANSING OIL est une huile d\u00e9maquillante sp\u00e9cialement formul\u00e9e pour \u00e9liminer en douceur les impuret\u00e9s, les points noirs et le maquillage, tout en r\u00e9duisant l\u2019apparence des pores. Enrichie en huile de cam\u00e9lia et en extrait de th\u00e9 vert, cette huile nettoyante dissout facilement les r\u00e9sidus de maquillage, l\u2019exc\u00e8s de s\u00e9bum [&hellip;]<\/p>\n","protected":false},"featured_media":5383,"comment_status":"open","ping_status":"closed","template":"","meta":{"content-type":"","_uag_custom_page_level_css":""},"pwb-brand":[],"product_brand":[],"product_cat":[367,349,328,334],"product_tag":[],"class_list":{"0":"post-5384","1":"product","2":"type-product","3":"status-publish","4":"has-post-thumbnail","6":"product_cat-huile-baume-nettoyante","7":"product_cat-medicube","8":"product_cat-nouveautes","9":"product_cat-produits-coreens","11":"first","12":"instock","13":"sale","14":"shipping-taxable","15":"purchasable","16":"product-type-simple"},"aioseo_notices":[],"uagb_featured_image_src":{"full":["https:\/\/wavexia.com\/wp-content\/uploads\/2025\/10\/medicube-huile-demaquillante.jpg",800,800,false],"thumbnail":["https:\/\/wavexia.com\/wp-content\/uploads\/2025\/10\/medicube-huile-demaquillante-150x150.jpg",150,150,true],"medium":["https:\/\/wavexia.com\/wp-content\/uploads\/2025\/10\/medicube-huile-demaquillante-300x300.jpg",300,300,true],"medium_large":["https:\/\/wavexia.com\/wp-content\/uploads\/2025\/10\/medicube-huile-demaquillante-768x768.jpg",768,768,true],"large":["https:\/\/wavexia.com\/wp-content\/uploads\/2025\/10\/medicube-huile-demaquillante.jpg",800,800,false],"1536x1536":["https:\/\/wavexia.com\/wp-content\/uploads\/2025\/10\/medicube-huile-demaquillante.jpg",800,800,false],"2048x2048":["https:\/\/wavexia.com\/wp-content\/uploads\/2025\/10\/medicube-huile-demaquillante.jpg",800,800,false],"woocommerce_archive_thumbnail":["https:\/\/wavexia.com\/wp-content\/uploads\/2025\/10\/medicube-huile-demaquillante-300x300.jpg",300,300,true],"woocommerce_thumbnail":["https:\/\/wavexia.com\/wp-content\/uploads\/2025\/10\/medicube-huile-demaquillante-300x300.jpg",300,300,true],"woocommerce_single":["https:\/\/wavexia.com\/wp-content\/uploads\/2025\/10\/medicube-huile-demaquillante-600x600.jpg",600,600,true],"woocommerce_gallery_thumbnail":["https:\/\/wavexia.com\/wp-content\/uploads\/2025\/10\/medicube-huile-demaquillante-100x100.jpg",100,100,true]},"uagb_author_info":{"display_name":"zineddine.ayoub98@gmail.com","author_link":"https:\/\/wavexia.com\/?author=0"},"uagb_comment_info":0,"uagb_excerpt":"Description Le ZERO PORE BLACKHEAD DEEP CLEANSING OIL est une huile d\u00e9maquillante sp\u00e9cialement formul\u00e9e pour \u00e9liminer en douceur les impuret\u00e9s, les points noirs et le maquillage, tout en r\u00e9duisant l\u2019apparence des pores. Enrichie en huile de cam\u00e9lia et en extrait de th\u00e9 vert, cette huile nettoyante dissout facilement les r\u00e9sidus de maquillage, l\u2019exc\u00e8s de s\u00e9bum&hellip;","brands":[],"_links":{"self":[{"href":"https:\/\/wavexia.com\/index.php?rest_route=\/wp\/v2\/product\/5384","targetHints":{"allow":["GET"]}}],"collection":[{"href":"https:\/\/wavexia.com\/index.php?rest_route=\/wp\/v2\/product"}],"about":[{"href":"https:\/\/wavexia.com\/index.php?rest_route=\/wp\/v2\/types\/product"}],"replies":[{"embeddable":true,"href":"https:\/\/wavexia.com\/index.php?rest_route=%2Fwp%2Fv2%2Fcomments&post=5384"}],"wp:featuredmedia":[{"embeddable":true,"href":"https:\/\/wavexia.com\/index.php?rest_route=\/wp\/v2\/media\/5383"}],"wp:attachment":[{"href":"https:\/\/wavexia.com\/index.php?rest_route=%2Fwp%2Fv2%2Fmedia&parent=5384"}],"wp:term":[{"taxonomy":"pwb-brand","embeddable":true,"href":"https:\/\/wavexia.com\/index.php?rest_route=%2Fwp%2Fv2%2Fpwb-brand&post=5384"},{"taxonomy":"product_brand","embeddable":true,"href":"https:\/\/wavexia.com\/index.php?rest_route=%2Fwp%2Fv2%2Fproduct_brand&post=5384"},{"taxonomy":"product_cat","embeddable":true,"href":"https:\/\/wavexia.com\/index.php?rest_route=%2Fwp%2Fv2%2Fproduct_cat&post=5384"},{"taxonomy":"product_tag","embeddable":true,"href":"https:\/\/wavexia.com\/index.php?rest_route=%2Fwp%2Fv2%2Fproduct_tag&post=5384"}],"curies":[{"name":"wp","href":"https:\/\/api.w.org\/{rel}","templated":true}]}}