{"id":5380,"date":"2025-10-19T09:19:34","date_gmt":"2025-10-19T09:19:34","guid":{"rendered":"https:\/\/wavexia.com\/product\/naturesplus-super-c-complex-sustained-release-tablets\/"},"modified":"2026-03-10T07:31:09","modified_gmt":"2026-03-10T07:31:09","slug":"naturesplus-super-c-complex-sustained-release-tablets","status":"publish","type":"product","link":"https:\/\/wavexia.com\/?product=naturesplus-super-c-complex-sustained-release-tablets","title":{"rendered":"NATURESPLUS Super C Complex Sustained Release Tablets"},"content":{"rendered":"<h2>Description<\/h2>\n<p>NaturesPlus est reconnu pour ses compl\u00e9ments alimentaires de haute qualit\u00e9.<\/p>\n<p>Ce produit contient de la vitamine C, un nutriment essentiel qui contribue \u00e0 la protection des cellules contre le stress oxydatif et soutient le fonctionnement normal du syst\u00e8me immunitaire tout en r\u00e9duisant la fatigue. Les bioflavono\u00efdes pr\u00e9sents dans ce compl\u00e9ment aident \u00e0 l\u2019absorption de la vitamine C, optimisant ainsi son efficacit\u00e9. Formul\u00e9 en comprim\u00e9s \u00e0 lib\u00e9ration prolong\u00e9e, il assure un apport continu en vitamine C tout au long de la journ\u00e9e, participant ainsi \u00e0 la r\u00e9duction de la fatigue.<\/p>\n<h5>conseils d\u2019utilisation:<\/h5>\n<p>Avant toute utilisation, il est recommand\u00e9 de lire attentivement la notice d\u2019utilisation ou de se r\u00e9f\u00e9rer aux informations pr\u00e9sentes sur l\u2019emballage afin de conna\u00eetre les pr\u00e9cautions d\u2019emploi et les instructions<\/p>\n<p>Prendre 1 \u00e0 2 comprim\u00e9s par jour avec un verre d\u2019eau.<\/p>\n<p>Des doses \u00e9lev\u00e9es en vitamine C peuvent interagir avec certains m\u00e9dicaments de chimioth\u00e9rapie, inhibiteurs de prot\u00e9ase et anticoagulants tels que la warfarine.<\/p>\n<p>Ne pas d\u00e9passer la dose journali\u00e8re recommand\u00e9e. Tenir hors de port\u00e9e des enfants. Demander un avis m\u00e9dical en cas de grossesse ou d\u2019allaitement. Les compl\u00e9ments alimentaires ne sont pas des m\u00e9dicaments et ne se substituent pas \u00e0 une alimentation vari\u00e9e et \u00e9quilibr\u00e9e.<\/p>\n<h5>composition:<\/h5>\n<p>Compl\u00e9ment alimentaire \u00e0 base de vitamine C et bioflavono\u00efdes. Adapt\u00e9 aux v\u00e9g\u00e9tariens. Sans allerg\u00e8nes d\u00e9clarables, sans OGM, sans colorants ni conservateurs artificiels, sans sucre. Sans gluten.<\/p>\n<p>Ingr\u00e9dients: Vitamine C (acide L-ascorbique) \u2013 bioflavono\u00efdes d\u2019\u00e9corce de citron (Citrus limon), acide st\u00e9arique; g\u00e9lifiant:hydroxypropylm\u00e9thylcellulose; rutine (issue de Sophora japonica), hesp\u00e9ridine (issue de Citrus aurantium), fruits d\u2019\u00e9glantier (Rosa canina), antiagglom\u00e9rants: st\u00e9arate de magn\u00e9sium; fruits d\u2019ac\u00e9rola (Malpighia Glabra), agent d\u2019enrobage: shellac; antiagglom\u00e9rant: silice.<\/p>\n<p>Pour un comprim\u00e9 s\u00e9cable:Vitamine C (soit 1250 % AR*) 1000 mg \u2013 Bioflavono\u00efdes de citron (Citrus Limon) 500 mg \u2013 Rutine 100 mg \u2013 Hesp\u00e9ridine 100 mg \u2013 Fruit d\u2019\u00e9glantier (Rosa Canina) 100 mg \u2013 Fruits d\u2019ac\u00e9rola (Malpighia glabra) 50 mg*AR Apports de R\u00e9f\u00e9rence<\/p>\n","protected":false},"excerpt":{"rendered":"<p>Description NaturesPlus est reconnu pour ses compl\u00e9ments alimentaires de haute qualit\u00e9. Ce produit contient de la vitamine C, un nutriment essentiel qui contribue \u00e0 la protection des cellules contre le stress oxydatif et soutient le fonctionnement normal du syst\u00e8me immunitaire tout en r\u00e9duisant la fatigue. Les bioflavono\u00efdes pr\u00e9sents dans ce compl\u00e9ment aident \u00e0 l\u2019absorption de [&hellip;]<\/p>\n","protected":false},"featured_media":5379,"comment_status":"open","ping_status":"closed","template":"","meta":{"content-type":"","_uag_custom_page_level_css":""},"pwb-brand":[],"product_brand":[],"product_cat":[330],"product_tag":[],"class_list":{"0":"post-5380","1":"product","2":"type-product","3":"status-publish","4":"has-post-thumbnail","6":"product_cat-complements-alimentaires","8":"first","9":"instock","10":"sale","11":"shipping-taxable","12":"purchasable","13":"product-type-simple"},"aioseo_notices":[],"uagb_featured_image_src":{"full":["https:\/\/wavexia.com\/wp-content\/uploads\/2025\/10\/2479-01_5000x.webp",2000,2000,false],"thumbnail":["https:\/\/wavexia.com\/wp-content\/uploads\/2025\/10\/2479-01_5000x-150x150.webp",150,150,true],"medium":["https:\/\/wavexia.com\/wp-content\/uploads\/2025\/10\/2479-01_5000x-300x300.webp",300,300,true],"medium_large":["https:\/\/wavexia.com\/wp-content\/uploads\/2025\/10\/2479-01_5000x-768x768.webp",768,768,true],"large":["https:\/\/wavexia.com\/wp-content\/uploads\/2025\/10\/2479-01_5000x-1024x1024.webp",1024,1024,true],"1536x1536":["https:\/\/wavexia.com\/wp-content\/uploads\/2025\/10\/2479-01_5000x-1536x1536.webp",1536,1536,true],"2048x2048":["https:\/\/wavexia.com\/wp-content\/uploads\/2025\/10\/2479-01_5000x.webp",2000,2000,false],"woocommerce_archive_thumbnail":["https:\/\/wavexia.com\/wp-content\/uploads\/2025\/10\/2479-01_5000x-300x300.webp",300,300,true],"woocommerce_thumbnail":["https:\/\/wavexia.com\/wp-content\/uploads\/2025\/10\/2479-01_5000x-300x300.webp",300,300,true],"woocommerce_single":["https:\/\/wavexia.com\/wp-content\/uploads\/2025\/10\/2479-01_5000x-600x600.webp",600,600,true],"woocommerce_gallery_thumbnail":["https:\/\/wavexia.com\/wp-content\/uploads\/2025\/10\/2479-01_5000x-100x100.webp",100,100,true]},"uagb_author_info":{"display_name":"zineddine.ayoub98@gmail.com","author_link":"https:\/\/wavexia.com\/?author=0"},"uagb_comment_info":0,"uagb_excerpt":"Description NaturesPlus est reconnu pour ses compl\u00e9ments alimentaires de haute qualit\u00e9. Ce produit contient de la vitamine C, un nutriment essentiel qui contribue \u00e0 la protection des cellules contre le stress oxydatif et soutient le fonctionnement normal du syst\u00e8me immunitaire tout en r\u00e9duisant la fatigue. Les bioflavono\u00efdes pr\u00e9sents dans ce compl\u00e9ment aident \u00e0 l\u2019absorption de&hellip;","brands":[],"_links":{"self":[{"href":"https:\/\/wavexia.com\/index.php?rest_route=\/wp\/v2\/product\/5380","targetHints":{"allow":["GET"]}}],"collection":[{"href":"https:\/\/wavexia.com\/index.php?rest_route=\/wp\/v2\/product"}],"about":[{"href":"https:\/\/wavexia.com\/index.php?rest_route=\/wp\/v2\/types\/product"}],"replies":[{"embeddable":true,"href":"https:\/\/wavexia.com\/index.php?rest_route=%2Fwp%2Fv2%2Fcomments&post=5380"}],"wp:featuredmedia":[{"embeddable":true,"href":"https:\/\/wavexia.com\/index.php?rest_route=\/wp\/v2\/media\/5379"}],"wp:attachment":[{"href":"https:\/\/wavexia.com\/index.php?rest_route=%2Fwp%2Fv2%2Fmedia&parent=5380"}],"wp:term":[{"taxonomy":"pwb-brand","embeddable":true,"href":"https:\/\/wavexia.com\/index.php?rest_route=%2Fwp%2Fv2%2Fpwb-brand&post=5380"},{"taxonomy":"product_brand","embeddable":true,"href":"https:\/\/wavexia.com\/index.php?rest_route=%2Fwp%2Fv2%2Fproduct_brand&post=5380"},{"taxonomy":"product_cat","embeddable":true,"href":"https:\/\/wavexia.com\/index.php?rest_route=%2Fwp%2Fv2%2Fproduct_cat&post=5380"},{"taxonomy":"product_tag","embeddable":true,"href":"https:\/\/wavexia.com\/index.php?rest_route=%2Fwp%2Fv2%2Fproduct_tag&post=5380"}],"curies":[{"name":"wp","href":"https:\/\/api.w.org\/{rel}","templated":true}]}}