{"id":5375,"date":"2025-10-19T09:19:28","date_gmt":"2025-10-19T09:19:28","guid":{"rendered":"https:\/\/wavexia.com\/product\/now-foods-valerian-root-500-mg-100-veg-capsules\/"},"modified":"2026-03-10T07:31:09","modified_gmt":"2026-03-10T07:31:09","slug":"now-foods-valerian-root-500-mg-100-veg-capsules","status":"publish","type":"product","link":"https:\/\/wavexia.com\/?product=now-foods-valerian-root-500-mg-100-veg-capsules","title":{"rendered":"Now Foods Valerian Root 500 mg 100 Veg Capsules"},"content":{"rendered":"<h2>Description<\/h2>\n<p>Suppl\u00e9ment \u00e0 base de plantes Plante traditionnelle sans OGM Un compl\u00e9ment alimentaire V\u00e9g\u00e9tarien \u2013 V\u00e9g\u00e9talien Plantes\/herbes Propri\u00e9t\u00e9 familiale Depuis 1968 Qualit\u00e9 garantie GMP La racine de val\u00e9riane est un favori \u00e0 base de plantes pour de nombreuses cultures depuis des si\u00e8cles. Utilisation sugg\u00e9r\u00e9e : Prendre 2 g\u00e9lules avant le coucher au besoin. Autres ingr\u00e9dients Cellulose (capsule). Non fabriqu\u00e9 avec de la levure, du bl\u00e9, du gluten, du soja, du lait, des \u0153ufs, du poisson, des crustac\u00e9s ou des noix. Produit dans une installation BPF qui traite d\u2019autres ingr\u00e9dients contenant ces allerg\u00e8nes. Avertissements Attention : R\u00e9serv\u00e9 aux adultes. Consultez un m\u00e9decin si vous \u00eates enceinte\/allaitez, si vous prenez des m\u00e9dicaments ou si vous avez un probl\u00e8me de sant\u00e9. Tenir hors de port\u00e9e des enfants. Ce produit peut provoquer de la somnolence. Ne pas utiliser un v\u00e9hicule ou une machinerie lourde apr\u00e8s avoir consomm\u00e9 de la val\u00e9riane. Des variations de couleur naturelles peuvent se produire dans ce produit. Ne pas manger le sachet de fra\u00eecheur. Conserver en bouteille. Conserver dans un endroit frais et sec apr\u00e8s ouverture.<\/p>\n<h5>utilisation:<\/h5>\n<p>Prendre 2 g\u00e9lules avant le coucher au besoin.<\/p>\n<p>&nbsp;<\/p>\n","protected":false},"excerpt":{"rendered":"<p>Description Suppl\u00e9ment \u00e0 base de plantes Plante traditionnelle sans OGM Un compl\u00e9ment alimentaire V\u00e9g\u00e9tarien \u2013 V\u00e9g\u00e9talien Plantes\/herbes Propri\u00e9t\u00e9 familiale Depuis 1968 Qualit\u00e9 garantie GMP La racine de val\u00e9riane est un favori \u00e0 base de plantes pour de nombreuses cultures depuis des si\u00e8cles. Utilisation sugg\u00e9r\u00e9e : Prendre 2 g\u00e9lules avant le coucher au besoin. Autres ingr\u00e9dients [&hellip;]<\/p>\n","protected":false},"featured_media":5374,"comment_status":"open","ping_status":"closed","template":"","meta":{"content-type":"","_uag_custom_page_level_css":""},"pwb-brand":[],"product_brand":[],"product_cat":[330],"product_tag":[],"class_list":{"0":"post-5375","1":"product","2":"type-product","3":"status-publish","4":"has-post-thumbnail","6":"product_cat-complements-alimentaires","8":"first","9":"instock","10":"sale","11":"shipping-taxable","12":"purchasable","13":"product-type-simple"},"aioseo_notices":[],"uagb_featured_image_src":{"full":["https:\/\/wavexia.com\/wp-content\/uploads\/2025\/10\/71cpj4mvo5L._UF8941000_QL80_.jpg",894,894,false],"thumbnail":["https:\/\/wavexia.com\/wp-content\/uploads\/2025\/10\/71cpj4mvo5L._UF8941000_QL80_-150x150.jpg",150,150,true],"medium":["https:\/\/wavexia.com\/wp-content\/uploads\/2025\/10\/71cpj4mvo5L._UF8941000_QL80_-300x300.jpg",300,300,true],"medium_large":["https:\/\/wavexia.com\/wp-content\/uploads\/2025\/10\/71cpj4mvo5L._UF8941000_QL80_-768x768.jpg",768,768,true],"large":["https:\/\/wavexia.com\/wp-content\/uploads\/2025\/10\/71cpj4mvo5L._UF8941000_QL80_.jpg",894,894,false],"1536x1536":["https:\/\/wavexia.com\/wp-content\/uploads\/2025\/10\/71cpj4mvo5L._UF8941000_QL80_.jpg",894,894,false],"2048x2048":["https:\/\/wavexia.com\/wp-content\/uploads\/2025\/10\/71cpj4mvo5L._UF8941000_QL80_.jpg",894,894,false],"woocommerce_archive_thumbnail":["https:\/\/wavexia.com\/wp-content\/uploads\/2025\/10\/71cpj4mvo5L._UF8941000_QL80_-300x300.jpg",300,300,true],"woocommerce_thumbnail":["https:\/\/wavexia.com\/wp-content\/uploads\/2025\/10\/71cpj4mvo5L._UF8941000_QL80_-300x300.jpg",300,300,true],"woocommerce_single":["https:\/\/wavexia.com\/wp-content\/uploads\/2025\/10\/71cpj4mvo5L._UF8941000_QL80_-600x600.jpg",600,600,true],"woocommerce_gallery_thumbnail":["https:\/\/wavexia.com\/wp-content\/uploads\/2025\/10\/71cpj4mvo5L._UF8941000_QL80_-100x100.jpg",100,100,true]},"uagb_author_info":{"display_name":"zineddine.ayoub98@gmail.com","author_link":"https:\/\/wavexia.com\/?author=0"},"uagb_comment_info":0,"uagb_excerpt":"Description Suppl\u00e9ment \u00e0 base de plantes Plante traditionnelle sans OGM Un compl\u00e9ment alimentaire V\u00e9g\u00e9tarien \u2013 V\u00e9g\u00e9talien Plantes\/herbes Propri\u00e9t\u00e9 familiale Depuis 1968 Qualit\u00e9 garantie GMP La racine de val\u00e9riane est un favori \u00e0 base de plantes pour de nombreuses cultures depuis des si\u00e8cles. Utilisation sugg\u00e9r\u00e9e : Prendre 2 g\u00e9lules avant le coucher au besoin. Autres ingr\u00e9dients&hellip;","brands":[],"_links":{"self":[{"href":"https:\/\/wavexia.com\/index.php?rest_route=\/wp\/v2\/product\/5375","targetHints":{"allow":["GET"]}}],"collection":[{"href":"https:\/\/wavexia.com\/index.php?rest_route=\/wp\/v2\/product"}],"about":[{"href":"https:\/\/wavexia.com\/index.php?rest_route=\/wp\/v2\/types\/product"}],"replies":[{"embeddable":true,"href":"https:\/\/wavexia.com\/index.php?rest_route=%2Fwp%2Fv2%2Fcomments&post=5375"}],"wp:featuredmedia":[{"embeddable":true,"href":"https:\/\/wavexia.com\/index.php?rest_route=\/wp\/v2\/media\/5374"}],"wp:attachment":[{"href":"https:\/\/wavexia.com\/index.php?rest_route=%2Fwp%2Fv2%2Fmedia&parent=5375"}],"wp:term":[{"taxonomy":"pwb-brand","embeddable":true,"href":"https:\/\/wavexia.com\/index.php?rest_route=%2Fwp%2Fv2%2Fpwb-brand&post=5375"},{"taxonomy":"product_brand","embeddable":true,"href":"https:\/\/wavexia.com\/index.php?rest_route=%2Fwp%2Fv2%2Fproduct_brand&post=5375"},{"taxonomy":"product_cat","embeddable":true,"href":"https:\/\/wavexia.com\/index.php?rest_route=%2Fwp%2Fv2%2Fproduct_cat&post=5375"},{"taxonomy":"product_tag","embeddable":true,"href":"https:\/\/wavexia.com\/index.php?rest_route=%2Fwp%2Fv2%2Fproduct_tag&post=5375"}],"curies":[{"name":"wp","href":"https:\/\/api.w.org\/{rel}","templated":true}]}}