{"id":5373,"date":"2025-10-19T09:19:26","date_gmt":"2025-10-19T09:19:26","guid":{"rendered":"https:\/\/wavexia.com\/product\/now-brewers-yeast-200-tablets-650-mg\/"},"modified":"2026-03-10T07:31:09","modified_gmt":"2026-03-10T07:31:09","slug":"now-brewers-yeast-200-tablets-650-mg","status":"publish","type":"product","link":"https:\/\/wavexia.com\/?product=now-brewers-yeast-200-tablets-650-mg","title":{"rendered":"Now Brewers Yeast, 200 Tablets, 650 mg"},"content":{"rendered":"<h2>Description<\/h2>\n<p>La levure de bi\u00e8re contient plusieurs vitamines, min\u00e9raux et autres nutriments b\u00e9n\u00e9fiques naturels. La levure de bi\u00e8re offre d\u2019autres composants tels que des acides amin\u00e9s et des b\u00eata-glucanes. Aucune vitamine synth\u00e9tique n\u2019est ajout\u00e9e \u00e0 la levure pendant le traitement. La levure de bi\u00e8re contient des vitamines B naturelles telles que la thiamine (vitamine B-1), la riboflavine (vitamine B-2), la niacine, la vitamine B-6, l\u2019acide folique, la vitamine B-12, la biotine et l\u2019acide pantoth\u00e9nique. La levure de bi\u00e8re est une source de vitamines B et de prot\u00e9ines. Il contient \u00e9galement du chrome, qui pourrait aider le corps \u00e0 mieux utiliser l\u2019insuline et \u00e0 abaisser le taux de sucre dans le sang. La levure de bi\u00e8re semble \u00e9galement augmenter les enzymes dans l\u2019estomac qui pourraient soulager la diarrh\u00e9e et am\u00e9liorer la d\u00e9fense de l\u2019organisme contre les infections virales comme la grippe.<\/p>\n<h5>utilisation:<\/h5>\n<p>Prendre 3 comprim\u00e9s 3 fois par jour avec de la nourriture.<\/p>\n","protected":false},"excerpt":{"rendered":"<p>Description La levure de bi\u00e8re contient plusieurs vitamines, min\u00e9raux et autres nutriments b\u00e9n\u00e9fiques naturels. La levure de bi\u00e8re offre d\u2019autres composants tels que des acides amin\u00e9s et des b\u00eata-glucanes. Aucune vitamine synth\u00e9tique n\u2019est ajout\u00e9e \u00e0 la levure pendant le traitement. La levure de bi\u00e8re contient des vitamines B naturelles telles que la thiamine (vitamine B-1), [&hellip;]<\/p>\n","protected":false},"featured_media":5372,"comment_status":"open","ping_status":"closed","template":"","meta":{"content-type":"","_uag_custom_page_level_css":""},"pwb-brand":[],"product_brand":[],"product_cat":[330],"product_tag":[],"class_list":{"0":"post-5373","1":"product","2":"type-product","3":"status-publish","4":"has-post-thumbnail","6":"product_cat-complements-alimentaires","8":"first","9":"instock","10":"sale","11":"shipping-taxable","12":"purchasable","13":"product-type-simple"},"aioseo_notices":[],"uagb_featured_image_src":{"full":["https:\/\/wavexia.com\/wp-content\/uploads\/2025\/10\/1-2-2.jpg",680,680,false],"thumbnail":["https:\/\/wavexia.com\/wp-content\/uploads\/2025\/10\/1-2-2-150x150.jpg",150,150,true],"medium":["https:\/\/wavexia.com\/wp-content\/uploads\/2025\/10\/1-2-2-300x300.jpg",300,300,true],"medium_large":["https:\/\/wavexia.com\/wp-content\/uploads\/2025\/10\/1-2-2.jpg",680,680,false],"large":["https:\/\/wavexia.com\/wp-content\/uploads\/2025\/10\/1-2-2.jpg",680,680,false],"1536x1536":["https:\/\/wavexia.com\/wp-content\/uploads\/2025\/10\/1-2-2.jpg",680,680,false],"2048x2048":["https:\/\/wavexia.com\/wp-content\/uploads\/2025\/10\/1-2-2.jpg",680,680,false],"woocommerce_archive_thumbnail":["https:\/\/wavexia.com\/wp-content\/uploads\/2025\/10\/1-2-2-300x300.jpg",300,300,true],"woocommerce_thumbnail":["https:\/\/wavexia.com\/wp-content\/uploads\/2025\/10\/1-2-2-300x300.jpg",300,300,true],"woocommerce_single":["https:\/\/wavexia.com\/wp-content\/uploads\/2025\/10\/1-2-2-600x600.jpg",600,600,true],"woocommerce_gallery_thumbnail":["https:\/\/wavexia.com\/wp-content\/uploads\/2025\/10\/1-2-2-100x100.jpg",100,100,true]},"uagb_author_info":{"display_name":"zineddine.ayoub98@gmail.com","author_link":"https:\/\/wavexia.com\/?author=0"},"uagb_comment_info":0,"uagb_excerpt":"Description La levure de bi\u00e8re contient plusieurs vitamines, min\u00e9raux et autres nutriments b\u00e9n\u00e9fiques naturels. La levure de bi\u00e8re offre d\u2019autres composants tels que des acides amin\u00e9s et des b\u00eata-glucanes. Aucune vitamine synth\u00e9tique n\u2019est ajout\u00e9e \u00e0 la levure pendant le traitement. La levure de bi\u00e8re contient des vitamines B naturelles telles que la thiamine (vitamine B-1),&hellip;","brands":[],"_links":{"self":[{"href":"https:\/\/wavexia.com\/index.php?rest_route=\/wp\/v2\/product\/5373","targetHints":{"allow":["GET"]}}],"collection":[{"href":"https:\/\/wavexia.com\/index.php?rest_route=\/wp\/v2\/product"}],"about":[{"href":"https:\/\/wavexia.com\/index.php?rest_route=\/wp\/v2\/types\/product"}],"replies":[{"embeddable":true,"href":"https:\/\/wavexia.com\/index.php?rest_route=%2Fwp%2Fv2%2Fcomments&post=5373"}],"wp:featuredmedia":[{"embeddable":true,"href":"https:\/\/wavexia.com\/index.php?rest_route=\/wp\/v2\/media\/5372"}],"wp:attachment":[{"href":"https:\/\/wavexia.com\/index.php?rest_route=%2Fwp%2Fv2%2Fmedia&parent=5373"}],"wp:term":[{"taxonomy":"pwb-brand","embeddable":true,"href":"https:\/\/wavexia.com\/index.php?rest_route=%2Fwp%2Fv2%2Fpwb-brand&post=5373"},{"taxonomy":"product_brand","embeddable":true,"href":"https:\/\/wavexia.com\/index.php?rest_route=%2Fwp%2Fv2%2Fproduct_brand&post=5373"},{"taxonomy":"product_cat","embeddable":true,"href":"https:\/\/wavexia.com\/index.php?rest_route=%2Fwp%2Fv2%2Fproduct_cat&post=5373"},{"taxonomy":"product_tag","embeddable":true,"href":"https:\/\/wavexia.com\/index.php?rest_route=%2Fwp%2Fv2%2Fproduct_tag&post=5373"}],"curies":[{"name":"wp","href":"https:\/\/api.w.org\/{rel}","templated":true}]}}