{"id":5369,"date":"2025-10-19T09:19:24","date_gmt":"2025-10-19T09:19:24","guid":{"rendered":"https:\/\/wavexia.com\/product\/dr-forhair-unove-deep-damage-treatment-ex-207ml\/"},"modified":"2026-03-10T07:31:09","modified_gmt":"2026-03-10T07:31:09","slug":"dr-forhair-unove-deep-damage-treatment-ex-207ml","status":"publish","type":"product","link":"https:\/\/wavexia.com\/?product=dr-forhair-unove-deep-damage-treatment-ex-207ml","title":{"rendered":"Dr. FORHAIR Unove Deep Damage Treatment EX 207ML"},"content":{"rendered":"<h2>Description<\/h2>\n<p class=\"whitespace-pre-wrap break-words\">Le traitement Deep Damage EX d\u2019UNOVE repr\u00e9sente une r\u00e9volution dans la r\u00e9paration capillaire intensive. Cette formule experte d\u2019UNOVE concentre 30 000 ppm de k\u00e9ratine-PF et 31 types d\u2019acides amin\u00e9s pour une action r\u00e9g\u00e9n\u00e9rante puissante sur les cheveux les plus ab\u00eem\u00e9s.<\/p>\n<p class=\"whitespace-pre-wrap break-words\">D\u00e9velopp\u00e9 par les chercheurs d\u2019UNOVE, ce soin professionnel associe 80% de k\u00e9ratine \u00e0 cinq huiles v\u00e9g\u00e9tales pr\u00e9cieuses. Cette synergie unique comble efficacement les espaces entre les cuticules, \u00e9liminant frisottis et rugosit\u00e9 tout en restaurant la brillance naturelle des cheveux stress\u00e9s par les traitements chimiques.<\/p>\n<p class=\"whitespace-pre-wrap break-words\">Cette solution r\u00e9paratrice d\u2019UNOVE, disponible en deux fragrances exclusives, transforme visiblement les cheveux fragilis\u00e9s. Sa formule hautement concentr\u00e9e scelle les cuticules et renforce la fibre capillaire de l\u2019int\u00e9rieur, r\u00e9v\u00e9lant une chevelure soyeuse, disciplin\u00e9e et \u00e9clatante de sant\u00e9.<\/p>\n<p>Floraison tendre : orange, p\u00eache, cassis ; Milieu : Jasmin, Rose, Note verte, Muguet, Aqua-note ; Fond : Ambre, Musc, Bois de Santal, V\u00e9tiver<\/p>\n<p>P\u00e9tales chauds : bergamote, basilic, sauge sclar\u00e9e ; Milieu : camomille, jasmin ; Fond : Musc, Bois de C\u00e8dre, Ambre.<\/p>\n<h5>comment utiliser:<\/h5>\n<p>Appliquez une quantit\u00e9 appropri\u00e9e sur les cheveux et massez doucement.<br \/>-Rincez abondamment \u00e0 l\u2019eau ti\u00e8de.<\/p>\n<h5>ingr\u00e9dients:<\/h5>\n<p>Eau, dim\u00e9thicone, dipropyl\u00e8ne glycol, glyc\u00e9rine, copolym\u00e8re VP\/VA, polyacrylamide, PVP, dicaprylyl \u00e9ther, isoparaffine C13-14, copolym\u00e8re acrylates\/st\u00e9areth-20itaconate, isost\u00e9arate de sorbitan, Laureth-7, 1,2-hexanediol, caprylyl glycol, aminom\u00e9thyle Propanol, chlorure de laurylpyridinium, EDTA disodique, butyl\u00e8ne glycol, piroctone olamine, prot\u00e9ine de lait hydrolys\u00e9e, collag\u00e8ne hydrolys\u00e9, soie hydrolys\u00e9e, arginate d\u2019\u00e9thyle cocoyle PCA, acides amin\u00e9s de soie, \u00e9thylhexanediol, s\u00e9rine, tryptophane, acide aspartique, acide glutamique, leucine, alanine, Histidine, Arginine, Thr\u00e9onine, Glutamine, Ph\u00e9nylalanine, Valine, Proline, Cystine, M\u00e9thionine, Lysine, Asparagine, Taurine, Glycine, Tyrosine, Ornithine, Isoleucine, K\u00e9ratine hydrolys\u00e9e, Ethylhexylglyc\u00e9rine, Huile de noyau d\u2019Argania Spinosa, Huile de graines de Camellia Japonica, Huile de graines de tournesol , Cyst\u00e9ine, huile de fruit Olea Europaea (olive), huile de graines de Macadamia Integrifolia, prot\u00e9ine de ma\u00efs hydrolys\u00e9e, prot\u00e9ine de bl\u00e9 hydrolys\u00e9e, extrait de prot\u00e9ine de soja hydrolys\u00e9, parfum, hexyl cannelle, g\u00e9raniol, citronellol, limon\u00e8ne, alpha-isom\u00e9thyl ionone.<\/p>\n","protected":false},"excerpt":{"rendered":"<p>Description Le traitement Deep Damage EX d\u2019UNOVE repr\u00e9sente une r\u00e9volution dans la r\u00e9paration capillaire intensive. Cette formule experte d\u2019UNOVE concentre 30 000 ppm de k\u00e9ratine-PF et 31 types d\u2019acides amin\u00e9s pour une action r\u00e9g\u00e9n\u00e9rante puissante sur les cheveux les plus ab\u00eem\u00e9s. D\u00e9velopp\u00e9 par les chercheurs d\u2019UNOVE, ce soin professionnel associe 80% de k\u00e9ratine \u00e0 cinq [&hellip;]<\/p>\n","protected":false},"featured_media":5368,"comment_status":"open","ping_status":"closed","template":"","meta":{"content-type":"","_uag_custom_page_level_css":""},"pwb-brand":[],"product_brand":[],"product_cat":[377,446,334],"product_tag":[],"class_list":{"0":"post-5369","1":"product","2":"type-product","3":"status-publish","4":"has-post-thumbnail","6":"product_cat-cheveux","7":"product_cat-dr-forhair","8":"product_cat-produits-coreens","10":"first","11":"instock","12":"sale","13":"shipping-taxable","14":"purchasable","15":"product-type-simple"},"aioseo_notices":[],"uagb_featured_image_src":{"full":["https:\/\/wavexia.com\/wp-content\/uploads\/2025\/10\/uv002.jpg",800,800,false],"thumbnail":["https:\/\/wavexia.com\/wp-content\/uploads\/2025\/10\/uv002-150x150.jpg",150,150,true],"medium":["https:\/\/wavexia.com\/wp-content\/uploads\/2025\/10\/uv002-300x300.jpg",300,300,true],"medium_large":["https:\/\/wavexia.com\/wp-content\/uploads\/2025\/10\/uv002-768x768.jpg",768,768,true],"large":["https:\/\/wavexia.com\/wp-content\/uploads\/2025\/10\/uv002.jpg",800,800,false],"1536x1536":["https:\/\/wavexia.com\/wp-content\/uploads\/2025\/10\/uv002.jpg",800,800,false],"2048x2048":["https:\/\/wavexia.com\/wp-content\/uploads\/2025\/10\/uv002.jpg",800,800,false],"woocommerce_archive_thumbnail":["https:\/\/wavexia.com\/wp-content\/uploads\/2025\/10\/uv002-300x300.jpg",300,300,true],"woocommerce_thumbnail":["https:\/\/wavexia.com\/wp-content\/uploads\/2025\/10\/uv002-300x300.jpg",300,300,true],"woocommerce_single":["https:\/\/wavexia.com\/wp-content\/uploads\/2025\/10\/uv002-600x600.jpg",600,600,true],"woocommerce_gallery_thumbnail":["https:\/\/wavexia.com\/wp-content\/uploads\/2025\/10\/uv002-100x100.jpg",100,100,true]},"uagb_author_info":{"display_name":"zineddine.ayoub98@gmail.com","author_link":"https:\/\/wavexia.com\/?author=0"},"uagb_comment_info":0,"uagb_excerpt":"Description Le traitement Deep Damage EX d\u2019UNOVE repr\u00e9sente une r\u00e9volution dans la r\u00e9paration capillaire intensive. Cette formule experte d\u2019UNOVE concentre 30 000 ppm de k\u00e9ratine-PF et 31 types d\u2019acides amin\u00e9s pour une action r\u00e9g\u00e9n\u00e9rante puissante sur les cheveux les plus ab\u00eem\u00e9s. D\u00e9velopp\u00e9 par les chercheurs d\u2019UNOVE, ce soin professionnel associe 80% de k\u00e9ratine \u00e0 cinq&hellip;","brands":[],"_links":{"self":[{"href":"https:\/\/wavexia.com\/index.php?rest_route=\/wp\/v2\/product\/5369","targetHints":{"allow":["GET"]}}],"collection":[{"href":"https:\/\/wavexia.com\/index.php?rest_route=\/wp\/v2\/product"}],"about":[{"href":"https:\/\/wavexia.com\/index.php?rest_route=\/wp\/v2\/types\/product"}],"replies":[{"embeddable":true,"href":"https:\/\/wavexia.com\/index.php?rest_route=%2Fwp%2Fv2%2Fcomments&post=5369"}],"wp:featuredmedia":[{"embeddable":true,"href":"https:\/\/wavexia.com\/index.php?rest_route=\/wp\/v2\/media\/5368"}],"wp:attachment":[{"href":"https:\/\/wavexia.com\/index.php?rest_route=%2Fwp%2Fv2%2Fmedia&parent=5369"}],"wp:term":[{"taxonomy":"pwb-brand","embeddable":true,"href":"https:\/\/wavexia.com\/index.php?rest_route=%2Fwp%2Fv2%2Fpwb-brand&post=5369"},{"taxonomy":"product_brand","embeddable":true,"href":"https:\/\/wavexia.com\/index.php?rest_route=%2Fwp%2Fv2%2Fproduct_brand&post=5369"},{"taxonomy":"product_cat","embeddable":true,"href":"https:\/\/wavexia.com\/index.php?rest_route=%2Fwp%2Fv2%2Fproduct_cat&post=5369"},{"taxonomy":"product_tag","embeddable":true,"href":"https:\/\/wavexia.com\/index.php?rest_route=%2Fwp%2Fv2%2Fproduct_tag&post=5369"}],"curies":[{"name":"wp","href":"https:\/\/api.w.org\/{rel}","templated":true}]}}