{"id":5364,"date":"2025-10-19T09:19:20","date_gmt":"2025-10-19T09:19:20","guid":{"rendered":"https:\/\/wavexia.com\/product\/dr-forhair-shampoing-reparateur-en-profondeur-unove-500g\/"},"modified":"2026-03-10T07:31:09","modified_gmt":"2026-03-10T07:31:09","slug":"dr-forhair-shampoing-reparateur-en-profondeur-unove-500g","status":"publish","type":"product","link":"https:\/\/wavexia.com\/?product=dr-forhair-shampoing-reparateur-en-profondeur-unove-500g","title":{"rendered":"Dr. FORHAIR Shampoing r\u00e9parateur en profondeur UNOVE 500g"},"content":{"rendered":"<h2>Description<\/h2>\n<p>Shampooing r\u00e9parateur de dommages profonds qui commence par un suppl\u00e9ment d\u2019ampoule de prot\u00e9ines.<br \/>UNOVE, cr\u00e9\u00e9 par la marque mondiale de soins capillaires Dr.Forhair avec sa technologie, avec des chercheurs qui ne font aucun compromis sur l\u2019effet et la finition des cheveux ab\u00eem\u00e9s, s\u2019adaptant \u00e0 l\u2019essence du soin capillaire, en se concentrant sur l\u2019apport nutritionnel et la douceur, pour mettre en \u0153uvre une approche irr\u00e9aliste. une douceur qui n\u2019existait pas auparavant.<br \/>Ce produit apporte 100% de satisfaction en termes de douceur, de nettoyage et de parfum.<br \/>UNOVE Deep Damage Repair Shampoo est un produit ax\u00e9 sur la \u00ab douceur des cheveux \u00bb et le \u00ab nettoyage du cuir chevelu \u00bb qui a pass\u00e9 des tests d\u2019utilisation et d\u2019efficacit\u00e9 et a confirm\u00e9 d\u2019excellents r\u00e9sultats avec 100 % de satisfaction.<br \/>Confirm\u00e9 une r\u00e9duction de 67.7% de la s\u00e9cr\u00e9tion de s\u00e9bum avec une seule utilisation.<br \/>La mousse riche du shampooing en ampoules prot\u00e9in\u00e9es nettoie m\u00e9ticuleusement le cuir chevelu et les impuret\u00e9s, procurant un rafra\u00eechissement \u00e0 votre cuir chevelu toute la journ\u00e9e.<br \/>A termin\u00e9 le test de faible irritation et peut \u00eatre utilis\u00e9 en toute s\u00e9curit\u00e9 sur les cheveux sans irritation tous les jours.<br \/>Un d\u00e9licat et doux parfum de musc ambr\u00e9 se r\u00e9pand dans l\u2019air.<br \/>Le parfum signature d\u2019UNOVE m\u00e9lange un parfum d\u2019agrumes piquant avec des baies sucr\u00e9es et des fleurs d\u2019herbes romantiques, cr\u00e9ant une image sophistiqu\u00e9e et \u00e9l\u00e9gante.<br \/>La formule en ampoule riche en prot\u00e9ines fournit des nutriments au cuir chevelu et aux cheveux tout en nettoyant la peau et en \u00e9liminant les impuret\u00e9s.<\/p>\n<h5>comment utiliser:<\/h5>\n<p>Mouillez les cheveux et le cuir chevelu avec de l\u2019eau ti\u00e8de et appliquez 2 \u00e0 3 pompes de la formule puis frottez pour faire mousser. Apr\u00e8s avoir mass\u00e9 le cuir chevelu et les cheveux, rincez abondamment.<\/p>\n<h5>ingr\u00e9dients:<\/h5>\n<p>Eau, laureth sulfate de sodium, laurylsulfate d\u2019ammonium, cocamidopropyl b\u00e9ta\u00efne, dipropyl\u00e8ne glycol, \u00e9ther myristylique PPG-3, benzoate de sodium, polyquaternium-10, chlorure de sodium, caprylyl glycol, acide citrique, chlorure d\u2019hydroxypropyltrimonium de guar, ph\u00e9noxy\u00e9thanol, pent\u00e9tate pentasodique, carbonate de sodium, Prot\u00e9ines de lait hydrolys\u00e9es, collag\u00e8ne hydrolys\u00e9, butyl\u00e8ne glycol, 1,2-hexanediol, soie hydrolys\u00e9e, extrait de feuille de Mentha Piperita (menthe poivr\u00e9e), extrait de fleur de Chamomilla Recutita (Matricaria), extrait de feuille de Monarda Didyma, extrait de feuille de Rosmarinus Officinalis (romarin), Freesia Refracta Extrait, extrait de Lavandula Angustifolia (lavande), k\u00e9ratine hydrolys\u00e9e, \u00e9thylhexanediol, acides amin\u00e9s de soie, \u00e9thylhexylglyc\u00e9rine, huile de graines de Camellia Japonica, huile de fruit d\u2019Olea Europaea (olive), huile de noyau d\u2019Argania Spinosa, huile de graines de Macadamia Integrifolia, graine d\u2019Helianthus Annuus (tournesol) Huile, prot\u00e9ine de ma\u00efs hydrolys\u00e9e, prot\u00e9ine de soja hydrolys\u00e9e, prot\u00e9ine de bl\u00e9 hydrolys\u00e9e, leucine, taurine, isoleucine, valine, acide aspartique, ornithine, acide glutamique, glycine, glutamine, cystine, m\u00e9thionine, tyrosine, lysine, alanine, ph\u00e9nylalanine, s\u00e9rine, tryptophane, Thr\u00e9onine, Arginine, Histidine, Asparagine, Proline, Parfum, Citronellol, G\u00e9raniol, Hexyl Cinnamal, Limon\u00e8ne.<\/p>\n","protected":false},"excerpt":{"rendered":"<p>Description Shampooing r\u00e9parateur de dommages profonds qui commence par un suppl\u00e9ment d\u2019ampoule de prot\u00e9ines.UNOVE, cr\u00e9\u00e9 par la marque mondiale de soins capillaires Dr.Forhair avec sa technologie, avec des chercheurs qui ne font aucun compromis sur l\u2019effet et la finition des cheveux ab\u00eem\u00e9s, s\u2019adaptant \u00e0 l\u2019essence du soin capillaire, en se concentrant sur l\u2019apport nutritionnel et [&hellip;]<\/p>\n","protected":false},"featured_media":5363,"comment_status":"open","ping_status":"closed","template":"","meta":{"content-type":"","_uag_custom_page_level_css":""},"pwb-brand":[],"product_brand":[],"product_cat":[377,446],"product_tag":[],"class_list":{"0":"post-5364","1":"product","2":"type-product","3":"status-publish","4":"has-post-thumbnail","6":"product_cat-cheveux","7":"product_cat-dr-forhair","9":"first","10":"instock","11":"sale","12":"shipping-taxable","13":"purchasable","14":"product-type-simple"},"aioseo_notices":[],"uagb_featured_image_src":{"full":["https:\/\/wavexia.com\/wp-content\/uploads\/2025\/10\/UNOVE-Deep-Damage-Repair-Shampoo-Nudie-Glow-Australia_700x.webp",700,700,false],"thumbnail":["https:\/\/wavexia.com\/wp-content\/uploads\/2025\/10\/UNOVE-Deep-Damage-Repair-Shampoo-Nudie-Glow-Australia_700x-150x150.webp",150,150,true],"medium":["https:\/\/wavexia.com\/wp-content\/uploads\/2025\/10\/UNOVE-Deep-Damage-Repair-Shampoo-Nudie-Glow-Australia_700x-300x300.webp",300,300,true],"medium_large":["https:\/\/wavexia.com\/wp-content\/uploads\/2025\/10\/UNOVE-Deep-Damage-Repair-Shampoo-Nudie-Glow-Australia_700x.webp",700,700,false],"large":["https:\/\/wavexia.com\/wp-content\/uploads\/2025\/10\/UNOVE-Deep-Damage-Repair-Shampoo-Nudie-Glow-Australia_700x.webp",700,700,false],"1536x1536":["https:\/\/wavexia.com\/wp-content\/uploads\/2025\/10\/UNOVE-Deep-Damage-Repair-Shampoo-Nudie-Glow-Australia_700x.webp",700,700,false],"2048x2048":["https:\/\/wavexia.com\/wp-content\/uploads\/2025\/10\/UNOVE-Deep-Damage-Repair-Shampoo-Nudie-Glow-Australia_700x.webp",700,700,false],"woocommerce_archive_thumbnail":["https:\/\/wavexia.com\/wp-content\/uploads\/2025\/10\/UNOVE-Deep-Damage-Repair-Shampoo-Nudie-Glow-Australia_700x-300x300.webp",300,300,true],"woocommerce_thumbnail":["https:\/\/wavexia.com\/wp-content\/uploads\/2025\/10\/UNOVE-Deep-Damage-Repair-Shampoo-Nudie-Glow-Australia_700x-300x300.webp",300,300,true],"woocommerce_single":["https:\/\/wavexia.com\/wp-content\/uploads\/2025\/10\/UNOVE-Deep-Damage-Repair-Shampoo-Nudie-Glow-Australia_700x-600x600.webp",600,600,true],"woocommerce_gallery_thumbnail":["https:\/\/wavexia.com\/wp-content\/uploads\/2025\/10\/UNOVE-Deep-Damage-Repair-Shampoo-Nudie-Glow-Australia_700x-100x100.webp",100,100,true]},"uagb_author_info":{"display_name":"zineddine.ayoub98@gmail.com","author_link":"https:\/\/wavexia.com\/?author=0"},"uagb_comment_info":0,"uagb_excerpt":"Description Shampooing r\u00e9parateur de dommages profonds qui commence par un suppl\u00e9ment d\u2019ampoule de prot\u00e9ines.UNOVE, cr\u00e9\u00e9 par la marque mondiale de soins capillaires Dr.Forhair avec sa technologie, avec des chercheurs qui ne font aucun compromis sur l\u2019effet et la finition des cheveux ab\u00eem\u00e9s, s\u2019adaptant \u00e0 l\u2019essence du soin capillaire, en se concentrant sur l\u2019apport nutritionnel et&hellip;","brands":[],"_links":{"self":[{"href":"https:\/\/wavexia.com\/index.php?rest_route=\/wp\/v2\/product\/5364","targetHints":{"allow":["GET"]}}],"collection":[{"href":"https:\/\/wavexia.com\/index.php?rest_route=\/wp\/v2\/product"}],"about":[{"href":"https:\/\/wavexia.com\/index.php?rest_route=\/wp\/v2\/types\/product"}],"replies":[{"embeddable":true,"href":"https:\/\/wavexia.com\/index.php?rest_route=%2Fwp%2Fv2%2Fcomments&post=5364"}],"wp:featuredmedia":[{"embeddable":true,"href":"https:\/\/wavexia.com\/index.php?rest_route=\/wp\/v2\/media\/5363"}],"wp:attachment":[{"href":"https:\/\/wavexia.com\/index.php?rest_route=%2Fwp%2Fv2%2Fmedia&parent=5364"}],"wp:term":[{"taxonomy":"pwb-brand","embeddable":true,"href":"https:\/\/wavexia.com\/index.php?rest_route=%2Fwp%2Fv2%2Fpwb-brand&post=5364"},{"taxonomy":"product_brand","embeddable":true,"href":"https:\/\/wavexia.com\/index.php?rest_route=%2Fwp%2Fv2%2Fproduct_brand&post=5364"},{"taxonomy":"product_cat","embeddable":true,"href":"https:\/\/wavexia.com\/index.php?rest_route=%2Fwp%2Fv2%2Fproduct_cat&post=5364"},{"taxonomy":"product_tag","embeddable":true,"href":"https:\/\/wavexia.com\/index.php?rest_route=%2Fwp%2Fv2%2Fproduct_tag&post=5364"}],"curies":[{"name":"wp","href":"https:\/\/api.w.org\/{rel}","templated":true}]}}