{"id":5359,"date":"2025-10-19T09:19:18","date_gmt":"2025-10-19T09:19:18","guid":{"rendered":"https:\/\/wavexia.com\/product\/numbuzin-no-3-skin-softening-serum-50ml\/"},"modified":"2026-03-10T07:31:09","modified_gmt":"2026-03-10T07:31:09","slug":"numbuzin-no-3-skin-softening-serum-50ml","status":"publish","type":"product","link":"https:\/\/wavexia.com\/?product=numbuzin-no-3-skin-softening-serum-50ml","title":{"rendered":"NUMBUZIN No.3 Skin Softening Serum 50ml"},"content":{"rendered":"<h2>Description<\/h2>\n<p>Le No.3 Skin Softening Serum Numbuzin est un puissant s\u00e9rum r\u00e9parateur qui a \u00e9t\u00e9 sp\u00e9cialement formul\u00e9 pour t\u2019aider \u00e0 obtenir une peau radieuse et d\u2019apparence plus jeune. Ce produit extraordinaire se targue d\u2019inclure du Galactomyces Bifida, un ingr\u00e9dient sp\u00e9cial qui s\u2019est r\u00e9v\u00e9l\u00e9 capable d\u2019hydrater efficacement la peau, de stimuler son \u00e9lasticit\u00e9 et de r\u00e9duire l\u2019apparence des rides. Gr\u00e2ce \u00e0 sa formule l\u00e9g\u00e8re, ce s\u00e9rum nourrit et hydrate la peau en profondeur, la laissant douce et souple. Il en r\u00e9sulte un teint uniforme et d\u2019apparence saine qui resplendit de vitalit\u00e9 et de jeunesse. Que tu sois aux prises avec la s\u00e9cheresse, un teint in\u00e9gal ou les signes de l\u2019\u00e2ge, le No.3 Skin Softening Serum Numbuzin est con\u00e7u pour t\u2019aider \u00e0 obtenir la peau radieuse et pleine de jeunesse que tu m\u00e9rites.<\/p>\n<h5>conseils d\u2019utilisation:<\/h5>\n<ul>\n<li>Apr\u00e8s le nettoyage, pr\u00e9pare ta peau avec un tonique.<\/li>\n<li>Distribue une quantit\u00e9 appropri\u00e9e de produit et applique-le sur ton visage de fa\u00e7on uniforme.<\/li>\n<\/ul>\n<h5>ingr\u00e9dients:<\/h5>\n<p>Lysat de ferment de bifida (42 %), filtrat de ferment de Galactomyces (21 %), butyl\u00e8ne glycol, m\u00e9thyle gluceth-20, eau purifi\u00e9e, niacinamide, PEG-90, 1, 2-hexanediol, glyc\u00e9rine, squalane, extrait de ferment d\u2019Alteromonas, extrait de soie, extrait de lait de ch\u00e8vre, hyaluronate de sodium, panth\u00e9nol, ad\u00e9nosine, glyc\u00e9reth-26, gomme de xanthane, dist\u00e9arate de polyglyc\u00e9ryl-3, st\u00e9arate de glyc\u00e9ryle SE, citrate de st\u00e9arate de glyc\u00e9ryle, dist\u00e9arate de m\u00e9thylglucose polyglyc\u00e9ryl-3, carbom\u00e8re, trom\u00e9thamine, \u00e9thylhexylglyc\u00e9rine, caprylyl glycol, tropolone, EDTA.<\/p>\n","protected":false},"excerpt":{"rendered":"<p>Description Le No.3 Skin Softening Serum Numbuzin est un puissant s\u00e9rum r\u00e9parateur qui a \u00e9t\u00e9 sp\u00e9cialement formul\u00e9 pour t\u2019aider \u00e0 obtenir une peau radieuse et d\u2019apparence plus jeune. Ce produit extraordinaire se targue d\u2019inclure du Galactomyces Bifida, un ingr\u00e9dient sp\u00e9cial qui s\u2019est r\u00e9v\u00e9l\u00e9 capable d\u2019hydrater efficacement la peau, de stimuler son \u00e9lasticit\u00e9 et de r\u00e9duire [&hellip;]<\/p>\n","protected":false},"featured_media":5358,"comment_status":"open","ping_status":"closed","template":"","meta":{"content-type":"","_uag_custom_page_level_css":""},"pwb-brand":[],"product_brand":[],"product_cat":[328,346,334,338],"product_tag":[],"class_list":{"0":"post-5359","1":"product","2":"type-product","3":"status-publish","4":"has-post-thumbnail","6":"product_cat-nouveautes","7":"product_cat-numbuzin","8":"product_cat-produits-coreens","9":"product_cat-serum-ampoule","11":"first","12":"instock","13":"sale","14":"shipping-taxable","15":"purchasable","16":"product-type-simple"},"aioseo_notices":[],"uagb_featured_image_src":{"full":["https:\/\/wavexia.com\/wp-content\/uploads\/2025\/10\/51x5Pud999L._SL1500_.jpg",1500,1500,false],"thumbnail":["https:\/\/wavexia.com\/wp-content\/uploads\/2025\/10\/51x5Pud999L._SL1500_-150x150.jpg",150,150,true],"medium":["https:\/\/wavexia.com\/wp-content\/uploads\/2025\/10\/51x5Pud999L._SL1500_-300x300.jpg",300,300,true],"medium_large":["https:\/\/wavexia.com\/wp-content\/uploads\/2025\/10\/51x5Pud999L._SL1500_-768x768.jpg",768,768,true],"large":["https:\/\/wavexia.com\/wp-content\/uploads\/2025\/10\/51x5Pud999L._SL1500_-1024x1024.jpg",1024,1024,true],"1536x1536":["https:\/\/wavexia.com\/wp-content\/uploads\/2025\/10\/51x5Pud999L._SL1500_.jpg",1500,1500,false],"2048x2048":["https:\/\/wavexia.com\/wp-content\/uploads\/2025\/10\/51x5Pud999L._SL1500_.jpg",1500,1500,false],"woocommerce_archive_thumbnail":["https:\/\/wavexia.com\/wp-content\/uploads\/2025\/10\/51x5Pud999L._SL1500_-300x300.jpg",300,300,true],"woocommerce_thumbnail":["https:\/\/wavexia.com\/wp-content\/uploads\/2025\/10\/51x5Pud999L._SL1500_-300x300.jpg",300,300,true],"woocommerce_single":["https:\/\/wavexia.com\/wp-content\/uploads\/2025\/10\/51x5Pud999L._SL1500_-600x600.jpg",600,600,true],"woocommerce_gallery_thumbnail":["https:\/\/wavexia.com\/wp-content\/uploads\/2025\/10\/51x5Pud999L._SL1500_-100x100.jpg",100,100,true]},"uagb_author_info":{"display_name":"zineddine.ayoub98@gmail.com","author_link":"https:\/\/wavexia.com\/?author=0"},"uagb_comment_info":0,"uagb_excerpt":"Description Le No.3 Skin Softening Serum Numbuzin est un puissant s\u00e9rum r\u00e9parateur qui a \u00e9t\u00e9 sp\u00e9cialement formul\u00e9 pour t\u2019aider \u00e0 obtenir une peau radieuse et d\u2019apparence plus jeune. Ce produit extraordinaire se targue d\u2019inclure du Galactomyces Bifida, un ingr\u00e9dient sp\u00e9cial qui s\u2019est r\u00e9v\u00e9l\u00e9 capable d\u2019hydrater efficacement la peau, de stimuler son \u00e9lasticit\u00e9 et de r\u00e9duire&hellip;","brands":[],"_links":{"self":[{"href":"https:\/\/wavexia.com\/index.php?rest_route=\/wp\/v2\/product\/5359","targetHints":{"allow":["GET"]}}],"collection":[{"href":"https:\/\/wavexia.com\/index.php?rest_route=\/wp\/v2\/product"}],"about":[{"href":"https:\/\/wavexia.com\/index.php?rest_route=\/wp\/v2\/types\/product"}],"replies":[{"embeddable":true,"href":"https:\/\/wavexia.com\/index.php?rest_route=%2Fwp%2Fv2%2Fcomments&post=5359"}],"wp:featuredmedia":[{"embeddable":true,"href":"https:\/\/wavexia.com\/index.php?rest_route=\/wp\/v2\/media\/5358"}],"wp:attachment":[{"href":"https:\/\/wavexia.com\/index.php?rest_route=%2Fwp%2Fv2%2Fmedia&parent=5359"}],"wp:term":[{"taxonomy":"pwb-brand","embeddable":true,"href":"https:\/\/wavexia.com\/index.php?rest_route=%2Fwp%2Fv2%2Fpwb-brand&post=5359"},{"taxonomy":"product_brand","embeddable":true,"href":"https:\/\/wavexia.com\/index.php?rest_route=%2Fwp%2Fv2%2Fproduct_brand&post=5359"},{"taxonomy":"product_cat","embeddable":true,"href":"https:\/\/wavexia.com\/index.php?rest_route=%2Fwp%2Fv2%2Fproduct_cat&post=5359"},{"taxonomy":"product_tag","embeddable":true,"href":"https:\/\/wavexia.com\/index.php?rest_route=%2Fwp%2Fv2%2Fproduct_tag&post=5359"}],"curies":[{"name":"wp","href":"https:\/\/api.w.org\/{rel}","templated":true}]}}