{"id":5344,"date":"2025-10-19T09:19:09","date_gmt":"2025-10-19T09:19:09","guid":{"rendered":"https:\/\/wavexia.com\/product\/the-ordinary-niacinamide-5-face-and-body-emulsion-100ml\/"},"modified":"2026-03-10T07:31:09","modified_gmt":"2026-03-10T07:31:09","slug":"the-ordinary-niacinamide-5-face-and-body-emulsion-100ml","status":"publish","type":"product","link":"https:\/\/wavexia.com\/?product=the-ordinary-niacinamide-5-face-and-body-emulsion-100ml","title":{"rendered":"THE ORDINARY \u2013 Niacinamide 5% Face and Body Emulsion \u2013 100ml"},"content":{"rendered":"<h2>Description<\/h2>\n<p>L\u2019\u00e9mulsion visage et corps \u00e0 la niacinamide 5 % de The Ordinary aide \u00e0 unifier l\u2019apparence du teint et \u00e0 lisser visiblement la texture de la peau sur le visage, le cou, la poitrine et les bras. Adapt\u00e9e \u00e0 tous les types et \u00e0 toutes les carnations, y compris les peaux sensibles, la formule est id\u00e9ale pour les taches brunes, la pigmentation ind\u00e9sirable et les irr\u00e9gularit\u00e9s de texture.<\/p>\n<p>Formul\u00e9e \u00e0 5 % de niacinamide, la formule \u00e0 la texture \u00e9mulsionn\u00e9e hydrate et nourrit la barri\u00e8re cutan\u00e9e tout en \u00e9claircissant. La formule tout-en-un pour le visage et le corps aide \u00e0 r\u00e9duire l\u2019apparence de la pigmentation gr\u00e2ce \u00e0 une utilisation r\u00e9guli\u00e8re.<\/p>\n","protected":false},"excerpt":{"rendered":"<p>Description L\u2019\u00e9mulsion visage et corps \u00e0 la niacinamide 5 % de The Ordinary aide \u00e0 unifier l\u2019apparence du teint et \u00e0 lisser visiblement la texture de la peau sur le visage, le cou, la poitrine et les bras. Adapt\u00e9e \u00e0 tous les types et \u00e0 toutes les carnations, y compris les peaux sensibles, la formule [&hellip;]<\/p>\n","protected":false},"featured_media":5343,"comment_status":"open","ping_status":"closed","template":"","meta":{"content-type":"","_uag_custom_page_level_css":""},"pwb-brand":[],"product_brand":[],"product_cat":[329,338,356],"product_tag":[],"class_list":{"0":"post-5344","1":"product","2":"type-product","3":"status-publish","4":"has-post-thumbnail","6":"product_cat-produits-americains","7":"product_cat-serum-ampoule","8":"product_cat-the-ordinary","10":"first","11":"instock","12":"sale","13":"shipping-taxable","14":"purchasable","15":"product-type-simple"},"aioseo_notices":[],"uagb_featured_image_src":{"full":["https:\/\/wavexia.com\/wp-content\/uploads\/2025\/10\/15417537-2415170614689724.webp",960,960,false],"thumbnail":["https:\/\/wavexia.com\/wp-content\/uploads\/2025\/10\/15417537-2415170614689724-150x150.webp",150,150,true],"medium":["https:\/\/wavexia.com\/wp-content\/uploads\/2025\/10\/15417537-2415170614689724-300x300.webp",300,300,true],"medium_large":["https:\/\/wavexia.com\/wp-content\/uploads\/2025\/10\/15417537-2415170614689724-768x768.webp",768,768,true],"large":["https:\/\/wavexia.com\/wp-content\/uploads\/2025\/10\/15417537-2415170614689724.webp",960,960,false],"1536x1536":["https:\/\/wavexia.com\/wp-content\/uploads\/2025\/10\/15417537-2415170614689724.webp",960,960,false],"2048x2048":["https:\/\/wavexia.com\/wp-content\/uploads\/2025\/10\/15417537-2415170614689724.webp",960,960,false],"woocommerce_archive_thumbnail":["https:\/\/wavexia.com\/wp-content\/uploads\/2025\/10\/15417537-2415170614689724-300x300.webp",300,300,true],"woocommerce_thumbnail":["https:\/\/wavexia.com\/wp-content\/uploads\/2025\/10\/15417537-2415170614689724-300x300.webp",300,300,true],"woocommerce_single":["https:\/\/wavexia.com\/wp-content\/uploads\/2025\/10\/15417537-2415170614689724-600x600.webp",600,600,true],"woocommerce_gallery_thumbnail":["https:\/\/wavexia.com\/wp-content\/uploads\/2025\/10\/15417537-2415170614689724-100x100.webp",100,100,true]},"uagb_author_info":{"display_name":"zineddine.ayoub98@gmail.com","author_link":"https:\/\/wavexia.com\/?author=0"},"uagb_comment_info":0,"uagb_excerpt":"Description L\u2019\u00e9mulsion visage et corps \u00e0 la niacinamide 5 % de The Ordinary aide \u00e0 unifier l\u2019apparence du teint et \u00e0 lisser visiblement la texture de la peau sur le visage, le cou, la poitrine et les bras. Adapt\u00e9e \u00e0 tous les types et \u00e0 toutes les carnations, y compris les peaux sensibles, la formule&hellip;","brands":[],"_links":{"self":[{"href":"https:\/\/wavexia.com\/index.php?rest_route=\/wp\/v2\/product\/5344","targetHints":{"allow":["GET"]}}],"collection":[{"href":"https:\/\/wavexia.com\/index.php?rest_route=\/wp\/v2\/product"}],"about":[{"href":"https:\/\/wavexia.com\/index.php?rest_route=\/wp\/v2\/types\/product"}],"replies":[{"embeddable":true,"href":"https:\/\/wavexia.com\/index.php?rest_route=%2Fwp%2Fv2%2Fcomments&post=5344"}],"wp:featuredmedia":[{"embeddable":true,"href":"https:\/\/wavexia.com\/index.php?rest_route=\/wp\/v2\/media\/5343"}],"wp:attachment":[{"href":"https:\/\/wavexia.com\/index.php?rest_route=%2Fwp%2Fv2%2Fmedia&parent=5344"}],"wp:term":[{"taxonomy":"pwb-brand","embeddable":true,"href":"https:\/\/wavexia.com\/index.php?rest_route=%2Fwp%2Fv2%2Fpwb-brand&post=5344"},{"taxonomy":"product_brand","embeddable":true,"href":"https:\/\/wavexia.com\/index.php?rest_route=%2Fwp%2Fv2%2Fproduct_brand&post=5344"},{"taxonomy":"product_cat","embeddable":true,"href":"https:\/\/wavexia.com\/index.php?rest_route=%2Fwp%2Fv2%2Fproduct_cat&post=5344"},{"taxonomy":"product_tag","embeddable":true,"href":"https:\/\/wavexia.com\/index.php?rest_route=%2Fwp%2Fv2%2Fproduct_tag&post=5344"}],"curies":[{"name":"wp","href":"https:\/\/api.w.org\/{rel}","templated":true}]}}