{"id":5340,"date":"2025-10-19T09:19:04","date_gmt":"2025-10-19T09:19:04","guid":{"rendered":"https:\/\/wavexia.com\/product\/the-ordinary-glycolic-acid-7-exfoliating-toner-240ml\/"},"modified":"2026-03-10T07:31:09","modified_gmt":"2026-03-10T07:31:09","slug":"the-ordinary-glycolic-acid-7-exfoliating-toner-240ml","status":"publish","type":"product","link":"https:\/\/wavexia.com\/?product=the-ordinary-glycolic-acid-7-exfoliating-toner-240ml","title":{"rendered":"The Ordinary Glycolic Acid 7% Exfoliating Toner \u2013 240ml"},"content":{"rendered":"<h2>Description<\/h2>\n<p><strong>Type de peau :<\/strong>&nbsp;Normale, s\u00e8che, mixte et grasse<\/p>\n<p><strong>Probl\u00e8mes de peau :<\/strong>&nbsp;Teint terne et texture in\u00e9gale<\/p>\n<p><strong>Ingr\u00e9dients vedettes :<\/strong><\/p>\n<p>\u2013 Acide glycolique : Un acide alpha-hydroxyl\u00e9 qui exfolie la peau.<\/p>\n<p>\u2013 D\u00e9riv\u00e9 de poivre de Tasmanie : Aide \u00e0 r\u00e9duire l\u2019irritation associ\u00e9e \u00e0 l\u2019utilisation d\u2019acide.<\/p>\n<p>\u2013 Racine de ginseng et Aloe Vera : Offrent \u00e0 la fois un \u00e9clat visible et des bienfaits apaisants.<\/p>\n<p><strong>Informations ingr\u00e9dients :<\/strong>&nbsp;Sans parab\u00e8nes, formald\u00e9hydes, phtalates, huile min\u00e9rale, oxybenzone, goudron de houille et sulfates SLS et SLES. Il est \u00e9galement v\u00e9g\u00e9talien, sans gluten et sans cruaut\u00e9.<\/p>\n<p><strong>Ce que vous devez aussi savoir :<\/strong>&nbsp;Astuce : Aide \u00e9galement \u00e0 fournir un cuir chevelu d\u2019apparence plus saine en r\u00e9duisant consid\u00e9rablement la s\u00e9cheresse tout en hydratant la peau du cuir chevelu.<\/p>\n<p><strong>R\u00e9sultats de la recherche :<\/strong><\/p>\n<p>Apr\u00e8s 2 semaines : -Augmente la luminosit\u00e9 de la peau -Unifie l\u2019apparence du teint de la peau -Lisse la texture -R\u00e9duit la s\u00e9cheresse du cuir chevelu<\/p>\n","protected":false},"excerpt":{"rendered":"<p>Description Type de peau :&nbsp;Normale, s\u00e8che, mixte et grasse Probl\u00e8mes de peau :&nbsp;Teint terne et texture in\u00e9gale Ingr\u00e9dients vedettes : \u2013 Acide glycolique : Un acide alpha-hydroxyl\u00e9 qui exfolie la peau. \u2013 D\u00e9riv\u00e9 de poivre de Tasmanie : Aide \u00e0 r\u00e9duire l\u2019irritation associ\u00e9e \u00e0 l\u2019utilisation d\u2019acide. \u2013 Racine de ginseng et Aloe Vera : Offrent [&hellip;]<\/p>\n","protected":false},"featured_media":5339,"comment_status":"open","ping_status":"closed","template":"","meta":{"content-type":"","_uag_custom_page_level_css":""},"pwb-brand":[],"product_brand":[],"product_cat":[322,327,339,329,356,345],"product_tag":[],"class_list":{"0":"post-5340","1":"product","2":"type-product","3":"status-publish","4":"has-post-thumbnail","6":"product_cat-corps-bain","7":"product_cat-hmizat","8":"product_cat-meilleures-ventes","9":"product_cat-produits-americains","10":"product_cat-the-ordinary","11":"product_cat-toner-pads","13":"first","14":"instock","15":"sale","16":"shipping-taxable","17":"purchasable","18":"product-type-simple"},"aioseo_notices":[],"uagb_featured_image_src":{"full":["https:\/\/wavexia.com\/wp-content\/uploads\/2025\/10\/74028_xlarge_1.webp",1000,1000,false],"thumbnail":["https:\/\/wavexia.com\/wp-content\/uploads\/2025\/10\/74028_xlarge_1-150x150.webp",150,150,true],"medium":["https:\/\/wavexia.com\/wp-content\/uploads\/2025\/10\/74028_xlarge_1-300x300.webp",300,300,true],"medium_large":["https:\/\/wavexia.com\/wp-content\/uploads\/2025\/10\/74028_xlarge_1-768x768.webp",768,768,true],"large":["https:\/\/wavexia.com\/wp-content\/uploads\/2025\/10\/74028_xlarge_1.webp",1000,1000,false],"1536x1536":["https:\/\/wavexia.com\/wp-content\/uploads\/2025\/10\/74028_xlarge_1.webp",1000,1000,false],"2048x2048":["https:\/\/wavexia.com\/wp-content\/uploads\/2025\/10\/74028_xlarge_1.webp",1000,1000,false],"woocommerce_archive_thumbnail":["https:\/\/wavexia.com\/wp-content\/uploads\/2025\/10\/74028_xlarge_1-300x300.webp",300,300,true],"woocommerce_thumbnail":["https:\/\/wavexia.com\/wp-content\/uploads\/2025\/10\/74028_xlarge_1-300x300.webp",300,300,true],"woocommerce_single":["https:\/\/wavexia.com\/wp-content\/uploads\/2025\/10\/74028_xlarge_1-600x600.webp",600,600,true],"woocommerce_gallery_thumbnail":["https:\/\/wavexia.com\/wp-content\/uploads\/2025\/10\/74028_xlarge_1-100x100.webp",100,100,true]},"uagb_author_info":{"display_name":"zineddine.ayoub98@gmail.com","author_link":"https:\/\/wavexia.com\/?author=0"},"uagb_comment_info":0,"uagb_excerpt":"Description Type de peau :&nbsp;Normale, s\u00e8che, mixte et grasse Probl\u00e8mes de peau :&nbsp;Teint terne et texture in\u00e9gale Ingr\u00e9dients vedettes : \u2013 Acide glycolique : Un acide alpha-hydroxyl\u00e9 qui exfolie la peau. \u2013 D\u00e9riv\u00e9 de poivre de Tasmanie : Aide \u00e0 r\u00e9duire l\u2019irritation associ\u00e9e \u00e0 l\u2019utilisation d\u2019acide. \u2013 Racine de ginseng et Aloe Vera : Offrent&hellip;","brands":[],"_links":{"self":[{"href":"https:\/\/wavexia.com\/index.php?rest_route=\/wp\/v2\/product\/5340","targetHints":{"allow":["GET"]}}],"collection":[{"href":"https:\/\/wavexia.com\/index.php?rest_route=\/wp\/v2\/product"}],"about":[{"href":"https:\/\/wavexia.com\/index.php?rest_route=\/wp\/v2\/types\/product"}],"replies":[{"embeddable":true,"href":"https:\/\/wavexia.com\/index.php?rest_route=%2Fwp%2Fv2%2Fcomments&post=5340"}],"wp:featuredmedia":[{"embeddable":true,"href":"https:\/\/wavexia.com\/index.php?rest_route=\/wp\/v2\/media\/5339"}],"wp:attachment":[{"href":"https:\/\/wavexia.com\/index.php?rest_route=%2Fwp%2Fv2%2Fmedia&parent=5340"}],"wp:term":[{"taxonomy":"pwb-brand","embeddable":true,"href":"https:\/\/wavexia.com\/index.php?rest_route=%2Fwp%2Fv2%2Fpwb-brand&post=5340"},{"taxonomy":"product_brand","embeddable":true,"href":"https:\/\/wavexia.com\/index.php?rest_route=%2Fwp%2Fv2%2Fproduct_brand&post=5340"},{"taxonomy":"product_cat","embeddable":true,"href":"https:\/\/wavexia.com\/index.php?rest_route=%2Fwp%2Fv2%2Fproduct_cat&post=5340"},{"taxonomy":"product_tag","embeddable":true,"href":"https:\/\/wavexia.com\/index.php?rest_route=%2Fwp%2Fv2%2Fproduct_tag&post=5340"}],"curies":[{"name":"wp","href":"https:\/\/api.w.org\/{rel}","templated":true}]}}