{"id":5338,"date":"2025-10-19T09:19:03","date_gmt":"2025-10-19T09:19:03","guid":{"rendered":"https:\/\/wavexia.com\/product\/the-ordinary-ascorbyl-glucoside-solution-12-30ml\/"},"modified":"2026-03-10T07:31:09","modified_gmt":"2026-03-10T07:31:09","slug":"the-ordinary-ascorbyl-glucoside-solution-12-30ml","status":"publish","type":"product","link":"https:\/\/wavexia.com\/?product=the-ordinary-ascorbyl-glucoside-solution-12-30ml","title":{"rendered":"The Ordinary Ascorbyl Glucoside Solution 12% \u2013 30ml"},"content":{"rendered":"<h2>Description<\/h2>\n<p><strong>Type de peau :&nbsp;<\/strong>Normale, s\u00e8che, mixte et grasse<\/p>\n<p><strong>Probl\u00e8mes de peau :&nbsp;<\/strong>Taches brunes et rides et ridules<\/p>\n<p><strong>Formulation :&nbsp;<\/strong>S\u00e9rum<\/p>\n<p>l\u00e9ger&nbsp;<strong>Ingr\u00e9dients mis en \u00e9vidence :<\/strong><br \/>\u2013 Ascorbyl Glucoside : Offre des bienfaits \u00e9claircissants am\u00e9lior\u00e9s.<\/p>\n<p><strong>Informations ingr\u00e9dients :&nbsp;<\/strong>Sans sulfates SLS et SLES, parab\u00e8nes, formald\u00e9hydes, agents lib\u00e9rant des formald\u00e9hydes, phtalates, huile min\u00e9rale, palmitate de r\u00e9tinyle, oxybenzone, goudron de houille, hydroquinone, triclosan et triclocarban, et contient moins d\u2019un pour cent de parfums synth\u00e9tiques. Ce produit est \u00e9galement v\u00e9g\u00e9talien, sans cruaut\u00e9 et sans gluten.<\/p>\n","protected":false},"excerpt":{"rendered":"<p>Description Type de peau :&nbsp;Normale, s\u00e8che, mixte et grasse Probl\u00e8mes de peau :&nbsp;Taches brunes et rides et ridules Formulation :&nbsp;S\u00e9rum l\u00e9ger&nbsp;Ingr\u00e9dients mis en \u00e9vidence :\u2013 Ascorbyl Glucoside : Offre des bienfaits \u00e9claircissants am\u00e9lior\u00e9s. Informations ingr\u00e9dients :&nbsp;Sans sulfates SLS et SLES, parab\u00e8nes, formald\u00e9hydes, agents lib\u00e9rant des formald\u00e9hydes, phtalates, huile min\u00e9rale, palmitate de r\u00e9tinyle, oxybenzone, goudron de [&hellip;]<\/p>\n","protected":false},"featured_media":5337,"comment_status":"open","ping_status":"closed","template":"","meta":{"content-type":"","_uag_custom_page_level_css":""},"pwb-brand":[],"product_brand":[],"product_cat":[329,338,356],"product_tag":[],"class_list":{"0":"post-5338","1":"product","2":"type-product","3":"status-publish","4":"has-post-thumbnail","6":"product_cat-produits-americains","7":"product_cat-serum-ampoule","8":"product_cat-the-ordinary","10":"first","11":"instock","12":"shipping-taxable","13":"purchasable","14":"product-type-simple"},"aioseo_notices":[],"uagb_featured_image_src":{"full":["https:\/\/wavexia.com\/wp-content\/uploads\/2025\/10\/548885_swatch.webp",585,585,false],"thumbnail":["https:\/\/wavexia.com\/wp-content\/uploads\/2025\/10\/548885_swatch-150x150.webp",150,150,true],"medium":["https:\/\/wavexia.com\/wp-content\/uploads\/2025\/10\/548885_swatch-300x300.webp",300,300,true],"medium_large":["https:\/\/wavexia.com\/wp-content\/uploads\/2025\/10\/548885_swatch.webp",585,585,false],"large":["https:\/\/wavexia.com\/wp-content\/uploads\/2025\/10\/548885_swatch.webp",585,585,false],"1536x1536":["https:\/\/wavexia.com\/wp-content\/uploads\/2025\/10\/548885_swatch.webp",585,585,false],"2048x2048":["https:\/\/wavexia.com\/wp-content\/uploads\/2025\/10\/548885_swatch.webp",585,585,false],"woocommerce_archive_thumbnail":["https:\/\/wavexia.com\/wp-content\/uploads\/2025\/10\/548885_swatch-300x300.webp",300,300,true],"woocommerce_thumbnail":["https:\/\/wavexia.com\/wp-content\/uploads\/2025\/10\/548885_swatch-300x300.webp",300,300,true],"woocommerce_single":["https:\/\/wavexia.com\/wp-content\/uploads\/2025\/10\/548885_swatch.webp",585,585,false],"woocommerce_gallery_thumbnail":["https:\/\/wavexia.com\/wp-content\/uploads\/2025\/10\/548885_swatch-100x100.webp",100,100,true]},"uagb_author_info":{"display_name":"zineddine.ayoub98@gmail.com","author_link":"https:\/\/wavexia.com\/?author=0"},"uagb_comment_info":0,"uagb_excerpt":"Description Type de peau :&nbsp;Normale, s\u00e8che, mixte et grasse Probl\u00e8mes de peau :&nbsp;Taches brunes et rides et ridules Formulation :&nbsp;S\u00e9rum l\u00e9ger&nbsp;Ingr\u00e9dients mis en \u00e9vidence :\u2013 Ascorbyl Glucoside : Offre des bienfaits \u00e9claircissants am\u00e9lior\u00e9s. Informations ingr\u00e9dients :&nbsp;Sans sulfates SLS et SLES, parab\u00e8nes, formald\u00e9hydes, agents lib\u00e9rant des formald\u00e9hydes, phtalates, huile min\u00e9rale, palmitate de r\u00e9tinyle, oxybenzone, goudron de&hellip;","brands":[],"_links":{"self":[{"href":"https:\/\/wavexia.com\/index.php?rest_route=\/wp\/v2\/product\/5338","targetHints":{"allow":["GET"]}}],"collection":[{"href":"https:\/\/wavexia.com\/index.php?rest_route=\/wp\/v2\/product"}],"about":[{"href":"https:\/\/wavexia.com\/index.php?rest_route=\/wp\/v2\/types\/product"}],"replies":[{"embeddable":true,"href":"https:\/\/wavexia.com\/index.php?rest_route=%2Fwp%2Fv2%2Fcomments&post=5338"}],"wp:featuredmedia":[{"embeddable":true,"href":"https:\/\/wavexia.com\/index.php?rest_route=\/wp\/v2\/media\/5337"}],"wp:attachment":[{"href":"https:\/\/wavexia.com\/index.php?rest_route=%2Fwp%2Fv2%2Fmedia&parent=5338"}],"wp:term":[{"taxonomy":"pwb-brand","embeddable":true,"href":"https:\/\/wavexia.com\/index.php?rest_route=%2Fwp%2Fv2%2Fpwb-brand&post=5338"},{"taxonomy":"product_brand","embeddable":true,"href":"https:\/\/wavexia.com\/index.php?rest_route=%2Fwp%2Fv2%2Fproduct_brand&post=5338"},{"taxonomy":"product_cat","embeddable":true,"href":"https:\/\/wavexia.com\/index.php?rest_route=%2Fwp%2Fv2%2Fproduct_cat&post=5338"},{"taxonomy":"product_tag","embeddable":true,"href":"https:\/\/wavexia.com\/index.php?rest_route=%2Fwp%2Fv2%2Fproduct_tag&post=5338"}],"curies":[{"name":"wp","href":"https:\/\/api.w.org\/{rel}","templated":true}]}}