{"id":5331,"date":"2025-10-19T09:18:57","date_gmt":"2025-10-19T09:18:57","guid":{"rendered":"https:\/\/wavexia.com\/product\/olaplex-in-good-repair-set\/"},"modified":"2026-03-10T07:31:09","modified_gmt":"2026-03-10T07:31:09","slug":"olaplex-in-good-repair-set","status":"publish","type":"product","link":"https:\/\/wavexia.com\/?product=olaplex-in-good-repair-set","title":{"rendered":"Olaplex In Good Repair Set"},"content":{"rendered":"<h2>Description<\/h2>\n<p>Le coffret \u201cIn Good Repair Strength &amp; Shine Hair Kit\u201d est le choix parfait pour ceux qui souhaitent d\u00e9couvrir la gamme de produits Olaplex. Ce coffret comprend un shampooing, un apr\u00e8s-shampooing, un \u00e9lixir et une huile, tous con\u00e7us pour offrir un soin r\u00e9parateur, nourrissant et fortifiant \u00e0 vos cheveux. Ces produits nettoient et restructurent efficacement vos m\u00e8ches sans les alourdir. Il est important de noter que le Hair Perfector offre un effet cumulatif, apportant des r\u00e9sultats encore meilleurs au fil du temps. Avec ce kit, vos cheveux gagneront en brillance et en force, laissant une sensation agr\u00e9able et durable.<\/p>\n<p><strong>Shampooing Purifiant \u2014 Olaplex No.4C Bond Maintenance Shampoo :<\/strong><br \/><em>\u2013 utilise la technologie brevet\u00e9e OLAPLEX Bond Building Technology\u2122 ;<\/em><br \/><em>\u2013 renforce la structure des cheveux en r\u00e9parant et reconnectant les zones endommag\u00e9es ;<\/em><br \/><em>\u2013 nettoie efficacement les cheveux des impuret\u00e9s, y compris les min\u00e9raux, le chlore et les m\u00e9taux lourds ;<\/em><br \/><em>\u2013 produit 100 % v\u00e9gan et non test\u00e9 sur les animaux ;<\/em><br \/><em>\u2013 exempt de phtalates, sulfates, parab\u00e8nes et autres composants nocifs ;<\/em><br \/><em>\u2013 recommand\u00e9 une fois par semaine, suivi de l\u2019utilisation de l\u2019apr\u00e8s-shampooing Olaplex.<\/em><\/p>\n<p><strong>Apr\u00e8s-shampooing pour tous types de cheveux \u2014 Olaplex Bond Maintenance Conditioner No. 5 :<\/strong><br \/><em>\u2013 offre un soin doux et restaure les liaisons disulfures dans les cheveux ;<\/em><br \/><em>\u2013 sans sulfates, parab\u00e8nes et tensioactifs, ne dess\u00e8che pas les cheveux ;<\/em><br \/><em>\u2013 convient pour un usage quotidien, n\u2019alourdit pas les m\u00e8ches ;<\/em><br \/><em>\u2013 hydrate et pr\u00e9vient la perte d\u2019humidit\u00e9 ;<\/em><br \/><em>\u2013 am\u00e9liore la brillance et la texture des cheveux ;<\/em><br \/><em>\u2013 maintient l\u2019\u00e9clat de la couleur et pr\u00e9vient la d\u00e9coloration.<\/em><\/p>\n<p><strong>\u00c9lixir Capillaire \u201cPerfection Cheveux\u201d \u2014 Olaplex Hair Protector No. 3 :<\/strong><br \/><em>\u2013 con\u00e7u pour maintenir la beaut\u00e9 des cheveux entre les traitements en salon ;<\/em><br \/><em>\u2013 adapt\u00e9 aux cheveux naturels, m\u00e9ch\u00e9s, tonifi\u00e9s et color\u00e9s ;<\/em><br \/><em>\u2013 exempt de substances nocives comme les sulfates et phtalates ;<\/em><br \/><em>\u2013 pr\u00e9sente une consistance cr\u00e9meuse douce et un parfum cosm\u00e9tique agr\u00e9able ;<\/em><br \/><em>\u2013 tr\u00e8s efficace pour restaurer les cheveux, pr\u00e9servant leur beaut\u00e9 et leur sant\u00e9 ;<\/em><br \/><em>\u2013 un produit polyvalent qui s\u2019int\u00e8gre facilement dans les routines de soins \u00e0 domicile.<\/em><\/p>\n<p><strong>Huile de Coiffage Tr\u00e8s Concentr\u00e9e \u2014 Olaplex No.7 Bonding Oil :<\/strong><br \/><em>\u2013 restaure les liaisons de k\u00e9ratine au sein des fibres capillaires ;<\/em><br \/><em>\u2013 a une consistance l\u00e9g\u00e8re qui n\u2019alourdit pas les cheveux ;<\/em><br \/><em>\u2013 offre une protection thermique jusqu\u2019\u00e0 450\u00b0F, gardant votre coiffure impeccable ;<\/em><br \/><em>\u2013 sans sulfates, phtalates et parab\u00e8nes ;<\/em><br \/><em>\u2013 am\u00e9liore la texture des cheveux, les rendant soyeux et brillants ;<\/em><br \/><em>\u2013 id\u00e9al pour le coiffage tout en offrant un soin efficace.<\/em><\/p>\n","protected":false},"excerpt":{"rendered":"<p>Description Le coffret \u201cIn Good Repair Strength &amp; Shine Hair Kit\u201d est le choix parfait pour ceux qui souhaitent d\u00e9couvrir la gamme de produits Olaplex. Ce coffret comprend un shampooing, un apr\u00e8s-shampooing, un \u00e9lixir et une huile, tous con\u00e7us pour offrir un soin r\u00e9parateur, nourrissant et fortifiant \u00e0 vos cheveux. Ces produits nettoient et restructurent [&hellip;]<\/p>\n","protected":false},"featured_media":5330,"comment_status":"open","ping_status":"closed","template":"","meta":{"content-type":"","_uag_custom_page_level_css":""},"pwb-brand":[],"product_brand":[],"product_cat":[377,427,329],"product_tag":[],"class_list":{"0":"post-5331","1":"product","2":"type-product","3":"status-publish","4":"has-post-thumbnail","6":"product_cat-cheveux","7":"product_cat-olaplex","8":"product_cat-produits-americains","10":"first","11":"instock","12":"sale","13":"shipping-taxable","14":"purchasable","15":"product-type-simple"},"aioseo_notices":[],"uagb_featured_image_src":{"full":["https:\/\/wavexia.com\/wp-content\/uploads\/2025\/10\/71rF7XTo94L._AC_UF10001000_QL80_.jpg",959,1000,false],"thumbnail":["https:\/\/wavexia.com\/wp-content\/uploads\/2025\/10\/71rF7XTo94L._AC_UF10001000_QL80_-150x150.jpg",150,150,true],"medium":["https:\/\/wavexia.com\/wp-content\/uploads\/2025\/10\/71rF7XTo94L._AC_UF10001000_QL80_-288x300.jpg",288,300,true],"medium_large":["https:\/\/wavexia.com\/wp-content\/uploads\/2025\/10\/71rF7XTo94L._AC_UF10001000_QL80_-768x801.jpg",768,801,true],"large":["https:\/\/wavexia.com\/wp-content\/uploads\/2025\/10\/71rF7XTo94L._AC_UF10001000_QL80_.jpg",959,1000,false],"1536x1536":["https:\/\/wavexia.com\/wp-content\/uploads\/2025\/10\/71rF7XTo94L._AC_UF10001000_QL80_.jpg",959,1000,false],"2048x2048":["https:\/\/wavexia.com\/wp-content\/uploads\/2025\/10\/71rF7XTo94L._AC_UF10001000_QL80_.jpg",959,1000,false],"woocommerce_archive_thumbnail":["https:\/\/wavexia.com\/wp-content\/uploads\/2025\/10\/71rF7XTo94L._AC_UF10001000_QL80_-300x313.jpg",300,313,true],"woocommerce_thumbnail":["https:\/\/wavexia.com\/wp-content\/uploads\/2025\/10\/71rF7XTo94L._AC_UF10001000_QL80_-300x300.jpg",300,300,true],"woocommerce_single":["https:\/\/wavexia.com\/wp-content\/uploads\/2025\/10\/71rF7XTo94L._AC_UF10001000_QL80_-600x626.jpg",600,626,true],"woocommerce_gallery_thumbnail":["https:\/\/wavexia.com\/wp-content\/uploads\/2025\/10\/71rF7XTo94L._AC_UF10001000_QL80_-100x100.jpg",100,100,true]},"uagb_author_info":{"display_name":"zineddine.ayoub98@gmail.com","author_link":"https:\/\/wavexia.com\/?author=0"},"uagb_comment_info":0,"uagb_excerpt":"Description Le coffret \u201cIn Good Repair Strength &amp; Shine Hair Kit\u201d est le choix parfait pour ceux qui souhaitent d\u00e9couvrir la gamme de produits Olaplex. Ce coffret comprend un shampooing, un apr\u00e8s-shampooing, un \u00e9lixir et une huile, tous con\u00e7us pour offrir un soin r\u00e9parateur, nourrissant et fortifiant \u00e0 vos cheveux. Ces produits nettoient et restructurent&hellip;","brands":[],"_links":{"self":[{"href":"https:\/\/wavexia.com\/index.php?rest_route=\/wp\/v2\/product\/5331","targetHints":{"allow":["GET"]}}],"collection":[{"href":"https:\/\/wavexia.com\/index.php?rest_route=\/wp\/v2\/product"}],"about":[{"href":"https:\/\/wavexia.com\/index.php?rest_route=\/wp\/v2\/types\/product"}],"replies":[{"embeddable":true,"href":"https:\/\/wavexia.com\/index.php?rest_route=%2Fwp%2Fv2%2Fcomments&post=5331"}],"wp:featuredmedia":[{"embeddable":true,"href":"https:\/\/wavexia.com\/index.php?rest_route=\/wp\/v2\/media\/5330"}],"wp:attachment":[{"href":"https:\/\/wavexia.com\/index.php?rest_route=%2Fwp%2Fv2%2Fmedia&parent=5331"}],"wp:term":[{"taxonomy":"pwb-brand","embeddable":true,"href":"https:\/\/wavexia.com\/index.php?rest_route=%2Fwp%2Fv2%2Fpwb-brand&post=5331"},{"taxonomy":"product_brand","embeddable":true,"href":"https:\/\/wavexia.com\/index.php?rest_route=%2Fwp%2Fv2%2Fproduct_brand&post=5331"},{"taxonomy":"product_cat","embeddable":true,"href":"https:\/\/wavexia.com\/index.php?rest_route=%2Fwp%2Fv2%2Fproduct_cat&post=5331"},{"taxonomy":"product_tag","embeddable":true,"href":"https:\/\/wavexia.com\/index.php?rest_route=%2Fwp%2Fv2%2Fproduct_tag&post=5331"}],"curies":[{"name":"wp","href":"https:\/\/api.w.org\/{rel}","templated":true}]}}