{"id":5315,"date":"2025-10-19T09:18:46","date_gmt":"2025-10-19T09:18:46","guid":{"rendered":"https:\/\/wavexia.com\/product\/mielle-rosemary-mint-light-scalp-hair-strengthening-oil-59-ml\/"},"modified":"2026-03-10T07:31:09","modified_gmt":"2026-03-10T07:31:09","slug":"mielle-rosemary-mint-light-scalp-hair-strengthening-oil-59-ml","status":"publish","type":"product","link":"https:\/\/wavexia.com\/?product=mielle-rosemary-mint-light-scalp-hair-strengthening-oil-59-ml","title":{"rendered":"MIELLE Rosemary Mint Light Scalp &#038; Hair Strengthening Oil 59 ML"},"content":{"rendered":"<h2>Description<\/h2>\n<p><b>L\u2019huile l\u00e9g\u00e8re fortifiante pour le cuir chevelu et les cheveux au romarin et \u00e0 la menthe de Mielle&nbsp;<\/b>est infus\u00e9e de romarin, de menthe et de biotine pour revigorer les cheveux et le cuir chevelu, favoriser des cheveux plus sains, plus forts et plus longs tout en fournissant une hydratation et une brillance en apesanteur.&nbsp;Id\u00e9al pour les cheveux \u00e0 faible porosit\u00e9, les coiffures press\u00e9es en soie et les styles de protection, y compris les tresses et les tissages.<\/p>\n<p><strong>Avantages cl\u00e9s:<\/strong><\/p>\n<ul>\n<li>Huile l\u00e9g\u00e8re avec la m\u00eame efficacit\u00e9 que l\u2019huile fortifiante pour le cuir chevelu et les cheveux au romarin et \u00e0 la menthe de Mielle<\/li>\n<li>Convient pour un usage quotidien ou pour les traitements du cuir chevelu<\/li>\n<li>Id\u00e9al pour les cheveux \u00e0 faible porosit\u00e9, les coiffures press\u00e9es en soie et les coiffures protectrices<\/li>\n<li>Soutient des cheveux plus longs et plus sains<\/li>\n<li>Offre une brillance incroyable<\/li>\n<li>SANS parab\u00e8nes, sulfates, paraffines, huile min\u00e9rale, DEA, tests sur les animaux<\/li>\n<\/ul>\n<p><strong>2 onces |&nbsp;Pour un usage quotidien, cheveux \u00e0 faible porosit\u00e9, traitement du cuir chevelu<\/strong><\/p>\n","protected":false},"excerpt":{"rendered":"<p>Description L\u2019huile l\u00e9g\u00e8re fortifiante pour le cuir chevelu et les cheveux au romarin et \u00e0 la menthe de Mielle&nbsp;est infus\u00e9e de romarin, de menthe et de biotine pour revigorer les cheveux et le cuir chevelu, favoriser des cheveux plus sains, plus forts et plus longs tout en fournissant une hydratation et une brillance en apesanteur.&nbsp;Id\u00e9al [&hellip;]<\/p>\n","protected":false},"featured_media":5314,"comment_status":"open","ping_status":"closed","template":"","meta":{"content-type":"","_uag_custom_page_level_css":""},"pwb-brand":[],"product_brand":[],"product_cat":[377,445,329],"product_tag":[],"class_list":{"0":"post-5315","1":"product","2":"type-product","3":"status-publish","4":"has-post-thumbnail","6":"product_cat-cheveux","7":"product_cat-mielle","8":"product_cat-produits-americains","10":"first","11":"instock","12":"sale","13":"shipping-taxable","14":"purchasable","15":"product-type-simple"},"aioseo_notices":[],"uagb_featured_image_src":{"full":["https:\/\/wavexia.com\/wp-content\/uploads\/2025\/10\/IMG_1219.jpeg",1200,1200,false],"thumbnail":["https:\/\/wavexia.com\/wp-content\/uploads\/2025\/10\/IMG_1219-150x150.jpeg",150,150,true],"medium":["https:\/\/wavexia.com\/wp-content\/uploads\/2025\/10\/IMG_1219-300x300.jpeg",300,300,true],"medium_large":["https:\/\/wavexia.com\/wp-content\/uploads\/2025\/10\/IMG_1219-768x768.jpeg",768,768,true],"large":["https:\/\/wavexia.com\/wp-content\/uploads\/2025\/10\/IMG_1219-1024x1024.jpeg",1024,1024,true],"1536x1536":["https:\/\/wavexia.com\/wp-content\/uploads\/2025\/10\/IMG_1219.jpeg",1200,1200,false],"2048x2048":["https:\/\/wavexia.com\/wp-content\/uploads\/2025\/10\/IMG_1219.jpeg",1200,1200,false],"woocommerce_archive_thumbnail":["https:\/\/wavexia.com\/wp-content\/uploads\/2025\/10\/IMG_1219-300x300.jpeg",300,300,true],"woocommerce_thumbnail":["https:\/\/wavexia.com\/wp-content\/uploads\/2025\/10\/IMG_1219-300x300.jpeg",300,300,true],"woocommerce_single":["https:\/\/wavexia.com\/wp-content\/uploads\/2025\/10\/IMG_1219-600x600.jpeg",600,600,true],"woocommerce_gallery_thumbnail":["https:\/\/wavexia.com\/wp-content\/uploads\/2025\/10\/IMG_1219-100x100.jpeg",100,100,true]},"uagb_author_info":{"display_name":"zineddine.ayoub98@gmail.com","author_link":"https:\/\/wavexia.com\/?author=0"},"uagb_comment_info":0,"uagb_excerpt":"Description L\u2019huile l\u00e9g\u00e8re fortifiante pour le cuir chevelu et les cheveux au romarin et \u00e0 la menthe de Mielle&nbsp;est infus\u00e9e de romarin, de menthe et de biotine pour revigorer les cheveux et le cuir chevelu, favoriser des cheveux plus sains, plus forts et plus longs tout en fournissant une hydratation et une brillance en apesanteur.&nbsp;Id\u00e9al&hellip;","brands":[],"_links":{"self":[{"href":"https:\/\/wavexia.com\/index.php?rest_route=\/wp\/v2\/product\/5315","targetHints":{"allow":["GET"]}}],"collection":[{"href":"https:\/\/wavexia.com\/index.php?rest_route=\/wp\/v2\/product"}],"about":[{"href":"https:\/\/wavexia.com\/index.php?rest_route=\/wp\/v2\/types\/product"}],"replies":[{"embeddable":true,"href":"https:\/\/wavexia.com\/index.php?rest_route=%2Fwp%2Fv2%2Fcomments&post=5315"}],"wp:featuredmedia":[{"embeddable":true,"href":"https:\/\/wavexia.com\/index.php?rest_route=\/wp\/v2\/media\/5314"}],"wp:attachment":[{"href":"https:\/\/wavexia.com\/index.php?rest_route=%2Fwp%2Fv2%2Fmedia&parent=5315"}],"wp:term":[{"taxonomy":"pwb-brand","embeddable":true,"href":"https:\/\/wavexia.com\/index.php?rest_route=%2Fwp%2Fv2%2Fpwb-brand&post=5315"},{"taxonomy":"product_brand","embeddable":true,"href":"https:\/\/wavexia.com\/index.php?rest_route=%2Fwp%2Fv2%2Fproduct_brand&post=5315"},{"taxonomy":"product_cat","embeddable":true,"href":"https:\/\/wavexia.com\/index.php?rest_route=%2Fwp%2Fv2%2Fproduct_cat&post=5315"},{"taxonomy":"product_tag","embeddable":true,"href":"https:\/\/wavexia.com\/index.php?rest_route=%2Fwp%2Fv2%2Fproduct_tag&post=5315"}],"curies":[{"name":"wp","href":"https:\/\/api.w.org\/{rel}","templated":true}]}}