{"id":5309,"date":"2025-10-19T09:18:41","date_gmt":"2025-10-19T09:18:41","guid":{"rendered":"https:\/\/wavexia.com\/product\/boite-vaseline-lip-therapy-aloes-17g\/"},"modified":"2026-03-10T07:31:09","modified_gmt":"2026-03-10T07:31:09","slug":"boite-vaseline-lip-therapy-aloes-17g","status":"publish","type":"product","link":"https:\/\/wavexia.com\/?product=boite-vaseline-lip-therapy-aloes-17g","title":{"rendered":"Bo\u00eete Vaseline Lip Therapy Alo\u00e8s 17g"},"content":{"rendered":"<h2>Description<\/h2>\n<p>Adoucit et apaise instantan\u00e9ment les l\u00e8vres s\u00e8chesEmprisonne l\u2019hydratation pour aider les l\u00e8vres \u00e0 se remettre de l\u2019inconfortContient de l\u2019Aloe Vera, connu pour calmer et apaiser la peau s\u00e8che et irrit\u00e9e.<\/p>\n<h5>mode d\u2019emploi:<\/h5>\n<p>Prenez l\u2019\u00e9quivalent d\u2019une pi\u00e8ce de dix cents de gel\u00e9e sur le bout du doigt. R\u00e9partissez sur les l\u00e8vres s\u00e8ches jusqu\u2019\u00e0 l\u2019absorption, au besoin. Ce puissant produit pour les l\u00e8vres soulage en pr\u00e9servant l\u2019hydratation naturelle des l\u00e8vres et \u00e9limine les sensations d\u2019inconfort.<\/p>\n<h5>Ingr\u00e9dients:<\/h5>\n<p>Petrolatum, Isopropyl Myristate, Aroma, Cintronellol, Eugenol, Limonene, Linalool.<\/p>\n","protected":false},"excerpt":{"rendered":"<p>Description Adoucit et apaise instantan\u00e9ment les l\u00e8vres s\u00e8chesEmprisonne l\u2019hydratation pour aider les l\u00e8vres \u00e0 se remettre de l\u2019inconfortContient de l\u2019Aloe Vera, connu pour calmer et apaiser la peau s\u00e8che et irrit\u00e9e. mode d\u2019emploi: Prenez l\u2019\u00e9quivalent d\u2019une pi\u00e8ce de dix cents de gel\u00e9e sur le bout du doigt. R\u00e9partissez sur les l\u00e8vres s\u00e8ches jusqu\u2019\u00e0 l\u2019absorption, au [&hellip;]<\/p>\n","protected":false},"featured_media":5308,"comment_status":"open","ping_status":"closed","template":"","meta":{"content-type":"","_uag_custom_page_level_css":""},"pwb-brand":[],"product_brand":[],"product_cat":[392,329,385],"product_tag":[],"class_list":{"0":"post-5309","1":"product","2":"type-product","3":"status-publish","4":"has-post-thumbnail","6":"product_cat-baume-a-levres","7":"product_cat-produits-americains","8":"product_cat-vaseline","10":"first","11":"instock","12":"sale","13":"shipping-taxable","14":"purchasable","15":"product-type-simple"},"aioseo_notices":[],"uagb_featured_image_src":{"full":["https:\/\/wavexia.com\/wp-content\/uploads\/2025\/10\/vaseline_aloe.webp",1085,1085,false],"thumbnail":["https:\/\/wavexia.com\/wp-content\/uploads\/2025\/10\/vaseline_aloe-150x150.webp",150,150,true],"medium":["https:\/\/wavexia.com\/wp-content\/uploads\/2025\/10\/vaseline_aloe-300x300.webp",300,300,true],"medium_large":["https:\/\/wavexia.com\/wp-content\/uploads\/2025\/10\/vaseline_aloe-768x768.webp",768,768,true],"large":["https:\/\/wavexia.com\/wp-content\/uploads\/2025\/10\/vaseline_aloe-1024x1024.webp",1024,1024,true],"1536x1536":["https:\/\/wavexia.com\/wp-content\/uploads\/2025\/10\/vaseline_aloe.webp",1085,1085,false],"2048x2048":["https:\/\/wavexia.com\/wp-content\/uploads\/2025\/10\/vaseline_aloe.webp",1085,1085,false],"woocommerce_archive_thumbnail":["https:\/\/wavexia.com\/wp-content\/uploads\/2025\/10\/vaseline_aloe-300x300.webp",300,300,true],"woocommerce_thumbnail":["https:\/\/wavexia.com\/wp-content\/uploads\/2025\/10\/vaseline_aloe-300x300.webp",300,300,true],"woocommerce_single":["https:\/\/wavexia.com\/wp-content\/uploads\/2025\/10\/vaseline_aloe-600x600.webp",600,600,true],"woocommerce_gallery_thumbnail":["https:\/\/wavexia.com\/wp-content\/uploads\/2025\/10\/vaseline_aloe-100x100.webp",100,100,true]},"uagb_author_info":{"display_name":"zineddine.ayoub98@gmail.com","author_link":"https:\/\/wavexia.com\/?author=0"},"uagb_comment_info":0,"uagb_excerpt":"Description Adoucit et apaise instantan\u00e9ment les l\u00e8vres s\u00e8chesEmprisonne l\u2019hydratation pour aider les l\u00e8vres \u00e0 se remettre de l\u2019inconfortContient de l\u2019Aloe Vera, connu pour calmer et apaiser la peau s\u00e8che et irrit\u00e9e. mode d\u2019emploi: Prenez l\u2019\u00e9quivalent d\u2019une pi\u00e8ce de dix cents de gel\u00e9e sur le bout du doigt. R\u00e9partissez sur les l\u00e8vres s\u00e8ches jusqu\u2019\u00e0 l\u2019absorption, au&hellip;","brands":[],"_links":{"self":[{"href":"https:\/\/wavexia.com\/index.php?rest_route=\/wp\/v2\/product\/5309","targetHints":{"allow":["GET"]}}],"collection":[{"href":"https:\/\/wavexia.com\/index.php?rest_route=\/wp\/v2\/product"}],"about":[{"href":"https:\/\/wavexia.com\/index.php?rest_route=\/wp\/v2\/types\/product"}],"replies":[{"embeddable":true,"href":"https:\/\/wavexia.com\/index.php?rest_route=%2Fwp%2Fv2%2Fcomments&post=5309"}],"wp:featuredmedia":[{"embeddable":true,"href":"https:\/\/wavexia.com\/index.php?rest_route=\/wp\/v2\/media\/5308"}],"wp:attachment":[{"href":"https:\/\/wavexia.com\/index.php?rest_route=%2Fwp%2Fv2%2Fmedia&parent=5309"}],"wp:term":[{"taxonomy":"pwb-brand","embeddable":true,"href":"https:\/\/wavexia.com\/index.php?rest_route=%2Fwp%2Fv2%2Fpwb-brand&post=5309"},{"taxonomy":"product_brand","embeddable":true,"href":"https:\/\/wavexia.com\/index.php?rest_route=%2Fwp%2Fv2%2Fproduct_brand&post=5309"},{"taxonomy":"product_cat","embeddable":true,"href":"https:\/\/wavexia.com\/index.php?rest_route=%2Fwp%2Fv2%2Fproduct_cat&post=5309"},{"taxonomy":"product_tag","embeddable":true,"href":"https:\/\/wavexia.com\/index.php?rest_route=%2Fwp%2Fv2%2Fproduct_tag&post=5309"}],"curies":[{"name":"wp","href":"https:\/\/api.w.org\/{rel}","templated":true}]}}