{"id":5307,"date":"2025-10-19T09:18:40","date_gmt":"2025-10-19T09:18:40","guid":{"rendered":"https:\/\/wavexia.com\/product\/vaseline-vitamin-b3-body-oil-200ml\/"},"modified":"2026-03-10T07:31:09","modified_gmt":"2026-03-10T07:31:09","slug":"vaseline-vitamin-b3-body-oil-200ml","status":"publish","type":"product","link":"https:\/\/wavexia.com\/?product=vaseline-vitamin-b3-body-oil-200ml","title":{"rendered":"Vaseline vitamin b3 body oil 200ml"},"content":{"rendered":"<h2>Description<\/h2>\n<p>Vaseline\u00ae Cocoa Radiant Gel Oil offre une formule non-grasse et riche qui m\u00eale du beurre de cacao pur et une huile r\u00e9g\u00e9n\u00e9ratrice pour donner \u00e0 votre peau une jolie teinte naturelle et saine. Sa texture non-grasse ravivera votre peau et vous procurera un \u00e9clat radieux.<\/p>\n<p><b>Vaseline<\/b>&nbsp;\u2013&nbsp;\u00cates-vous pr\u00eat \u00e0 rehausser votre routine de soins de la peau et \u00e0 obtenir un \u00e9clat naturel et radieux ? Ne cherchez pas plus loin que l\u2019huile corporelle Vaseline Vitamine B3, votre cl\u00e9 pour une peau hydrat\u00e9e et d\u2019apparence saine, aussi belle qu\u2019elle en a l\u2019air. Il aide \u00e0 am\u00e9liorer la texture de votre peau, la laissant douce, lisse et magnifiquement \u00e9clatante. Cette huile corporelle retient l\u2019humidit\u00e9, pr\u00e9vient le dess\u00e8chement et maintient l\u2019\u00e9quilibre hydrique naturel de votre peau. Cette huile corporelle est con\u00e7ue pour une absorption rapide, laissant votre peau confortablement hydrat\u00e9e sans sensation de lourdeur. Utilisez-le comme hydratant quotidien, apr\u00e8s la douche ou chaque fois que votre peau a besoin d\u2019un regain d\u2019hydratation. Sa polyvalence en fait un ajout incontournable \u00e0 votre collection de soins de la peau.<\/p>\n","protected":false},"excerpt":{"rendered":"<p>Description Vaseline\u00ae Cocoa Radiant Gel Oil offre une formule non-grasse et riche qui m\u00eale du beurre de cacao pur et une huile r\u00e9g\u00e9n\u00e9ratrice pour donner \u00e0 votre peau une jolie teinte naturelle et saine. Sa texture non-grasse ravivera votre peau et vous procurera un \u00e9clat radieux. Vaseline&nbsp;\u2013&nbsp;\u00cates-vous pr\u00eat \u00e0 rehausser votre routine de soins de [&hellip;]<\/p>\n","protected":false},"featured_media":5306,"comment_status":"open","ping_status":"closed","template":"","meta":{"content-type":"","_uag_custom_page_level_css":""},"pwb-brand":[],"product_brand":[],"product_cat":[322,329,385],"product_tag":[],"class_list":{"0":"post-5307","1":"product","2":"type-product","3":"status-publish","4":"has-post-thumbnail","6":"product_cat-corps-bain","7":"product_cat-produits-americains","8":"product_cat-vaseline","10":"first","11":"instock","12":"shipping-taxable","13":"purchasable","14":"product-type-simple"},"aioseo_notices":[],"uagb_featured_image_src":{"full":["https:\/\/wavexia.com\/wp-content\/uploads\/2025\/10\/VaselineVitaminB3BodayOil.webp",1800,1800,false],"thumbnail":["https:\/\/wavexia.com\/wp-content\/uploads\/2025\/10\/VaselineVitaminB3BodayOil-150x150.webp",150,150,true],"medium":["https:\/\/wavexia.com\/wp-content\/uploads\/2025\/10\/VaselineVitaminB3BodayOil-300x300.webp",300,300,true],"medium_large":["https:\/\/wavexia.com\/wp-content\/uploads\/2025\/10\/VaselineVitaminB3BodayOil-768x768.webp",768,768,true],"large":["https:\/\/wavexia.com\/wp-content\/uploads\/2025\/10\/VaselineVitaminB3BodayOil-1024x1024.webp",1024,1024,true],"1536x1536":["https:\/\/wavexia.com\/wp-content\/uploads\/2025\/10\/VaselineVitaminB3BodayOil-1536x1536.webp",1536,1536,true],"2048x2048":["https:\/\/wavexia.com\/wp-content\/uploads\/2025\/10\/VaselineVitaminB3BodayOil.webp",1800,1800,false],"woocommerce_archive_thumbnail":["https:\/\/wavexia.com\/wp-content\/uploads\/2025\/10\/VaselineVitaminB3BodayOil-300x300.webp",300,300,true],"woocommerce_thumbnail":["https:\/\/wavexia.com\/wp-content\/uploads\/2025\/10\/VaselineVitaminB3BodayOil-300x300.webp",300,300,true],"woocommerce_single":["https:\/\/wavexia.com\/wp-content\/uploads\/2025\/10\/VaselineVitaminB3BodayOil-600x600.webp",600,600,true],"woocommerce_gallery_thumbnail":["https:\/\/wavexia.com\/wp-content\/uploads\/2025\/10\/VaselineVitaminB3BodayOil-100x100.webp",100,100,true]},"uagb_author_info":{"display_name":"zineddine.ayoub98@gmail.com","author_link":"https:\/\/wavexia.com\/?author=0"},"uagb_comment_info":0,"uagb_excerpt":"Description Vaseline\u00ae Cocoa Radiant Gel Oil offre une formule non-grasse et riche qui m\u00eale du beurre de cacao pur et une huile r\u00e9g\u00e9n\u00e9ratrice pour donner \u00e0 votre peau une jolie teinte naturelle et saine. Sa texture non-grasse ravivera votre peau et vous procurera un \u00e9clat radieux. Vaseline&nbsp;\u2013&nbsp;\u00cates-vous pr\u00eat \u00e0 rehausser votre routine de soins de&hellip;","brands":[],"_links":{"self":[{"href":"https:\/\/wavexia.com\/index.php?rest_route=\/wp\/v2\/product\/5307","targetHints":{"allow":["GET"]}}],"collection":[{"href":"https:\/\/wavexia.com\/index.php?rest_route=\/wp\/v2\/product"}],"about":[{"href":"https:\/\/wavexia.com\/index.php?rest_route=\/wp\/v2\/types\/product"}],"replies":[{"embeddable":true,"href":"https:\/\/wavexia.com\/index.php?rest_route=%2Fwp%2Fv2%2Fcomments&post=5307"}],"wp:featuredmedia":[{"embeddable":true,"href":"https:\/\/wavexia.com\/index.php?rest_route=\/wp\/v2\/media\/5306"}],"wp:attachment":[{"href":"https:\/\/wavexia.com\/index.php?rest_route=%2Fwp%2Fv2%2Fmedia&parent=5307"}],"wp:term":[{"taxonomy":"pwb-brand","embeddable":true,"href":"https:\/\/wavexia.com\/index.php?rest_route=%2Fwp%2Fv2%2Fpwb-brand&post=5307"},{"taxonomy":"product_brand","embeddable":true,"href":"https:\/\/wavexia.com\/index.php?rest_route=%2Fwp%2Fv2%2Fproduct_brand&post=5307"},{"taxonomy":"product_cat","embeddable":true,"href":"https:\/\/wavexia.com\/index.php?rest_route=%2Fwp%2Fv2%2Fproduct_cat&post=5307"},{"taxonomy":"product_tag","embeddable":true,"href":"https:\/\/wavexia.com\/index.php?rest_route=%2Fwp%2Fv2%2Fproduct_tag&post=5307"}],"curies":[{"name":"wp","href":"https:\/\/api.w.org\/{rel}","templated":true}]}}