{"id":5305,"date":"2025-10-19T09:18:38","date_gmt":"2025-10-19T09:18:38","guid":{"rendered":"https:\/\/wavexia.com\/product\/vaseline-intensive-care-cocoa-radiant-vitalizing-body-oil-200ml\/"},"modified":"2026-03-10T07:31:09","modified_gmt":"2026-03-10T07:31:09","slug":"vaseline-intensive-care-cocoa-radiant-vitalizing-body-oil-200ml","status":"publish","type":"product","link":"https:\/\/wavexia.com\/?product=vaseline-intensive-care-cocoa-radiant-vitalizing-body-oil-200ml","title":{"rendered":"VASELINE \u2013 Intensive Care \u2013 Cocoa Radiant Vitalizing Body Oil 200ml"},"content":{"rendered":"<h2>Description<\/h2>\n<p>Huile corporelle radieuse au cacao Vaseline Intensive Care, avec du beurre de cacao 100 % pur et des huiles r\u00e9g\u00e9n\u00e9rantes, pour une exp\u00e9rience de soin de la peau ultime. Cette huile corporelle hydrate la peau s\u00e8che et terne pour une peau visiblement saine et \u00e9clatante. Une formule hydratante revitalisante pour la peau, infus\u00e9e de beurre de cacao 100 % pur et d\u2019huiles r\u00e9g\u00e9n\u00e9rantes, scelle\u2026<\/p>\n","protected":false},"excerpt":{"rendered":"<p>Description Huile corporelle radieuse au cacao Vaseline Intensive Care, avec du beurre de cacao 100 % pur et des huiles r\u00e9g\u00e9n\u00e9rantes, pour une exp\u00e9rience de soin de la peau ultime. Cette huile corporelle hydrate la peau s\u00e8che et terne pour une peau visiblement saine et \u00e9clatante. Une formule hydratante revitalisante pour la peau, infus\u00e9e de [&hellip;]<\/p>\n","protected":false},"featured_media":5304,"comment_status":"open","ping_status":"closed","template":"","meta":{"content-type":"","_uag_custom_page_level_css":""},"pwb-brand":[],"product_brand":[],"product_cat":[322,329,385],"product_tag":[],"class_list":{"0":"post-5305","1":"product","2":"type-product","3":"status-publish","4":"has-post-thumbnail","6":"product_cat-corps-bain","7":"product_cat-produits-americains","8":"product_cat-vaseline","10":"first","11":"instock","12":"shipping-taxable","13":"purchasable","14":"product-type-simple"},"aioseo_notices":[],"uagb_featured_image_src":{"full":["https:\/\/wavexia.com\/wp-content\/uploads\/2025\/10\/images-8.jpeg",225,225,false],"thumbnail":["https:\/\/wavexia.com\/wp-content\/uploads\/2025\/10\/images-8-150x150.jpeg",150,150,true],"medium":["https:\/\/wavexia.com\/wp-content\/uploads\/2025\/10\/images-8.jpeg",225,225,false],"medium_large":["https:\/\/wavexia.com\/wp-content\/uploads\/2025\/10\/images-8.jpeg",225,225,false],"large":["https:\/\/wavexia.com\/wp-content\/uploads\/2025\/10\/images-8.jpeg",225,225,false],"1536x1536":["https:\/\/wavexia.com\/wp-content\/uploads\/2025\/10\/images-8.jpeg",225,225,false],"2048x2048":["https:\/\/wavexia.com\/wp-content\/uploads\/2025\/10\/images-8.jpeg",225,225,false],"woocommerce_archive_thumbnail":["https:\/\/wavexia.com\/wp-content\/uploads\/2025\/10\/images-8.jpeg",225,225,false],"woocommerce_thumbnail":["https:\/\/wavexia.com\/wp-content\/uploads\/2025\/10\/images-8.jpeg",225,225,false],"woocommerce_single":["https:\/\/wavexia.com\/wp-content\/uploads\/2025\/10\/images-8.jpeg",225,225,false],"woocommerce_gallery_thumbnail":["https:\/\/wavexia.com\/wp-content\/uploads\/2025\/10\/images-8-100x100.jpeg",100,100,true]},"uagb_author_info":{"display_name":"zineddine.ayoub98@gmail.com","author_link":"https:\/\/wavexia.com\/?author=0"},"uagb_comment_info":0,"uagb_excerpt":"Description Huile corporelle radieuse au cacao Vaseline Intensive Care, avec du beurre de cacao 100 % pur et des huiles r\u00e9g\u00e9n\u00e9rantes, pour une exp\u00e9rience de soin de la peau ultime. Cette huile corporelle hydrate la peau s\u00e8che et terne pour une peau visiblement saine et \u00e9clatante. Une formule hydratante revitalisante pour la peau, infus\u00e9e de&hellip;","brands":[],"_links":{"self":[{"href":"https:\/\/wavexia.com\/index.php?rest_route=\/wp\/v2\/product\/5305","targetHints":{"allow":["GET"]}}],"collection":[{"href":"https:\/\/wavexia.com\/index.php?rest_route=\/wp\/v2\/product"}],"about":[{"href":"https:\/\/wavexia.com\/index.php?rest_route=\/wp\/v2\/types\/product"}],"replies":[{"embeddable":true,"href":"https:\/\/wavexia.com\/index.php?rest_route=%2Fwp%2Fv2%2Fcomments&post=5305"}],"wp:featuredmedia":[{"embeddable":true,"href":"https:\/\/wavexia.com\/index.php?rest_route=\/wp\/v2\/media\/5304"}],"wp:attachment":[{"href":"https:\/\/wavexia.com\/index.php?rest_route=%2Fwp%2Fv2%2Fmedia&parent=5305"}],"wp:term":[{"taxonomy":"pwb-brand","embeddable":true,"href":"https:\/\/wavexia.com\/index.php?rest_route=%2Fwp%2Fv2%2Fpwb-brand&post=5305"},{"taxonomy":"product_brand","embeddable":true,"href":"https:\/\/wavexia.com\/index.php?rest_route=%2Fwp%2Fv2%2Fproduct_brand&post=5305"},{"taxonomy":"product_cat","embeddable":true,"href":"https:\/\/wavexia.com\/index.php?rest_route=%2Fwp%2Fv2%2Fproduct_cat&post=5305"},{"taxonomy":"product_tag","embeddable":true,"href":"https:\/\/wavexia.com\/index.php?rest_route=%2Fwp%2Fv2%2Fproduct_tag&post=5305"}],"curies":[{"name":"wp","href":"https:\/\/api.w.org\/{rel}","templated":true}]}}