{"id":5297,"date":"2025-10-19T09:18:34","date_gmt":"2025-10-19T09:18:34","guid":{"rendered":"https:\/\/wavexia.com\/product\/kiehls-midnight-recovery-concentrate-30ml\/"},"modified":"2026-03-10T07:31:09","modified_gmt":"2026-03-10T07:31:09","slug":"kiehls-midnight-recovery-concentrate-30ml","status":"publish","type":"product","link":"https:\/\/wavexia.com\/?product=kiehls-midnight-recovery-concentrate-30ml","title":{"rendered":"Kiehl\u2019s Midnight Recovery Concentrate 30ml"},"content":{"rendered":"<h2>Description<\/h2>\n<p><strong>Kiehl\u2019s Midnight Recovery Concentrate 30ml<\/strong>&nbsp;est un s\u00e9rum facial r\u00e9parateur con\u00e7u pour une application nocturne, formul\u00e9 avec des huiles botaniques et essentielles. Ce produit est&nbsp;<strong>adapt\u00e9 \u00e0 tous les types de peau<\/strong>&nbsp;et a pour objectif de&nbsp;<strong>restaurer la peau pendant le sommeil<\/strong>.<\/p>\n<p>Le s\u00e9rum contribue \u00e0 :<\/p>\n<ul>\n<li><strong>Renforcer la barri\u00e8re cutan\u00e9e<\/strong>&nbsp;et \u00e0 remplir les espaces intracellulaires.<\/li>\n<li><strong>Faciliter la r\u00e9g\u00e9n\u00e9ration cellulaire<\/strong>&nbsp;et fournir des antioxydants gr\u00e2ce \u00e0 l\u2019huile d\u2019onagre.<\/li>\n<li><strong>Agir comme r\u00e9parateur<\/strong>&nbsp;pour les peaux avec imperfections, gr\u00e2ce aux propri\u00e9t\u00e9s antiseptiques de l\u2019huile de lavande et de romarin.<\/li>\n<li><strong>R\u00e9guler la production de s\u00e9bum<\/strong>&nbsp;gr\u00e2ce \u00e0 l\u2019utilisation de g\u00e9ranium.<\/li>\n<li><strong>Att\u00e9nuer les marques d\u2019acn\u00e9<\/strong>&nbsp;gr\u00e2ce au curcuma.<\/li>\n<\/ul>\n<p>Ce s\u00e9rum ne contient pas :<\/p>\n<ul>\n<li>De l\u2019eau<\/li>\n<li>Des huiles min\u00e9rales<\/li>\n<li>Des parab\u00e8nes<\/li>\n<li>Des parfums<\/li>\n<\/ul>\n<h5>les avantages:<\/h5>\n<ul>\n<li>R\u00e9g\u00e9n\u00e8re la peau pour une barri\u00e8re cutan\u00e9e renforc\u00e9e<\/li>\n<li>Lisse et raffermit<\/li>\n<li>R\u00e9duit visiblement les ridules<\/li>\n<li>Am\u00e9liore l\u2019\u00e9clat<\/li>\n<\/ul>\n<h5>conseil d\u2019utilisation:<\/h5>\n<ul>\n<li>Nettoyer la peau du visage et d\u00e9poser 2 \u00e0 3 gouttes de notre huile visage au creux des mains.<\/li>\n<li>Appliquer par pressions d\u00e9licates sur les joues, le front et le menton pour couvrir l\u2019ensemble du visage.<\/li>\n<li>Compl\u00e9tez votre rituel de soins avec nos autres soins Midnight Recovery notamment&nbsp;<a tabindex=\"0\" href=\"https:\/\/www.kiehls.fr\/visage\/par-categorie\/nettoyants-exfoliants\/midnight-recovery-botanical-cleansing-oil\/KHL919.html\">l\u2019huile d\u00e9maquillante<\/a>&nbsp;et&nbsp;<a tabindex=\"0\" href=\"https:\/\/www.kiehls.fr\/visage\/par-categorie\/contour-des-yeux\/midnight-recovery-eye\/100016.html\">le contour des yeux anticernes<\/a>.<\/li>\n<\/ul>\n<h5>ingr\u00e9dients:<\/h5>\n<p>CAPRYLIC\/CAPRIC TRIGLYCERIDE, DICAPRYLYL CARBONATE, SQUALANE, ROSA CANINA FRUIT OIL, OENOTHERA BIENNIS OIL \/ EVENING PRIMROSE OIL, SIMMONDSIA CHINENSIS OIL \/ JOJOBA SEED OIL, CORIANDRUM SATIVUM OIL \/ CORIANDER SEED OIL, TOCOPHEROL, LAVANDULA ANGUSTIFOLIA OIL \/ LAVENDER OIL, PELARGONIUM GRAVEOLENS FLOWER OIL, LINALOOL, ROSMARINUS OFFICINALIS LEAF OIL \/ ROSEMARY LEAF OIL, CITRONELLOL, GERANIOL, LAVANDULA HYBRIDA OIL, CUCUMIS SATIVUS EXTRACT \/ CUCUMBER FRUIT EXTRACT, CURCUMA LONGA EXTRACT \/ TURMERIC ROOT EXTRACT, LIMONENE, CITRAL, SCLAREOLIDE, ROSA SPP \/ ROSE FLOWER OIL, JASMINUM OFFICINALE EXTRACT \/ JASMINE EXTRACT, HELIANTHUS ANNUUS SEED OIL \/ SUNFLOWER SEED OIL.<\/p>\n<p>&nbsp;<\/p>\n","protected":false},"excerpt":{"rendered":"<p>Description Kiehl\u2019s Midnight Recovery Concentrate 30ml&nbsp;est un s\u00e9rum facial r\u00e9parateur con\u00e7u pour une application nocturne, formul\u00e9 avec des huiles botaniques et essentielles. Ce produit est&nbsp;adapt\u00e9 \u00e0 tous les types de peau&nbsp;et a pour objectif de&nbsp;restaurer la peau pendant le sommeil. Le s\u00e9rum contribue \u00e0 : Renforcer la barri\u00e8re cutan\u00e9e&nbsp;et \u00e0 remplir les espaces intracellulaires. Faciliter [&hellip;]<\/p>\n","protected":false},"featured_media":5296,"comment_status":"open","ping_status":"closed","template":"","meta":{"content-type":"","_uag_custom_page_level_css":""},"pwb-brand":[],"product_brand":[],"product_cat":[429,328,329],"product_tag":[],"class_list":{"0":"post-5297","1":"product","2":"type-product","3":"status-publish","4":"has-post-thumbnail","6":"product_cat-kiehls","7":"product_cat-nouveautes","8":"product_cat-produits-americains","10":"first","11":"instock","12":"shipping-taxable","13":"purchasable","14":"product-type-simple"},"aioseo_notices":[],"uagb_featured_image_src":{"full":["https:\/\/wavexia.com\/wp-content\/uploads\/2025\/10\/mrc-30ml-packshot.jpg",465,465,false],"thumbnail":["https:\/\/wavexia.com\/wp-content\/uploads\/2025\/10\/mrc-30ml-packshot-150x150.jpg",150,150,true],"medium":["https:\/\/wavexia.com\/wp-content\/uploads\/2025\/10\/mrc-30ml-packshot-300x300.jpg",300,300,true],"medium_large":["https:\/\/wavexia.com\/wp-content\/uploads\/2025\/10\/mrc-30ml-packshot.jpg",465,465,false],"large":["https:\/\/wavexia.com\/wp-content\/uploads\/2025\/10\/mrc-30ml-packshot.jpg",465,465,false],"1536x1536":["https:\/\/wavexia.com\/wp-content\/uploads\/2025\/10\/mrc-30ml-packshot.jpg",465,465,false],"2048x2048":["https:\/\/wavexia.com\/wp-content\/uploads\/2025\/10\/mrc-30ml-packshot.jpg",465,465,false],"woocommerce_archive_thumbnail":["https:\/\/wavexia.com\/wp-content\/uploads\/2025\/10\/mrc-30ml-packshot-300x300.jpg",300,300,true],"woocommerce_thumbnail":["https:\/\/wavexia.com\/wp-content\/uploads\/2025\/10\/mrc-30ml-packshot-300x300.jpg",300,300,true],"woocommerce_single":["https:\/\/wavexia.com\/wp-content\/uploads\/2025\/10\/mrc-30ml-packshot.jpg",465,465,false],"woocommerce_gallery_thumbnail":["https:\/\/wavexia.com\/wp-content\/uploads\/2025\/10\/mrc-30ml-packshot-100x100.jpg",100,100,true]},"uagb_author_info":{"display_name":"zineddine.ayoub98@gmail.com","author_link":"https:\/\/wavexia.com\/?author=0"},"uagb_comment_info":0,"uagb_excerpt":"Description Kiehl\u2019s Midnight Recovery Concentrate 30ml&nbsp;est un s\u00e9rum facial r\u00e9parateur con\u00e7u pour une application nocturne, formul\u00e9 avec des huiles botaniques et essentielles. Ce produit est&nbsp;adapt\u00e9 \u00e0 tous les types de peau&nbsp;et a pour objectif de&nbsp;restaurer la peau pendant le sommeil. Le s\u00e9rum contribue \u00e0 : Renforcer la barri\u00e8re cutan\u00e9e&nbsp;et \u00e0 remplir les espaces intracellulaires. Faciliter&hellip;","brands":[],"_links":{"self":[{"href":"https:\/\/wavexia.com\/index.php?rest_route=\/wp\/v2\/product\/5297","targetHints":{"allow":["GET"]}}],"collection":[{"href":"https:\/\/wavexia.com\/index.php?rest_route=\/wp\/v2\/product"}],"about":[{"href":"https:\/\/wavexia.com\/index.php?rest_route=\/wp\/v2\/types\/product"}],"replies":[{"embeddable":true,"href":"https:\/\/wavexia.com\/index.php?rest_route=%2Fwp%2Fv2%2Fcomments&post=5297"}],"wp:featuredmedia":[{"embeddable":true,"href":"https:\/\/wavexia.com\/index.php?rest_route=\/wp\/v2\/media\/5296"}],"wp:attachment":[{"href":"https:\/\/wavexia.com\/index.php?rest_route=%2Fwp%2Fv2%2Fmedia&parent=5297"}],"wp:term":[{"taxonomy":"pwb-brand","embeddable":true,"href":"https:\/\/wavexia.com\/index.php?rest_route=%2Fwp%2Fv2%2Fpwb-brand&post=5297"},{"taxonomy":"product_brand","embeddable":true,"href":"https:\/\/wavexia.com\/index.php?rest_route=%2Fwp%2Fv2%2Fproduct_brand&post=5297"},{"taxonomy":"product_cat","embeddable":true,"href":"https:\/\/wavexia.com\/index.php?rest_route=%2Fwp%2Fv2%2Fproduct_cat&post=5297"},{"taxonomy":"product_tag","embeddable":true,"href":"https:\/\/wavexia.com\/index.php?rest_route=%2Fwp%2Fv2%2Fproduct_tag&post=5297"}],"curies":[{"name":"wp","href":"https:\/\/api.w.org\/{rel}","templated":true}]}}