{"id":5293,"date":"2025-10-19T09:18:32","date_gmt":"2025-10-19T09:18:32","guid":{"rendered":"https:\/\/wavexia.com\/product\/kiehls-avocado-nourishing-hydration-mask-25g\/"},"modified":"2026-03-10T07:31:09","modified_gmt":"2026-03-10T07:31:09","slug":"kiehls-avocado-nourishing-hydration-mask-25g","status":"publish","type":"product","link":"https:\/\/wavexia.com\/?product=kiehls-avocado-nourishing-hydration-mask-25g","title":{"rendered":"Kiehl\u2019s Avocado Nourishing Hydration Mask 25g"},"content":{"rendered":"<h2>Description<\/h2>\n<p>Un masque facial \u00e0 l\u2019avocat riche et cr\u00e9meux avec l\u2019hydratation dont votre peau a besoin. Formul\u00e9 avec de l\u2019extrait de fruit d\u2019avocat, de l\u2019huile d\u2019avocat et de l\u2019huile d\u2019onagre, ce masque laisse la peau nourrie tout en aidant \u00e0 pr\u00e9venir la perte d\u2019eau en scellant l\u2019hydratation. Avec une texture unique et riche inspir\u00e9e d\u2019un avocat frais et m\u00fbr, notre masque hydratant pour le visage laisse la peau douce et r\u00e9g\u00e9n\u00e9r\u00e9e.<\/p>\n<p>Sans paraben et sans parfum.<\/p>\n<h5>les avantages:<\/h5>\n<ul>\n<li>Laisse la peau plus douce et hydrat\u00e9e en seulement 15 minutes*<\/li>\n<li>Revitalise la peau avec une hydratation cr\u00e9meuse addictive<\/li>\n<li>Laisse la peau souple, r\u00e9g\u00e9n\u00e9r\u00e9e et nourrie<\/li>\n<li>Sans parfum<\/li>\n<\/ul>\n<h5>mode d\u2019emploi:<\/h5>\n<ul>\n<li>Apr\u00e8s le nettoyage, pr\u00e9levez une quantit\u00e9 g\u00e9n\u00e9reuse de masque facial \u00e0 l\u2019avocat<\/li>\n<li>Appliquez la formule riche et unique entre le bout des doigts jusqu\u2019\u00e0 ce qu\u2019elle soit lisse et cr\u00e9meuse<\/li>\n<li>Appliquer une couche \u00e9paisse et visible sur la peau propre<\/li>\n<li>Laisser agir 15 minutes<\/li>\n<li>Rincer \u00e0 l\u2019eau ti\u00e8de et masser doucement en mouvements circulaires<\/li>\n<li>\n<h5>S\u00e9chez avec une serviette douce<\/h5>\n<\/li>\n<li>Tenir hors des yeux<\/li>\n<li>Recommand\u00e9 pour une utilisation 3 fois par semaine<\/li>\n<li>Essayez notre&nbsp;<a tabindex=\"0\" href=\"https:\/\/www.kiehls.com\/skincare\/eye-creams-and-serums\/avocado-eye-cream\/258.html\">cr\u00e8me pour les yeux \u00e0 l\u2019avocat la plus vendue&nbsp;<\/a>comme masque pour les yeux en lissant sur une couche visible et en tapotant l\u2019exc\u00e9dent jusqu\u2019\u00e0 ce qu\u2019il p\u00e9n\u00e8tre<\/li>\n<\/ul>\n<h5>ingr\u00e9dients:<\/h5>\n<p>Aqua\/eau, glyc\u00e9rine, triglyc\u00e9ride caprylique\/caprique, bis-diglyc\u00e9ryl polyacyladipate-2, squalane, palmitate d\u2019\u00e9thylhexyle, alcool c\u00e9t\u00e9arylique, esters c\u00e9tyliques, propanediol, huile d\u2019Oenothera Biennis\/ huile d\u2019onagre, beurre de Butyrospermum Parkii \/ beurre de karit\u00e9, st\u00e9arate de PEG-100, st\u00e9arate de glyc\u00e9ryle, huile de Persea Gratissima \/ huile d\u2019avocat, beurre de graines de Theobroma grandiflorum, extrait de fruit de Persea Gratissima \/ extrait de fruit d\u2019avocat, bentonite, ph\u00e9noxy\u00e9thanol, gomme gellane, caprylyl glycol, feuille de Melia Azadirachta Exract, CI 77492\/Oxydes de fer, Chlorure de sodium, CI 77288\/ Feuilles d\u2019oxyde de chrome, Sulfate de magn\u00e9sium, Ac\u00e9tate de tocoph\u00e9ryle, \u00c9thylhexylglyc\u00e9rine, Extrait de fleur de Melia Azadirachta, CI 77163 \/ Oxychlorure de bismuth, Mica, Caramel, Tocoph\u00e9rol, Huile de graines d\u2019Helianthus Annuus \/ Huile de graines de tournesol, Acide citrique.<\/p>\n<p>&nbsp;<\/p>\n","protected":false},"excerpt":{"rendered":"<p>Description Un masque facial \u00e0 l\u2019avocat riche et cr\u00e9meux avec l\u2019hydratation dont votre peau a besoin. Formul\u00e9 avec de l\u2019extrait de fruit d\u2019avocat, de l\u2019huile d\u2019avocat et de l\u2019huile d\u2019onagre, ce masque laisse la peau nourrie tout en aidant \u00e0 pr\u00e9venir la perte d\u2019eau en scellant l\u2019hydratation. Avec une texture unique et riche inspir\u00e9e d\u2019un [&hellip;]<\/p>\n","protected":false},"featured_media":5292,"comment_status":"open","ping_status":"closed","template":"","meta":{"content-type":"","_uag_custom_page_level_css":""},"pwb-brand":[],"product_brand":[],"product_cat":[429,329],"product_tag":[],"class_list":{"0":"post-5293","1":"product","2":"type-product","3":"status-publish","4":"has-post-thumbnail","6":"product_cat-kiehls","7":"product_cat-produits-americains","9":"first","10":"instock","11":"sale","12":"shipping-taxable","13":"purchasable","14":"product-type-simple"},"aioseo_notices":[],"uagb_featured_image_src":{"full":["https:\/\/wavexia.com\/wp-content\/uploads\/2025\/10\/kiehls-face-mask-avocado-nourishing-hydration-mask-28g-000-3605971937897-whip.webp",698,698,false],"thumbnail":["https:\/\/wavexia.com\/wp-content\/uploads\/2025\/10\/kiehls-face-mask-avocado-nourishing-hydration-mask-28g-000-3605971937897-whip-150x150.webp",150,150,true],"medium":["https:\/\/wavexia.com\/wp-content\/uploads\/2025\/10\/kiehls-face-mask-avocado-nourishing-hydration-mask-28g-000-3605971937897-whip-300x300.webp",300,300,true],"medium_large":["https:\/\/wavexia.com\/wp-content\/uploads\/2025\/10\/kiehls-face-mask-avocado-nourishing-hydration-mask-28g-000-3605971937897-whip.webp",698,698,false],"large":["https:\/\/wavexia.com\/wp-content\/uploads\/2025\/10\/kiehls-face-mask-avocado-nourishing-hydration-mask-28g-000-3605971937897-whip.webp",698,698,false],"1536x1536":["https:\/\/wavexia.com\/wp-content\/uploads\/2025\/10\/kiehls-face-mask-avocado-nourishing-hydration-mask-28g-000-3605971937897-whip.webp",698,698,false],"2048x2048":["https:\/\/wavexia.com\/wp-content\/uploads\/2025\/10\/kiehls-face-mask-avocado-nourishing-hydration-mask-28g-000-3605971937897-whip.webp",698,698,false],"woocommerce_archive_thumbnail":["https:\/\/wavexia.com\/wp-content\/uploads\/2025\/10\/kiehls-face-mask-avocado-nourishing-hydration-mask-28g-000-3605971937897-whip-300x300.webp",300,300,true],"woocommerce_thumbnail":["https:\/\/wavexia.com\/wp-content\/uploads\/2025\/10\/kiehls-face-mask-avocado-nourishing-hydration-mask-28g-000-3605971937897-whip-300x300.webp",300,300,true],"woocommerce_single":["https:\/\/wavexia.com\/wp-content\/uploads\/2025\/10\/kiehls-face-mask-avocado-nourishing-hydration-mask-28g-000-3605971937897-whip-600x600.webp",600,600,true],"woocommerce_gallery_thumbnail":["https:\/\/wavexia.com\/wp-content\/uploads\/2025\/10\/kiehls-face-mask-avocado-nourishing-hydration-mask-28g-000-3605971937897-whip-100x100.webp",100,100,true]},"uagb_author_info":{"display_name":"zineddine.ayoub98@gmail.com","author_link":"https:\/\/wavexia.com\/?author=0"},"uagb_comment_info":0,"uagb_excerpt":"Description Un masque facial \u00e0 l\u2019avocat riche et cr\u00e9meux avec l\u2019hydratation dont votre peau a besoin. Formul\u00e9 avec de l\u2019extrait de fruit d\u2019avocat, de l\u2019huile d\u2019avocat et de l\u2019huile d\u2019onagre, ce masque laisse la peau nourrie tout en aidant \u00e0 pr\u00e9venir la perte d\u2019eau en scellant l\u2019hydratation. Avec une texture unique et riche inspir\u00e9e d\u2019un&hellip;","brands":[],"_links":{"self":[{"href":"https:\/\/wavexia.com\/index.php?rest_route=\/wp\/v2\/product\/5293","targetHints":{"allow":["GET"]}}],"collection":[{"href":"https:\/\/wavexia.com\/index.php?rest_route=\/wp\/v2\/product"}],"about":[{"href":"https:\/\/wavexia.com\/index.php?rest_route=\/wp\/v2\/types\/product"}],"replies":[{"embeddable":true,"href":"https:\/\/wavexia.com\/index.php?rest_route=%2Fwp%2Fv2%2Fcomments&post=5293"}],"wp:featuredmedia":[{"embeddable":true,"href":"https:\/\/wavexia.com\/index.php?rest_route=\/wp\/v2\/media\/5292"}],"wp:attachment":[{"href":"https:\/\/wavexia.com\/index.php?rest_route=%2Fwp%2Fv2%2Fmedia&parent=5293"}],"wp:term":[{"taxonomy":"pwb-brand","embeddable":true,"href":"https:\/\/wavexia.com\/index.php?rest_route=%2Fwp%2Fv2%2Fpwb-brand&post=5293"},{"taxonomy":"product_brand","embeddable":true,"href":"https:\/\/wavexia.com\/index.php?rest_route=%2Fwp%2Fv2%2Fproduct_brand&post=5293"},{"taxonomy":"product_cat","embeddable":true,"href":"https:\/\/wavexia.com\/index.php?rest_route=%2Fwp%2Fv2%2Fproduct_cat&post=5293"},{"taxonomy":"product_tag","embeddable":true,"href":"https:\/\/wavexia.com\/index.php?rest_route=%2Fwp%2Fv2%2Fproduct_tag&post=5293"}],"curies":[{"name":"wp","href":"https:\/\/api.w.org\/{rel}","templated":true}]}}