{"id":5288,"date":"2025-10-19T09:18:29","date_gmt":"2025-10-19T09:18:29","guid":{"rendered":"https:\/\/wavexia.com\/product\/kiehls-creamy-eye-treatment-with-avocado-14ml\/"},"modified":"2026-03-10T07:31:09","modified_gmt":"2026-03-10T07:31:09","slug":"kiehls-creamy-eye-treatment-with-avocado-14ml","status":"publish","type":"product","link":"https:\/\/wavexia.com\/?product=kiehls-creamy-eye-treatment-with-avocado-14ml","title":{"rendered":"Kiehl\u2019s Creamy Eye Treatment With Avocado 14ml"},"content":{"rendered":"<h2>Description<\/h2>\n<p>Ce soin contour des yeux riche et cr\u00e9meux \u00e0 l\u2019huile d\u2019avocat hydrate et nourrit en douceur la zone d\u00e9licate du contour des yeux. La texture unique et concentr\u00e9e fond d\u00e8s son application, cette formule cr\u00e9meuse est l\u2019une des pr\u00e9f\u00e9r\u00e9es de la communaut\u00e9 Kiehl\u2019s.<\/p>\n<div id=\"accordion-content-whatitsgoodfor\" class=\"c-accordion__content m-initialized\" role=\"region\" aria-labelledby=\"accordion-title-whatitsgoodfor\" data-js-accordion-container=\"\" aria-hidden=\"false\" data-js-scroll-height=\"207\">\n<div class=\"c-content-tile__description\">\n<ul>\n<li>Hydrate et nourrit le contour sensible de l\u2019\u0153il<\/li>\n<li>Att\u00e9nue les rides et ridules li\u00e9es \u00e0 la d\u00e9shydratation de cette zone fragile<\/li>\n<li>La formule concentr\u00e9e unique ne migre pas dans les yeux<\/li>\n<li>Test\u00e9e par des ophtalmologistes et des dermatologues<\/li>\n<li>Pour tous les types de peau, y compris les peaux sensibles<\/li>\n<\/ul>\n<h3><strong>Ingr\u00e9dients :<\/strong><\/h3>\n<div class=\"c-content-tile__description h-text-size-16\">AQUA \/ WATER,BUTYROSPERMUM PARKII BUTTER \/ SHEA BUTTER,BUTYLENE GLYCOL,TRIDECYL STEARATE,PEG-30 DIPOLYHYDROXYSTEARATE,ISODECYL SALICYLATE,TRIDECYL TRIMELLITATE,PERSEA GRATISSIMA OIL \/ AVOCADO OIL,ISOCETYL STEAROYL STEARATE,PROPYLENE GLYCOL,DIPENTAERYTHRITYL HEXACAPRYLATE\/HEXACAPRATE,SORBITAN SESQUIOLEATE,MAGNESIUM SULFATE,HYDROGENATED CASTOR OIL,SODIUM PCA,PHENOXYETHANOL,CHLORPHENESIN,HYDROGENATED JOJOBA OIL,P-ANISIC ACID,TOCOPHERYL ACETATE,ISOPROPYL PALMITATE,DISODIUM EDTA,COPPER PCA,HELIANTHUS ANNUUS SEED OIL \/ SUNFLOWER SEED OIL,CI 40800 \/ BETA-CAROTENE,CITRIC ACID<\/div>\n<div><\/div>\n<div><\/div>\n<\/div>\n<\/div>\n","protected":false},"excerpt":{"rendered":"<p>Description Ce soin contour des yeux riche et cr\u00e9meux \u00e0 l\u2019huile d\u2019avocat hydrate et nourrit en douceur la zone d\u00e9licate du contour des yeux. La texture unique et concentr\u00e9e fond d\u00e8s son application, cette formule cr\u00e9meuse est l\u2019une des pr\u00e9f\u00e9r\u00e9es de la communaut\u00e9 Kiehl\u2019s. Hydrate et nourrit le contour sensible de l\u2019\u0153il Att\u00e9nue les rides [&hellip;]<\/p>\n","protected":false},"featured_media":5287,"comment_status":"open","ping_status":"closed","template":"","meta":{"content-type":"","_uag_custom_page_level_css":""},"pwb-brand":[],"product_brand":[],"product_cat":[352,429,329],"product_tag":[],"class_list":{"0":"post-5288","1":"product","2":"type-product","3":"status-publish","4":"has-post-thumbnail","6":"product_cat-contour-des-yeux","7":"product_cat-kiehls","8":"product_cat-produits-americains","10":"first","11":"instock","12":"sale","13":"shipping-taxable","14":"purchasable","15":"product-type-simple"},"aioseo_notices":[],"uagb_featured_image_src":{"full":["https:\/\/wavexia.com\/wp-content\/uploads\/2025\/10\/Sanstitre_1000x1000px_841x1189mm_2000x2500px_7_b17b3b6b-a744-4e59-904d-80d81df1665e.webp",1500,1500,false],"thumbnail":["https:\/\/wavexia.com\/wp-content\/uploads\/2025\/10\/Sanstitre_1000x1000px_841x1189mm_2000x2500px_7_b17b3b6b-a744-4e59-904d-80d81df1665e-150x150.webp",150,150,true],"medium":["https:\/\/wavexia.com\/wp-content\/uploads\/2025\/10\/Sanstitre_1000x1000px_841x1189mm_2000x2500px_7_b17b3b6b-a744-4e59-904d-80d81df1665e-300x300.webp",300,300,true],"medium_large":["https:\/\/wavexia.com\/wp-content\/uploads\/2025\/10\/Sanstitre_1000x1000px_841x1189mm_2000x2500px_7_b17b3b6b-a744-4e59-904d-80d81df1665e-768x768.webp",768,768,true],"large":["https:\/\/wavexia.com\/wp-content\/uploads\/2025\/10\/Sanstitre_1000x1000px_841x1189mm_2000x2500px_7_b17b3b6b-a744-4e59-904d-80d81df1665e-1024x1024.webp",1024,1024,true],"1536x1536":["https:\/\/wavexia.com\/wp-content\/uploads\/2025\/10\/Sanstitre_1000x1000px_841x1189mm_2000x2500px_7_b17b3b6b-a744-4e59-904d-80d81df1665e.webp",1500,1500,false],"2048x2048":["https:\/\/wavexia.com\/wp-content\/uploads\/2025\/10\/Sanstitre_1000x1000px_841x1189mm_2000x2500px_7_b17b3b6b-a744-4e59-904d-80d81df1665e.webp",1500,1500,false],"woocommerce_archive_thumbnail":["https:\/\/wavexia.com\/wp-content\/uploads\/2025\/10\/Sanstitre_1000x1000px_841x1189mm_2000x2500px_7_b17b3b6b-a744-4e59-904d-80d81df1665e-300x300.webp",300,300,true],"woocommerce_thumbnail":["https:\/\/wavexia.com\/wp-content\/uploads\/2025\/10\/Sanstitre_1000x1000px_841x1189mm_2000x2500px_7_b17b3b6b-a744-4e59-904d-80d81df1665e-300x300.webp",300,300,true],"woocommerce_single":["https:\/\/wavexia.com\/wp-content\/uploads\/2025\/10\/Sanstitre_1000x1000px_841x1189mm_2000x2500px_7_b17b3b6b-a744-4e59-904d-80d81df1665e-600x600.webp",600,600,true],"woocommerce_gallery_thumbnail":["https:\/\/wavexia.com\/wp-content\/uploads\/2025\/10\/Sanstitre_1000x1000px_841x1189mm_2000x2500px_7_b17b3b6b-a744-4e59-904d-80d81df1665e-100x100.webp",100,100,true]},"uagb_author_info":{"display_name":"zineddine.ayoub98@gmail.com","author_link":"https:\/\/wavexia.com\/?author=0"},"uagb_comment_info":0,"uagb_excerpt":"Description Ce soin contour des yeux riche et cr\u00e9meux \u00e0 l\u2019huile d\u2019avocat hydrate et nourrit en douceur la zone d\u00e9licate du contour des yeux. La texture unique et concentr\u00e9e fond d\u00e8s son application, cette formule cr\u00e9meuse est l\u2019une des pr\u00e9f\u00e9r\u00e9es de la communaut\u00e9 Kiehl\u2019s. Hydrate et nourrit le contour sensible de l\u2019\u0153il Att\u00e9nue les rides&hellip;","brands":[],"_links":{"self":[{"href":"https:\/\/wavexia.com\/index.php?rest_route=\/wp\/v2\/product\/5288","targetHints":{"allow":["GET"]}}],"collection":[{"href":"https:\/\/wavexia.com\/index.php?rest_route=\/wp\/v2\/product"}],"about":[{"href":"https:\/\/wavexia.com\/index.php?rest_route=\/wp\/v2\/types\/product"}],"replies":[{"embeddable":true,"href":"https:\/\/wavexia.com\/index.php?rest_route=%2Fwp%2Fv2%2Fcomments&post=5288"}],"wp:featuredmedia":[{"embeddable":true,"href":"https:\/\/wavexia.com\/index.php?rest_route=\/wp\/v2\/media\/5287"}],"wp:attachment":[{"href":"https:\/\/wavexia.com\/index.php?rest_route=%2Fwp%2Fv2%2Fmedia&parent=5288"}],"wp:term":[{"taxonomy":"pwb-brand","embeddable":true,"href":"https:\/\/wavexia.com\/index.php?rest_route=%2Fwp%2Fv2%2Fpwb-brand&post=5288"},{"taxonomy":"product_brand","embeddable":true,"href":"https:\/\/wavexia.com\/index.php?rest_route=%2Fwp%2Fv2%2Fproduct_brand&post=5288"},{"taxonomy":"product_cat","embeddable":true,"href":"https:\/\/wavexia.com\/index.php?rest_route=%2Fwp%2Fv2%2Fproduct_cat&post=5288"},{"taxonomy":"product_tag","embeddable":true,"href":"https:\/\/wavexia.com\/index.php?rest_route=%2Fwp%2Fv2%2Fproduct_tag&post=5288"}],"curies":[{"name":"wp","href":"https:\/\/api.w.org\/{rel}","templated":true}]}}