{"id":5286,"date":"2025-10-19T09:18:28","date_gmt":"2025-10-19T09:18:28","guid":{"rendered":"https:\/\/wavexia.com\/product\/the-skin-dr-creme-visage-acide-hyaluronique-ceramide-complexe-75ml\/"},"modified":"2026-03-10T07:31:09","modified_gmt":"2026-03-10T07:31:09","slug":"the-skin-dr-creme-visage-acide-hyaluronique-ceramide-complexe-75ml","status":"publish","type":"product","link":"https:\/\/wavexia.com\/?product=the-skin-dr-creme-visage-acide-hyaluronique-ceramide-complexe-75ml","title":{"rendered":"The Skin dr. Creme Visage Acide Hyaluronique + Ceramide Complexe 75mL"},"content":{"rendered":"<h2>Description<\/h2>\n<h5>Cr\u00e8me Visage Acide Hyaluronique + C\u00e9ramide Complexe 75mL The Skin dr.<\/h5>\n<p>Cette cr\u00e8me pour le visage \u00e0 l\u2019acide hyaluronique et au complexe de c\u00e9ramides prot\u00e8ge efficacement la barri\u00e8re cutan\u00e9e tout en maintenant une hydratation optimale. Approuv\u00e9e dermatologiquement, sa formule vegan est exempte de parfum, offrant ainsi une solution douce et nourrissante pour tous les types de peau.<\/p>\n<h5>CONSEILS D\u2019UTILISATION<\/h5>\n<p>Appliquer matin et soir sur le visage nettoy\u00e9.<\/p>\n","protected":false},"excerpt":{"rendered":"<p>Description Cr\u00e8me Visage Acide Hyaluronique + C\u00e9ramide Complexe 75mL The Skin dr. Cette cr\u00e8me pour le visage \u00e0 l\u2019acide hyaluronique et au complexe de c\u00e9ramides prot\u00e8ge efficacement la barri\u00e8re cutan\u00e9e tout en maintenant une hydratation optimale. Approuv\u00e9e dermatologiquement, sa formule vegan est exempte de parfum, offrant ainsi une solution douce et nourrissante pour tous les [&hellip;]<\/p>\n","protected":false},"featured_media":5285,"comment_status":"open","ping_status":"closed","template":"","meta":{"content-type":"","_uag_custom_page_level_css":""},"pwb-brand":[],"product_brand":[],"product_cat":[324,329],"product_tag":[],"class_list":{"0":"post-5286","1":"product","2":"type-product","3":"status-publish","4":"has-post-thumbnail","6":"product_cat-creme","7":"product_cat-produits-americains","9":"first","10":"instock","11":"shipping-taxable","12":"purchasable","13":"product-type-simple"},"aioseo_notices":[],"uagb_featured_image_src":{"full":["https:\/\/wavexia.com\/wp-content\/uploads\/2025\/10\/creme-visage-acide-hyaluronique-ceramide-complexe-75ml-the-skin-dr.webp",600,600,false],"thumbnail":["https:\/\/wavexia.com\/wp-content\/uploads\/2025\/10\/creme-visage-acide-hyaluronique-ceramide-complexe-75ml-the-skin-dr-150x150.webp",150,150,true],"medium":["https:\/\/wavexia.com\/wp-content\/uploads\/2025\/10\/creme-visage-acide-hyaluronique-ceramide-complexe-75ml-the-skin-dr-300x300.webp",300,300,true],"medium_large":["https:\/\/wavexia.com\/wp-content\/uploads\/2025\/10\/creme-visage-acide-hyaluronique-ceramide-complexe-75ml-the-skin-dr.webp",600,600,false],"large":["https:\/\/wavexia.com\/wp-content\/uploads\/2025\/10\/creme-visage-acide-hyaluronique-ceramide-complexe-75ml-the-skin-dr.webp",600,600,false],"1536x1536":["https:\/\/wavexia.com\/wp-content\/uploads\/2025\/10\/creme-visage-acide-hyaluronique-ceramide-complexe-75ml-the-skin-dr.webp",600,600,false],"2048x2048":["https:\/\/wavexia.com\/wp-content\/uploads\/2025\/10\/creme-visage-acide-hyaluronique-ceramide-complexe-75ml-the-skin-dr.webp",600,600,false],"woocommerce_archive_thumbnail":["https:\/\/wavexia.com\/wp-content\/uploads\/2025\/10\/creme-visage-acide-hyaluronique-ceramide-complexe-75ml-the-skin-dr-300x300.webp",300,300,true],"woocommerce_thumbnail":["https:\/\/wavexia.com\/wp-content\/uploads\/2025\/10\/creme-visage-acide-hyaluronique-ceramide-complexe-75ml-the-skin-dr-300x300.webp",300,300,true],"woocommerce_single":["https:\/\/wavexia.com\/wp-content\/uploads\/2025\/10\/creme-visage-acide-hyaluronique-ceramide-complexe-75ml-the-skin-dr.webp",600,600,false],"woocommerce_gallery_thumbnail":["https:\/\/wavexia.com\/wp-content\/uploads\/2025\/10\/creme-visage-acide-hyaluronique-ceramide-complexe-75ml-the-skin-dr-100x100.webp",100,100,true]},"uagb_author_info":{"display_name":"zineddine.ayoub98@gmail.com","author_link":"https:\/\/wavexia.com\/?author=0"},"uagb_comment_info":0,"uagb_excerpt":"Description Cr\u00e8me Visage Acide Hyaluronique + C\u00e9ramide Complexe 75mL The Skin dr. Cette cr\u00e8me pour le visage \u00e0 l\u2019acide hyaluronique et au complexe de c\u00e9ramides prot\u00e8ge efficacement la barri\u00e8re cutan\u00e9e tout en maintenant une hydratation optimale. Approuv\u00e9e dermatologiquement, sa formule vegan est exempte de parfum, offrant ainsi une solution douce et nourrissante pour tous les&hellip;","brands":[],"_links":{"self":[{"href":"https:\/\/wavexia.com\/index.php?rest_route=\/wp\/v2\/product\/5286","targetHints":{"allow":["GET"]}}],"collection":[{"href":"https:\/\/wavexia.com\/index.php?rest_route=\/wp\/v2\/product"}],"about":[{"href":"https:\/\/wavexia.com\/index.php?rest_route=\/wp\/v2\/types\/product"}],"replies":[{"embeddable":true,"href":"https:\/\/wavexia.com\/index.php?rest_route=%2Fwp%2Fv2%2Fcomments&post=5286"}],"wp:featuredmedia":[{"embeddable":true,"href":"https:\/\/wavexia.com\/index.php?rest_route=\/wp\/v2\/media\/5285"}],"wp:attachment":[{"href":"https:\/\/wavexia.com\/index.php?rest_route=%2Fwp%2Fv2%2Fmedia&parent=5286"}],"wp:term":[{"taxonomy":"pwb-brand","embeddable":true,"href":"https:\/\/wavexia.com\/index.php?rest_route=%2Fwp%2Fv2%2Fpwb-brand&post=5286"},{"taxonomy":"product_brand","embeddable":true,"href":"https:\/\/wavexia.com\/index.php?rest_route=%2Fwp%2Fv2%2Fproduct_brand&post=5286"},{"taxonomy":"product_cat","embeddable":true,"href":"https:\/\/wavexia.com\/index.php?rest_route=%2Fwp%2Fv2%2Fproduct_cat&post=5286"},{"taxonomy":"product_tag","embeddable":true,"href":"https:\/\/wavexia.com\/index.php?rest_route=%2Fwp%2Fv2%2Fproduct_tag&post=5286"}],"curies":[{"name":"wp","href":"https:\/\/api.w.org\/{rel}","templated":true}]}}