{"id":5284,"date":"2025-10-19T09:18:27","date_gmt":"2025-10-19T09:18:27","guid":{"rendered":"https:\/\/wavexia.com\/product\/summers-eve-ultra-daily-performance-spray\/"},"modified":"2026-03-10T07:31:09","modified_gmt":"2026-03-10T07:31:09","slug":"summers-eve-ultra-daily-performance-spray","status":"publish","type":"product","link":"https:\/\/wavexia.com\/?product=summers-eve-ultra-daily-performance-spray","title":{"rendered":"Summer\u2019s Eve Ultra Daily Performance Spray"},"content":{"rendered":"<h2>Description<\/h2>\n<p>D\u00e9couvrez une fra\u00eecheur qui vous aide \u00e0 vous sentir pr\u00eat chaque jour. Le vaporisateur Summer\u2019s Eve\u00ae Ultra\u00ae est parfait pour vous donner un coup de pouce de fra\u00eecheur suppl\u00e9mentaire quand vous en avez besoin. Respecte le pH naturel de votre corps et con\u00e7u sp\u00e9cialement pour votre style de vie actif.<\/p>\n<ul>\n<li>Produit non test\u00e9 sur les animaux \u2764\ufe0f<\/li>\n<li>Niveau de parfum compar\u00e9 \u00e0 d\u2019autres vaporisateurs Summer\u2019s Eve\u00ae<\/li>\n<li>Le parfum Ultra\u00ae s\u2019inspire des notes aromatiques fra\u00eeches et des florales rafra\u00eechissantes.<\/li>\n<\/ul>\n<p><strong>Mode d\u2019emploi :<\/strong><\/p>\n<ul>\n<li>Utilisez quotidiennement ou pour une retouche rapide.<\/li>\n<li>Agitez bien, retirez le bouchon.<\/li>\n<li>Tenez le vaporisateur \u00e0 au moins 20 cm de distance et vaporisez sur la zone vaginale externe.<\/li>\n<li>Pour une fra\u00eecheur suppl\u00e9mentaire, vaporisez sur vos sous-v\u00eatements et prot\u00e8ge-slips.<\/li>\n<li>R\u00e9p\u00e9tez au besoin pour vous sentir fra\u00eeche comme apr\u00e8s une douche toute la journ\u00e9e.<\/li>\n<\/ul>\n<p><strong>Pr\u00e9cautions d\u2019emploi :<\/strong><\/p>\n<ul>\n<li><strong>ATTENTION :<\/strong>&nbsp;INFLAMMABLE. Ne pas utiliser pr\u00e8s du feu, de la flamme ou des \u00e9tincelles. \u00c9vitez de vaporiser dans les yeux. Contenu sous pression. Ne pas perforer ni incin\u00e9rer. Ne pas entreposer \u00e0 une temp\u00e9rature sup\u00e9rieure \u00e0 50\u00b0C. Tenir hors de port\u00e9e des enfants. Utiliser uniquement comme indiqu\u00e9. Un usage abusif intentionnel en concentrant d\u00e9lib\u00e9r\u00e9ment et en inhalant le contenu peut \u00eatre nocif voire fatal.<\/li>\n<li><strong>ATTENTION :<\/strong>&nbsp;POUR USAGE EXTERNE UNIQUEMENT. Vaporisez \u00e0 au moins 20 cm de la peau. Ne pas appliquer sur une peau \u00e9rafl\u00e9e, irrit\u00e9e ou prurigineuse. Une odeur ou un \u00e9coulement persistant et inhabituel peut indiquer des conditions pour lesquelles un m\u00e9decin devrait \u00eatre consult\u00e9. Cesser imm\u00e9diatement l\u2019utilisation en cas de rougeur, d\u2019irritation ou d\u2019inconfort.<\/li>\n<\/ul>\n","protected":false},"excerpt":{"rendered":"<p>Description D\u00e9couvrez une fra\u00eecheur qui vous aide \u00e0 vous sentir pr\u00eat chaque jour. Le vaporisateur Summer\u2019s Eve\u00ae Ultra\u00ae est parfait pour vous donner un coup de pouce de fra\u00eecheur suppl\u00e9mentaire quand vous en avez besoin. Respecte le pH naturel de votre corps et con\u00e7u sp\u00e9cialement pour votre style de vie actif. Produit non test\u00e9 sur [&hellip;]<\/p>\n","protected":false},"featured_media":5283,"comment_status":"open","ping_status":"closed","template":"","meta":{"content-type":"","_uag_custom_page_level_css":""},"pwb-brand":[],"product_brand":[],"product_cat":[322,329],"product_tag":[],"class_list":{"0":"post-5284","1":"product","2":"type-product","3":"status-publish","4":"has-post-thumbnail","6":"product_cat-corps-bain","7":"product_cat-produits-americains","9":"first","10":"instock","11":"sale","12":"shipping-taxable","13":"purchasable","14":"product-type-simple"},"aioseo_notices":[],"uagb_featured_image_src":{"full":["https:\/\/wavexia.com\/wp-content\/uploads\/2025\/10\/summers-eve-ultra-daily-performance-spray-intimate-567g.jpg",1000,1000,false],"thumbnail":["https:\/\/wavexia.com\/wp-content\/uploads\/2025\/10\/summers-eve-ultra-daily-performance-spray-intimate-567g-150x150.jpg",150,150,true],"medium":["https:\/\/wavexia.com\/wp-content\/uploads\/2025\/10\/summers-eve-ultra-daily-performance-spray-intimate-567g-300x300.jpg",300,300,true],"medium_large":["https:\/\/wavexia.com\/wp-content\/uploads\/2025\/10\/summers-eve-ultra-daily-performance-spray-intimate-567g-768x768.jpg",768,768,true],"large":["https:\/\/wavexia.com\/wp-content\/uploads\/2025\/10\/summers-eve-ultra-daily-performance-spray-intimate-567g.jpg",1000,1000,false],"1536x1536":["https:\/\/wavexia.com\/wp-content\/uploads\/2025\/10\/summers-eve-ultra-daily-performance-spray-intimate-567g.jpg",1000,1000,false],"2048x2048":["https:\/\/wavexia.com\/wp-content\/uploads\/2025\/10\/summers-eve-ultra-daily-performance-spray-intimate-567g.jpg",1000,1000,false],"woocommerce_archive_thumbnail":["https:\/\/wavexia.com\/wp-content\/uploads\/2025\/10\/summers-eve-ultra-daily-performance-spray-intimate-567g-300x300.jpg",300,300,true],"woocommerce_thumbnail":["https:\/\/wavexia.com\/wp-content\/uploads\/2025\/10\/summers-eve-ultra-daily-performance-spray-intimate-567g-300x300.jpg",300,300,true],"woocommerce_single":["https:\/\/wavexia.com\/wp-content\/uploads\/2025\/10\/summers-eve-ultra-daily-performance-spray-intimate-567g-600x600.jpg",600,600,true],"woocommerce_gallery_thumbnail":["https:\/\/wavexia.com\/wp-content\/uploads\/2025\/10\/summers-eve-ultra-daily-performance-spray-intimate-567g-100x100.jpg",100,100,true]},"uagb_author_info":{"display_name":"zineddine.ayoub98@gmail.com","author_link":"https:\/\/wavexia.com\/?author=0"},"uagb_comment_info":0,"uagb_excerpt":"Description D\u00e9couvrez une fra\u00eecheur qui vous aide \u00e0 vous sentir pr\u00eat chaque jour. Le vaporisateur Summer\u2019s Eve\u00ae Ultra\u00ae est parfait pour vous donner un coup de pouce de fra\u00eecheur suppl\u00e9mentaire quand vous en avez besoin. Respecte le pH naturel de votre corps et con\u00e7u sp\u00e9cialement pour votre style de vie actif. Produit non test\u00e9 sur&hellip;","brands":[],"_links":{"self":[{"href":"https:\/\/wavexia.com\/index.php?rest_route=\/wp\/v2\/product\/5284","targetHints":{"allow":["GET"]}}],"collection":[{"href":"https:\/\/wavexia.com\/index.php?rest_route=\/wp\/v2\/product"}],"about":[{"href":"https:\/\/wavexia.com\/index.php?rest_route=\/wp\/v2\/types\/product"}],"replies":[{"embeddable":true,"href":"https:\/\/wavexia.com\/index.php?rest_route=%2Fwp%2Fv2%2Fcomments&post=5284"}],"wp:featuredmedia":[{"embeddable":true,"href":"https:\/\/wavexia.com\/index.php?rest_route=\/wp\/v2\/media\/5283"}],"wp:attachment":[{"href":"https:\/\/wavexia.com\/index.php?rest_route=%2Fwp%2Fv2%2Fmedia&parent=5284"}],"wp:term":[{"taxonomy":"pwb-brand","embeddable":true,"href":"https:\/\/wavexia.com\/index.php?rest_route=%2Fwp%2Fv2%2Fpwb-brand&post=5284"},{"taxonomy":"product_brand","embeddable":true,"href":"https:\/\/wavexia.com\/index.php?rest_route=%2Fwp%2Fv2%2Fproduct_brand&post=5284"},{"taxonomy":"product_cat","embeddable":true,"href":"https:\/\/wavexia.com\/index.php?rest_route=%2Fwp%2Fv2%2Fproduct_cat&post=5284"},{"taxonomy":"product_tag","embeddable":true,"href":"https:\/\/wavexia.com\/index.php?rest_route=%2Fwp%2Fv2%2Fproduct_tag&post=5284"}],"curies":[{"name":"wp","href":"https:\/\/api.w.org\/{rel}","templated":true}]}}