{"id":5278,"date":"2025-10-19T09:18:21","date_gmt":"2025-10-19T09:18:21","guid":{"rendered":"https:\/\/wavexia.com\/product\/embryolisse-creme-solaire-spf50-100ml\/"},"modified":"2026-03-10T07:31:09","modified_gmt":"2026-03-10T07:31:09","slug":"embryolisse-creme-solaire-spf50-100ml","status":"publish","type":"product","link":"https:\/\/wavexia.com\/?product=embryolisse-creme-solaire-spf50-100ml","title":{"rendered":"EMBRYOLISSE -Cr\u00e8me Solaire SPF50 \u2013 100ml"},"content":{"rendered":"<h2>Description<\/h2>\n<p>La Cr\u00e8me Solaire SPF 50 et PA++++ Embryolisse prot\u00e8ge la peau du visage et du corps de toute la famille, en offrant une haute protection contre les UVA-UVB,&nbsp;<em>plus respectueuse des oc\u00e9ans et non-\u00e9cotoxique sur les coraux et algues marines<\/em>*.<\/p>\n<p>Une base de formule \u00e0&nbsp;<em>93% d\u2019origine naturelle<\/em>&nbsp;et associ\u00e9e \u00e0 une combinaison de&nbsp;<em>3 filtres organiques derni\u00e8re g\u00e9n\u00e9ration<\/em>, r\u00e9sistante \u00e0 l\u2019eau et aux frictions pour offrir une haute protection aux peaux, m\u00eame sensibles, des adultes et des enfants d\u00e8s 3 ans.<\/p>\n<p>Sa texture cr\u00e8me au fini invisible et satin\u00e9, p\u00e9n\u00e8tre rapidement sans laisser de traces blanches et est non collante.<\/p>\n<p>Une cr\u00e8me solaire vegan, enrichie \u00e0 l\u2019<em>huile de roucou antioxydante<\/em>&nbsp;et en&nbsp;<em>beurre de karit\u00e9 nourrissant<\/em>, pour une peau prot\u00e9g\u00e9e, hydrat\u00e9e imm\u00e9diatement et durablement, un effet bonne mine instantan\u00e9.<\/p>\n<p>Appliquez g\u00e9n\u00e9reusement sur le visage et le corps avant l\u2019exposition solaire. Renouvelez l\u2019application toutes les 2 heures (surtout apr\u00e8s avoir transpir\u00e9, nag\u00e9 ou vous \u00eatre essuy\u00e9).<br \/>\u00c9viter l\u2019exposition aux heures de fort ensoleillement, entre 12h et 16h. Ne pas exposer les b\u00e9b\u00e9s et les jeunes enfants directement au soleil. Porter un T-shirt, des lunettes de soleil et un chapeau lors des expositions.<\/p>\n","protected":false},"excerpt":{"rendered":"<p>Description La Cr\u00e8me Solaire SPF 50 et PA++++ Embryolisse prot\u00e8ge la peau du visage et du corps de toute la famille, en offrant une haute protection contre les UVA-UVB,&nbsp;plus respectueuse des oc\u00e9ans et non-\u00e9cotoxique sur les coraux et algues marines*. Une base de formule \u00e0&nbsp;93% d\u2019origine naturelle&nbsp;et associ\u00e9e \u00e0 une combinaison de&nbsp;3 filtres organiques derni\u00e8re [&hellip;]<\/p>\n","protected":false},"featured_media":5277,"comment_status":"open","ping_status":"closed","template":"","meta":{"content-type":"","_uag_custom_page_level_css":""},"pwb-brand":[],"product_brand":[],"product_cat":[326,329,340],"product_tag":[],"class_list":{"0":"post-5278","1":"product","2":"type-product","3":"status-publish","4":"has-post-thumbnail","6":"product_cat-embryolisse","7":"product_cat-produits-americains","8":"product_cat-protection-solaire","10":"first","11":"instock","12":"shipping-taxable","13":"purchasable","14":"product-type-simple"},"aioseo_notices":[],"uagb_featured_image_src":{"full":["https:\/\/wavexia.com\/wp-content\/uploads\/2025\/10\/IMG_0890.png",350,350,false],"thumbnail":["https:\/\/wavexia.com\/wp-content\/uploads\/2025\/10\/IMG_0890-150x150.png",150,150,true],"medium":["https:\/\/wavexia.com\/wp-content\/uploads\/2025\/10\/IMG_0890-300x300.png",300,300,true],"medium_large":["https:\/\/wavexia.com\/wp-content\/uploads\/2025\/10\/IMG_0890.png",350,350,false],"large":["https:\/\/wavexia.com\/wp-content\/uploads\/2025\/10\/IMG_0890.png",350,350,false],"1536x1536":["https:\/\/wavexia.com\/wp-content\/uploads\/2025\/10\/IMG_0890.png",350,350,false],"2048x2048":["https:\/\/wavexia.com\/wp-content\/uploads\/2025\/10\/IMG_0890.png",350,350,false],"woocommerce_archive_thumbnail":["https:\/\/wavexia.com\/wp-content\/uploads\/2025\/10\/IMG_0890-300x300.png",300,300,true],"woocommerce_thumbnail":["https:\/\/wavexia.com\/wp-content\/uploads\/2025\/10\/IMG_0890-300x300.png",300,300,true],"woocommerce_single":["https:\/\/wavexia.com\/wp-content\/uploads\/2025\/10\/IMG_0890.png",350,350,false],"woocommerce_gallery_thumbnail":["https:\/\/wavexia.com\/wp-content\/uploads\/2025\/10\/IMG_0890-100x100.png",100,100,true]},"uagb_author_info":{"display_name":"zineddine.ayoub98@gmail.com","author_link":"https:\/\/wavexia.com\/?author=0"},"uagb_comment_info":0,"uagb_excerpt":"Description La Cr\u00e8me Solaire SPF 50 et PA++++ Embryolisse prot\u00e8ge la peau du visage et du corps de toute la famille, en offrant une haute protection contre les UVA-UVB,&nbsp;plus respectueuse des oc\u00e9ans et non-\u00e9cotoxique sur les coraux et algues marines*. Une base de formule \u00e0&nbsp;93% d\u2019origine naturelle&nbsp;et associ\u00e9e \u00e0 une combinaison de&nbsp;3 filtres organiques derni\u00e8re&hellip;","brands":[],"_links":{"self":[{"href":"https:\/\/wavexia.com\/index.php?rest_route=\/wp\/v2\/product\/5278","targetHints":{"allow":["GET"]}}],"collection":[{"href":"https:\/\/wavexia.com\/index.php?rest_route=\/wp\/v2\/product"}],"about":[{"href":"https:\/\/wavexia.com\/index.php?rest_route=\/wp\/v2\/types\/product"}],"replies":[{"embeddable":true,"href":"https:\/\/wavexia.com\/index.php?rest_route=%2Fwp%2Fv2%2Fcomments&post=5278"}],"wp:featuredmedia":[{"embeddable":true,"href":"https:\/\/wavexia.com\/index.php?rest_route=\/wp\/v2\/media\/5277"}],"wp:attachment":[{"href":"https:\/\/wavexia.com\/index.php?rest_route=%2Fwp%2Fv2%2Fmedia&parent=5278"}],"wp:term":[{"taxonomy":"pwb-brand","embeddable":true,"href":"https:\/\/wavexia.com\/index.php?rest_route=%2Fwp%2Fv2%2Fpwb-brand&post=5278"},{"taxonomy":"product_brand","embeddable":true,"href":"https:\/\/wavexia.com\/index.php?rest_route=%2Fwp%2Fv2%2Fproduct_brand&post=5278"},{"taxonomy":"product_cat","embeddable":true,"href":"https:\/\/wavexia.com\/index.php?rest_route=%2Fwp%2Fv2%2Fproduct_cat&post=5278"},{"taxonomy":"product_tag","embeddable":true,"href":"https:\/\/wavexia.com\/index.php?rest_route=%2Fwp%2Fv2%2Fproduct_tag&post=5278"}],"curies":[{"name":"wp","href":"https:\/\/api.w.org\/{rel}","templated":true}]}}