{"id":5274,"date":"2025-10-19T09:18:13","date_gmt":"2025-10-19T09:18:13","guid":{"rendered":"https:\/\/wavexia.com\/product\/embryolisse-soin-blush-de-peau-abricot-a-lacide-hyaluronique\/"},"modified":"2026-03-10T07:31:08","modified_gmt":"2026-03-10T07:31:08","slug":"embryolisse-soin-blush-de-peau-abricot-a-lacide-hyaluronique","status":"publish","type":"product","link":"https:\/\/wavexia.com\/?product=embryolisse-soin-blush-de-peau-abricot-a-lacide-hyaluronique","title":{"rendered":"EMBRYOLISSE \u2013 Soin Blush de Peau Abricot \u00e0 l\u2019acide hyaluronique"},"content":{"rendered":"<h2>Description<\/h2>\n<p>Le Soin Blush de Peau Abricot est une cr\u00e8me de jour d\u00e9toxifiante qui s\u2019applique comme un soin hydratant sur tout le visage y compris le contour des yeux pour un teint frais un \u00e9clat naturel en quelques secondes.<\/p>\n<p>Action hydratante et d\u00e9toxifiante<\/p>\n<ul>\n<li>Hydrate et maintient l\u2019\u00e9quilibre hydrique<\/li>\n<li>D\u00e9toxifie et ravive les peaux ternes<\/li>\n<li>Lisse le contour des yeux et att\u00e9nue les traits de fatigue<\/li>\n<li>Fleur de capucine et acide hyaluronique<\/li>\n<\/ul>\n<p>Une bonne mine dor\u00e9e imm\u00e9diate<\/p>\n<ul>\n<li>Visage et contour de l\u2019oeil<\/li>\n<li>Fusionne naturellement avec la peau<\/li>\n<li>R\u00e9sultat instantan\u00e9&nbsp;: apporte une bonne mine dor\u00e9e d\u00e8s l\u2019application<\/li>\n<li>Pigments et nacres<\/li>\n<\/ul>\n","protected":false},"excerpt":{"rendered":"<p>Description Le Soin Blush de Peau Abricot est une cr\u00e8me de jour d\u00e9toxifiante qui s\u2019applique comme un soin hydratant sur tout le visage y compris le contour des yeux pour un teint frais un \u00e9clat naturel en quelques secondes. Action hydratante et d\u00e9toxifiante Hydrate et maintient l\u2019\u00e9quilibre hydrique D\u00e9toxifie et ravive les peaux ternes Lisse [&hellip;]<\/p>\n","protected":false},"featured_media":5273,"comment_status":"open","ping_status":"closed","template":"","meta":{"content-type":"","_uag_custom_page_level_css":""},"pwb-brand":[],"product_brand":[],"product_cat":[324,326,329],"product_tag":[],"class_list":{"0":"post-5274","1":"product","2":"type-product","3":"status-publish","4":"has-post-thumbnail","6":"product_cat-creme","7":"product_cat-embryolisse","8":"product_cat-produits-americains","10":"first","11":"instock","12":"shipping-taxable","13":"purchasable","14":"product-type-simple"},"aioseo_notices":[],"uagb_featured_image_src":{"full":["https:\/\/wavexia.com\/wp-content\/uploads\/2025\/10\/IMG_0894.png",883,883,false],"thumbnail":["https:\/\/wavexia.com\/wp-content\/uploads\/2025\/10\/IMG_0894-150x150.png",150,150,true],"medium":["https:\/\/wavexia.com\/wp-content\/uploads\/2025\/10\/IMG_0894-300x300.png",300,300,true],"medium_large":["https:\/\/wavexia.com\/wp-content\/uploads\/2025\/10\/IMG_0894-768x768.png",768,768,true],"large":["https:\/\/wavexia.com\/wp-content\/uploads\/2025\/10\/IMG_0894.png",883,883,false],"1536x1536":["https:\/\/wavexia.com\/wp-content\/uploads\/2025\/10\/IMG_0894.png",883,883,false],"2048x2048":["https:\/\/wavexia.com\/wp-content\/uploads\/2025\/10\/IMG_0894.png",883,883,false],"woocommerce_archive_thumbnail":["https:\/\/wavexia.com\/wp-content\/uploads\/2025\/10\/IMG_0894-300x300.png",300,300,true],"woocommerce_thumbnail":["https:\/\/wavexia.com\/wp-content\/uploads\/2025\/10\/IMG_0894-300x300.png",300,300,true],"woocommerce_single":["https:\/\/wavexia.com\/wp-content\/uploads\/2025\/10\/IMG_0894-600x600.png",600,600,true],"woocommerce_gallery_thumbnail":["https:\/\/wavexia.com\/wp-content\/uploads\/2025\/10\/IMG_0894-100x100.png",100,100,true]},"uagb_author_info":{"display_name":"zineddine.ayoub98@gmail.com","author_link":"https:\/\/wavexia.com\/?author=0"},"uagb_comment_info":0,"uagb_excerpt":"Description Le Soin Blush de Peau Abricot est une cr\u00e8me de jour d\u00e9toxifiante qui s\u2019applique comme un soin hydratant sur tout le visage y compris le contour des yeux pour un teint frais un \u00e9clat naturel en quelques secondes. Action hydratante et d\u00e9toxifiante Hydrate et maintient l\u2019\u00e9quilibre hydrique D\u00e9toxifie et ravive les peaux ternes Lisse&hellip;","brands":[],"_links":{"self":[{"href":"https:\/\/wavexia.com\/index.php?rest_route=\/wp\/v2\/product\/5274","targetHints":{"allow":["GET"]}}],"collection":[{"href":"https:\/\/wavexia.com\/index.php?rest_route=\/wp\/v2\/product"}],"about":[{"href":"https:\/\/wavexia.com\/index.php?rest_route=\/wp\/v2\/types\/product"}],"replies":[{"embeddable":true,"href":"https:\/\/wavexia.com\/index.php?rest_route=%2Fwp%2Fv2%2Fcomments&post=5274"}],"wp:featuredmedia":[{"embeddable":true,"href":"https:\/\/wavexia.com\/index.php?rest_route=\/wp\/v2\/media\/5273"}],"wp:attachment":[{"href":"https:\/\/wavexia.com\/index.php?rest_route=%2Fwp%2Fv2%2Fmedia&parent=5274"}],"wp:term":[{"taxonomy":"pwb-brand","embeddable":true,"href":"https:\/\/wavexia.com\/index.php?rest_route=%2Fwp%2Fv2%2Fpwb-brand&post=5274"},{"taxonomy":"product_brand","embeddable":true,"href":"https:\/\/wavexia.com\/index.php?rest_route=%2Fwp%2Fv2%2Fproduct_brand&post=5274"},{"taxonomy":"product_cat","embeddable":true,"href":"https:\/\/wavexia.com\/index.php?rest_route=%2Fwp%2Fv2%2Fproduct_cat&post=5274"},{"taxonomy":"product_tag","embeddable":true,"href":"https:\/\/wavexia.com\/index.php?rest_route=%2Fwp%2Fv2%2Fproduct_tag&post=5274"}],"curies":[{"name":"wp","href":"https:\/\/api.w.org\/{rel}","templated":true}]}}