{"id":5270,"date":"2025-10-19T09:18:09","date_gmt":"2025-10-19T09:18:09","guid":{"rendered":"https:\/\/wavexia.com\/product\/embryolisse-lait-creme-sensitive-100ml\/"},"modified":"2026-03-10T07:31:08","modified_gmt":"2026-03-10T07:31:08","slug":"embryolisse-lait-creme-sensitive-100ml","status":"publish","type":"product","link":"https:\/\/wavexia.com\/?product=embryolisse-lait-creme-sensitive-100ml","title":{"rendered":"EMBRYOLISSE \u2013 Lait-Cr\u00e8me Sensitive \u2013 100ml"},"content":{"rendered":"<h2>Description<\/h2>\n<h3>Le soin hydratant nutritif multi-fonctions 7 en 1<\/h3>\n<ul>\n<li><img decoding=\"async\" class=\"emoji\" role=\"img\" draggable=\"false\" src=\"https:\/\/s.w.org\/images\/core\/emoji\/15.0.3\/svg\/1f33f.svg\" alt=\"\ud83c\udf3f\"><strong>99% d\u2019ingr\u00e9dients d\u2019origine naturelle<\/strong><\/li>\n<li>Peaux r\u00e9actives et\/ou intol\u00e9rantes au parfum<\/li>\n<li>Adultes-Enfants-B\u00e9b\u00e9s<\/li>\n<li>Hypoallerg\u00e9nique, sans parfum et&nbsp;<strong>sans odeur<\/strong><\/li>\n<li>Tube aluminium recyclable \u00e0 l\u2019infini, \u00e9tui en carton recyclable<strong>Ce soin hypoallerg\u00e9nique familial poss\u00e8de toutes les vertus du cultissime Lait-Cr\u00e8me Concentr\u00e9, adapt\u00e9 aux peaux sensibles et r\u00e9actives, gr\u00e2ce \u00e0 une formule non parfum\u00e9e et \u00e0 99 % d\u2019origine naturelle.<\/strong>Un pouvoir hydratant nutritif puissant&nbsp;: il est riche en acides gras essentiels et en vitamines qui apportent \u00e0 la peau les nutriments.\n<p>Parfaitement hydrat\u00e9e et nourrie, la peau retrouve alors souplesse et \u00e9lasticit\u00e9, elle est repulp\u00e9e, lisse, douce et confortable.<\/p>\n<p>Le m\u00eame coeur de formule d\u2019origine naturelle :<\/p>\n<ul>\n<li>aloe vera, surnomm\u00e9 par les indiens \u00ab miracle du ciel \u00bb pour sa richesse, cette plante contient des vitamines A, E et B, des min\u00e9raux comme le s\u00e9l\u00e9nium, des acides amin\u00e9s et acides gras essentiels<\/li>\n<li>prot\u00e9ines de soja contenant tous les acides amin\u00e9s essentiels,<\/li>\n<li>beurre de karit\u00e9, concentr\u00e9 en acides gras essentiels et en vitamines A, D, E et F<\/li>\n<li>cire d\u2019abeille.<\/li>\n<\/ul>\n<p><strong>Pour convenir aux peaux les plus r\u00e9actives et\/ou intol\u00e9rantes au parfum, y compris celles des b\u00e9b\u00e9s, ce produit est non parfum\u00e9.<\/strong><\/p>\n<p>Un soin familial, haute tol\u00e9rance et apaisant, test\u00e9 sous contr\u00f4le dermatologique et p\u00e9diatrique.<\/p>\n<p>Le Lait-Cr\u00e8me Sensitive s\u2019utilise de multiples fa\u00e7ons, devenant ainsi le produit incontournable des peaux fragiles de toute la famille.<\/p>\n<p><strong>Texture<\/strong><\/p>\n<p>Sa texture de lait cr\u00e9meux est agr\u00e9able et facile \u00e0 appliquer. Elle laisse un voile satin\u00e9 tr\u00e8s confortable, et un fini non collant et non gras sur la peau.<\/p>\n<p><strong>Conseils d\u2019utilisation<\/strong><\/p>\n<p>Le Lait-Cr\u00e8me Sensitive s\u2019utilise de multiples fa\u00e7ons, devenant ainsi le produit incontournable des peaux fragiles de toute la famille.<\/p>\n<p>Il peut s\u2019utiliser :<\/p>\n<ul>\n<li>le matin en base de maquillage ou cr\u00e8me hydratante (une petite noisette),<\/li>\n<li>matin et soir en lait nettoyant \u2013 d\u00e9maquillant (une grosse noisette),<\/li>\n<li>ponctuellement en masque hydratant (une couche \u00e9paisse pouvant rester toute la nuit),<\/li>\n<li>quotidiennement en apr\u00e8s-rasage,<\/li>\n<li>\u00e0 tout moment sur le visage et corps des b\u00e9b\u00e9s et des enfants, pour hydrater, nourrir et prot\u00e9ger leur \u00e9piderme fragile.<\/li>\n<\/ul>\n<\/li>\n<\/ul>\n","protected":false},"excerpt":{"rendered":"<p>Description Le soin hydratant nutritif multi-fonctions 7 en 1 99% d\u2019ingr\u00e9dients d\u2019origine naturelle Peaux r\u00e9actives et\/ou intol\u00e9rantes au parfum Adultes-Enfants-B\u00e9b\u00e9s Hypoallerg\u00e9nique, sans parfum et&nbsp;sans odeur Tube aluminium recyclable \u00e0 l\u2019infini, \u00e9tui en carton recyclableCe soin hypoallerg\u00e9nique familial poss\u00e8de toutes les vertus du cultissime Lait-Cr\u00e8me Concentr\u00e9, adapt\u00e9 aux peaux sensibles et r\u00e9actives, gr\u00e2ce \u00e0 une formule [&hellip;]<\/p>\n","protected":false},"featured_media":5269,"comment_status":"open","ping_status":"closed","template":"","meta":{"content-type":"","_uag_custom_page_level_css":""},"pwb-brand":[],"product_brand":[],"product_cat":[324,326,329],"product_tag":[],"class_list":{"0":"post-5270","1":"product","2":"type-product","3":"status-publish","4":"has-post-thumbnail","6":"product_cat-creme","7":"product_cat-embryolisse","8":"product_cat-produits-americains","10":"first","11":"instock","12":"sale","13":"shipping-taxable","14":"purchasable","15":"product-type-simple"},"aioseo_notices":[],"uagb_featured_image_src":{"full":["https:\/\/wavexia.com\/wp-content\/uploads\/2025\/10\/LC_LC_Sensitive100_3350900001681_FICHE-PRODUIT_ESHOP-1200x1200-1.webp",600,600,false],"thumbnail":["https:\/\/wavexia.com\/wp-content\/uploads\/2025\/10\/LC_LC_Sensitive100_3350900001681_FICHE-PRODUIT_ESHOP-1200x1200-1-150x150.webp",150,150,true],"medium":["https:\/\/wavexia.com\/wp-content\/uploads\/2025\/10\/LC_LC_Sensitive100_3350900001681_FICHE-PRODUIT_ESHOP-1200x1200-1-300x300.webp",300,300,true],"medium_large":["https:\/\/wavexia.com\/wp-content\/uploads\/2025\/10\/LC_LC_Sensitive100_3350900001681_FICHE-PRODUIT_ESHOP-1200x1200-1.webp",600,600,false],"large":["https:\/\/wavexia.com\/wp-content\/uploads\/2025\/10\/LC_LC_Sensitive100_3350900001681_FICHE-PRODUIT_ESHOP-1200x1200-1.webp",600,600,false],"1536x1536":["https:\/\/wavexia.com\/wp-content\/uploads\/2025\/10\/LC_LC_Sensitive100_3350900001681_FICHE-PRODUIT_ESHOP-1200x1200-1.webp",600,600,false],"2048x2048":["https:\/\/wavexia.com\/wp-content\/uploads\/2025\/10\/LC_LC_Sensitive100_3350900001681_FICHE-PRODUIT_ESHOP-1200x1200-1.webp",600,600,false],"woocommerce_archive_thumbnail":["https:\/\/wavexia.com\/wp-content\/uploads\/2025\/10\/LC_LC_Sensitive100_3350900001681_FICHE-PRODUIT_ESHOP-1200x1200-1-300x300.webp",300,300,true],"woocommerce_thumbnail":["https:\/\/wavexia.com\/wp-content\/uploads\/2025\/10\/LC_LC_Sensitive100_3350900001681_FICHE-PRODUIT_ESHOP-1200x1200-1-300x300.webp",300,300,true],"woocommerce_single":["https:\/\/wavexia.com\/wp-content\/uploads\/2025\/10\/LC_LC_Sensitive100_3350900001681_FICHE-PRODUIT_ESHOP-1200x1200-1.webp",600,600,false],"woocommerce_gallery_thumbnail":["https:\/\/wavexia.com\/wp-content\/uploads\/2025\/10\/LC_LC_Sensitive100_3350900001681_FICHE-PRODUIT_ESHOP-1200x1200-1-100x100.webp",100,100,true]},"uagb_author_info":{"display_name":"zineddine.ayoub98@gmail.com","author_link":"https:\/\/wavexia.com\/?author=0"},"uagb_comment_info":0,"uagb_excerpt":"Description Le soin hydratant nutritif multi-fonctions 7 en 1 99% d\u2019ingr\u00e9dients d\u2019origine naturelle Peaux r\u00e9actives et\/ou intol\u00e9rantes au parfum Adultes-Enfants-B\u00e9b\u00e9s Hypoallerg\u00e9nique, sans parfum et&nbsp;sans odeur Tube aluminium recyclable \u00e0 l\u2019infini, \u00e9tui en carton recyclableCe soin hypoallerg\u00e9nique familial poss\u00e8de toutes les vertus du cultissime Lait-Cr\u00e8me Concentr\u00e9, adapt\u00e9 aux peaux sensibles et r\u00e9actives, gr\u00e2ce \u00e0 une formule&hellip;","brands":[],"_links":{"self":[{"href":"https:\/\/wavexia.com\/index.php?rest_route=\/wp\/v2\/product\/5270","targetHints":{"allow":["GET"]}}],"collection":[{"href":"https:\/\/wavexia.com\/index.php?rest_route=\/wp\/v2\/product"}],"about":[{"href":"https:\/\/wavexia.com\/index.php?rest_route=\/wp\/v2\/types\/product"}],"replies":[{"embeddable":true,"href":"https:\/\/wavexia.com\/index.php?rest_route=%2Fwp%2Fv2%2Fcomments&post=5270"}],"wp:featuredmedia":[{"embeddable":true,"href":"https:\/\/wavexia.com\/index.php?rest_route=\/wp\/v2\/media\/5269"}],"wp:attachment":[{"href":"https:\/\/wavexia.com\/index.php?rest_route=%2Fwp%2Fv2%2Fmedia&parent=5270"}],"wp:term":[{"taxonomy":"pwb-brand","embeddable":true,"href":"https:\/\/wavexia.com\/index.php?rest_route=%2Fwp%2Fv2%2Fpwb-brand&post=5270"},{"taxonomy":"product_brand","embeddable":true,"href":"https:\/\/wavexia.com\/index.php?rest_route=%2Fwp%2Fv2%2Fproduct_brand&post=5270"},{"taxonomy":"product_cat","embeddable":true,"href":"https:\/\/wavexia.com\/index.php?rest_route=%2Fwp%2Fv2%2Fproduct_cat&post=5270"},{"taxonomy":"product_tag","embeddable":true,"href":"https:\/\/wavexia.com\/index.php?rest_route=%2Fwp%2Fv2%2Fproduct_tag&post=5270"}],"curies":[{"name":"wp","href":"https:\/\/api.w.org\/{rel}","templated":true}]}}