{"id":5266,"date":"2025-10-19T09:18:06","date_gmt":"2025-10-19T09:18:06","guid":{"rendered":"https:\/\/wavexia.com\/product\/im-from-rice-whip-facial-cleanser-150ml\/"},"modified":"2026-03-10T07:31:08","modified_gmt":"2026-03-10T07:31:08","slug":"im-from-rice-whip-facial-cleanser-150ml","status":"publish","type":"product","link":"https:\/\/wavexia.com\/?product=im-from-rice-whip-facial-cleanser-150ml","title":{"rendered":"I\u2019M FROM Rice Whip Facial Cleanser -150ml"},"content":{"rendered":"<h2>Description<\/h2>\n<p>Un nettoyant pour le visage qui vise \u00e0 former une mousse riche et \u00e0 \u00e9liminer la salet\u00e9 et la cr\u00e8me solaire de la peau et \u00e0 r\u00e9duire les irritations potentielles.<\/p>\n<p><strong>Soi-disant bon pour :&nbsp;<\/strong>Tous les types de peau.<\/p>\n<p><strong>Ce que j\u2019en pense :&nbsp;<\/strong>Je pense que cela peut \u00eatre utilis\u00e9 par tous les types de peau. Cependant, pendant l\u2019hiver, les peaux plus grasses peuvent le pr\u00e9f\u00e9rer aux peaux plus s\u00e8ches.<\/p>\n<p><strong>Comment je l\u2019utilise :&nbsp;<\/strong>Je n\u2019utilise pas de nettoyant le matin (et si je le faisais, je ne l\u2019utiliserais pas, car je pense que ce serait trop d\u00e9capant), mais je nettoie le soir, donc je l\u2019utilise pour \u00e9liminer mon FPS et ma transpiration apr\u00e8s une s\u00e9ance d\u2019entra\u00eenement. Si j\u2019avais besoin de me d\u00e9maquiller, j\u2019utiliserais certainement un&nbsp;<a href=\"https:\/\/myskincareregime.com\/?s=cleansing+oil\">nettoyant \u00e0 base d\u2019huile avant de<\/a>&nbsp;l\u2019utiliser.<\/p>\n","protected":false},"excerpt":{"rendered":"<p>Description Un nettoyant pour le visage qui vise \u00e0 former une mousse riche et \u00e0 \u00e9liminer la salet\u00e9 et la cr\u00e8me solaire de la peau et \u00e0 r\u00e9duire les irritations potentielles. Soi-disant bon pour :&nbsp;Tous les types de peau. Ce que j\u2019en pense :&nbsp;Je pense que cela peut \u00eatre utilis\u00e9 par tous les types de [&hellip;]<\/p>\n","protected":false},"featured_media":5265,"comment_status":"open","ping_status":"closed","template":"","meta":{"content-type":"","_uag_custom_page_level_css":""},"pwb-brand":[],"product_brand":[],"product_cat":[381,336,329],"product_tag":[],"class_list":{"0":"post-5266","1":"product","2":"type-product","3":"status-publish","4":"has-post-thumbnail","6":"product_cat-im-from","7":"product_cat-nettoyant","8":"product_cat-produits-americains","10":"first","11":"instock","12":"shipping-taxable","13":"purchasable","14":"product-type-simple"},"aioseo_notices":[],"uagb_featured_image_src":{"full":["https:\/\/wavexia.com\/wp-content\/uploads\/2025\/10\/Rice_Whip_Facial_Cleanser_150ml-thumbnail-01-product_2.webp",600,600,false],"thumbnail":["https:\/\/wavexia.com\/wp-content\/uploads\/2025\/10\/Rice_Whip_Facial_Cleanser_150ml-thumbnail-01-product_2-150x150.webp",150,150,true],"medium":["https:\/\/wavexia.com\/wp-content\/uploads\/2025\/10\/Rice_Whip_Facial_Cleanser_150ml-thumbnail-01-product_2-300x300.webp",300,300,true],"medium_large":["https:\/\/wavexia.com\/wp-content\/uploads\/2025\/10\/Rice_Whip_Facial_Cleanser_150ml-thumbnail-01-product_2.webp",600,600,false],"large":["https:\/\/wavexia.com\/wp-content\/uploads\/2025\/10\/Rice_Whip_Facial_Cleanser_150ml-thumbnail-01-product_2.webp",600,600,false],"1536x1536":["https:\/\/wavexia.com\/wp-content\/uploads\/2025\/10\/Rice_Whip_Facial_Cleanser_150ml-thumbnail-01-product_2.webp",600,600,false],"2048x2048":["https:\/\/wavexia.com\/wp-content\/uploads\/2025\/10\/Rice_Whip_Facial_Cleanser_150ml-thumbnail-01-product_2.webp",600,600,false],"woocommerce_archive_thumbnail":["https:\/\/wavexia.com\/wp-content\/uploads\/2025\/10\/Rice_Whip_Facial_Cleanser_150ml-thumbnail-01-product_2-300x300.webp",300,300,true],"woocommerce_thumbnail":["https:\/\/wavexia.com\/wp-content\/uploads\/2025\/10\/Rice_Whip_Facial_Cleanser_150ml-thumbnail-01-product_2-300x300.webp",300,300,true],"woocommerce_single":["https:\/\/wavexia.com\/wp-content\/uploads\/2025\/10\/Rice_Whip_Facial_Cleanser_150ml-thumbnail-01-product_2.webp",600,600,false],"woocommerce_gallery_thumbnail":["https:\/\/wavexia.com\/wp-content\/uploads\/2025\/10\/Rice_Whip_Facial_Cleanser_150ml-thumbnail-01-product_2-100x100.webp",100,100,true]},"uagb_author_info":{"display_name":"zineddine.ayoub98@gmail.com","author_link":"https:\/\/wavexia.com\/?author=0"},"uagb_comment_info":0,"uagb_excerpt":"Description Un nettoyant pour le visage qui vise \u00e0 former une mousse riche et \u00e0 \u00e9liminer la salet\u00e9 et la cr\u00e8me solaire de la peau et \u00e0 r\u00e9duire les irritations potentielles. Soi-disant bon pour :&nbsp;Tous les types de peau. Ce que j\u2019en pense :&nbsp;Je pense que cela peut \u00eatre utilis\u00e9 par tous les types de&hellip;","brands":[],"_links":{"self":[{"href":"https:\/\/wavexia.com\/index.php?rest_route=\/wp\/v2\/product\/5266","targetHints":{"allow":["GET"]}}],"collection":[{"href":"https:\/\/wavexia.com\/index.php?rest_route=\/wp\/v2\/product"}],"about":[{"href":"https:\/\/wavexia.com\/index.php?rest_route=\/wp\/v2\/types\/product"}],"replies":[{"embeddable":true,"href":"https:\/\/wavexia.com\/index.php?rest_route=%2Fwp%2Fv2%2Fcomments&post=5266"}],"wp:featuredmedia":[{"embeddable":true,"href":"https:\/\/wavexia.com\/index.php?rest_route=\/wp\/v2\/media\/5265"}],"wp:attachment":[{"href":"https:\/\/wavexia.com\/index.php?rest_route=%2Fwp%2Fv2%2Fmedia&parent=5266"}],"wp:term":[{"taxonomy":"pwb-brand","embeddable":true,"href":"https:\/\/wavexia.com\/index.php?rest_route=%2Fwp%2Fv2%2Fpwb-brand&post=5266"},{"taxonomy":"product_brand","embeddable":true,"href":"https:\/\/wavexia.com\/index.php?rest_route=%2Fwp%2Fv2%2Fproduct_brand&post=5266"},{"taxonomy":"product_cat","embeddable":true,"href":"https:\/\/wavexia.com\/index.php?rest_route=%2Fwp%2Fv2%2Fproduct_cat&post=5266"},{"taxonomy":"product_tag","embeddable":true,"href":"https:\/\/wavexia.com\/index.php?rest_route=%2Fwp%2Fv2%2Fproduct_tag&post=5266"}],"curies":[{"name":"wp","href":"https:\/\/api.w.org\/{rel}","templated":true}]}}