{"id":5258,"date":"2025-10-19T09:18:02","date_gmt":"2025-10-19T09:18:02","guid":{"rendered":"https:\/\/wavexia.com\/product\/tirtir-sos-serum-50ml\/"},"modified":"2026-03-10T07:31:08","modified_gmt":"2026-03-10T07:31:08","slug":"tirtir-sos-serum-50ml","status":"publish","type":"product","link":"https:\/\/wavexia.com\/?product=tirtir-sos-serum-50ml","title":{"rendered":"TIRTIR \u2013 SOS Serum (50ml)"},"content":{"rendered":"<h2>Description<\/h2>\n<p>Gr\u00e2ce aux ingr\u00e9dients principaux, l\u2019acide polyglutamique et l\u2019hyaluronate de sodium, votre peau b\u00e9n\u00e9ficie d\u2019une hydratation en profondeur et la perte d\u2019humidit\u00e9 est \u00e9vit\u00e9e. Le s\u00e9rum contient \u00e9galement de la Centella Asiatica, connue pour ses propri\u00e9t\u00e9s apaisantes et anti-inflammatoires, soulageant les peaux s\u00e8ches.<\/p>\n<p>Avec des avantages tels qu\u2019une hydratation intense, des rougeurs apaisantes, une am\u00e9lioration de la texture de la peau et des propri\u00e9t\u00e9s \u00e9claircissantes, ce s\u00e9rum est un incontournable pour tous les types de peau. Que vous souffriez d\u2019une peau d\u00e9shydrat\u00e9e ou \u00e0 tendance acn\u00e9ique, ou que vous recherchiez simplement un teint \u00e9clatant, ce s\u00e9rum v\u00e9g\u00e9talien est votre must-have. De plus, il a une texture l\u00e9g\u00e8re et \u00e0 absorption rapide qui ne laisse pas de sensation collante. Donnez \u00e0 votre peau les soins qu\u2019elle m\u00e9rite avec le s\u00e9rum SOS TIRTIR !<\/p>\n<p><strong>Ce s\u00e9rum :<\/strong><\/p>\n<ul>\n<li>Id\u00e9al pour les peaux s\u00e8ches<\/li>\n<li>revitalise et hydrate<\/li>\n<li>enrichi en acide polyglutamique et en hyaluronate de sodium<\/li>\n<li>contient de la Centella<\/li>\n<li>apaise et clarifie<\/li>\n<li>Am\u00e9liore la texture de la peau<\/li>\n<li>Convient \u00e0 tous les types de peau<\/li>\n<li>sans cruaut\u00e9<\/li>\n<li>v\u00e9g\u00e9talien<\/li>\n<\/ul>\n<p><strong>Mode d\u2019emploi :<\/strong><\/p>\n<ul>\n<li>Appliquez 2-3 gouttes sur la peau nettoy\u00e9e.<\/li>\n<li>Massez le s\u00e9rum sur votre peau jusqu\u2019\u00e0 ce que tout soit absorb\u00e9.<\/li>\n<\/ul>\n<p><strong>Ingr\u00e9dients :<br \/><\/strong>Eau de feuille de Centella Asiatica, glyc\u00e9rine, butyl\u00e8ne glycol, extrait d\u2019Hamamelis Virginiana (hamam\u00e9lis), 1,2-hexanediol, arginine, carbom\u00e8re, c\u00e9tylhexanoate d\u2019\u00e9thyle, caprylyl glycol, extrait de racine de Sophora Flavescens, extrait de fruit de Ficus Carica (figue), copolym\u00e8re d\u2019acryloyldim\u00e9thyltaurate d\u2019ammonium\/vp, C12-14 Pareth-12, polyglyc\u00e9ryl-10 laurate, polyglyc\u00e9ryl-10 myristate, extrait de feuille de Camellia Sinensis, extrait de feuille de Rosmarinus officinalis (romarin), Camomilla recutita (Matricaria) Extrait de fleur, b\u00e9ta\u00efne, extrait de Centella Asiatica, extrait de racine de Glycyrrhiza Glabra (r\u00e9glisse), allanto\u00efne, panth\u00e9nol, extrait d\u2019\u00e9corce de Salix Alba (saule), extrait de fruit de Cucumis Sativus (concombre), extrait de racine de Polygonum Cuspidatum, extrait de racine de Scutellaria Baicalensis, edta disodique, eau de Chamaecyparis Obtusa, extrait de Spirodela Polyrhiza, extrait de ferment d\u2019Alteromonas, extrait de fruit d\u2019Illicium Verum (anis), squalane, extrait de Phellinus Linteus, extrait de Portulaca oleracea, Sodium Pca, Sodium Pca, B\u00eata-glucane, Hyaluronate de sodium, Xylitol.<\/p>\n","protected":false},"excerpt":{"rendered":"<p>Description Gr\u00e2ce aux ingr\u00e9dients principaux, l\u2019acide polyglutamique et l\u2019hyaluronate de sodium, votre peau b\u00e9n\u00e9ficie d\u2019une hydratation en profondeur et la perte d\u2019humidit\u00e9 est \u00e9vit\u00e9e. Le s\u00e9rum contient \u00e9galement de la Centella Asiatica, connue pour ses propri\u00e9t\u00e9s apaisantes et anti-inflammatoires, soulageant les peaux s\u00e8ches. Avec des avantages tels qu\u2019une hydratation intense, des rougeurs apaisantes, une am\u00e9lioration [&hellip;]<\/p>\n","protected":false},"featured_media":5257,"comment_status":"open","ping_status":"closed","template":"","meta":{"content-type":"","_uag_custom_page_level_css":""},"pwb-brand":[],"product_brand":[],"product_cat":[334,338,370],"product_tag":[],"class_list":{"0":"post-5258","1":"product","2":"type-product","3":"status-publish","4":"has-post-thumbnail","6":"product_cat-produits-coreens","7":"product_cat-serum-ampoule","8":"product_cat-tirtir","10":"first","11":"instock","12":"sale","13":"shipping-taxable","14":"purchasable","15":"product-type-simple"},"aioseo_notices":[],"uagb_featured_image_src":{"full":["https:\/\/wavexia.com\/wp-content\/uploads\/2025\/10\/TIRTIR_0010_SOS-Serum_600x.webp",600,600,false],"thumbnail":["https:\/\/wavexia.com\/wp-content\/uploads\/2025\/10\/TIRTIR_0010_SOS-Serum_600x-150x150.webp",150,150,true],"medium":["https:\/\/wavexia.com\/wp-content\/uploads\/2025\/10\/TIRTIR_0010_SOS-Serum_600x-300x300.webp",300,300,true],"medium_large":["https:\/\/wavexia.com\/wp-content\/uploads\/2025\/10\/TIRTIR_0010_SOS-Serum_600x.webp",600,600,false],"large":["https:\/\/wavexia.com\/wp-content\/uploads\/2025\/10\/TIRTIR_0010_SOS-Serum_600x.webp",600,600,false],"1536x1536":["https:\/\/wavexia.com\/wp-content\/uploads\/2025\/10\/TIRTIR_0010_SOS-Serum_600x.webp",600,600,false],"2048x2048":["https:\/\/wavexia.com\/wp-content\/uploads\/2025\/10\/TIRTIR_0010_SOS-Serum_600x.webp",600,600,false],"woocommerce_archive_thumbnail":["https:\/\/wavexia.com\/wp-content\/uploads\/2025\/10\/TIRTIR_0010_SOS-Serum_600x-300x300.webp",300,300,true],"woocommerce_thumbnail":["https:\/\/wavexia.com\/wp-content\/uploads\/2025\/10\/TIRTIR_0010_SOS-Serum_600x-300x300.webp",300,300,true],"woocommerce_single":["https:\/\/wavexia.com\/wp-content\/uploads\/2025\/10\/TIRTIR_0010_SOS-Serum_600x.webp",600,600,false],"woocommerce_gallery_thumbnail":["https:\/\/wavexia.com\/wp-content\/uploads\/2025\/10\/TIRTIR_0010_SOS-Serum_600x-100x100.webp",100,100,true]},"uagb_author_info":{"display_name":"zineddine.ayoub98@gmail.com","author_link":"https:\/\/wavexia.com\/?author=0"},"uagb_comment_info":0,"uagb_excerpt":"Description Gr\u00e2ce aux ingr\u00e9dients principaux, l\u2019acide polyglutamique et l\u2019hyaluronate de sodium, votre peau b\u00e9n\u00e9ficie d\u2019une hydratation en profondeur et la perte d\u2019humidit\u00e9 est \u00e9vit\u00e9e. Le s\u00e9rum contient \u00e9galement de la Centella Asiatica, connue pour ses propri\u00e9t\u00e9s apaisantes et anti-inflammatoires, soulageant les peaux s\u00e8ches. Avec des avantages tels qu\u2019une hydratation intense, des rougeurs apaisantes, une am\u00e9lioration&hellip;","brands":[],"_links":{"self":[{"href":"https:\/\/wavexia.com\/index.php?rest_route=\/wp\/v2\/product\/5258","targetHints":{"allow":["GET"]}}],"collection":[{"href":"https:\/\/wavexia.com\/index.php?rest_route=\/wp\/v2\/product"}],"about":[{"href":"https:\/\/wavexia.com\/index.php?rest_route=\/wp\/v2\/types\/product"}],"replies":[{"embeddable":true,"href":"https:\/\/wavexia.com\/index.php?rest_route=%2Fwp%2Fv2%2Fcomments&post=5258"}],"wp:featuredmedia":[{"embeddable":true,"href":"https:\/\/wavexia.com\/index.php?rest_route=\/wp\/v2\/media\/5257"}],"wp:attachment":[{"href":"https:\/\/wavexia.com\/index.php?rest_route=%2Fwp%2Fv2%2Fmedia&parent=5258"}],"wp:term":[{"taxonomy":"pwb-brand","embeddable":true,"href":"https:\/\/wavexia.com\/index.php?rest_route=%2Fwp%2Fv2%2Fpwb-brand&post=5258"},{"taxonomy":"product_brand","embeddable":true,"href":"https:\/\/wavexia.com\/index.php?rest_route=%2Fwp%2Fv2%2Fproduct_brand&post=5258"},{"taxonomy":"product_cat","embeddable":true,"href":"https:\/\/wavexia.com\/index.php?rest_route=%2Fwp%2Fv2%2Fproduct_cat&post=5258"},{"taxonomy":"product_tag","embeddable":true,"href":"https:\/\/wavexia.com\/index.php?rest_route=%2Fwp%2Fv2%2Fproduct_tag&post=5258"}],"curies":[{"name":"wp","href":"https:\/\/api.w.org\/{rel}","templated":true}]}}