{"id":5255,"date":"2025-10-19T09:18:01","date_gmt":"2025-10-19T09:18:01","guid":{"rendered":"https:\/\/wavexia.com\/product\/victorias-secret-12-days-of-discovery-minieau-de-parfum-set\/"},"modified":"2026-03-10T07:31:08","modified_gmt":"2026-03-10T07:31:08","slug":"victorias-secret-12-days-of-discovery-minieau-de-parfum-set","status":"publish","type":"product","link":"https:\/\/wavexia.com\/?product=victorias-secret-12-days-of-discovery-minieau-de-parfum-set","title":{"rendered":"Victorias Secret \u2013 12 Days of Discovery MiniEau de Parfum Set"},"content":{"rendered":"<h2>Description<\/h2>\n<p>Avec ce coffret scintillant rempli de 12 eaux de parfum, plus c\u2019est d\u00e9finitivement mieux. Avec des laur\u00e9ats de prix embl\u00e9matiques et des lancements plus r\u00e9cents, ce pack est le moyen id\u00e9al d\u2019explorer tous nos parfums pr\u00e9f\u00e9r\u00e9s. Caract\u00e9ristiques principales : Essayez-les tous avec ce coffret EDP en vaporisateur de 12 pi\u00e8ces, 2,7 ml chacun BOMBSHELL (floral fruit\u00e9 avec des notes de fruit de la passion violet, de pivoine Shangri-la et d\u2019orchid\u00e9e vanille) ; BOMBSHELL (floral chaud avec des notes de pivoine blanche, de sauge et de musc velout\u00e9) ; BOMBSHELL INTENSE (floral fruit\u00e9 chypr\u00e9 avec des notes de cerise luxuriante, de pivoine rouge et de vanille sensuelle) ; BOMBSHELL PASSION (floral avec des notes de pivoine royale, de cassis p\u00e9tillant et de rose fuchsia) TEASE (gourmand chaleureux avec des notes de gard\u00e9nia blanc, de poire d\u2019Anjou et de vanille noire) ; TEASE CR\u00c8ME CLOUD (gourmand a\u00e9rien avec des notes de meringue vanill\u00e9e, de fleur de santal et d\u2019ambre transparent) ; TEASE CANDY NOIR (Gourmand sombre avec des notes de gla\u00e7age \u00e0 la framboise, d\u2019iris nocturne et de tonka chaud) ; HEAVENLY (Chaud avec des notes de bois de santal, de vanille et de pivoine blanche) VERY Y (Chaud avec des notes d\u2019orchid\u00e9e vanill\u00e9e, de cl\u00e9mentine ensoleill\u00e9e et de m\u00fbre sauvage) ; VERY Y NIGHT (Floral chaud avec des notes de prune noire, de bois de velours et de pomme succulente) ; VERY Y SEA (Agrumes floral bois\u00e9 avec des notes de bergamote italienne, de fleur de n\u00e9roli et de c\u00e8dre ensoleill\u00e9) ; VERY Y ORCHID (Gourmand chaud avec des notes de cassis, de bois d\u2019iris et de patchouli pur) Origine : \u00c9tats-Unis Fabricant\/importateur\/emball\u00e9 par : Victoria\u2019s Secret<\/p>\n","protected":false},"excerpt":{"rendered":"<p>Description Avec ce coffret scintillant rempli de 12 eaux de parfum, plus c\u2019est d\u00e9finitivement mieux. Avec des laur\u00e9ats de prix embl\u00e9matiques et des lancements plus r\u00e9cents, ce pack est le moyen id\u00e9al d\u2019explorer tous nos parfums pr\u00e9f\u00e9r\u00e9s. Caract\u00e9ristiques principales : Essayez-les tous avec ce coffret EDP en vaporisateur de 12 pi\u00e8ces, 2,7 ml chacun BOMBSHELL [&hellip;]<\/p>\n","protected":false},"featured_media":5254,"comment_status":"open","ping_status":"closed","template":"","meta":{"content-type":"","_uag_custom_page_level_css":""},"pwb-brand":[],"product_brand":[],"product_cat":[327,331,397,329,362],"product_tag":[],"class_list":{"0":"post-5255","1":"product","2":"type-product","3":"status-publish","4":"has-post-thumbnail","6":"product_cat-hmizat","7":"product_cat-idees-cadeaux","8":"product_cat-parfums","9":"product_cat-produits-americains","10":"product_cat-victoria-secret","12":"first","13":"instock","14":"sale","15":"shipping-taxable","16":"purchasable","17":"product-type-simple"},"aioseo_notices":[],"uagb_featured_image_src":{"full":["https:\/\/wavexia.com\/wp-content\/uploads\/2025\/10\/D_NQ_NP_923726-MLM70443715412_072023-O.webp",500,460,false],"thumbnail":["https:\/\/wavexia.com\/wp-content\/uploads\/2025\/10\/D_NQ_NP_923726-MLM70443715412_072023-O-150x150.webp",150,150,true],"medium":["https:\/\/wavexia.com\/wp-content\/uploads\/2025\/10\/D_NQ_NP_923726-MLM70443715412_072023-O-300x276.webp",300,276,true],"medium_large":["https:\/\/wavexia.com\/wp-content\/uploads\/2025\/10\/D_NQ_NP_923726-MLM70443715412_072023-O.webp",500,460,false],"large":["https:\/\/wavexia.com\/wp-content\/uploads\/2025\/10\/D_NQ_NP_923726-MLM70443715412_072023-O.webp",500,460,false],"1536x1536":["https:\/\/wavexia.com\/wp-content\/uploads\/2025\/10\/D_NQ_NP_923726-MLM70443715412_072023-O.webp",500,460,false],"2048x2048":["https:\/\/wavexia.com\/wp-content\/uploads\/2025\/10\/D_NQ_NP_923726-MLM70443715412_072023-O.webp",500,460,false],"woocommerce_archive_thumbnail":["https:\/\/wavexia.com\/wp-content\/uploads\/2025\/10\/D_NQ_NP_923726-MLM70443715412_072023-O-300x276.webp",300,276,true],"woocommerce_thumbnail":["https:\/\/wavexia.com\/wp-content\/uploads\/2025\/10\/D_NQ_NP_923726-MLM70443715412_072023-O-300x300.webp",300,300,true],"woocommerce_single":["https:\/\/wavexia.com\/wp-content\/uploads\/2025\/10\/D_NQ_NP_923726-MLM70443715412_072023-O.webp",500,460,false],"woocommerce_gallery_thumbnail":["https:\/\/wavexia.com\/wp-content\/uploads\/2025\/10\/D_NQ_NP_923726-MLM70443715412_072023-O-100x100.webp",100,100,true]},"uagb_author_info":{"display_name":"zineddine.ayoub98@gmail.com","author_link":"https:\/\/wavexia.com\/?author=0"},"uagb_comment_info":0,"uagb_excerpt":"Description Avec ce coffret scintillant rempli de 12 eaux de parfum, plus c\u2019est d\u00e9finitivement mieux. Avec des laur\u00e9ats de prix embl\u00e9matiques et des lancements plus r\u00e9cents, ce pack est le moyen id\u00e9al d\u2019explorer tous nos parfums pr\u00e9f\u00e9r\u00e9s. Caract\u00e9ristiques principales : Essayez-les tous avec ce coffret EDP en vaporisateur de 12 pi\u00e8ces, 2,7 ml chacun BOMBSHELL&hellip;","brands":[],"_links":{"self":[{"href":"https:\/\/wavexia.com\/index.php?rest_route=\/wp\/v2\/product\/5255","targetHints":{"allow":["GET"]}}],"collection":[{"href":"https:\/\/wavexia.com\/index.php?rest_route=\/wp\/v2\/product"}],"about":[{"href":"https:\/\/wavexia.com\/index.php?rest_route=\/wp\/v2\/types\/product"}],"replies":[{"embeddable":true,"href":"https:\/\/wavexia.com\/index.php?rest_route=%2Fwp%2Fv2%2Fcomments&post=5255"}],"wp:featuredmedia":[{"embeddable":true,"href":"https:\/\/wavexia.com\/index.php?rest_route=\/wp\/v2\/media\/5254"}],"wp:attachment":[{"href":"https:\/\/wavexia.com\/index.php?rest_route=%2Fwp%2Fv2%2Fmedia&parent=5255"}],"wp:term":[{"taxonomy":"pwb-brand","embeddable":true,"href":"https:\/\/wavexia.com\/index.php?rest_route=%2Fwp%2Fv2%2Fpwb-brand&post=5255"},{"taxonomy":"product_brand","embeddable":true,"href":"https:\/\/wavexia.com\/index.php?rest_route=%2Fwp%2Fv2%2Fproduct_brand&post=5255"},{"taxonomy":"product_cat","embeddable":true,"href":"https:\/\/wavexia.com\/index.php?rest_route=%2Fwp%2Fv2%2Fproduct_cat&post=5255"},{"taxonomy":"product_tag","embeddable":true,"href":"https:\/\/wavexia.com\/index.php?rest_route=%2Fwp%2Fv2%2Fproduct_tag&post=5255"}],"curies":[{"name":"wp","href":"https:\/\/api.w.org\/{rel}","templated":true}]}}