{"id":5251,"date":"2025-10-19T09:17:59","date_gmt":"2025-10-19T09:17:59","guid":{"rendered":"https:\/\/wavexia.com\/product\/benefit-browvo-conditioning-primer-base-nourrissante-sourcils\/"},"modified":"2026-03-10T07:31:08","modified_gmt":"2026-03-10T07:31:08","slug":"benefit-browvo-conditioning-primer-base-nourrissante-sourcils","status":"publish","type":"product","link":"https:\/\/wavexia.com\/?product=benefit-browvo-conditioning-primer-base-nourrissante-sourcils","title":{"rendered":"Benefit Browvo! Conditioning Primer, Base Nourrissante Sourcils."},"content":{"rendered":"<h2>Description<\/h2>\n<p>Rehaussez le look de vos sourcils avec&nbsp; la&nbsp;<strong>Base Nourrissante Sourcils<\/strong>,&nbsp;<strong>Browvo! Conditioning Primer<\/strong>&nbsp;de&nbsp;<strong>Benefit,<\/strong>&nbsp;un gel transparent qui pr\u00e9pare et nourri vos sourcils.<\/p>\n<p>La formule transparente convient \u00e0 toutes les teintes et est enrichie en K\u00e9ratine et Prot\u00e9ines de Soie qui aident \u00e0 obtenir des sourcils brillants, plus fournis et plus \u00e9pais. Portez la seule pour lisser et nourrir vos sourcils ou sous votre produit sourcils pr\u00e9f\u00e9r\u00e9 pour rehausser leur couleur et allonger leur tenue. Applicateur customis\u00e9 au touch\u00e9 doux.<\/p>\n","protected":false},"excerpt":{"rendered":"<p>Description Rehaussez le look de vos sourcils avec&nbsp; la&nbsp;Base Nourrissante Sourcils,&nbsp;Browvo! Conditioning Primer&nbsp;de&nbsp;Benefit,&nbsp;un gel transparent qui pr\u00e9pare et nourri vos sourcils. La formule transparente convient \u00e0 toutes les teintes et est enrichie en K\u00e9ratine et Prot\u00e9ines de Soie qui aident \u00e0 obtenir des sourcils brillants, plus fournis et plus \u00e9pais. Portez la seule pour lisser [&hellip;]<\/p>\n","protected":false},"featured_media":5250,"comment_status":"open","ping_status":"closed","template":"","meta":{"content-type":"","_uag_custom_page_level_css":""},"pwb-brand":[],"product_brand":[],"product_cat":[384,382,360,329],"product_tag":[],"class_list":{"0":"post-5251","1":"product","2":"type-product","3":"status-publish","4":"has-post-thumbnail","6":"product_cat-benefit","7":"product_cat-derniere-chance","8":"product_cat-maquillage","9":"product_cat-produits-americains","11":"first","12":"instock","13":"shipping-taxable","14":"purchasable","15":"product-type-simple"},"aioseo_notices":[],"uagb_featured_image_src":{"full":["https:\/\/wavexia.com\/wp-content\/uploads\/2025\/10\/71bYj0e4BbL._AC_UF10001000_QL80_.jpg",678,1000,false],"thumbnail":["https:\/\/wavexia.com\/wp-content\/uploads\/2025\/10\/71bYj0e4BbL._AC_UF10001000_QL80_-150x150.jpg",150,150,true],"medium":["https:\/\/wavexia.com\/wp-content\/uploads\/2025\/10\/71bYj0e4BbL._AC_UF10001000_QL80_-203x300.jpg",203,300,true],"medium_large":["https:\/\/wavexia.com\/wp-content\/uploads\/2025\/10\/71bYj0e4BbL._AC_UF10001000_QL80_.jpg",678,1000,false],"large":["https:\/\/wavexia.com\/wp-content\/uploads\/2025\/10\/71bYj0e4BbL._AC_UF10001000_QL80_.jpg",678,1000,false],"1536x1536":["https:\/\/wavexia.com\/wp-content\/uploads\/2025\/10\/71bYj0e4BbL._AC_UF10001000_QL80_.jpg",678,1000,false],"2048x2048":["https:\/\/wavexia.com\/wp-content\/uploads\/2025\/10\/71bYj0e4BbL._AC_UF10001000_QL80_.jpg",678,1000,false],"woocommerce_archive_thumbnail":["https:\/\/wavexia.com\/wp-content\/uploads\/2025\/10\/71bYj0e4BbL._AC_UF10001000_QL80_-300x442.jpg",300,442,true],"woocommerce_thumbnail":["https:\/\/wavexia.com\/wp-content\/uploads\/2025\/10\/71bYj0e4BbL._AC_UF10001000_QL80_-300x300.jpg",300,300,true],"woocommerce_single":["https:\/\/wavexia.com\/wp-content\/uploads\/2025\/10\/71bYj0e4BbL._AC_UF10001000_QL80_-600x885.jpg",600,885,true],"woocommerce_gallery_thumbnail":["https:\/\/wavexia.com\/wp-content\/uploads\/2025\/10\/71bYj0e4BbL._AC_UF10001000_QL80_-100x100.jpg",100,100,true]},"uagb_author_info":{"display_name":"zineddine.ayoub98@gmail.com","author_link":"https:\/\/wavexia.com\/?author=0"},"uagb_comment_info":0,"uagb_excerpt":"Description Rehaussez le look de vos sourcils avec&nbsp; la&nbsp;Base Nourrissante Sourcils,&nbsp;Browvo! Conditioning Primer&nbsp;de&nbsp;Benefit,&nbsp;un gel transparent qui pr\u00e9pare et nourri vos sourcils. La formule transparente convient \u00e0 toutes les teintes et est enrichie en K\u00e9ratine et Prot\u00e9ines de Soie qui aident \u00e0 obtenir des sourcils brillants, plus fournis et plus \u00e9pais. Portez la seule pour lisser&hellip;","brands":[],"_links":{"self":[{"href":"https:\/\/wavexia.com\/index.php?rest_route=\/wp\/v2\/product\/5251","targetHints":{"allow":["GET"]}}],"collection":[{"href":"https:\/\/wavexia.com\/index.php?rest_route=\/wp\/v2\/product"}],"about":[{"href":"https:\/\/wavexia.com\/index.php?rest_route=\/wp\/v2\/types\/product"}],"replies":[{"embeddable":true,"href":"https:\/\/wavexia.com\/index.php?rest_route=%2Fwp%2Fv2%2Fcomments&post=5251"}],"wp:featuredmedia":[{"embeddable":true,"href":"https:\/\/wavexia.com\/index.php?rest_route=\/wp\/v2\/media\/5250"}],"wp:attachment":[{"href":"https:\/\/wavexia.com\/index.php?rest_route=%2Fwp%2Fv2%2Fmedia&parent=5251"}],"wp:term":[{"taxonomy":"pwb-brand","embeddable":true,"href":"https:\/\/wavexia.com\/index.php?rest_route=%2Fwp%2Fv2%2Fpwb-brand&post=5251"},{"taxonomy":"product_brand","embeddable":true,"href":"https:\/\/wavexia.com\/index.php?rest_route=%2Fwp%2Fv2%2Fproduct_brand&post=5251"},{"taxonomy":"product_cat","embeddable":true,"href":"https:\/\/wavexia.com\/index.php?rest_route=%2Fwp%2Fv2%2Fproduct_cat&post=5251"},{"taxonomy":"product_tag","embeddable":true,"href":"https:\/\/wavexia.com\/index.php?rest_route=%2Fwp%2Fv2%2Fproduct_tag&post=5251"}],"curies":[{"name":"wp","href":"https:\/\/api.w.org\/{rel}","templated":true}]}}