{"id":5246,"date":"2025-10-19T09:17:56","date_gmt":"2025-10-19T09:17:56","guid":{"rendered":"https:\/\/wavexia.com\/product\/marvis-anise-mint-toothpaste-85ml\/"},"modified":"2026-03-10T07:31:08","modified_gmt":"2026-03-10T07:31:08","slug":"marvis-anise-mint-toothpaste-85ml","status":"publish","type":"product","link":"https:\/\/wavexia.com\/?product=marvis-anise-mint-toothpaste-85ml","title":{"rendered":"MARVIS Anise Mint Toothpaste \u2013 85ml"},"content":{"rendered":"<h2>Description<\/h2>\n<p>Ce dentifrice riche et cr\u00e9meux combine la douceur agr\u00e9able et \u00e9pic\u00e9e de l\u2019anis avec le go\u00fbt rafra\u00eechissant de la menthe pour donner une fra\u00eecheur surprenante et durable. La formule aide \u00e0 pr\u00e9venir la carie dentaire, combat le tartre et la plaque dentaire et garde une haleine fra\u00eeche toute la journ\u00e9e. Et non seulement Marvis nettoie et prot\u00e8ge les dents et a un go\u00fbt d\u00e9licieux, mais il a m\u00eame fi\u00e8re allure dans son tube luxueusement color\u00e9 avec un capuchon \u00e9l\u00e9gamment sculpt\u00e9.<\/p>\n<p><strong>Mode d\u2019emploi :<\/strong><\/p>\n<p>Utilisez-le pour vous brosser les dents tous les matins et tous les soirs.<\/p>\n<p><strong>Ingr\u00e9dients:<\/strong><\/p>\n<p>Glyc\u00e9rine, hydroxyde d\u2019aluminium, Aqua, silice, ar\u00f4me, gomme de cellulose, dioxyde de titane, xylitol, laurylsulfate de sodium, saccharine de sodium, fluorure de sodium, acide citrique, citrate de sodium, limon\u00e8ne.<\/p>\n<p>&nbsp;<\/p>\n","protected":false},"excerpt":{"rendered":"<p>Description Ce dentifrice riche et cr\u00e9meux combine la douceur agr\u00e9able et \u00e9pic\u00e9e de l\u2019anis avec le go\u00fbt rafra\u00eechissant de la menthe pour donner une fra\u00eecheur surprenante et durable. La formule aide \u00e0 pr\u00e9venir la carie dentaire, combat le tartre et la plaque dentaire et garde une haleine fra\u00eeche toute la journ\u00e9e. Et non seulement Marvis [&hellip;]<\/p>\n","protected":false},"featured_media":5245,"comment_status":"open","ping_status":"closed","template":"","meta":{"content-type":"","_uag_custom_page_level_css":""},"pwb-brand":[],"product_brand":[],"product_cat":[440,374],"product_tag":[],"class_list":{"0":"post-5246","1":"product","2":"type-product","3":"status-publish","4":"has-post-thumbnail","6":"product_cat-marvis","7":"product_cat-soins-dentaires","9":"first","10":"instock","11":"sale","12":"shipping-taxable","13":"purchasable","14":"product-type-simple"},"aioseo_notices":[],"uagb_featured_image_src":{"full":["https:\/\/wavexia.com\/wp-content\/uploads\/2025\/10\/Marvis-AniseMintToothpaste1-1300px.webp",1200,1200,false],"thumbnail":["https:\/\/wavexia.com\/wp-content\/uploads\/2025\/10\/Marvis-AniseMintToothpaste1-1300px-150x150.webp",150,150,true],"medium":["https:\/\/wavexia.com\/wp-content\/uploads\/2025\/10\/Marvis-AniseMintToothpaste1-1300px-300x300.webp",300,300,true],"medium_large":["https:\/\/wavexia.com\/wp-content\/uploads\/2025\/10\/Marvis-AniseMintToothpaste1-1300px-768x768.webp",768,768,true],"large":["https:\/\/wavexia.com\/wp-content\/uploads\/2025\/10\/Marvis-AniseMintToothpaste1-1300px-1024x1024.webp",1024,1024,true],"1536x1536":["https:\/\/wavexia.com\/wp-content\/uploads\/2025\/10\/Marvis-AniseMintToothpaste1-1300px.webp",1200,1200,false],"2048x2048":["https:\/\/wavexia.com\/wp-content\/uploads\/2025\/10\/Marvis-AniseMintToothpaste1-1300px.webp",1200,1200,false],"woocommerce_archive_thumbnail":["https:\/\/wavexia.com\/wp-content\/uploads\/2025\/10\/Marvis-AniseMintToothpaste1-1300px-300x300.webp",300,300,true],"woocommerce_thumbnail":["https:\/\/wavexia.com\/wp-content\/uploads\/2025\/10\/Marvis-AniseMintToothpaste1-1300px-300x300.webp",300,300,true],"woocommerce_single":["https:\/\/wavexia.com\/wp-content\/uploads\/2025\/10\/Marvis-AniseMintToothpaste1-1300px-600x600.webp",600,600,true],"woocommerce_gallery_thumbnail":["https:\/\/wavexia.com\/wp-content\/uploads\/2025\/10\/Marvis-AniseMintToothpaste1-1300px-100x100.webp",100,100,true]},"uagb_author_info":{"display_name":"zineddine.ayoub98@gmail.com","author_link":"https:\/\/wavexia.com\/?author=0"},"uagb_comment_info":0,"uagb_excerpt":"Description Ce dentifrice riche et cr\u00e9meux combine la douceur agr\u00e9able et \u00e9pic\u00e9e de l\u2019anis avec le go\u00fbt rafra\u00eechissant de la menthe pour donner une fra\u00eecheur surprenante et durable. La formule aide \u00e0 pr\u00e9venir la carie dentaire, combat le tartre et la plaque dentaire et garde une haleine fra\u00eeche toute la journ\u00e9e. Et non seulement Marvis&hellip;","brands":[],"_links":{"self":[{"href":"https:\/\/wavexia.com\/index.php?rest_route=\/wp\/v2\/product\/5246","targetHints":{"allow":["GET"]}}],"collection":[{"href":"https:\/\/wavexia.com\/index.php?rest_route=\/wp\/v2\/product"}],"about":[{"href":"https:\/\/wavexia.com\/index.php?rest_route=\/wp\/v2\/types\/product"}],"replies":[{"embeddable":true,"href":"https:\/\/wavexia.com\/index.php?rest_route=%2Fwp%2Fv2%2Fcomments&post=5246"}],"wp:featuredmedia":[{"embeddable":true,"href":"https:\/\/wavexia.com\/index.php?rest_route=\/wp\/v2\/media\/5245"}],"wp:attachment":[{"href":"https:\/\/wavexia.com\/index.php?rest_route=%2Fwp%2Fv2%2Fmedia&parent=5246"}],"wp:term":[{"taxonomy":"pwb-brand","embeddable":true,"href":"https:\/\/wavexia.com\/index.php?rest_route=%2Fwp%2Fv2%2Fpwb-brand&post=5246"},{"taxonomy":"product_brand","embeddable":true,"href":"https:\/\/wavexia.com\/index.php?rest_route=%2Fwp%2Fv2%2Fproduct_brand&post=5246"},{"taxonomy":"product_cat","embeddable":true,"href":"https:\/\/wavexia.com\/index.php?rest_route=%2Fwp%2Fv2%2Fproduct_cat&post=5246"},{"taxonomy":"product_tag","embeddable":true,"href":"https:\/\/wavexia.com\/index.php?rest_route=%2Fwp%2Fv2%2Fproduct_tag&post=5246"}],"curies":[{"name":"wp","href":"https:\/\/api.w.org\/{rel}","templated":true}]}}