{"id":5244,"date":"2025-10-19T09:17:54","date_gmt":"2025-10-19T09:17:54","guid":{"rendered":"https:\/\/wavexia.com\/product\/victorias-secret-love-spell-brume-parfumee-corps-250ml\/"},"modified":"2026-03-10T07:31:08","modified_gmt":"2026-03-10T07:31:08","slug":"victorias-secret-love-spell-brume-parfumee-corps-250ml","status":"publish","type":"product","link":"https:\/\/wavexia.com\/?product=victorias-secret-love-spell-brume-parfumee-corps-250ml","title":{"rendered":"Victorias Secret \u2013 Love Spell Brume Parfum\u00e9e Corps 250ml"},"content":{"rendered":"<h2>Description<\/h2>\n<p>C\u00e9l\u00e9brez la collection qui vous rend hommage. Pour chaque instant et chaque facette de votre personnalit\u00e9, d\u00e9couvrez des senteurs uniques qui parlent de vous.<\/p>\n<p>Description du parfum<\/p>\n<ul>\n<li>Type : floral fruit\u00e9<\/li>\n<li>Fleur de cerisier. P\u00eache fra\u00eeche. Totalement irr\u00e9sistible.<\/li>\n<\/ul>\n<p>Conseil<br \/>\u2022Associez-la au lait parfum\u00e9 corps Aqua Kiss assorti pour faire durer cette exp\u00e9rience olfactive.<\/p>\n","protected":false},"excerpt":{"rendered":"<p>Description C\u00e9l\u00e9brez la collection qui vous rend hommage. Pour chaque instant et chaque facette de votre personnalit\u00e9, d\u00e9couvrez des senteurs uniques qui parlent de vous. Description du parfum Type : floral fruit\u00e9 Fleur de cerisier. P\u00eache fra\u00eeche. Totalement irr\u00e9sistible. Conseil\u2022Associez-la au lait parfum\u00e9 corps Aqua Kiss assorti pour faire durer cette exp\u00e9rience olfactive.<\/p>\n","protected":false},"featured_media":5243,"comment_status":"open","ping_status":"closed","template":"","meta":{"content-type":"","_uag_custom_page_level_css":""},"pwb-brand":[],"product_brand":[],"product_cat":[331,329,362],"product_tag":[],"class_list":{"0":"post-5244","1":"product","2":"type-product","3":"status-publish","4":"has-post-thumbnail","6":"product_cat-idees-cadeaux","7":"product_cat-produits-americains","8":"product_cat-victoria-secret","10":"first","11":"instock","12":"sale","13":"shipping-taxable","14":"purchasable","15":"product-type-simple"},"aioseo_notices":[],"uagb_featured_image_src":{"full":["https:\/\/wavexia.com\/wp-content\/uploads\/2025\/10\/112047172017_OF_F.jpg",760,1013,false],"thumbnail":["https:\/\/wavexia.com\/wp-content\/uploads\/2025\/10\/112047172017_OF_F-150x150.jpg",150,150,true],"medium":["https:\/\/wavexia.com\/wp-content\/uploads\/2025\/10\/112047172017_OF_F-225x300.jpg",225,300,true],"medium_large":["https:\/\/wavexia.com\/wp-content\/uploads\/2025\/10\/112047172017_OF_F.jpg",760,1013,false],"large":["https:\/\/wavexia.com\/wp-content\/uploads\/2025\/10\/112047172017_OF_F.jpg",760,1013,false],"1536x1536":["https:\/\/wavexia.com\/wp-content\/uploads\/2025\/10\/112047172017_OF_F.jpg",760,1013,false],"2048x2048":["https:\/\/wavexia.com\/wp-content\/uploads\/2025\/10\/112047172017_OF_F.jpg",760,1013,false],"woocommerce_archive_thumbnail":["https:\/\/wavexia.com\/wp-content\/uploads\/2025\/10\/112047172017_OF_F-300x400.jpg",300,400,true],"woocommerce_thumbnail":["https:\/\/wavexia.com\/wp-content\/uploads\/2025\/10\/112047172017_OF_F-300x300.jpg",300,300,true],"woocommerce_single":["https:\/\/wavexia.com\/wp-content\/uploads\/2025\/10\/112047172017_OF_F-600x800.jpg",600,800,true],"woocommerce_gallery_thumbnail":["https:\/\/wavexia.com\/wp-content\/uploads\/2025\/10\/112047172017_OF_F-100x100.jpg",100,100,true]},"uagb_author_info":{"display_name":"zineddine.ayoub98@gmail.com","author_link":"https:\/\/wavexia.com\/?author=0"},"uagb_comment_info":0,"uagb_excerpt":"Description C\u00e9l\u00e9brez la collection qui vous rend hommage. Pour chaque instant et chaque facette de votre personnalit\u00e9, d\u00e9couvrez des senteurs uniques qui parlent de vous. Description du parfum Type : floral fruit\u00e9 Fleur de cerisier. P\u00eache fra\u00eeche. Totalement irr\u00e9sistible. Conseil\u2022Associez-la au lait parfum\u00e9 corps Aqua Kiss assorti pour faire durer cette exp\u00e9rience olfactive.","brands":[],"_links":{"self":[{"href":"https:\/\/wavexia.com\/index.php?rest_route=\/wp\/v2\/product\/5244","targetHints":{"allow":["GET"]}}],"collection":[{"href":"https:\/\/wavexia.com\/index.php?rest_route=\/wp\/v2\/product"}],"about":[{"href":"https:\/\/wavexia.com\/index.php?rest_route=\/wp\/v2\/types\/product"}],"replies":[{"embeddable":true,"href":"https:\/\/wavexia.com\/index.php?rest_route=%2Fwp%2Fv2%2Fcomments&post=5244"}],"wp:featuredmedia":[{"embeddable":true,"href":"https:\/\/wavexia.com\/index.php?rest_route=\/wp\/v2\/media\/5243"}],"wp:attachment":[{"href":"https:\/\/wavexia.com\/index.php?rest_route=%2Fwp%2Fv2%2Fmedia&parent=5244"}],"wp:term":[{"taxonomy":"pwb-brand","embeddable":true,"href":"https:\/\/wavexia.com\/index.php?rest_route=%2Fwp%2Fv2%2Fpwb-brand&post=5244"},{"taxonomy":"product_brand","embeddable":true,"href":"https:\/\/wavexia.com\/index.php?rest_route=%2Fwp%2Fv2%2Fproduct_brand&post=5244"},{"taxonomy":"product_cat","embeddable":true,"href":"https:\/\/wavexia.com\/index.php?rest_route=%2Fwp%2Fv2%2Fproduct_cat&post=5244"},{"taxonomy":"product_tag","embeddable":true,"href":"https:\/\/wavexia.com\/index.php?rest_route=%2Fwp%2Fv2%2Fproduct_tag&post=5244"}],"curies":[{"name":"wp","href":"https:\/\/api.w.org\/{rel}","templated":true}]}}