{"id":5235,"date":"2025-10-19T09:17:47","date_gmt":"2025-10-19T09:17:47","guid":{"rendered":"https:\/\/wavexia.com\/product\/guess-sexy-skin-fragrance-mist-250-ml-tropical-breeze\/"},"modified":"2026-03-10T07:31:08","modified_gmt":"2026-03-10T07:31:08","slug":"guess-sexy-skin-fragrance-mist-250-ml-tropical-breeze","status":"publish","type":"product","link":"https:\/\/wavexia.com\/?product=guess-sexy-skin-fragrance-mist-250-ml-tropical-breeze","title":{"rendered":"Guess Sexy Skin fragrance mist 250 ml TROPICAL BREEZE"},"content":{"rendered":"<h2>Description<\/h2>\n<p>Une brume parfum\u00e9e rafra\u00eechissante au s\u00e9duisant parfum des fleurs des \u00eeles avec des notes d\u2019Ambre et de P\u00eache<\/p>\n<p>INSPIRATION<\/p>\n<p>Fid\u00e8le \u00e0 l\u2019esprit GUESS, Sexy Skin est une collection de brumes parfum\u00e9es irr\u00e9sistibles qui accompagne toutes vos sorties et vos humeurs.<\/p>\n<p>FRAGRANCE<\/p>\n<p>Cette fragrance florale fruit\u00e9e s\u2019ouvre sur des notes sucr\u00e9es de m\u00fbre et d\u2019ananas, m\u00eal\u00e9es \u00e0 du lys, jasmin et violette. Le tout est sublim\u00e9 par des touches d\u2019ambre et de p\u00eache, \u00e9voquant une escapade sur une \u00eele paradisiaque.<\/p>\n<p>&nbsp;<\/p>\n","protected":false},"excerpt":{"rendered":"<p>Description Une brume parfum\u00e9e rafra\u00eechissante au s\u00e9duisant parfum des fleurs des \u00eeles avec des notes d\u2019Ambre et de P\u00eache INSPIRATION Fid\u00e8le \u00e0 l\u2019esprit GUESS, Sexy Skin est une collection de brumes parfum\u00e9es irr\u00e9sistibles qui accompagne toutes vos sorties et vos humeurs. FRAGRANCE Cette fragrance florale fruit\u00e9e s\u2019ouvre sur des notes sucr\u00e9es de m\u00fbre et d\u2019ananas, [&hellip;]<\/p>\n","protected":false},"featured_media":5234,"comment_status":"open","ping_status":"closed","template":"","meta":{"content-type":"","_uag_custom_page_level_css":""},"pwb-brand":[],"product_brand":[],"product_cat":[382,329],"product_tag":[],"class_list":{"0":"post-5235","1":"product","2":"type-product","3":"status-publish","4":"has-post-thumbnail","6":"product_cat-derniere-chance","7":"product_cat-produits-americains","9":"first","10":"instock","11":"shipping-taxable","12":"purchasable","13":"product-type-simple"},"aioseo_notices":[],"uagb_featured_image_src":{"full":["https:\/\/wavexia.com\/wp-content\/uploads\/2025\/10\/71OuPOGgTqL._AC_UL600_SR600600_.jpg",600,600,false],"thumbnail":["https:\/\/wavexia.com\/wp-content\/uploads\/2025\/10\/71OuPOGgTqL._AC_UL600_SR600600_-150x150.jpg",150,150,true],"medium":["https:\/\/wavexia.com\/wp-content\/uploads\/2025\/10\/71OuPOGgTqL._AC_UL600_SR600600_-300x300.jpg",300,300,true],"medium_large":["https:\/\/wavexia.com\/wp-content\/uploads\/2025\/10\/71OuPOGgTqL._AC_UL600_SR600600_.jpg",600,600,false],"large":["https:\/\/wavexia.com\/wp-content\/uploads\/2025\/10\/71OuPOGgTqL._AC_UL600_SR600600_.jpg",600,600,false],"1536x1536":["https:\/\/wavexia.com\/wp-content\/uploads\/2025\/10\/71OuPOGgTqL._AC_UL600_SR600600_.jpg",600,600,false],"2048x2048":["https:\/\/wavexia.com\/wp-content\/uploads\/2025\/10\/71OuPOGgTqL._AC_UL600_SR600600_.jpg",600,600,false],"woocommerce_archive_thumbnail":["https:\/\/wavexia.com\/wp-content\/uploads\/2025\/10\/71OuPOGgTqL._AC_UL600_SR600600_-300x300.jpg",300,300,true],"woocommerce_thumbnail":["https:\/\/wavexia.com\/wp-content\/uploads\/2025\/10\/71OuPOGgTqL._AC_UL600_SR600600_-300x300.jpg",300,300,true],"woocommerce_single":["https:\/\/wavexia.com\/wp-content\/uploads\/2025\/10\/71OuPOGgTqL._AC_UL600_SR600600_.jpg",600,600,false],"woocommerce_gallery_thumbnail":["https:\/\/wavexia.com\/wp-content\/uploads\/2025\/10\/71OuPOGgTqL._AC_UL600_SR600600_-100x100.jpg",100,100,true]},"uagb_author_info":{"display_name":"zineddine.ayoub98@gmail.com","author_link":"https:\/\/wavexia.com\/?author=0"},"uagb_comment_info":0,"uagb_excerpt":"Description Une brume parfum\u00e9e rafra\u00eechissante au s\u00e9duisant parfum des fleurs des \u00eeles avec des notes d\u2019Ambre et de P\u00eache INSPIRATION Fid\u00e8le \u00e0 l\u2019esprit GUESS, Sexy Skin est une collection de brumes parfum\u00e9es irr\u00e9sistibles qui accompagne toutes vos sorties et vos humeurs. FRAGRANCE Cette fragrance florale fruit\u00e9e s\u2019ouvre sur des notes sucr\u00e9es de m\u00fbre et d\u2019ananas,&hellip;","brands":[],"_links":{"self":[{"href":"https:\/\/wavexia.com\/index.php?rest_route=\/wp\/v2\/product\/5235","targetHints":{"allow":["GET"]}}],"collection":[{"href":"https:\/\/wavexia.com\/index.php?rest_route=\/wp\/v2\/product"}],"about":[{"href":"https:\/\/wavexia.com\/index.php?rest_route=\/wp\/v2\/types\/product"}],"replies":[{"embeddable":true,"href":"https:\/\/wavexia.com\/index.php?rest_route=%2Fwp%2Fv2%2Fcomments&post=5235"}],"wp:featuredmedia":[{"embeddable":true,"href":"https:\/\/wavexia.com\/index.php?rest_route=\/wp\/v2\/media\/5234"}],"wp:attachment":[{"href":"https:\/\/wavexia.com\/index.php?rest_route=%2Fwp%2Fv2%2Fmedia&parent=5235"}],"wp:term":[{"taxonomy":"pwb-brand","embeddable":true,"href":"https:\/\/wavexia.com\/index.php?rest_route=%2Fwp%2Fv2%2Fpwb-brand&post=5235"},{"taxonomy":"product_brand","embeddable":true,"href":"https:\/\/wavexia.com\/index.php?rest_route=%2Fwp%2Fv2%2Fproduct_brand&post=5235"},{"taxonomy":"product_cat","embeddable":true,"href":"https:\/\/wavexia.com\/index.php?rest_route=%2Fwp%2Fv2%2Fproduct_cat&post=5235"},{"taxonomy":"product_tag","embeddable":true,"href":"https:\/\/wavexia.com\/index.php?rest_route=%2Fwp%2Fv2%2Fproduct_tag&post=5235"}],"curies":[{"name":"wp","href":"https:\/\/api.w.org\/{rel}","templated":true}]}}