{"id":5230,"date":"2025-10-19T09:17:45","date_gmt":"2025-10-19T09:17:45","guid":{"rendered":"https:\/\/wavexia.com\/product\/kiko-milano-sicilian-notes-baked-bronzer-01-warm-melange\/"},"modified":"2026-03-10T07:31:08","modified_gmt":"2026-03-10T07:31:08","slug":"kiko-milano-sicilian-notes-baked-bronzer-01-warm-melange","status":"publish","type":"product","link":"https:\/\/wavexia.com\/?product=kiko-milano-sicilian-notes-baked-bronzer-01-warm-melange","title":{"rendered":"KIKO MILANO SICILIAN NOTES BAKED BRONZER 01 WARM MELANGE"},"content":{"rendered":"<h2>Description<\/h2>\n<h2 class=\"mt-5\">Composition<\/h2>\n<div>\n<p>COPOLYM\u00c8RE D\u2019ACRYLAMIDES\/D\u2019ACRYLOYL DIM\u00c9THYLTAURATE DE SODIUM, *******, AQUA (WATER\/EAU), SALICYLATE DE BENZYLE, BOROSILICATE DE CALCIUM ET D\u2019ALUMINIUM, *******, CAPRYLYL GLYCOL, CI 77491, *******, CI 77499 (OXYDES DE FER), CI 77891 (DIOXYDE DE TITANE), COUMARINE, *******, HEXYL\u00c8NE GLYCOL, ISOHEXAD\u00c9CANE, PALMITATE D\u2019ISOPROPYLE, LAUROYL LYSINE, LIMON\u00c8NE, LINALOL, SILICATE DE MAGN\u00c9SIUM ET D\u2019ALUMINIUM, *******, NYLON-12, ST\u00c9ARATE D\u2019OCTYLDOD\u00c9CYLE ST\u00c9AROYLE, HUILE DE FRUIT OLEA EUROPAEA (HUILE DE FRUIT OLEA EUROPAEA (HUILE DE FRUIT D\u2019OLIVE)), PARFUM (FRAGRANCE), , POLYSORBATE 20, *******, SILICE, HUILE DE GRAINES DE SIMMONDSIA CHINENSIS (HUILE DE GRAINES DE SIMMONDSIA CHINENESIS (JOJOBA)), D\u00c9HYDROAC\u00c9TATE DE SODIUM, OL\u00c9ATE DE SORBITAN, ST\u00c9ARATE DE SORBITAN, FLUORPHLOGOPITE SYNTH\u00c9TIQUE, *******, OXYDE D\u2019\u00c9TAIN, AC\u00c9TATE DE TOCOPH\u00c9ROLE (*).<\/p>\n<\/div>\n","protected":false},"excerpt":{"rendered":"<p>Description Composition COPOLYM\u00c8RE D\u2019ACRYLAMIDES\/D\u2019ACRYLOYL DIM\u00c9THYLTAURATE DE SODIUM, *******, AQUA (WATER\/EAU), SALICYLATE DE BENZYLE, BOROSILICATE DE CALCIUM ET D\u2019ALUMINIUM, *******, CAPRYLYL GLYCOL, CI 77491, *******, CI 77499 (OXYDES DE FER), CI 77891 (DIOXYDE DE TITANE), COUMARINE, *******, HEXYL\u00c8NE GLYCOL, ISOHEXAD\u00c9CANE, PALMITATE D\u2019ISOPROPYLE, LAUROYL LYSINE, LIMON\u00c8NE, LINALOL, SILICATE DE MAGN\u00c9SIUM ET D\u2019ALUMINIUM, *******, NYLON-12, ST\u00c9ARATE D\u2019OCTYLDOD\u00c9CYLE ST\u00c9AROYLE, [&hellip;]<\/p>\n","protected":false},"featured_media":5229,"comment_status":"open","ping_status":"closed","template":"","meta":{"content-type":"","_uag_custom_page_level_css":""},"pwb-brand":[],"product_brand":[],"product_cat":[382,388,360],"product_tag":[],"class_list":{"0":"post-5230","1":"product","2":"type-product","3":"status-publish","4":"has-post-thumbnail","6":"product_cat-derniere-chance","7":"product_cat-kiko","8":"product_cat-maquillage","10":"first","11":"instock","12":"sale","13":"shipping-taxable","14":"purchasable","15":"product-type-simple"},"aioseo_notices":[],"uagb_featured_image_src":{"full":["https:\/\/wavexia.com\/wp-content\/uploads\/2025\/10\/images-34.jpeg",204,192,false],"thumbnail":["https:\/\/wavexia.com\/wp-content\/uploads\/2025\/10\/images-34-150x150.jpeg",150,150,true],"medium":["https:\/\/wavexia.com\/wp-content\/uploads\/2025\/10\/images-34.jpeg",204,192,false],"medium_large":["https:\/\/wavexia.com\/wp-content\/uploads\/2025\/10\/images-34.jpeg",204,192,false],"large":["https:\/\/wavexia.com\/wp-content\/uploads\/2025\/10\/images-34.jpeg",204,192,false],"1536x1536":["https:\/\/wavexia.com\/wp-content\/uploads\/2025\/10\/images-34.jpeg",204,192,false],"2048x2048":["https:\/\/wavexia.com\/wp-content\/uploads\/2025\/10\/images-34.jpeg",204,192,false],"woocommerce_archive_thumbnail":["https:\/\/wavexia.com\/wp-content\/uploads\/2025\/10\/images-34.jpeg",204,192,false],"woocommerce_thumbnail":["https:\/\/wavexia.com\/wp-content\/uploads\/2025\/10\/images-34.jpeg",204,192,false],"woocommerce_single":["https:\/\/wavexia.com\/wp-content\/uploads\/2025\/10\/images-34.jpeg",204,192,false],"woocommerce_gallery_thumbnail":["https:\/\/wavexia.com\/wp-content\/uploads\/2025\/10\/images-34-100x100.jpeg",100,100,true]},"uagb_author_info":{"display_name":"zineddine.ayoub98@gmail.com","author_link":"https:\/\/wavexia.com\/?author=0"},"uagb_comment_info":0,"uagb_excerpt":"Description Composition COPOLYM\u00c8RE D\u2019ACRYLAMIDES\/D\u2019ACRYLOYL DIM\u00c9THYLTAURATE DE SODIUM, *******, AQUA (WATER\/EAU), SALICYLATE DE BENZYLE, BOROSILICATE DE CALCIUM ET D\u2019ALUMINIUM, *******, CAPRYLYL GLYCOL, CI 77491, *******, CI 77499 (OXYDES DE FER), CI 77891 (DIOXYDE DE TITANE), COUMARINE, *******, HEXYL\u00c8NE GLYCOL, ISOHEXAD\u00c9CANE, PALMITATE D\u2019ISOPROPYLE, LAUROYL LYSINE, LIMON\u00c8NE, LINALOL, SILICATE DE MAGN\u00c9SIUM ET D\u2019ALUMINIUM, *******, NYLON-12, ST\u00c9ARATE D\u2019OCTYLDOD\u00c9CYLE ST\u00c9AROYLE,&hellip;","brands":[],"_links":{"self":[{"href":"https:\/\/wavexia.com\/index.php?rest_route=\/wp\/v2\/product\/5230","targetHints":{"allow":["GET"]}}],"collection":[{"href":"https:\/\/wavexia.com\/index.php?rest_route=\/wp\/v2\/product"}],"about":[{"href":"https:\/\/wavexia.com\/index.php?rest_route=\/wp\/v2\/types\/product"}],"replies":[{"embeddable":true,"href":"https:\/\/wavexia.com\/index.php?rest_route=%2Fwp%2Fv2%2Fcomments&post=5230"}],"wp:featuredmedia":[{"embeddable":true,"href":"https:\/\/wavexia.com\/index.php?rest_route=\/wp\/v2\/media\/5229"}],"wp:attachment":[{"href":"https:\/\/wavexia.com\/index.php?rest_route=%2Fwp%2Fv2%2Fmedia&parent=5230"}],"wp:term":[{"taxonomy":"pwb-brand","embeddable":true,"href":"https:\/\/wavexia.com\/index.php?rest_route=%2Fwp%2Fv2%2Fpwb-brand&post=5230"},{"taxonomy":"product_brand","embeddable":true,"href":"https:\/\/wavexia.com\/index.php?rest_route=%2Fwp%2Fv2%2Fproduct_brand&post=5230"},{"taxonomy":"product_cat","embeddable":true,"href":"https:\/\/wavexia.com\/index.php?rest_route=%2Fwp%2Fv2%2Fproduct_cat&post=5230"},{"taxonomy":"product_tag","embeddable":true,"href":"https:\/\/wavexia.com\/index.php?rest_route=%2Fwp%2Fv2%2Fproduct_tag&post=5230"}],"curies":[{"name":"wp","href":"https:\/\/api.w.org\/{rel}","templated":true}]}}