{"id":5226,"date":"2025-10-19T09:17:43","date_gmt":"2025-10-19T09:17:43","guid":{"rendered":"https:\/\/wavexia.com\/product\/vichy-mineral-89-ojos-15-ml\/"},"modified":"2026-03-10T07:31:08","modified_gmt":"2026-03-10T07:31:08","slug":"vichy-mineral-89-ojos-15-ml","status":"publish","type":"product","link":"https:\/\/wavexia.com\/?product=vichy-mineral-89-ojos-15-ml","title":{"rendered":"VICHY MINERAL 89 OJOS 15 ML"},"content":{"rendered":"<h2>Description<\/h2>\n<ul>\n<li>Les agressions ext\u00e9rieures, telles que la pollution, le stress ou les rayons UV, alt\u00e8rent la barri\u00e8re protectrice de votre \u00e9piderme. La peau se d\u00e9shydrate, votre teint devient terne. Il est donc essentiel de lui apporter un coup de pouce quotidien avec l\u2019application d\u2019un soin booster fortifiant et hydratant, comme notre MINERAL 89.<\/li>\n<li>MINERAL 89 est un s\u00e9rum hydratant, fortifiant et repulpant qui renforce la barri\u00e8re cutan\u00e9e et hydrate intens\u00e9ment la peau. Au c\u0153ur de sa formulation minimaliste se trouve 89 % d\u2019eau volcanique de Vichy, riche en min\u00e9raux et oligo-\u00e9l\u00e9ments qui fortifient la peau, ainsi que de l\u2019acide hyaluronique au haut pouvoir hydratant et repulpant. Sa texture gel aqueux fond sur la peau. Jour apr\u00e8s jour, le teint retrouve de l\u2019\u00e9clat, le taux d\u2019hydratation est \u00e0 son maximum, la peau est repulp\u00e9e et prot\u00e9g\u00e9e.<\/li>\n<li><em><strong>LES INGREDIENTS :&nbsp;<\/strong><\/em><\/li>\n<li>Le s\u00e9rum hydratant et fortifiant MINERAL 89 contient des ingr\u00e9dients reconnus pour leurs effets hydratants, repulpants et fortifiants.\n<ul>\n<li><strong>Acide hyaluronique (Hyaluronate de sodium)<\/strong><\/li>\n<\/ul>\n<p>Mol\u00e9cule anti-\u00e2ge de r\u00e9f\u00e9rence, l\u2019<a href=\"https:\/\/www.vichy.ma\/fr\/Le-Vichy-Mag\/Acide-Hyaluronique\/vmag56645.aspx\" target=\"_blank\" rel=\"noopener\">acide hyaluronique<\/a>&nbsp;agit sur plusieurs sph\u00e8res de la peau. \u00c0 haut poids mol\u00e9culaire, il hydrate la peau en surface. \u00c0 bas poids mol\u00e9culaire, il p\u00e9n\u00e8tre dans la peau en profondeur pour faire office de liant entre les cellules et stimuler la production de collag\u00e8ne et d\u2019\u00e9lastine. La peau est ainsi hydrat\u00e9e, repulp\u00e9e, \u00e0 l\u2019aspect rebondi.<\/p>\n<ul>\n<li><strong>Eau volcanique de Vichy<\/strong><\/li>\n<\/ul>\n<p>Riche en min\u00e9raux et oligo-\u00e9l\u00e9ments, l\u2019eau volcanique de Vichy revitalise, apaise et prot\u00e8ge la peau, pour la rendre plus forte et plus \u00e9clatante.<\/p>\n<ul>\n<li><strong>Glyc\u00e9rine<\/strong><\/li>\n<\/ul>\n<p>La glyc\u00e9rine est un actif hydratant et humectant qui a le pouvoir d\u2019attirer l\u2019eau et de la garder, maintenant ainsi un taux d\u2019hydratation optimal. Son action occlusive prot\u00e8ge la peau des agressions ext\u00e9rieures et ses propri\u00e9t\u00e9s \u00e9mollientes adoucissent et lissent la peau.<\/p>\n<\/li>\n<\/ul>\n","protected":false},"excerpt":{"rendered":"<p>Description Les agressions ext\u00e9rieures, telles que la pollution, le stress ou les rayons UV, alt\u00e8rent la barri\u00e8re protectrice de votre \u00e9piderme. La peau se d\u00e9shydrate, votre teint devient terne. Il est donc essentiel de lui apporter un coup de pouce quotidien avec l\u2019application d\u2019un soin booster fortifiant et hydratant, comme notre MINERAL 89. MINERAL 89 [&hellip;]<\/p>\n","protected":false},"featured_media":5225,"comment_status":"open","ping_status":"closed","template":"","meta":{"content-type":"","_uag_custom_page_level_css":""},"pwb-brand":[],"product_brand":[],"product_cat":[352,382],"product_tag":[],"class_list":{"0":"post-5226","1":"product","2":"type-product","3":"status-publish","4":"has-post-thumbnail","6":"product_cat-contour-des-yeux","7":"product_cat-derniere-chance","9":"first","10":"instock","11":"sale","12":"shipping-taxable","13":"purchasable","14":"product-type-simple"},"aioseo_notices":[],"uagb_featured_image_src":{"full":["https:\/\/wavexia.com\/wp-content\/uploads\/2025\/10\/telecharger-40.jpeg",208,243,false],"thumbnail":["https:\/\/wavexia.com\/wp-content\/uploads\/2025\/10\/telecharger-40-150x150.jpeg",150,150,true],"medium":["https:\/\/wavexia.com\/wp-content\/uploads\/2025\/10\/telecharger-40.jpeg",208,243,false],"medium_large":["https:\/\/wavexia.com\/wp-content\/uploads\/2025\/10\/telecharger-40.jpeg",208,243,false],"large":["https:\/\/wavexia.com\/wp-content\/uploads\/2025\/10\/telecharger-40.jpeg",208,243,false],"1536x1536":["https:\/\/wavexia.com\/wp-content\/uploads\/2025\/10\/telecharger-40.jpeg",208,243,false],"2048x2048":["https:\/\/wavexia.com\/wp-content\/uploads\/2025\/10\/telecharger-40.jpeg",208,243,false],"woocommerce_archive_thumbnail":["https:\/\/wavexia.com\/wp-content\/uploads\/2025\/10\/telecharger-40.jpeg",208,243,false],"woocommerce_thumbnail":["https:\/\/wavexia.com\/wp-content\/uploads\/2025\/10\/telecharger-40.jpeg",208,243,false],"woocommerce_single":["https:\/\/wavexia.com\/wp-content\/uploads\/2025\/10\/telecharger-40.jpeg",208,243,false],"woocommerce_gallery_thumbnail":["https:\/\/wavexia.com\/wp-content\/uploads\/2025\/10\/telecharger-40-100x100.jpeg",100,100,true]},"uagb_author_info":{"display_name":"zineddine.ayoub98@gmail.com","author_link":"https:\/\/wavexia.com\/?author=0"},"uagb_comment_info":0,"uagb_excerpt":"Description Les agressions ext\u00e9rieures, telles que la pollution, le stress ou les rayons UV, alt\u00e8rent la barri\u00e8re protectrice de votre \u00e9piderme. La peau se d\u00e9shydrate, votre teint devient terne. Il est donc essentiel de lui apporter un coup de pouce quotidien avec l\u2019application d\u2019un soin booster fortifiant et hydratant, comme notre MINERAL 89. MINERAL 89&hellip;","brands":[],"_links":{"self":[{"href":"https:\/\/wavexia.com\/index.php?rest_route=\/wp\/v2\/product\/5226","targetHints":{"allow":["GET"]}}],"collection":[{"href":"https:\/\/wavexia.com\/index.php?rest_route=\/wp\/v2\/product"}],"about":[{"href":"https:\/\/wavexia.com\/index.php?rest_route=\/wp\/v2\/types\/product"}],"replies":[{"embeddable":true,"href":"https:\/\/wavexia.com\/index.php?rest_route=%2Fwp%2Fv2%2Fcomments&post=5226"}],"wp:featuredmedia":[{"embeddable":true,"href":"https:\/\/wavexia.com\/index.php?rest_route=\/wp\/v2\/media\/5225"}],"wp:attachment":[{"href":"https:\/\/wavexia.com\/index.php?rest_route=%2Fwp%2Fv2%2Fmedia&parent=5226"}],"wp:term":[{"taxonomy":"pwb-brand","embeddable":true,"href":"https:\/\/wavexia.com\/index.php?rest_route=%2Fwp%2Fv2%2Fpwb-brand&post=5226"},{"taxonomy":"product_brand","embeddable":true,"href":"https:\/\/wavexia.com\/index.php?rest_route=%2Fwp%2Fv2%2Fproduct_brand&post=5226"},{"taxonomy":"product_cat","embeddable":true,"href":"https:\/\/wavexia.com\/index.php?rest_route=%2Fwp%2Fv2%2Fproduct_cat&post=5226"},{"taxonomy":"product_tag","embeddable":true,"href":"https:\/\/wavexia.com\/index.php?rest_route=%2Fwp%2Fv2%2Fproduct_tag&post=5226"}],"curies":[{"name":"wp","href":"https:\/\/api.w.org\/{rel}","templated":true}]}}