{"id":5222,"date":"2025-10-19T09:17:40","date_gmt":"2025-10-19T09:17:40","guid":{"rendered":"https:\/\/wavexia.com\/product\/pixi-glow-tonic-lotion-tonique-exfoliante-100ml\/"},"modified":"2026-03-10T07:31:08","modified_gmt":"2026-03-10T07:31:08","slug":"pixi-glow-tonic-lotion-tonique-exfoliante-100ml","status":"publish","type":"product","link":"https:\/\/wavexia.com\/?product=pixi-glow-tonic-lotion-tonique-exfoliante-100ml","title":{"rendered":"PIXI Glow Tonic \u2013 Lotion tonique exfoliante 100ml"},"content":{"rendered":"<h2>Description<\/h2>\n<p>Glow Tonic, la lotion tonique miracle de Pixi \u00e0 l\u2019effet exfoliant doux, aide \u00e0 \u00e9liminer les cellules mortes pour un teint lumineux.<br \/>\u2013 Compos\u00e9 \u00e0 5 % d\u2019acide glycolique<br \/>\u2013 Exfolie, illumine et lisse la peau<br \/>\u2013 L\u2019aloe vera, le ginseng et les extraits v\u00e9g\u00e9taux nourrissent et soignent<br \/>\u2013 R\u00e9v\u00e8le instantan\u00e9ment l\u2019\u00e9clat de la peau<br \/>\u2013 Sans alcool<br \/>\u2013 Convient \u00e0 tous les types de peau<br \/>\u2013 Sans paraben<br \/>\u2013 Non test\u00e9 sur les animaux<br \/>\u2013 Volume :100 ml<\/p>\n<p>Ingr\u00e9dients<br \/>\u2013 L\u2019acide glycolique \u00e0 5 % exfolie<br \/>\u2013 Le ginseng revitalise et am\u00e9liore la circulation<br \/>\u2013 L\u2019aloe vera apaise et hydrate<br \/>\u2013 Le fructose et le saccharose illuminent<\/p>\n","protected":false},"excerpt":{"rendered":"<p>Description Glow Tonic, la lotion tonique miracle de Pixi \u00e0 l\u2019effet exfoliant doux, aide \u00e0 \u00e9liminer les cellules mortes pour un teint lumineux.\u2013 Compos\u00e9 \u00e0 5 % d\u2019acide glycolique\u2013 Exfolie, illumine et lisse la peau\u2013 L\u2019aloe vera, le ginseng et les extraits v\u00e9g\u00e9taux nourrissent et soignent\u2013 R\u00e9v\u00e8le instantan\u00e9ment l\u2019\u00e9clat de la peau\u2013 Sans alcool\u2013 Convient [&hellip;]<\/p>\n","protected":false},"featured_media":5221,"comment_status":"open","ping_status":"closed","template":"","meta":{"content-type":"","_uag_custom_page_level_css":""},"pwb-brand":[],"product_brand":[],"product_cat":[382,393,329,345],"product_tag":[],"class_list":{"0":"post-5222","1":"product","2":"type-product","3":"status-publish","4":"has-post-thumbnail","6":"product_cat-derniere-chance","7":"product_cat-pixi","8":"product_cat-produits-americains","9":"product_cat-toner-pads","11":"first","12":"instock","13":"shipping-taxable","14":"purchasable","15":"product-type-simple"},"aioseo_notices":[],"uagb_featured_image_src":{"full":["https:\/\/wavexia.com\/wp-content\/uploads\/2025\/10\/glowtonic-100ml-may19_3_large_a9134a94-90a7-4230-9f1e-7f032d367f2f.webp",480,480,false],"thumbnail":["https:\/\/wavexia.com\/wp-content\/uploads\/2025\/10\/glowtonic-100ml-may19_3_large_a9134a94-90a7-4230-9f1e-7f032d367f2f-150x150.webp",150,150,true],"medium":["https:\/\/wavexia.com\/wp-content\/uploads\/2025\/10\/glowtonic-100ml-may19_3_large_a9134a94-90a7-4230-9f1e-7f032d367f2f-300x300.webp",300,300,true],"medium_large":["https:\/\/wavexia.com\/wp-content\/uploads\/2025\/10\/glowtonic-100ml-may19_3_large_a9134a94-90a7-4230-9f1e-7f032d367f2f.webp",480,480,false],"large":["https:\/\/wavexia.com\/wp-content\/uploads\/2025\/10\/glowtonic-100ml-may19_3_large_a9134a94-90a7-4230-9f1e-7f032d367f2f.webp",480,480,false],"1536x1536":["https:\/\/wavexia.com\/wp-content\/uploads\/2025\/10\/glowtonic-100ml-may19_3_large_a9134a94-90a7-4230-9f1e-7f032d367f2f.webp",480,480,false],"2048x2048":["https:\/\/wavexia.com\/wp-content\/uploads\/2025\/10\/glowtonic-100ml-may19_3_large_a9134a94-90a7-4230-9f1e-7f032d367f2f.webp",480,480,false],"woocommerce_archive_thumbnail":["https:\/\/wavexia.com\/wp-content\/uploads\/2025\/10\/glowtonic-100ml-may19_3_large_a9134a94-90a7-4230-9f1e-7f032d367f2f-300x300.webp",300,300,true],"woocommerce_thumbnail":["https:\/\/wavexia.com\/wp-content\/uploads\/2025\/10\/glowtonic-100ml-may19_3_large_a9134a94-90a7-4230-9f1e-7f032d367f2f-300x300.webp",300,300,true],"woocommerce_single":["https:\/\/wavexia.com\/wp-content\/uploads\/2025\/10\/glowtonic-100ml-may19_3_large_a9134a94-90a7-4230-9f1e-7f032d367f2f.webp",480,480,false],"woocommerce_gallery_thumbnail":["https:\/\/wavexia.com\/wp-content\/uploads\/2025\/10\/glowtonic-100ml-may19_3_large_a9134a94-90a7-4230-9f1e-7f032d367f2f-100x100.webp",100,100,true]},"uagb_author_info":{"display_name":"zineddine.ayoub98@gmail.com","author_link":"https:\/\/wavexia.com\/?author=0"},"uagb_comment_info":0,"uagb_excerpt":"Description Glow Tonic, la lotion tonique miracle de Pixi \u00e0 l\u2019effet exfoliant doux, aide \u00e0 \u00e9liminer les cellules mortes pour un teint lumineux.\u2013 Compos\u00e9 \u00e0 5 % d\u2019acide glycolique\u2013 Exfolie, illumine et lisse la peau\u2013 L\u2019aloe vera, le ginseng et les extraits v\u00e9g\u00e9taux nourrissent et soignent\u2013 R\u00e9v\u00e8le instantan\u00e9ment l\u2019\u00e9clat de la peau\u2013 Sans alcool\u2013 Convient&hellip;","brands":[],"_links":{"self":[{"href":"https:\/\/wavexia.com\/index.php?rest_route=\/wp\/v2\/product\/5222","targetHints":{"allow":["GET"]}}],"collection":[{"href":"https:\/\/wavexia.com\/index.php?rest_route=\/wp\/v2\/product"}],"about":[{"href":"https:\/\/wavexia.com\/index.php?rest_route=\/wp\/v2\/types\/product"}],"replies":[{"embeddable":true,"href":"https:\/\/wavexia.com\/index.php?rest_route=%2Fwp%2Fv2%2Fcomments&post=5222"}],"wp:featuredmedia":[{"embeddable":true,"href":"https:\/\/wavexia.com\/index.php?rest_route=\/wp\/v2\/media\/5221"}],"wp:attachment":[{"href":"https:\/\/wavexia.com\/index.php?rest_route=%2Fwp%2Fv2%2Fmedia&parent=5222"}],"wp:term":[{"taxonomy":"pwb-brand","embeddable":true,"href":"https:\/\/wavexia.com\/index.php?rest_route=%2Fwp%2Fv2%2Fpwb-brand&post=5222"},{"taxonomy":"product_brand","embeddable":true,"href":"https:\/\/wavexia.com\/index.php?rest_route=%2Fwp%2Fv2%2Fproduct_brand&post=5222"},{"taxonomy":"product_cat","embeddable":true,"href":"https:\/\/wavexia.com\/index.php?rest_route=%2Fwp%2Fv2%2Fproduct_cat&post=5222"},{"taxonomy":"product_tag","embeddable":true,"href":"https:\/\/wavexia.com\/index.php?rest_route=%2Fwp%2Fv2%2Fproduct_tag&post=5222"}],"curies":[{"name":"wp","href":"https:\/\/api.w.org\/{rel}","templated":true}]}}