{"id":5217,"date":"2025-10-19T09:17:37","date_gmt":"2025-10-19T09:17:37","guid":{"rendered":"https:\/\/wavexia.com\/product\/mielle-organics-rosemary-mint-strengthening-edge-gel\/"},"modified":"2026-03-10T07:31:08","modified_gmt":"2026-03-10T07:31:08","slug":"mielle-organics-rosemary-mint-strengthening-edge-gel","status":"publish","type":"product","link":"https:\/\/wavexia.com\/?product=mielle-organics-rosemary-mint-strengthening-edge-gel","title":{"rendered":"Mielle Organics Rosemary Mint Strengthening Edge Gel"},"content":{"rendered":"<h2>Description<\/h2>\n<p>Renforcez vos bordures avec le gel pour bordures Mielle Rosemary Mint Hair Strengthening. Utilisant des ingr\u00e9dients naturels tels que l\u2019huile de coco et de babassu, cette cr\u00e8me offre une tenue solide tout en nourrissant vos cheveux avec de la biotine. Obtenez des bordures saines et brillantes gr\u00e2ce \u00e0 ce gel \u00e0 l\u2019odeur d\u00e9licieuse de romarin et de menthe.<\/p>\n","protected":false},"excerpt":{"rendered":"<p>Description Renforcez vos bordures avec le gel pour bordures Mielle Rosemary Mint Hair Strengthening. Utilisant des ingr\u00e9dients naturels tels que l\u2019huile de coco et de babassu, cette cr\u00e8me offre une tenue solide tout en nourrissant vos cheveux avec de la biotine. Obtenez des bordures saines et brillantes gr\u00e2ce \u00e0 ce gel \u00e0 l\u2019odeur d\u00e9licieuse de [&hellip;]<\/p>\n","protected":false},"featured_media":5216,"comment_status":"open","ping_status":"closed","template":"","meta":{"content-type":"","_uag_custom_page_level_css":""},"pwb-brand":[],"product_brand":[],"product_cat":[377,382,445,329],"product_tag":[],"class_list":{"0":"post-5217","1":"product","2":"type-product","3":"status-publish","4":"has-post-thumbnail","6":"product_cat-cheveux","7":"product_cat-derniere-chance","8":"product_cat-mielle","9":"product_cat-produits-americains","11":"first","12":"instock","13":"sale","14":"shipping-taxable","15":"purchasable","16":"product-type-simple"},"aioseo_notices":[],"uagb_featured_image_src":{"full":["https:\/\/wavexia.com\/wp-content\/uploads\/2025\/10\/IMG_1218.jpeg",600,600,false],"thumbnail":["https:\/\/wavexia.com\/wp-content\/uploads\/2025\/10\/IMG_1218-150x150.jpeg",150,150,true],"medium":["https:\/\/wavexia.com\/wp-content\/uploads\/2025\/10\/IMG_1218-300x300.jpeg",300,300,true],"medium_large":["https:\/\/wavexia.com\/wp-content\/uploads\/2025\/10\/IMG_1218.jpeg",600,600,false],"large":["https:\/\/wavexia.com\/wp-content\/uploads\/2025\/10\/IMG_1218.jpeg",600,600,false],"1536x1536":["https:\/\/wavexia.com\/wp-content\/uploads\/2025\/10\/IMG_1218.jpeg",600,600,false],"2048x2048":["https:\/\/wavexia.com\/wp-content\/uploads\/2025\/10\/IMG_1218.jpeg",600,600,false],"woocommerce_archive_thumbnail":["https:\/\/wavexia.com\/wp-content\/uploads\/2025\/10\/IMG_1218-300x300.jpeg",300,300,true],"woocommerce_thumbnail":["https:\/\/wavexia.com\/wp-content\/uploads\/2025\/10\/IMG_1218-300x300.jpeg",300,300,true],"woocommerce_single":["https:\/\/wavexia.com\/wp-content\/uploads\/2025\/10\/IMG_1218.jpeg",600,600,false],"woocommerce_gallery_thumbnail":["https:\/\/wavexia.com\/wp-content\/uploads\/2025\/10\/IMG_1218-100x100.jpeg",100,100,true]},"uagb_author_info":{"display_name":"zineddine.ayoub98@gmail.com","author_link":"https:\/\/wavexia.com\/?author=0"},"uagb_comment_info":0,"uagb_excerpt":"Description Renforcez vos bordures avec le gel pour bordures Mielle Rosemary Mint Hair Strengthening. Utilisant des ingr\u00e9dients naturels tels que l\u2019huile de coco et de babassu, cette cr\u00e8me offre une tenue solide tout en nourrissant vos cheveux avec de la biotine. Obtenez des bordures saines et brillantes gr\u00e2ce \u00e0 ce gel \u00e0 l\u2019odeur d\u00e9licieuse de&hellip;","brands":[],"_links":{"self":[{"href":"https:\/\/wavexia.com\/index.php?rest_route=\/wp\/v2\/product\/5217","targetHints":{"allow":["GET"]}}],"collection":[{"href":"https:\/\/wavexia.com\/index.php?rest_route=\/wp\/v2\/product"}],"about":[{"href":"https:\/\/wavexia.com\/index.php?rest_route=\/wp\/v2\/types\/product"}],"replies":[{"embeddable":true,"href":"https:\/\/wavexia.com\/index.php?rest_route=%2Fwp%2Fv2%2Fcomments&post=5217"}],"wp:featuredmedia":[{"embeddable":true,"href":"https:\/\/wavexia.com\/index.php?rest_route=\/wp\/v2\/media\/5216"}],"wp:attachment":[{"href":"https:\/\/wavexia.com\/index.php?rest_route=%2Fwp%2Fv2%2Fmedia&parent=5217"}],"wp:term":[{"taxonomy":"pwb-brand","embeddable":true,"href":"https:\/\/wavexia.com\/index.php?rest_route=%2Fwp%2Fv2%2Fpwb-brand&post=5217"},{"taxonomy":"product_brand","embeddable":true,"href":"https:\/\/wavexia.com\/index.php?rest_route=%2Fwp%2Fv2%2Fproduct_brand&post=5217"},{"taxonomy":"product_cat","embeddable":true,"href":"https:\/\/wavexia.com\/index.php?rest_route=%2Fwp%2Fv2%2Fproduct_cat&post=5217"},{"taxonomy":"product_tag","embeddable":true,"href":"https:\/\/wavexia.com\/index.php?rest_route=%2Fwp%2Fv2%2Fproduct_tag&post=5217"}],"curies":[{"name":"wp","href":"https:\/\/api.w.org\/{rel}","templated":true}]}}