{"id":5212,"date":"2025-10-19T09:17:35","date_gmt":"2025-10-19T09:17:35","guid":{"rendered":"https:\/\/wavexia.com\/product\/rituals-mousse-de-douche-the-ritual-of-karma-200ml\/"},"modified":"2026-03-10T07:31:08","modified_gmt":"2026-03-10T07:31:08","slug":"rituals-mousse-de-douche-the-ritual-of-karma-200ml","status":"publish","type":"product","link":"https:\/\/wavexia.com\/?product=rituals-mousse-de-douche-the-ritual-of-karma-200ml","title":{"rendered":"RITUALS Mousse de douche The Ritual of Karma \u2013 200ml"},"content":{"rendered":"<h2>Description<\/h2>\n<p>Offrez un nouveau d\u00e9part \u00e0 votre peau avec la mousse de douche The Ritual of Sakura.<\/p>\n<p>Diffusant une senteur d\u00e9licate de fleurs de cerisier et de lait de riz, ce gel douche se transforme en mousse onctueuse au contact de l\u2019eau.<\/p>\n<p>Formul\u00e9e \u00e0 partir de 91&nbsp;% d\u2019ingr\u00e9dients d\u2019origine naturelle.<\/p>\n<p>C\u00e9l\u00e9brez chaque jour comme un nouveau d\u00e9part en l\u2019associant avec la cr\u00e8me pour le corps riche et onctueuse de la m\u00eame collection.<\/p>\n","protected":false},"excerpt":{"rendered":"<p>Description Offrez un nouveau d\u00e9part \u00e0 votre peau avec la mousse de douche The Ritual of Sakura. Diffusant une senteur d\u00e9licate de fleurs de cerisier et de lait de riz, ce gel douche se transforme en mousse onctueuse au contact de l\u2019eau. Formul\u00e9e \u00e0 partir de 91&nbsp;% d\u2019ingr\u00e9dients d\u2019origine naturelle. C\u00e9l\u00e9brez chaque jour comme un [&hellip;]<\/p>\n","protected":false},"featured_media":5211,"comment_status":"open","ping_status":"closed","template":"","meta":{"content-type":"","_uag_custom_page_level_css":""},"pwb-brand":[],"product_brand":[],"product_cat":[322,382,332],"product_tag":[],"class_list":{"0":"post-5212","1":"product","2":"type-product","3":"status-publish","4":"has-post-thumbnail","6":"product_cat-corps-bain","7":"product_cat-derniere-chance","8":"product_cat-rituals","10":"first","11":"instock","12":"shipping-taxable","13":"purchasable","14":"product-type-simple"},"aioseo_notices":[],"uagb_featured_image_src":{"full":["https:\/\/wavexia.com\/wp-content\/uploads\/2025\/10\/product-overlay-334171-01.webp",1600,1600,false],"thumbnail":["https:\/\/wavexia.com\/wp-content\/uploads\/2025\/10\/product-overlay-334171-01-150x150.webp",150,150,true],"medium":["https:\/\/wavexia.com\/wp-content\/uploads\/2025\/10\/product-overlay-334171-01-300x300.webp",300,300,true],"medium_large":["https:\/\/wavexia.com\/wp-content\/uploads\/2025\/10\/product-overlay-334171-01-768x768.webp",768,768,true],"large":["https:\/\/wavexia.com\/wp-content\/uploads\/2025\/10\/product-overlay-334171-01-1024x1024.webp",1024,1024,true],"1536x1536":["https:\/\/wavexia.com\/wp-content\/uploads\/2025\/10\/product-overlay-334171-01-1536x1536.webp",1536,1536,true],"2048x2048":["https:\/\/wavexia.com\/wp-content\/uploads\/2025\/10\/product-overlay-334171-01.webp",1600,1600,false],"woocommerce_archive_thumbnail":["https:\/\/wavexia.com\/wp-content\/uploads\/2025\/10\/product-overlay-334171-01-300x300.webp",300,300,true],"woocommerce_thumbnail":["https:\/\/wavexia.com\/wp-content\/uploads\/2025\/10\/product-overlay-334171-01-300x300.webp",300,300,true],"woocommerce_single":["https:\/\/wavexia.com\/wp-content\/uploads\/2025\/10\/product-overlay-334171-01-600x600.webp",600,600,true],"woocommerce_gallery_thumbnail":["https:\/\/wavexia.com\/wp-content\/uploads\/2025\/10\/product-overlay-334171-01-100x100.webp",100,100,true]},"uagb_author_info":{"display_name":"zineddine.ayoub98@gmail.com","author_link":"https:\/\/wavexia.com\/?author=0"},"uagb_comment_info":0,"uagb_excerpt":"Description Offrez un nouveau d\u00e9part \u00e0 votre peau avec la mousse de douche The Ritual of Sakura. Diffusant une senteur d\u00e9licate de fleurs de cerisier et de lait de riz, ce gel douche se transforme en mousse onctueuse au contact de l\u2019eau. Formul\u00e9e \u00e0 partir de 91&nbsp;% d\u2019ingr\u00e9dients d\u2019origine naturelle. C\u00e9l\u00e9brez chaque jour comme un&hellip;","brands":[],"_links":{"self":[{"href":"https:\/\/wavexia.com\/index.php?rest_route=\/wp\/v2\/product\/5212","targetHints":{"allow":["GET"]}}],"collection":[{"href":"https:\/\/wavexia.com\/index.php?rest_route=\/wp\/v2\/product"}],"about":[{"href":"https:\/\/wavexia.com\/index.php?rest_route=\/wp\/v2\/types\/product"}],"replies":[{"embeddable":true,"href":"https:\/\/wavexia.com\/index.php?rest_route=%2Fwp%2Fv2%2Fcomments&post=5212"}],"wp:featuredmedia":[{"embeddable":true,"href":"https:\/\/wavexia.com\/index.php?rest_route=\/wp\/v2\/media\/5211"}],"wp:attachment":[{"href":"https:\/\/wavexia.com\/index.php?rest_route=%2Fwp%2Fv2%2Fmedia&parent=5212"}],"wp:term":[{"taxonomy":"pwb-brand","embeddable":true,"href":"https:\/\/wavexia.com\/index.php?rest_route=%2Fwp%2Fv2%2Fpwb-brand&post=5212"},{"taxonomy":"product_brand","embeddable":true,"href":"https:\/\/wavexia.com\/index.php?rest_route=%2Fwp%2Fv2%2Fproduct_brand&post=5212"},{"taxonomy":"product_cat","embeddable":true,"href":"https:\/\/wavexia.com\/index.php?rest_route=%2Fwp%2Fv2%2Fproduct_cat&post=5212"},{"taxonomy":"product_tag","embeddable":true,"href":"https:\/\/wavexia.com\/index.php?rest_route=%2Fwp%2Fv2%2Fproduct_tag&post=5212"}],"curies":[{"name":"wp","href":"https:\/\/api.w.org\/{rel}","templated":true}]}}