{"id":5208,"date":"2025-10-19T09:17:31","date_gmt":"2025-10-19T09:17:31","guid":{"rendered":"https:\/\/wavexia.com\/product\/kiko-beauty-essentials-trio-eyeshadow-02\/"},"modified":"2026-03-10T07:31:08","modified_gmt":"2026-03-10T07:31:08","slug":"kiko-beauty-essentials-trio-eyeshadow-02","status":"publish","type":"product","link":"https:\/\/wavexia.com\/?product=kiko-beauty-essentials-trio-eyeshadow-02","title":{"rendered":"KIKO beauty essentials trio eyeshadow \u2013 02"},"content":{"rendered":"<h2>Description<\/h2>\n<p>Trio d\u2019ombres \u00e0 paupi\u00e8res en poudre.<\/p>\n<p><strong>Parfait pour&nbsp;:<\/strong><\/p>\n<p>mettre en valeur les yeux et le regard gr\u00e2ce \u00e0 un maquillage sophistiqu\u00e9, en jouant avec des finis et des effets de mats \u00e0 brillants.<\/p>\n<p><strong>Ses particularit\u00e9s&nbsp;:<\/strong><\/p>\n<p>\u2013 Son bo\u00eetier sp\u00e9cial \u00e0 trois compartiments contient une ombre au fini mat, une au fini satin\u00e9 et une au fini m\u00e9tallis\u00e9.<\/p>\n<p>\u2013 La texture est tr\u00e8s agr\u00e9able sur les paupi\u00e8res, l\u00e9g\u00e8re et facile \u00e0 estomper.<\/p>\n<p>\u2013 Les ombres \u00e0 paupi\u00e8res, intenses et pigment\u00e9es, se d\u00e9clinent en trois couleurs parfaitement assorties pour un regard tendance.<\/p>\n<p>\u2013 L\u2019\u00e9l\u00e9gant bo\u00eetier au toucher doux avec miroir int\u00e9gr\u00e9 est compact et pratique, id\u00e9al \u00e0 emporter toujours avec soi.<\/p>\n","protected":false},"excerpt":{"rendered":"<p>Description Trio d\u2019ombres \u00e0 paupi\u00e8res en poudre. Parfait pour&nbsp;: mettre en valeur les yeux et le regard gr\u00e2ce \u00e0 un maquillage sophistiqu\u00e9, en jouant avec des finis et des effets de mats \u00e0 brillants. Ses particularit\u00e9s&nbsp;: \u2013 Son bo\u00eetier sp\u00e9cial \u00e0 trois compartiments contient une ombre au fini mat, une au fini satin\u00e9 et une [&hellip;]<\/p>\n","protected":false},"featured_media":5207,"comment_status":"open","ping_status":"closed","template":"","meta":{"content-type":"","_uag_custom_page_level_css":""},"pwb-brand":[],"product_brand":[],"product_cat":[382,388,360],"product_tag":[],"class_list":{"0":"post-5208","1":"product","2":"type-product","3":"status-publish","4":"has-post-thumbnail","6":"product_cat-derniere-chance","7":"product_cat-kiko","8":"product_cat-maquillage","10":"first","11":"instock","12":"shipping-taxable","13":"purchasable","14":"product-type-simple"},"aioseo_notices":[],"uagb_featured_image_src":{"full":["https:\/\/wavexia.com\/wp-content\/uploads\/2025\/10\/0fd36f01-14fc-6f3c-0814-8bf6587ee5ce.webp",1200,1200,false],"thumbnail":["https:\/\/wavexia.com\/wp-content\/uploads\/2025\/10\/0fd36f01-14fc-6f3c-0814-8bf6587ee5ce-150x150.webp",150,150,true],"medium":["https:\/\/wavexia.com\/wp-content\/uploads\/2025\/10\/0fd36f01-14fc-6f3c-0814-8bf6587ee5ce-300x300.webp",300,300,true],"medium_large":["https:\/\/wavexia.com\/wp-content\/uploads\/2025\/10\/0fd36f01-14fc-6f3c-0814-8bf6587ee5ce-768x768.webp",768,768,true],"large":["https:\/\/wavexia.com\/wp-content\/uploads\/2025\/10\/0fd36f01-14fc-6f3c-0814-8bf6587ee5ce-1024x1024.webp",1024,1024,true],"1536x1536":["https:\/\/wavexia.com\/wp-content\/uploads\/2025\/10\/0fd36f01-14fc-6f3c-0814-8bf6587ee5ce.webp",1200,1200,false],"2048x2048":["https:\/\/wavexia.com\/wp-content\/uploads\/2025\/10\/0fd36f01-14fc-6f3c-0814-8bf6587ee5ce.webp",1200,1200,false],"woocommerce_archive_thumbnail":["https:\/\/wavexia.com\/wp-content\/uploads\/2025\/10\/0fd36f01-14fc-6f3c-0814-8bf6587ee5ce-300x300.webp",300,300,true],"woocommerce_thumbnail":["https:\/\/wavexia.com\/wp-content\/uploads\/2025\/10\/0fd36f01-14fc-6f3c-0814-8bf6587ee5ce-300x300.webp",300,300,true],"woocommerce_single":["https:\/\/wavexia.com\/wp-content\/uploads\/2025\/10\/0fd36f01-14fc-6f3c-0814-8bf6587ee5ce-600x600.webp",600,600,true],"woocommerce_gallery_thumbnail":["https:\/\/wavexia.com\/wp-content\/uploads\/2025\/10\/0fd36f01-14fc-6f3c-0814-8bf6587ee5ce-100x100.webp",100,100,true]},"uagb_author_info":{"display_name":"zineddine.ayoub98@gmail.com","author_link":"https:\/\/wavexia.com\/?author=0"},"uagb_comment_info":0,"uagb_excerpt":"Description Trio d\u2019ombres \u00e0 paupi\u00e8res en poudre. Parfait pour&nbsp;: mettre en valeur les yeux et le regard gr\u00e2ce \u00e0 un maquillage sophistiqu\u00e9, en jouant avec des finis et des effets de mats \u00e0 brillants. Ses particularit\u00e9s&nbsp;: \u2013 Son bo\u00eetier sp\u00e9cial \u00e0 trois compartiments contient une ombre au fini mat, une au fini satin\u00e9 et une&hellip;","brands":[],"_links":{"self":[{"href":"https:\/\/wavexia.com\/index.php?rest_route=\/wp\/v2\/product\/5208","targetHints":{"allow":["GET"]}}],"collection":[{"href":"https:\/\/wavexia.com\/index.php?rest_route=\/wp\/v2\/product"}],"about":[{"href":"https:\/\/wavexia.com\/index.php?rest_route=\/wp\/v2\/types\/product"}],"replies":[{"embeddable":true,"href":"https:\/\/wavexia.com\/index.php?rest_route=%2Fwp%2Fv2%2Fcomments&post=5208"}],"wp:featuredmedia":[{"embeddable":true,"href":"https:\/\/wavexia.com\/index.php?rest_route=\/wp\/v2\/media\/5207"}],"wp:attachment":[{"href":"https:\/\/wavexia.com\/index.php?rest_route=%2Fwp%2Fv2%2Fmedia&parent=5208"}],"wp:term":[{"taxonomy":"pwb-brand","embeddable":true,"href":"https:\/\/wavexia.com\/index.php?rest_route=%2Fwp%2Fv2%2Fpwb-brand&post=5208"},{"taxonomy":"product_brand","embeddable":true,"href":"https:\/\/wavexia.com\/index.php?rest_route=%2Fwp%2Fv2%2Fproduct_brand&post=5208"},{"taxonomy":"product_cat","embeddable":true,"href":"https:\/\/wavexia.com\/index.php?rest_route=%2Fwp%2Fv2%2Fproduct_cat&post=5208"},{"taxonomy":"product_tag","embeddable":true,"href":"https:\/\/wavexia.com\/index.php?rest_route=%2Fwp%2Fv2%2Fproduct_tag&post=5208"}],"curies":[{"name":"wp","href":"https:\/\/api.w.org\/{rel}","templated":true}]}}