{"id":5206,"date":"2025-10-19T09:17:30","date_gmt":"2025-10-19T09:17:30","guid":{"rendered":"https:\/\/wavexia.com\/product\/nyx-bare-with-me-hydrating-jelly-primer\/"},"modified":"2026-03-10T07:31:08","modified_gmt":"2026-03-10T07:31:08","slug":"nyx-bare-with-me-hydrating-jelly-primer","status":"publish","type":"product","link":"https:\/\/wavexia.com\/?product=nyx-bare-with-me-hydrating-jelly-primer","title":{"rendered":"NYX Bare With Me Hydrating Jelly Primer"},"content":{"rendered":"<h2>Description<\/h2>\n<p>NYX Professional Makeup Bare With Me Hydrating Jelly Primer a une texture g\u00e9latineuse au toucher qui cr\u00e9e une barri\u00e8re mate hydrat\u00e9e pour une application de maquillage lisse. Votre premi\u00e8re \u00e9tape pour obtenir ce look uniforme et sans maquillage, cette base de teint \u00e0 base d\u2019eau est infus\u00e9e d\u2019extraits de concombre et d\u2019alo\u00e8s qui laissent votre peau fra\u00eeche, hydrat\u00e9e et pr\u00eate pour vos autres produits Bare With Me !<\/p>\n","protected":false},"excerpt":{"rendered":"<p>Description NYX Professional Makeup Bare With Me Hydrating Jelly Primer a une texture g\u00e9latineuse au toucher qui cr\u00e9e une barri\u00e8re mate hydrat\u00e9e pour une application de maquillage lisse. Votre premi\u00e8re \u00e9tape pour obtenir ce look uniforme et sans maquillage, cette base de teint \u00e0 base d\u2019eau est infus\u00e9e d\u2019extraits de concombre et d\u2019alo\u00e8s qui laissent [&hellip;]<\/p>\n","protected":false},"featured_media":5205,"comment_status":"open","ping_status":"closed","template":"","meta":{"content-type":"","_uag_custom_page_level_css":""},"pwb-brand":[],"product_brand":[],"product_cat":[382,360,365],"product_tag":[],"class_list":{"0":"post-5206","1":"product","2":"type-product","3":"status-publish","4":"has-post-thumbnail","6":"product_cat-derniere-chance","7":"product_cat-maquillage","8":"product_cat-nyx","10":"first","11":"instock","12":"sale","13":"shipping-taxable","14":"purchasable","15":"product-type-simple"},"aioseo_notices":[],"uagb_featured_image_src":{"full":["https:\/\/wavexia.com\/wp-content\/uploads\/2025\/10\/images-21.jpeg",225,225,false],"thumbnail":["https:\/\/wavexia.com\/wp-content\/uploads\/2025\/10\/images-21-150x150.jpeg",150,150,true],"medium":["https:\/\/wavexia.com\/wp-content\/uploads\/2025\/10\/images-21.jpeg",225,225,false],"medium_large":["https:\/\/wavexia.com\/wp-content\/uploads\/2025\/10\/images-21.jpeg",225,225,false],"large":["https:\/\/wavexia.com\/wp-content\/uploads\/2025\/10\/images-21.jpeg",225,225,false],"1536x1536":["https:\/\/wavexia.com\/wp-content\/uploads\/2025\/10\/images-21.jpeg",225,225,false],"2048x2048":["https:\/\/wavexia.com\/wp-content\/uploads\/2025\/10\/images-21.jpeg",225,225,false],"woocommerce_archive_thumbnail":["https:\/\/wavexia.com\/wp-content\/uploads\/2025\/10\/images-21.jpeg",225,225,false],"woocommerce_thumbnail":["https:\/\/wavexia.com\/wp-content\/uploads\/2025\/10\/images-21.jpeg",225,225,false],"woocommerce_single":["https:\/\/wavexia.com\/wp-content\/uploads\/2025\/10\/images-21.jpeg",225,225,false],"woocommerce_gallery_thumbnail":["https:\/\/wavexia.com\/wp-content\/uploads\/2025\/10\/images-21-100x100.jpeg",100,100,true]},"uagb_author_info":{"display_name":"zineddine.ayoub98@gmail.com","author_link":"https:\/\/wavexia.com\/?author=0"},"uagb_comment_info":0,"uagb_excerpt":"Description NYX Professional Makeup Bare With Me Hydrating Jelly Primer a une texture g\u00e9latineuse au toucher qui cr\u00e9e une barri\u00e8re mate hydrat\u00e9e pour une application de maquillage lisse. Votre premi\u00e8re \u00e9tape pour obtenir ce look uniforme et sans maquillage, cette base de teint \u00e0 base d\u2019eau est infus\u00e9e d\u2019extraits de concombre et d\u2019alo\u00e8s qui laissent&hellip;","brands":[],"_links":{"self":[{"href":"https:\/\/wavexia.com\/index.php?rest_route=\/wp\/v2\/product\/5206","targetHints":{"allow":["GET"]}}],"collection":[{"href":"https:\/\/wavexia.com\/index.php?rest_route=\/wp\/v2\/product"}],"about":[{"href":"https:\/\/wavexia.com\/index.php?rest_route=\/wp\/v2\/types\/product"}],"replies":[{"embeddable":true,"href":"https:\/\/wavexia.com\/index.php?rest_route=%2Fwp%2Fv2%2Fcomments&post=5206"}],"wp:featuredmedia":[{"embeddable":true,"href":"https:\/\/wavexia.com\/index.php?rest_route=\/wp\/v2\/media\/5205"}],"wp:attachment":[{"href":"https:\/\/wavexia.com\/index.php?rest_route=%2Fwp%2Fv2%2Fmedia&parent=5206"}],"wp:term":[{"taxonomy":"pwb-brand","embeddable":true,"href":"https:\/\/wavexia.com\/index.php?rest_route=%2Fwp%2Fv2%2Fpwb-brand&post=5206"},{"taxonomy":"product_brand","embeddable":true,"href":"https:\/\/wavexia.com\/index.php?rest_route=%2Fwp%2Fv2%2Fproduct_brand&post=5206"},{"taxonomy":"product_cat","embeddable":true,"href":"https:\/\/wavexia.com\/index.php?rest_route=%2Fwp%2Fv2%2Fproduct_cat&post=5206"},{"taxonomy":"product_tag","embeddable":true,"href":"https:\/\/wavexia.com\/index.php?rest_route=%2Fwp%2Fv2%2Fproduct_tag&post=5206"}],"curies":[{"name":"wp","href":"https:\/\/api.w.org\/{rel}","templated":true}]}}