{"id":5184,"date":"2025-10-19T09:17:12","date_gmt":"2025-10-19T09:17:12","guid":{"rendered":"https:\/\/wavexia.com\/product\/aplb-azelaic-acid-peptide-ampoule-serum-40ml\/"},"modified":"2026-03-10T07:31:08","modified_gmt":"2026-03-10T07:31:08","slug":"aplb-azelaic-acid-peptide-ampoule-serum-40ml","status":"publish","type":"product","link":"https:\/\/wavexia.com\/?product=aplb-azelaic-acid-peptide-ampoule-serum-40ml","title":{"rendered":"APLB Azelaic Acid Peptide Ampoule Serum 40ml"},"content":{"rendered":"<h2>Description<\/h2>\n<p>Le s\u00e9rum en ampoule de peptide d\u2019acide az\u00e9la\u00efque APLB est formul\u00e9 avec&nbsp;<strong data-end=\"74\" data-start=\"49\">31,7 % d\u2019Azela Pept Cen\u2122<\/strong>, un puissant m\u00e9lange&nbsp;<strong data-end=\"119\" data-start=\"93\">d\u2019acide az\u00e9la\u00efque, de peptides<\/strong>&nbsp;et&nbsp;<strong data-end=\"157\" data-start=\"125\">d\u2019eau de feuille de Centella Asiatica<\/strong>, pour&nbsp;<strong data-end=\"181\" data-start=\"161\">calmer, rajeunir<\/strong>&nbsp;et favoriser un&nbsp;<strong data-end=\"226\" data-start=\"197\">teint clair et sain<\/strong>. Enrichi en acide&nbsp;<strong data-end=\"282\" data-start=\"239\">hyaluronique<\/strong>, en b\u00eata-glucane, en panth\u00e9nol et en squalane pour une&nbsp;<strong data-end=\"331\" data-start=\"312\">hydratation<\/strong>&nbsp;en profondeur et une am\u00e9lioration&nbsp;<strong data-end=\"364\" data-start=\"345\">de l\u2019\u00e9lasticit\u00e9 de la peau<\/strong>. Les extraits de fruits et de&nbsp;<strong data-end=\"418\" data-start=\"401\">riz d\u2019Hippophae<\/strong>&nbsp;Rhamnoides \u00e9claircissent la peau terne et favorisent un&nbsp;<strong data-end=\"468\" data-start=\"452\">\u00e9clat radieux<\/strong>.<\/p>\n<p>Aide \u00e0&nbsp;<strong data-end=\"493\" data-start=\"476\">resserrer les pores<\/strong>, \u00e0 \u00e9quilibrer&nbsp;<strong data-end=\"520\" data-start=\"503\">le s\u00e9bum et l\u2019eau<\/strong>&nbsp;et \u00e0 rafra\u00eechir les peaux s\u00e8ches et fatigu\u00e9es. Formul\u00e9 avec&nbsp;<strong data-end=\"598\" data-start=\"567\">des ingr\u00e9dients de qualit\u00e9 verte EWG<\/strong>, il est&nbsp;<strong data-end=\"623\" data-start=\"605\">sans parfum<\/strong>&nbsp;et totalement&nbsp;<strong data-end=\"667\" data-start=\"640\">sans danger pour les peaux sensibles<\/strong><\/p>\n<h5>mode d\u2019emploi:<\/h5>\n<ol>\n<li>Apr\u00e8s le nettoyage et la tonification, appliquez une petite quantit\u00e9 de s\u00e9rum sur votre visage.<\/li>\n<li>Tapotez doucement le s\u00e9rum sur votre peau du bout des doigts jusqu\u2019\u00e0 ce qu\u2019il soit compl\u00e8tement absorb\u00e9.<\/li>\n<li>Poursuivez avec votre cr\u00e8me hydratante pr\u00e9f\u00e9r\u00e9e.<\/li>\n<li>Utiliser quotidiennement, matin et soir, pour de meilleurs r\u00e9sultats.<\/li>\n<\/ol>\n<h5>ingr\u00e9dients:<\/h5>\n<p>Eau, Eau de feuille de Centella Asiatica, Butyl\u00e8ne Glycol, Propanediol, Glyc\u00e9rine, Succinate de di\u00e9thoxy\u00e9thyle, Acide az\u00e9la\u00efque, sh-Oligopeptide-1, Acide mad\u00e9cassique, Asiaticoside, Acide asiatique, Squalane, Extrait de fruit de Solanum Melongena (aubergine), Extrait de feuille de Melaleuca Alternifolia (arbre \u00e0 th\u00e9), B\u00eata-Glucane, Extrait de fruit d\u2019Hippophae Rhamnoides, Extrait de Nelumbo Nucifera, Extrait d\u2019Artemisia Annua, Extrait d\u2019Oryza Sativa (riz), Ferment de Saccharomyces, Dipropyl\u00e8ne glycol, Citrate de sodium, Hyaluronate de sodium, Allanto\u00efne, Gomme de cellulose, EDTA disodique, copolym\u00e8re d\u2019acrylate de glyc\u00e9ryle\/acide acrylique, acide citrique, gomme xanthane, inuline, cellulose, glucose, fructose, panth\u00e9nol, \u00e9thylhexylglyc\u00e9rine, hydroxyac\u00e9toph\u00e9none, polyacryloyldim\u00e9thyl taurate de sodium, glycyrrhizate dipotassique, 1,2-hexanediol.<\/p>\n","protected":false},"excerpt":{"rendered":"<p>Description Le s\u00e9rum en ampoule de peptide d\u2019acide az\u00e9la\u00efque APLB est formul\u00e9 avec&nbsp;31,7 % d\u2019Azela Pept Cen\u2122, un puissant m\u00e9lange&nbsp;d\u2019acide az\u00e9la\u00efque, de peptides&nbsp;et&nbsp;d\u2019eau de feuille de Centella Asiatica, pour&nbsp;calmer, rajeunir&nbsp;et favoriser un&nbsp;teint clair et sain. Enrichi en acide&nbsp;hyaluronique, en b\u00eata-glucane, en panth\u00e9nol et en squalane pour une&nbsp;hydratation&nbsp;en profondeur et une am\u00e9lioration&nbsp;de l\u2019\u00e9lasticit\u00e9 de la peau. [&hellip;]<\/p>\n","protected":false},"featured_media":2105,"comment_status":"open","ping_status":"closed","template":"","meta":{"content-type":"","_uag_custom_page_level_css":""},"pwb-brand":[],"product_brand":[],"product_cat":[391,328,334,338],"product_tag":[],"class_list":{"0":"post-5184","1":"product","2":"type-product","3":"status-publish","4":"has-post-thumbnail","6":"product_cat-aplb","7":"product_cat-nouveautes","8":"product_cat-produits-coreens","9":"product_cat-serum-ampoule","11":"first","12":"instock","13":"sale","14":"shipping-taxable","15":"purchasable","16":"product-type-simple"},"aioseo_notices":[],"uagb_featured_image_src":{"full":["https:\/\/wavexia.com\/wp-content\/uploads\/2025\/10\/aplb-azelaic-acid-peptide-ampoule-serum-66111430721919_grande.webp",600,600,false],"thumbnail":["https:\/\/wavexia.com\/wp-content\/uploads\/2025\/10\/aplb-azelaic-acid-peptide-ampoule-serum-66111430721919_grande-150x150.webp",150,150,true],"medium":["https:\/\/wavexia.com\/wp-content\/uploads\/2025\/10\/aplb-azelaic-acid-peptide-ampoule-serum-66111430721919_grande-300x300.webp",300,300,true],"medium_large":["https:\/\/wavexia.com\/wp-content\/uploads\/2025\/10\/aplb-azelaic-acid-peptide-ampoule-serum-66111430721919_grande.webp",600,600,false],"large":["https:\/\/wavexia.com\/wp-content\/uploads\/2025\/10\/aplb-azelaic-acid-peptide-ampoule-serum-66111430721919_grande.webp",600,600,false],"1536x1536":["https:\/\/wavexia.com\/wp-content\/uploads\/2025\/10\/aplb-azelaic-acid-peptide-ampoule-serum-66111430721919_grande.webp",600,600,false],"2048x2048":["https:\/\/wavexia.com\/wp-content\/uploads\/2025\/10\/aplb-azelaic-acid-peptide-ampoule-serum-66111430721919_grande.webp",600,600,false],"woocommerce_archive_thumbnail":["https:\/\/wavexia.com\/wp-content\/uploads\/2025\/10\/aplb-azelaic-acid-peptide-ampoule-serum-66111430721919_grande-300x300.webp",300,300,true],"woocommerce_thumbnail":["https:\/\/wavexia.com\/wp-content\/uploads\/2025\/10\/aplb-azelaic-acid-peptide-ampoule-serum-66111430721919_grande-300x300.webp",300,300,true],"woocommerce_single":["https:\/\/wavexia.com\/wp-content\/uploads\/2025\/10\/aplb-azelaic-acid-peptide-ampoule-serum-66111430721919_grande.webp",600,600,false],"woocommerce_gallery_thumbnail":["https:\/\/wavexia.com\/wp-content\/uploads\/2025\/10\/aplb-azelaic-acid-peptide-ampoule-serum-66111430721919_grande-100x100.webp",100,100,true]},"uagb_author_info":{"display_name":"zineddine.ayoub98@gmail.com","author_link":"https:\/\/wavexia.com\/?author=0"},"uagb_comment_info":0,"uagb_excerpt":"Description Le s\u00e9rum en ampoule de peptide d\u2019acide az\u00e9la\u00efque APLB est formul\u00e9 avec&nbsp;31,7 % d\u2019Azela Pept Cen\u2122, un puissant m\u00e9lange&nbsp;d\u2019acide az\u00e9la\u00efque, de peptides&nbsp;et&nbsp;d\u2019eau de feuille de Centella Asiatica, pour&nbsp;calmer, rajeunir&nbsp;et favoriser un&nbsp;teint clair et sain. Enrichi en acide&nbsp;hyaluronique, en b\u00eata-glucane, en panth\u00e9nol et en squalane pour une&nbsp;hydratation&nbsp;en profondeur et une am\u00e9lioration&nbsp;de l\u2019\u00e9lasticit\u00e9 de la peau.&hellip;","brands":[],"_links":{"self":[{"href":"https:\/\/wavexia.com\/index.php?rest_route=\/wp\/v2\/product\/5184","targetHints":{"allow":["GET"]}}],"collection":[{"href":"https:\/\/wavexia.com\/index.php?rest_route=\/wp\/v2\/product"}],"about":[{"href":"https:\/\/wavexia.com\/index.php?rest_route=\/wp\/v2\/types\/product"}],"replies":[{"embeddable":true,"href":"https:\/\/wavexia.com\/index.php?rest_route=%2Fwp%2Fv2%2Fcomments&post=5184"}],"wp:featuredmedia":[{"embeddable":true,"href":"https:\/\/wavexia.com\/index.php?rest_route=\/wp\/v2\/media\/2105"}],"wp:attachment":[{"href":"https:\/\/wavexia.com\/index.php?rest_route=%2Fwp%2Fv2%2Fmedia&parent=5184"}],"wp:term":[{"taxonomy":"pwb-brand","embeddable":true,"href":"https:\/\/wavexia.com\/index.php?rest_route=%2Fwp%2Fv2%2Fpwb-brand&post=5184"},{"taxonomy":"product_brand","embeddable":true,"href":"https:\/\/wavexia.com\/index.php?rest_route=%2Fwp%2Fv2%2Fproduct_brand&post=5184"},{"taxonomy":"product_cat","embeddable":true,"href":"https:\/\/wavexia.com\/index.php?rest_route=%2Fwp%2Fv2%2Fproduct_cat&post=5184"},{"taxonomy":"product_tag","embeddable":true,"href":"https:\/\/wavexia.com\/index.php?rest_route=%2Fwp%2Fv2%2Fproduct_tag&post=5184"}],"curies":[{"name":"wp","href":"https:\/\/api.w.org\/{rel}","templated":true}]}}