{"id":5181,"date":"2025-10-19T09:17:10","date_gmt":"2025-10-19T09:17:10","guid":{"rendered":"https:\/\/wavexia.com\/product\/purito-seoul-wonder-releaf-centella-cream-50-ml\/"},"modified":"2026-03-10T07:31:08","modified_gmt":"2026-03-10T07:31:08","slug":"purito-seoul-wonder-releaf-centella-cream-50-ml","status":"publish","type":"product","link":"https:\/\/wavexia.com\/?product=purito-seoul-wonder-releaf-centella-cream-50-ml","title":{"rendered":"Purito S\u00c9OUL WONDER RELEAF CENTELLA CREAM 50 ML"},"content":{"rendered":"<h2>Description<\/h2>\n<div class=\"body-content-wrapper\">\n<p>D\u00e9couvre la Wonder Releaf Centella Cream Purito SEOUL, un soin apaisant essentiel con\u00e7u pour apporter un soulagement instantan\u00e9 aux irritations et aux rougeurs en une seule application. Formul\u00e9e \u00e0 base de Centella Asiatica, r\u00e9put\u00e9e pour ses propri\u00e9t\u00e9s apaisantes rapides, cette cr\u00e8me apporte un confort imm\u00e9diat et calme la peau tout en la prot\u00e9geant contre les facteurs de stress externes afin d\u2019am\u00e9liorer sa sant\u00e9. Infus\u00e9e de c\u00e9ramides NP et de squalane, elle emprisonne efficacement l\u2019hydratation essentielle, ce qui permet \u00e0 la peau de rester hydrat\u00e9e et nourrie.<\/p>\n<p><strong>Recommand\u00e9 pour :&nbsp;<\/strong>Peaux s\u00e8ches.<\/p>\n<p><strong>Conseils d\u2019utilisation :<\/strong><\/p>\n<ul>\n<li>Apr\u00e8s avoir nettoy\u00e9 et tonifi\u00e9 ta peau, applique une quantit\u00e9 appropri\u00e9e de la cr\u00e8me, en \u00e9vitant le contour des yeux et de la bouche.<\/li>\n<li>Masse d\u00e9licatement ta peau pour favoriser l\u2019absorption.<\/li>\n<\/ul>\n<p><strong>Ingr\u00e9dients :<\/strong><\/p>\n<p>Eau, Triglyc\u00e9ride Caprylique\/Caprique, Glyc\u00e9rine, Squalane, Alcool C\u00e9tylique, Butyl\u00e8ne Glycol, 1,2-Hexanediol, Niacinamide, Huile de Graines de Macadamia Ternifolia, L\u00e9cithine Hydrog\u00e9n\u00e9e, Extrait de Centella Asiatica, Tribehenin, Beurre de Butyrospermum Parkii, Acide B\u00e9h\u00e9nique, C\u00e9ramide NP, Acide Mad\u00e9cassique, Asiaticoside, Acide Asiatique, Ferment de Candida Bombicola\/Glucose\/M\u00e9thyl Colza, Acide Palmitique, Trom\u00e9thamine, Huile de Germe de Oryza Sativa, Huile de Cocos Nucifera, Acide St\u00e9arique, Carbom\u00e8re, Caprylyl Glycol, B\u00e9ta\u00efne, Carbom\u00e8re de Sodium, Gomme de Xanthane, Hydroxy\u00e9thylcellulose, Ad\u00e9nosine, Phytosphingosine, Acide Myristique, Acide Arachidique, Extrait de Tremella Fuciformis, Extrait de Graines de Perilla Ocymoides, Hyaluronate de Sodium, B\u00eata-Glucane, Huile de Fruit de Citrus Aurantium Bergamia, Huile de Lavandula Angustifolia, Limon\u00e8ne, Linalol.<\/p>\n<\/div>\n","protected":false},"excerpt":{"rendered":"<p>Description D\u00e9couvre la Wonder Releaf Centella Cream Purito SEOUL, un soin apaisant essentiel con\u00e7u pour apporter un soulagement instantan\u00e9 aux irritations et aux rougeurs en une seule application. Formul\u00e9e \u00e0 base de Centella Asiatica, r\u00e9put\u00e9e pour ses propri\u00e9t\u00e9s apaisantes rapides, cette cr\u00e8me apporte un confort imm\u00e9diat et calme la peau tout en la prot\u00e9geant contre [&hellip;]<\/p>\n","protected":false},"featured_media":5180,"comment_status":"open","ping_status":"closed","template":"","meta":{"content-type":"","_uag_custom_page_level_css":""},"pwb-brand":[],"product_brand":[],"product_cat":[324,327,328,334,405],"product_tag":[],"class_list":{"0":"post-5181","1":"product","2":"type-product","3":"status-publish","4":"has-post-thumbnail","6":"product_cat-creme","7":"product_cat-hmizat","8":"product_cat-nouveautes","9":"product_cat-produits-coreens","10":"product_cat-purito-seoul","12":"first","13":"instock","14":"sale","15":"shipping-taxable","16":"purchasable","17":"product-type-simple"},"aioseo_notices":[],"uagb_featured_image_src":{"full":["https:\/\/wavexia.com\/wp-content\/uploads\/2025\/10\/IMG_3148.png",1320,1320,false],"thumbnail":["https:\/\/wavexia.com\/wp-content\/uploads\/2025\/10\/IMG_3148-150x150.png",150,150,true],"medium":["https:\/\/wavexia.com\/wp-content\/uploads\/2025\/10\/IMG_3148-300x300.png",300,300,true],"medium_large":["https:\/\/wavexia.com\/wp-content\/uploads\/2025\/10\/IMG_3148-768x768.png",768,768,true],"large":["https:\/\/wavexia.com\/wp-content\/uploads\/2025\/10\/IMG_3148-1024x1024.png",1024,1024,true],"1536x1536":["https:\/\/wavexia.com\/wp-content\/uploads\/2025\/10\/IMG_3148.png",1320,1320,false],"2048x2048":["https:\/\/wavexia.com\/wp-content\/uploads\/2025\/10\/IMG_3148.png",1320,1320,false],"woocommerce_archive_thumbnail":["https:\/\/wavexia.com\/wp-content\/uploads\/2025\/10\/IMG_3148-300x300.png",300,300,true],"woocommerce_thumbnail":["https:\/\/wavexia.com\/wp-content\/uploads\/2025\/10\/IMG_3148-300x300.png",300,300,true],"woocommerce_single":["https:\/\/wavexia.com\/wp-content\/uploads\/2025\/10\/IMG_3148-600x600.png",600,600,true],"woocommerce_gallery_thumbnail":["https:\/\/wavexia.com\/wp-content\/uploads\/2025\/10\/IMG_3148-100x100.png",100,100,true]},"uagb_author_info":{"display_name":"zineddine.ayoub98@gmail.com","author_link":"https:\/\/wavexia.com\/?author=0"},"uagb_comment_info":0,"uagb_excerpt":"Description D\u00e9couvre la Wonder Releaf Centella Cream Purito SEOUL, un soin apaisant essentiel con\u00e7u pour apporter un soulagement instantan\u00e9 aux irritations et aux rougeurs en une seule application. Formul\u00e9e \u00e0 base de Centella Asiatica, r\u00e9put\u00e9e pour ses propri\u00e9t\u00e9s apaisantes rapides, cette cr\u00e8me apporte un confort imm\u00e9diat et calme la peau tout en la prot\u00e9geant contre&hellip;","brands":[],"_links":{"self":[{"href":"https:\/\/wavexia.com\/index.php?rest_route=\/wp\/v2\/product\/5181","targetHints":{"allow":["GET"]}}],"collection":[{"href":"https:\/\/wavexia.com\/index.php?rest_route=\/wp\/v2\/product"}],"about":[{"href":"https:\/\/wavexia.com\/index.php?rest_route=\/wp\/v2\/types\/product"}],"replies":[{"embeddable":true,"href":"https:\/\/wavexia.com\/index.php?rest_route=%2Fwp%2Fv2%2Fcomments&post=5181"}],"wp:featuredmedia":[{"embeddable":true,"href":"https:\/\/wavexia.com\/index.php?rest_route=\/wp\/v2\/media\/5180"}],"wp:attachment":[{"href":"https:\/\/wavexia.com\/index.php?rest_route=%2Fwp%2Fv2%2Fmedia&parent=5181"}],"wp:term":[{"taxonomy":"pwb-brand","embeddable":true,"href":"https:\/\/wavexia.com\/index.php?rest_route=%2Fwp%2Fv2%2Fpwb-brand&post=5181"},{"taxonomy":"product_brand","embeddable":true,"href":"https:\/\/wavexia.com\/index.php?rest_route=%2Fwp%2Fv2%2Fproduct_brand&post=5181"},{"taxonomy":"product_cat","embeddable":true,"href":"https:\/\/wavexia.com\/index.php?rest_route=%2Fwp%2Fv2%2Fproduct_cat&post=5181"},{"taxonomy":"product_tag","embeddable":true,"href":"https:\/\/wavexia.com\/index.php?rest_route=%2Fwp%2Fv2%2Fproduct_tag&post=5181"}],"curies":[{"name":"wp","href":"https:\/\/api.w.org\/{rel}","templated":true}]}}