{"id":5175,"date":"2025-10-19T09:17:02","date_gmt":"2025-10-19T09:17:02","guid":{"rendered":"https:\/\/wavexia.com\/product\/marvis-dentifrice-ginger-mint-85-ml\/"},"modified":"2026-03-10T07:31:08","modified_gmt":"2026-03-10T07:31:08","slug":"marvis-dentifrice-ginger-mint-85-ml","status":"publish","type":"product","link":"https:\/\/wavexia.com\/?product=marvis-dentifrice-ginger-mint-85-ml","title":{"rendered":"MARVIS DENTIFRICE GINGER MINT 85 ML"},"content":{"rendered":"<h2>Description<\/h2>\n<p>Un&nbsp;<strong>dentifrice \u00e0 la Menthe et au Gingembre<\/strong>, m\u00e9lange aromatique inhabituel frais et d\u00e9licatement \u00e9pic\u00e9.<\/p>\n<p>Un dentifrice qui permet de nettoyer d\u00e9licatement les dents sans endommager ni l\u2019\u00e9mail ni les gencives gr\u00e2ce \u00e0 de la poudre d\u2019alun. Formul\u00e9 pour pr\u00e9venir la formation des caries et lutter contre la plaque dentaire et le tartre pour un sourire \u00e9clatant et une haleine fra\u00eeche.<\/p>\n<div class=\"h4-replace\"><strong>Parfum<\/strong><\/p>\n<p>Parfum frais de menthe un brin \u00e9pic\u00e9.<\/p>\n<div class=\"title-block\"><strong>Ingr\u00e9dients<\/strong><\/div>\n<div class=\"block-content\">\n<div class=\"product-description typo\">\n<p>Glycerin, Aluminium Hydroxide, Aqua (Water\/Eau), Silica, Aroma (Flavor), Cellulose Gum, Titanium Dioxide, Xylitol, Sodium Lauryl Sulfate, Sodium Saccharin, Sodium Fluoride, Citric Acid, Sodium citrate, Limonene. Contient du fluorure de sodium (0,20%)<\/p>\n<\/div>\n<\/div>\n<\/div>\n","protected":false},"excerpt":{"rendered":"<p>Description Un&nbsp;dentifrice \u00e0 la Menthe et au Gingembre, m\u00e9lange aromatique inhabituel frais et d\u00e9licatement \u00e9pic\u00e9. Un dentifrice qui permet de nettoyer d\u00e9licatement les dents sans endommager ni l\u2019\u00e9mail ni les gencives gr\u00e2ce \u00e0 de la poudre d\u2019alun. Formul\u00e9 pour pr\u00e9venir la formation des caries et lutter contre la plaque dentaire et le tartre pour un [&hellip;]<\/p>\n","protected":false},"featured_media":5174,"comment_status":"open","ping_status":"closed","template":"","meta":{"content-type":"","_uag_custom_page_level_css":""},"pwb-brand":[],"product_brand":[],"product_cat":[440,374],"product_tag":[],"class_list":{"0":"post-5175","1":"product","2":"type-product","3":"status-publish","4":"has-post-thumbnail","6":"product_cat-marvis","7":"product_cat-soins-dentaires","9":"first","10":"instock","11":"sale","12":"shipping-taxable","13":"purchasable","14":"product-type-simple"},"aioseo_notices":[],"uagb_featured_image_src":{"full":["https:\/\/wavexia.com\/wp-content\/uploads\/2025\/10\/rn-image_picker_lib_temp_808c095e-71bb-4e82-bfa7-4c45f0ca00ee.webp",2560,2560,false],"thumbnail":["https:\/\/wavexia.com\/wp-content\/uploads\/2025\/10\/rn-image_picker_lib_temp_808c095e-71bb-4e82-bfa7-4c45f0ca00ee-150x150.webp",150,150,true],"medium":["https:\/\/wavexia.com\/wp-content\/uploads\/2025\/10\/rn-image_picker_lib_temp_808c095e-71bb-4e82-bfa7-4c45f0ca00ee-300x300.webp",300,300,true],"medium_large":["https:\/\/wavexia.com\/wp-content\/uploads\/2025\/10\/rn-image_picker_lib_temp_808c095e-71bb-4e82-bfa7-4c45f0ca00ee-768x768.webp",768,768,true],"large":["https:\/\/wavexia.com\/wp-content\/uploads\/2025\/10\/rn-image_picker_lib_temp_808c095e-71bb-4e82-bfa7-4c45f0ca00ee-1024x1024.webp",1024,1024,true],"1536x1536":["https:\/\/wavexia.com\/wp-content\/uploads\/2025\/10\/rn-image_picker_lib_temp_808c095e-71bb-4e82-bfa7-4c45f0ca00ee-1536x1536.webp",1536,1536,true],"2048x2048":["https:\/\/wavexia.com\/wp-content\/uploads\/2025\/10\/rn-image_picker_lib_temp_808c095e-71bb-4e82-bfa7-4c45f0ca00ee-2048x2048.webp",2048,2048,true],"woocommerce_archive_thumbnail":["https:\/\/wavexia.com\/wp-content\/uploads\/2025\/10\/rn-image_picker_lib_temp_808c095e-71bb-4e82-bfa7-4c45f0ca00ee-300x300.webp",300,300,true],"woocommerce_thumbnail":["https:\/\/wavexia.com\/wp-content\/uploads\/2025\/10\/rn-image_picker_lib_temp_808c095e-71bb-4e82-bfa7-4c45f0ca00ee-300x300.webp",300,300,true],"woocommerce_single":["https:\/\/wavexia.com\/wp-content\/uploads\/2025\/10\/rn-image_picker_lib_temp_808c095e-71bb-4e82-bfa7-4c45f0ca00ee-600x600.webp",600,600,true],"woocommerce_gallery_thumbnail":["https:\/\/wavexia.com\/wp-content\/uploads\/2025\/10\/rn-image_picker_lib_temp_808c095e-71bb-4e82-bfa7-4c45f0ca00ee-100x100.webp",100,100,true]},"uagb_author_info":{"display_name":"zineddine.ayoub98@gmail.com","author_link":"https:\/\/wavexia.com\/?author=0"},"uagb_comment_info":0,"uagb_excerpt":"Description Un&nbsp;dentifrice \u00e0 la Menthe et au Gingembre, m\u00e9lange aromatique inhabituel frais et d\u00e9licatement \u00e9pic\u00e9. Un dentifrice qui permet de nettoyer d\u00e9licatement les dents sans endommager ni l\u2019\u00e9mail ni les gencives gr\u00e2ce \u00e0 de la poudre d\u2019alun. Formul\u00e9 pour pr\u00e9venir la formation des caries et lutter contre la plaque dentaire et le tartre pour un&hellip;","brands":[],"_links":{"self":[{"href":"https:\/\/wavexia.com\/index.php?rest_route=\/wp\/v2\/product\/5175","targetHints":{"allow":["GET"]}}],"collection":[{"href":"https:\/\/wavexia.com\/index.php?rest_route=\/wp\/v2\/product"}],"about":[{"href":"https:\/\/wavexia.com\/index.php?rest_route=\/wp\/v2\/types\/product"}],"replies":[{"embeddable":true,"href":"https:\/\/wavexia.com\/index.php?rest_route=%2Fwp%2Fv2%2Fcomments&post=5175"}],"wp:featuredmedia":[{"embeddable":true,"href":"https:\/\/wavexia.com\/index.php?rest_route=\/wp\/v2\/media\/5174"}],"wp:attachment":[{"href":"https:\/\/wavexia.com\/index.php?rest_route=%2Fwp%2Fv2%2Fmedia&parent=5175"}],"wp:term":[{"taxonomy":"pwb-brand","embeddable":true,"href":"https:\/\/wavexia.com\/index.php?rest_route=%2Fwp%2Fv2%2Fpwb-brand&post=5175"},{"taxonomy":"product_brand","embeddable":true,"href":"https:\/\/wavexia.com\/index.php?rest_route=%2Fwp%2Fv2%2Fproduct_brand&post=5175"},{"taxonomy":"product_cat","embeddable":true,"href":"https:\/\/wavexia.com\/index.php?rest_route=%2Fwp%2Fv2%2Fproduct_cat&post=5175"},{"taxonomy":"product_tag","embeddable":true,"href":"https:\/\/wavexia.com\/index.php?rest_route=%2Fwp%2Fv2%2Fproduct_tag&post=5175"}],"curies":[{"name":"wp","href":"https:\/\/api.w.org\/{rel}","templated":true}]}}