{"id":5172,"date":"2025-10-19T09:16:59","date_gmt":"2025-10-19T09:16:59","guid":{"rendered":"https:\/\/wavexia.com\/product\/cosrx-calming-foam-cleanser-150-ml\/"},"modified":"2026-03-10T07:31:08","modified_gmt":"2026-03-10T07:31:08","slug":"cosrx-calming-foam-cleanser-150-ml","status":"publish","type":"product","link":"https:\/\/wavexia.com\/?product=cosrx-calming-foam-cleanser-150-ml","title":{"rendered":"COSRX CALMING FOAM CLEANSER 150 ML"},"content":{"rendered":"<h2>Description<\/h2>\n<p>Le nettoyant Calming Foam Cleanser de AC Collection \u00e9limine en douceur la salet\u00e9 et l\u2019exc\u00e8s de s\u00e9bum et aide \u00e0 pr\u00e9venir les \u00e9ruptions futures de la peau. Sa formulation sp\u00e9ciale est bas\u00e9e sur le complexe CentellAC-Rx qui traite l\u2019acn\u00e9 gr\u00e2ce aux propri\u00e9t\u00e9s curatives du n\u00e9nuphar indien et revitalise la peau sans l\u2019irriter. L\u2019acide salicylique, \u00e9galement connu sous le nom de BHA, nettoie les pores en profondeur, \u00e9limine les cellules mortes et am\u00e9liore l\u2019apparence g\u00e9n\u00e9rale et la texture de la peau.<\/p>\n<div class=\"_2ZBgf\">\n<h3 class=\"voFjEy YZziZ- m3OCL3 HlZ_Tf\">Convient pour&nbsp;:<\/h3>\n<div class=\"qMOFyE\">Sp\u00e9cificit\u00e9:&nbsp;Peau sensible, Acn\u00e9<\/div>\n<div class=\"\">Type de peau:&nbsp;Tous types de peau, peaux sensibles<\/div>\n<div>\n<div class=\"_2ZBgf\">\n<h3 class=\"voFjEy YZziZ- m3OCL3 HlZ_Tf\">D\u00e9tails du produit<\/h3>\n<\/div>\n<div class=\"qMOFyE\">Pr\u00e9cautions d\u2019emploi:&nbsp;Pour un usage externe uniquement Conserver hors de la port\u00e9e des enfants. \u00c9vitez tout contact direct avec les yeux. En cas d\u2019\u00e9ruption cutan\u00e9e ou d\u2019irritations, cessez toute utilisation et consultez un m\u00e9decin.<\/div>\n<div class=\"qMOFyE\">Format:&nbsp;Mousse<\/div>\n<div class=\"qMOFyE\">Volume:&nbsp;150.0 ml<\/div>\n<div>\n<div class=\"_2ZBgf\">\n<h3 class=\"voFjEy YZziZ- m3OCL3 HlZ_Tf\">Tous les ingr\u00e9dients<\/h3>\n<\/div>\n<div class=\"\">Composition:&nbsp;Aqua\/Water, Glycerin, Stearic Acid, Myristic Acid, PEG-32, Potassium Hydroxide, Palmitic Acid, Lauric Acid, PEG-100 Stearate, Glyceryl Stearate, Lauramide DEA, Cocamidopropyl Betaine, Potassium Cocoate, Salicylic Acid, Lavandula Hybrida Oil, Sodium Chloride, Arachidic Acid, Disodium EDTA, Oleic Acid, Asiaticoside, Asiatic Acid, Madecassic Acid, Linalool, Limonene<\/div>\n<\/div>\n<\/div>\n<\/div>\n","protected":false},"excerpt":{"rendered":"<p>Description Le nettoyant Calming Foam Cleanser de AC Collection \u00e9limine en douceur la salet\u00e9 et l\u2019exc\u00e8s de s\u00e9bum et aide \u00e0 pr\u00e9venir les \u00e9ruptions futures de la peau. Sa formulation sp\u00e9ciale est bas\u00e9e sur le complexe CentellAC-Rx qui traite l\u2019acn\u00e9 gr\u00e2ce aux propri\u00e9t\u00e9s curatives du n\u00e9nuphar indien et revitalise la peau sans l\u2019irriter. L\u2019acide salicylique, [&hellip;]<\/p>\n","protected":false},"featured_media":5171,"comment_status":"open","ping_status":"closed","template":"","meta":{"content-type":"","_uag_custom_page_level_css":""},"pwb-brand":[],"product_brand":[],"product_cat":[347,327,336,328,334],"product_tag":[],"class_list":{"0":"post-5172","1":"product","2":"type-product","3":"status-publish","4":"has-post-thumbnail","6":"product_cat-cosrx","7":"product_cat-hmizat","8":"product_cat-nettoyant","9":"product_cat-nouveautes","10":"product_cat-produits-coreens","12":"first","13":"instock","14":"sale","15":"shipping-taxable","16":"purchasable","17":"product-type-simple"},"aioseo_notices":[],"uagb_featured_image_src":{"full":["https:\/\/wavexia.com\/wp-content\/uploads\/2025\/10\/3b34030dbfb345d3aafb2229d5eca8e8.webp",800,1155,false],"thumbnail":["https:\/\/wavexia.com\/wp-content\/uploads\/2025\/10\/3b34030dbfb345d3aafb2229d5eca8e8-150x150.webp",150,150,true],"medium":["https:\/\/wavexia.com\/wp-content\/uploads\/2025\/10\/3b34030dbfb345d3aafb2229d5eca8e8-208x300.webp",208,300,true],"medium_large":["https:\/\/wavexia.com\/wp-content\/uploads\/2025\/10\/3b34030dbfb345d3aafb2229d5eca8e8-768x1109.webp",768,1109,true],"large":["https:\/\/wavexia.com\/wp-content\/uploads\/2025\/10\/3b34030dbfb345d3aafb2229d5eca8e8-709x1024.webp",709,1024,true],"1536x1536":["https:\/\/wavexia.com\/wp-content\/uploads\/2025\/10\/3b34030dbfb345d3aafb2229d5eca8e8.webp",800,1155,false],"2048x2048":["https:\/\/wavexia.com\/wp-content\/uploads\/2025\/10\/3b34030dbfb345d3aafb2229d5eca8e8.webp",800,1155,false],"woocommerce_archive_thumbnail":["https:\/\/wavexia.com\/wp-content\/uploads\/2025\/10\/3b34030dbfb345d3aafb2229d5eca8e8-300x433.webp",300,433,true],"woocommerce_thumbnail":["https:\/\/wavexia.com\/wp-content\/uploads\/2025\/10\/3b34030dbfb345d3aafb2229d5eca8e8-300x300.webp",300,300,true],"woocommerce_single":["https:\/\/wavexia.com\/wp-content\/uploads\/2025\/10\/3b34030dbfb345d3aafb2229d5eca8e8-600x866.webp",600,866,true],"woocommerce_gallery_thumbnail":["https:\/\/wavexia.com\/wp-content\/uploads\/2025\/10\/3b34030dbfb345d3aafb2229d5eca8e8-100x100.webp",100,100,true]},"uagb_author_info":{"display_name":"zineddine.ayoub98@gmail.com","author_link":"https:\/\/wavexia.com\/?author=0"},"uagb_comment_info":0,"uagb_excerpt":"Description Le nettoyant Calming Foam Cleanser de AC Collection \u00e9limine en douceur la salet\u00e9 et l\u2019exc\u00e8s de s\u00e9bum et aide \u00e0 pr\u00e9venir les \u00e9ruptions futures de la peau. Sa formulation sp\u00e9ciale est bas\u00e9e sur le complexe CentellAC-Rx qui traite l\u2019acn\u00e9 gr\u00e2ce aux propri\u00e9t\u00e9s curatives du n\u00e9nuphar indien et revitalise la peau sans l\u2019irriter. L\u2019acide salicylique,&hellip;","brands":[],"_links":{"self":[{"href":"https:\/\/wavexia.com\/index.php?rest_route=\/wp\/v2\/product\/5172","targetHints":{"allow":["GET"]}}],"collection":[{"href":"https:\/\/wavexia.com\/index.php?rest_route=\/wp\/v2\/product"}],"about":[{"href":"https:\/\/wavexia.com\/index.php?rest_route=\/wp\/v2\/types\/product"}],"replies":[{"embeddable":true,"href":"https:\/\/wavexia.com\/index.php?rest_route=%2Fwp%2Fv2%2Fcomments&post=5172"}],"wp:featuredmedia":[{"embeddable":true,"href":"https:\/\/wavexia.com\/index.php?rest_route=\/wp\/v2\/media\/5171"}],"wp:attachment":[{"href":"https:\/\/wavexia.com\/index.php?rest_route=%2Fwp%2Fv2%2Fmedia&parent=5172"}],"wp:term":[{"taxonomy":"pwb-brand","embeddable":true,"href":"https:\/\/wavexia.com\/index.php?rest_route=%2Fwp%2Fv2%2Fpwb-brand&post=5172"},{"taxonomy":"product_brand","embeddable":true,"href":"https:\/\/wavexia.com\/index.php?rest_route=%2Fwp%2Fv2%2Fproduct_brand&post=5172"},{"taxonomy":"product_cat","embeddable":true,"href":"https:\/\/wavexia.com\/index.php?rest_route=%2Fwp%2Fv2%2Fproduct_cat&post=5172"},{"taxonomy":"product_tag","embeddable":true,"href":"https:\/\/wavexia.com\/index.php?rest_route=%2Fwp%2Fv2%2Fproduct_tag&post=5172"}],"curies":[{"name":"wp","href":"https:\/\/api.w.org\/{rel}","templated":true}]}}