{"id":5170,"date":"2025-10-19T09:16:58","date_gmt":"2025-10-19T09:16:58","guid":{"rendered":"https:\/\/wavexia.com\/product\/rituals-la-creme-pour-le-corps-220ml-ayurveda\/"},"modified":"2026-03-10T07:31:08","modified_gmt":"2026-03-10T07:31:08","slug":"rituals-la-creme-pour-le-corps-220ml-ayurveda","status":"publish","type":"product","link":"https:\/\/wavexia.com\/?product=rituals-la-creme-pour-le-corps-220ml-ayurveda","title":{"rendered":"Rituals \u2013 la cr\u00e8me pour le corps 220ML \u2013 AYURVEDA"},"content":{"rendered":"<h2>Description<\/h2>\n<p>\u00c9quilibrez le corps, l\u2019esprit et l\u2019\u00e2me avec cette<strong>&nbsp;luxueuse cr\u00e8me pour le corps de The Ritual of Ayurveda<\/strong>.<\/p>\n<p>Avec le parfum doux et d\u00e9licat&nbsp;<strong>de la rose d\u2019Inde<\/strong>&nbsp;et l\u2019effet apaisant du&nbsp;<strong>miel de l\u2019Himalaya<\/strong>, cette cr\u00e8me riche&nbsp;<strong>hydrate intens\u00e9ment la peau&nbsp;<\/strong>et la laisse soyeuse.<\/p>\n<p>Appliquez quotidiennement cette cr\u00e8me nourrissante sur la peau et utilisez-la pour masser sur tout votre corps.<\/p>\n","protected":false},"excerpt":{"rendered":"<p>Description \u00c9quilibrez le corps, l\u2019esprit et l\u2019\u00e2me avec cette&nbsp;luxueuse cr\u00e8me pour le corps de The Ritual of Ayurveda. Avec le parfum doux et d\u00e9licat&nbsp;de la rose d\u2019Inde&nbsp;et l\u2019effet apaisant du&nbsp;miel de l\u2019Himalaya, cette cr\u00e8me riche&nbsp;hydrate intens\u00e9ment la peau&nbsp;et la laisse soyeuse. Appliquez quotidiennement cette cr\u00e8me nourrissante sur la peau et utilisez-la pour masser sur tout [&hellip;]<\/p>\n","protected":false},"featured_media":5169,"comment_status":"open","ping_status":"closed","template":"","meta":{"content-type":"","_uag_custom_page_level_css":""},"pwb-brand":[],"product_brand":[],"product_cat":[332],"product_tag":[],"class_list":{"0":"post-5170","1":"product","2":"type-product","3":"status-publish","4":"has-post-thumbnail","6":"product_cat-rituals","8":"first","9":"instock","10":"shipping-taxable","11":"purchasable","12":"product-type-simple"},"aioseo_notices":[],"uagb_featured_image_src":{"full":["https:\/\/wavexia.com\/wp-content\/uploads\/2025\/10\/1109804_bodycream-220ml-1_Square.webp",1000,1000,false],"thumbnail":["https:\/\/wavexia.com\/wp-content\/uploads\/2025\/10\/1109804_bodycream-220ml-1_Square-150x150.webp",150,150,true],"medium":["https:\/\/wavexia.com\/wp-content\/uploads\/2025\/10\/1109804_bodycream-220ml-1_Square-300x300.webp",300,300,true],"medium_large":["https:\/\/wavexia.com\/wp-content\/uploads\/2025\/10\/1109804_bodycream-220ml-1_Square-768x768.webp",768,768,true],"large":["https:\/\/wavexia.com\/wp-content\/uploads\/2025\/10\/1109804_bodycream-220ml-1_Square.webp",1000,1000,false],"1536x1536":["https:\/\/wavexia.com\/wp-content\/uploads\/2025\/10\/1109804_bodycream-220ml-1_Square.webp",1000,1000,false],"2048x2048":["https:\/\/wavexia.com\/wp-content\/uploads\/2025\/10\/1109804_bodycream-220ml-1_Square.webp",1000,1000,false],"woocommerce_archive_thumbnail":["https:\/\/wavexia.com\/wp-content\/uploads\/2025\/10\/1109804_bodycream-220ml-1_Square-300x300.webp",300,300,true],"woocommerce_thumbnail":["https:\/\/wavexia.com\/wp-content\/uploads\/2025\/10\/1109804_bodycream-220ml-1_Square-300x300.webp",300,300,true],"woocommerce_single":["https:\/\/wavexia.com\/wp-content\/uploads\/2025\/10\/1109804_bodycream-220ml-1_Square-600x600.webp",600,600,true],"woocommerce_gallery_thumbnail":["https:\/\/wavexia.com\/wp-content\/uploads\/2025\/10\/1109804_bodycream-220ml-1_Square-100x100.webp",100,100,true]},"uagb_author_info":{"display_name":"zineddine.ayoub98@gmail.com","author_link":"https:\/\/wavexia.com\/?author=0"},"uagb_comment_info":0,"uagb_excerpt":"Description \u00c9quilibrez le corps, l\u2019esprit et l\u2019\u00e2me avec cette&nbsp;luxueuse cr\u00e8me pour le corps de The Ritual of Ayurveda. Avec le parfum doux et d\u00e9licat&nbsp;de la rose d\u2019Inde&nbsp;et l\u2019effet apaisant du&nbsp;miel de l\u2019Himalaya, cette cr\u00e8me riche&nbsp;hydrate intens\u00e9ment la peau&nbsp;et la laisse soyeuse. Appliquez quotidiennement cette cr\u00e8me nourrissante sur la peau et utilisez-la pour masser sur tout&hellip;","brands":[],"_links":{"self":[{"href":"https:\/\/wavexia.com\/index.php?rest_route=\/wp\/v2\/product\/5170","targetHints":{"allow":["GET"]}}],"collection":[{"href":"https:\/\/wavexia.com\/index.php?rest_route=\/wp\/v2\/product"}],"about":[{"href":"https:\/\/wavexia.com\/index.php?rest_route=\/wp\/v2\/types\/product"}],"replies":[{"embeddable":true,"href":"https:\/\/wavexia.com\/index.php?rest_route=%2Fwp%2Fv2%2Fcomments&post=5170"}],"wp:featuredmedia":[{"embeddable":true,"href":"https:\/\/wavexia.com\/index.php?rest_route=\/wp\/v2\/media\/5169"}],"wp:attachment":[{"href":"https:\/\/wavexia.com\/index.php?rest_route=%2Fwp%2Fv2%2Fmedia&parent=5170"}],"wp:term":[{"taxonomy":"pwb-brand","embeddable":true,"href":"https:\/\/wavexia.com\/index.php?rest_route=%2Fwp%2Fv2%2Fpwb-brand&post=5170"},{"taxonomy":"product_brand","embeddable":true,"href":"https:\/\/wavexia.com\/index.php?rest_route=%2Fwp%2Fv2%2Fproduct_brand&post=5170"},{"taxonomy":"product_cat","embeddable":true,"href":"https:\/\/wavexia.com\/index.php?rest_route=%2Fwp%2Fv2%2Fproduct_cat&post=5170"},{"taxonomy":"product_tag","embeddable":true,"href":"https:\/\/wavexia.com\/index.php?rest_route=%2Fwp%2Fv2%2Fproduct_tag&post=5170"}],"curies":[{"name":"wp","href":"https:\/\/api.w.org\/{rel}","templated":true}]}}