{"id":5167,"date":"2025-10-19T09:16:55","date_gmt":"2025-10-19T09:16:55","guid":{"rendered":"https:\/\/wavexia.com\/product\/mixa-stretchmark-oil-100ml\/"},"modified":"2026-03-10T07:31:08","modified_gmt":"2026-03-10T07:31:08","slug":"mixa-stretchmark-oil-100ml","status":"publish","type":"product","link":"https:\/\/wavexia.com\/?product=mixa-stretchmark-oil-100ml","title":{"rendered":"MIXA Stretchmark Oil 100ml"},"content":{"rendered":"<h2>Description<\/h2>\n<p>\u2714 R\u00e9duit l\u2019apparence et les d\u00e9mangeaisons des vergetures<br \/>\u2714 30&nbsp;% Om\u00e9ga 6 et 9<br \/>\u2714 Fini<br \/>\u2714 non gras Sans parfum<br \/>\u2714 Convient pour l\u2019apr\u00e8s-grossesse<\/p>\n<p>La solution efficace pour un grain de peau visiblement am\u00e9lior\u00e9 : l\u2019huile anti-vergetures de Mixa adoucit non seulement l\u2019apparence des vergetures, mais soulage \u00e9galement les d\u00e9mangeaisons d\u00e9sagr\u00e9ables qui l\u2019accompagnent souvent.<\/p>\n<p>Apr\u00e8s seulement 4 semaines d\u2019utilisation r\u00e9guli\u00e8re, il y a une am\u00e9lioration d\u00e9montrable de l\u2019apparence des vergetures. Que ce soit apr\u00e8s la grossesse ou dans d\u2019autres phases de la vie, ce produit est le compagnon id\u00e9al sur le chemin d\u2019une peau radieuse et saine.<\/p>\n<p>Avec une combinaison unique de 30 % d\u2019om\u00e9ga 6 et 9, notre huile anti-vergetures procure une hydratation intensive et maintient la peau souple. La formule au fini non gras p\u00e9n\u00e8tre rapidement, laisse la peau confortable et soutient l\u2019\u00e9lasticit\u00e9 de la peau. De plus, l\u2019huile est sans parfum, ce qui la rend id\u00e9ale pour ceux qui veulent \u00e9viter les parfums.<\/p>\n<h5>les information d\u2019appliquer:<\/h5>\n<p>Pour tirer le meilleur parti des huiles anti-vergetures Mixa, massez l\u2019huile sur la peau avec des mouvements doux et circulaires. Pour que les pr\u00e9cieux ingr\u00e9dients puissent d\u00e9velopper leur plein effet, assurez-vous que l\u2019huile est bien absorb\u00e9e.<\/p>\n<p>Particuli\u00e8rement adapt\u00e9 pour soutenir la peau pendant la p\u00e9riode apr\u00e8s la grossesse. Avant d\u2019allaiter, il est important de bien nettoyer le sein \u00e0 l\u2019eau ti\u00e8de. Veuillez noter que l\u2019utilisation d\u2019huile sur une peau craquel\u00e9e est \u00e0 \u00e9viter.<\/p>\n<h5>ingr\u00e9dients:<\/h5>\n<p>HUILE DE GRAINES D\u2019HELIANTHUS ANNUUS \/ HUILE DE TOURNESOL \u2022 TRIGLYC\u00c9RIDES CAPRYLIQUES\/CAPRIQUES \u2022 OCTYLDOD\u00c9CANOL \u2022 ST\u00c9ARATE D\u2019ISOC\u00c9TYLE \u2022 HEXYLD\u00c9CANOL \u2022 LAURATE D\u2019HEXYLD\u00c9CYLE \u2022 HUILE DE PRUNUS AMYGDALUS DULCIS \/ HUILE D\u2019AMANDE DOUCE \u2022 ACIDE CITRIQUE \u2022 HUILE DE FRUIT D\u2019OLEA EUROPAEA \/ HUILE DE FRUIT D\u2019OLIVE \u2022 TOCOPH\u00c9ROL (F.I.L. Z70044643\/1).<\/p>\n","protected":false},"excerpt":{"rendered":"<p>Description \u2714 R\u00e9duit l\u2019apparence et les d\u00e9mangeaisons des vergetures\u2714 30&nbsp;% Om\u00e9ga 6 et 9\u2714 Fini\u2714 non gras Sans parfum\u2714 Convient pour l\u2019apr\u00e8s-grossesse La solution efficace pour un grain de peau visiblement am\u00e9lior\u00e9 : l\u2019huile anti-vergetures de Mixa adoucit non seulement l\u2019apparence des vergetures, mais soulage \u00e9galement les d\u00e9mangeaisons d\u00e9sagr\u00e9ables qui l\u2019accompagnent souvent. Apr\u00e8s seulement 4 [&hellip;]<\/p>\n","protected":false},"featured_media":5166,"comment_status":"open","ping_status":"closed","template":"","meta":{"content-type":"","_uag_custom_page_level_css":""},"pwb-brand":[],"product_brand":[],"product_cat":[322,444,328],"product_tag":[],"class_list":{"0":"post-5167","1":"product","2":"type-product","3":"status-publish","4":"has-post-thumbnail","6":"product_cat-corps-bain","7":"product_cat-mixa","8":"product_cat-nouveautes","10":"first","11":"instock","12":"shipping-taxable","13":"purchasable","14":"product-type-simple"},"aioseo_notices":[],"uagb_featured_image_src":{"full":["https:\/\/wavexia.com\/wp-content\/uploads\/2025\/10\/2n0bizq44zd0.jpg",1600,1600,false],"thumbnail":["https:\/\/wavexia.com\/wp-content\/uploads\/2025\/10\/2n0bizq44zd0-150x150.jpg",150,150,true],"medium":["https:\/\/wavexia.com\/wp-content\/uploads\/2025\/10\/2n0bizq44zd0-300x300.jpg",300,300,true],"medium_large":["https:\/\/wavexia.com\/wp-content\/uploads\/2025\/10\/2n0bizq44zd0-768x768.jpg",768,768,true],"large":["https:\/\/wavexia.com\/wp-content\/uploads\/2025\/10\/2n0bizq44zd0-1024x1024.jpg",1024,1024,true],"1536x1536":["https:\/\/wavexia.com\/wp-content\/uploads\/2025\/10\/2n0bizq44zd0-1536x1536.jpg",1536,1536,true],"2048x2048":["https:\/\/wavexia.com\/wp-content\/uploads\/2025\/10\/2n0bizq44zd0.jpg",1600,1600,false],"woocommerce_archive_thumbnail":["https:\/\/wavexia.com\/wp-content\/uploads\/2025\/10\/2n0bizq44zd0-300x300.jpg",300,300,true],"woocommerce_thumbnail":["https:\/\/wavexia.com\/wp-content\/uploads\/2025\/10\/2n0bizq44zd0-300x300.jpg",300,300,true],"woocommerce_single":["https:\/\/wavexia.com\/wp-content\/uploads\/2025\/10\/2n0bizq44zd0-600x600.jpg",600,600,true],"woocommerce_gallery_thumbnail":["https:\/\/wavexia.com\/wp-content\/uploads\/2025\/10\/2n0bizq44zd0-100x100.jpg",100,100,true]},"uagb_author_info":{"display_name":"zineddine.ayoub98@gmail.com","author_link":"https:\/\/wavexia.com\/?author=0"},"uagb_comment_info":0,"uagb_excerpt":"Description \u2714 R\u00e9duit l\u2019apparence et les d\u00e9mangeaisons des vergetures\u2714 30&nbsp;% Om\u00e9ga 6 et 9\u2714 Fini\u2714 non gras Sans parfum\u2714 Convient pour l\u2019apr\u00e8s-grossesse La solution efficace pour un grain de peau visiblement am\u00e9lior\u00e9 : l\u2019huile anti-vergetures de Mixa adoucit non seulement l\u2019apparence des vergetures, mais soulage \u00e9galement les d\u00e9mangeaisons d\u00e9sagr\u00e9ables qui l\u2019accompagnent souvent. Apr\u00e8s seulement 4&hellip;","brands":[],"_links":{"self":[{"href":"https:\/\/wavexia.com\/index.php?rest_route=\/wp\/v2\/product\/5167","targetHints":{"allow":["GET"]}}],"collection":[{"href":"https:\/\/wavexia.com\/index.php?rest_route=\/wp\/v2\/product"}],"about":[{"href":"https:\/\/wavexia.com\/index.php?rest_route=\/wp\/v2\/types\/product"}],"replies":[{"embeddable":true,"href":"https:\/\/wavexia.com\/index.php?rest_route=%2Fwp%2Fv2%2Fcomments&post=5167"}],"wp:featuredmedia":[{"embeddable":true,"href":"https:\/\/wavexia.com\/index.php?rest_route=\/wp\/v2\/media\/5166"}],"wp:attachment":[{"href":"https:\/\/wavexia.com\/index.php?rest_route=%2Fwp%2Fv2%2Fmedia&parent=5167"}],"wp:term":[{"taxonomy":"pwb-brand","embeddable":true,"href":"https:\/\/wavexia.com\/index.php?rest_route=%2Fwp%2Fv2%2Fpwb-brand&post=5167"},{"taxonomy":"product_brand","embeddable":true,"href":"https:\/\/wavexia.com\/index.php?rest_route=%2Fwp%2Fv2%2Fproduct_brand&post=5167"},{"taxonomy":"product_cat","embeddable":true,"href":"https:\/\/wavexia.com\/index.php?rest_route=%2Fwp%2Fv2%2Fproduct_cat&post=5167"},{"taxonomy":"product_tag","embeddable":true,"href":"https:\/\/wavexia.com\/index.php?rest_route=%2Fwp%2Fv2%2Fproduct_tag&post=5167"}],"curies":[{"name":"wp","href":"https:\/\/api.w.org\/{rel}","templated":true}]}}