{"id":5164,"date":"2025-10-19T09:16:51","date_gmt":"2025-10-19T09:16:51","guid":{"rendered":"https:\/\/wavexia.com\/product\/abib-heartleaf-calming-toner-skin-booster-200ml\/"},"modified":"2026-03-10T07:31:08","modified_gmt":"2026-03-10T07:31:08","slug":"abib-heartleaf-calming-toner-skin-booster-200ml","status":"publish","type":"product","link":"https:\/\/wavexia.com\/?product=abib-heartleaf-calming-toner-skin-booster-200ml","title":{"rendered":"Abib Heartleaf Calming Toner Skin Booster 200ml"},"content":{"rendered":"<h2>Description<\/h2>\n<p>ABIB Heartleaf Toner Calming Toner Skin Booster l Abib Houttuynia Tonique Apaisant Calmant 200ml 8809657118012<\/p>\n<p>Hydratation en profondeur : Un tonique calmant et hydratant qui p\u00e9n\u00e8tre rapidement et fournit une hydratation compl\u00e8te \u00e0 l\u2019int\u00e9rieur de la peau<\/p>\n<p>Ingr\u00e9dients apaisants : Les feuilles de c\u0153ur (50 000 ppm) r\u00e9colt\u00e9es dans la montagne Jiri aident \u00e0 \u00e9liminer l\u2019exc\u00e8s de s\u00e9bum et les peaux mortes, gardant la peau propre<\/p>\n<p>Formule \u00e0 l\u2019eau : Contient de l\u2019acide hyaluronique de faible poids mol\u00e9culaire pour am\u00e9liorer instantan\u00e9ment l\u2019\u00e9tanch\u00e9it\u00e9 de la peau et a un effet hydratant.<\/p>\n<h5>mode d\u2019emploi:<\/h5>\n<p>Apr\u00e8s avoir nettoy\u00e9 le visage, utilisez des mains propres ou un coton pour appliquer une quantit\u00e9 ad\u00e9quate de toner sur le visage. Tapotez doucement pour l\u2019absorption.<\/p>\n<h5>ingr\u00e9dients:<\/h5>\n<p>Eau, extrait de Houttuynia Cordata, glyc\u00e9rine, butyl\u00e8ne glycol, pentyl\u00e8ne glycol, xylitol, lysat de ferment bifida, hyaluronate de sodium, extrait de graines de glycine soja (soja), extrait de centella asiatica, acide hyaluronique hydrolys\u00e9, extrait de racine de Scutellaria baicalensis, extrait de feuille de gaultheria procumbens (gaulth\u00e9rie), extrait de fleur de Lonicera Japonica (ch\u00e8vrefeuille), b\u00e9ta\u00efne, 1,2-hexanediol, panth\u00e9nol, \u00e9thylhexylglyc\u00e9rine, octanediol, tocoph\u00e9rol, gomme de biosaccharide-4, EDTA disodique, gomme xanthane.<\/p>\n<p>&nbsp;<\/p>\n","protected":false},"excerpt":{"rendered":"<p>Description ABIB Heartleaf Toner Calming Toner Skin Booster l Abib Houttuynia Tonique Apaisant Calmant 200ml 8809657118012 Hydratation en profondeur : Un tonique calmant et hydratant qui p\u00e9n\u00e8tre rapidement et fournit une hydratation compl\u00e8te \u00e0 l\u2019int\u00e9rieur de la peau Ingr\u00e9dients apaisants : Les feuilles de c\u0153ur (50 000 ppm) r\u00e9colt\u00e9es dans la montagne Jiri aident \u00e0 [&hellip;]<\/p>\n","protected":false},"featured_media":5163,"comment_status":"open","ping_status":"closed","template":"","meta":{"content-type":"","_uag_custom_page_level_css":""},"pwb-brand":[],"product_brand":[],"product_cat":[402,328,334,345],"product_tag":[],"class_list":{"0":"post-5164","1":"product","2":"type-product","3":"status-publish","4":"has-post-thumbnail","6":"product_cat-abib","7":"product_cat-nouveautes","8":"product_cat-produits-coreens","9":"product_cat-toner-pads","11":"first","12":"instock","13":"sale","14":"shipping-taxable","15":"purchasable","16":"product-type-simple"},"aioseo_notices":[],"uagb_featured_image_src":{"full":["https:\/\/wavexia.com\/wp-content\/uploads\/2025\/10\/6638e343ddb5126bce016da5-abib-heartleaf-calming-toner-skin.webp",1141,1305,false],"thumbnail":["https:\/\/wavexia.com\/wp-content\/uploads\/2025\/10\/6638e343ddb5126bce016da5-abib-heartleaf-calming-toner-skin-150x150.webp",150,150,true],"medium":["https:\/\/wavexia.com\/wp-content\/uploads\/2025\/10\/6638e343ddb5126bce016da5-abib-heartleaf-calming-toner-skin-262x300.webp",262,300,true],"medium_large":["https:\/\/wavexia.com\/wp-content\/uploads\/2025\/10\/6638e343ddb5126bce016da5-abib-heartleaf-calming-toner-skin-768x878.webp",768,878,true],"large":["https:\/\/wavexia.com\/wp-content\/uploads\/2025\/10\/6638e343ddb5126bce016da5-abib-heartleaf-calming-toner-skin-895x1024.webp",895,1024,true],"1536x1536":["https:\/\/wavexia.com\/wp-content\/uploads\/2025\/10\/6638e343ddb5126bce016da5-abib-heartleaf-calming-toner-skin.webp",1141,1305,false],"2048x2048":["https:\/\/wavexia.com\/wp-content\/uploads\/2025\/10\/6638e343ddb5126bce016da5-abib-heartleaf-calming-toner-skin.webp",1141,1305,false],"woocommerce_archive_thumbnail":["https:\/\/wavexia.com\/wp-content\/uploads\/2025\/10\/6638e343ddb5126bce016da5-abib-heartleaf-calming-toner-skin-300x343.webp",300,343,true],"woocommerce_thumbnail":["https:\/\/wavexia.com\/wp-content\/uploads\/2025\/10\/6638e343ddb5126bce016da5-abib-heartleaf-calming-toner-skin-300x300.webp",300,300,true],"woocommerce_single":["https:\/\/wavexia.com\/wp-content\/uploads\/2025\/10\/6638e343ddb5126bce016da5-abib-heartleaf-calming-toner-skin-600x686.webp",600,686,true],"woocommerce_gallery_thumbnail":["https:\/\/wavexia.com\/wp-content\/uploads\/2025\/10\/6638e343ddb5126bce016da5-abib-heartleaf-calming-toner-skin-100x100.webp",100,100,true]},"uagb_author_info":{"display_name":"zineddine.ayoub98@gmail.com","author_link":"https:\/\/wavexia.com\/?author=0"},"uagb_comment_info":0,"uagb_excerpt":"Description ABIB Heartleaf Toner Calming Toner Skin Booster l Abib Houttuynia Tonique Apaisant Calmant 200ml 8809657118012 Hydratation en profondeur : Un tonique calmant et hydratant qui p\u00e9n\u00e8tre rapidement et fournit une hydratation compl\u00e8te \u00e0 l\u2019int\u00e9rieur de la peau Ingr\u00e9dients apaisants : Les feuilles de c\u0153ur (50 000 ppm) r\u00e9colt\u00e9es dans la montagne Jiri aident \u00e0&hellip;","brands":[],"_links":{"self":[{"href":"https:\/\/wavexia.com\/index.php?rest_route=\/wp\/v2\/product\/5164","targetHints":{"allow":["GET"]}}],"collection":[{"href":"https:\/\/wavexia.com\/index.php?rest_route=\/wp\/v2\/product"}],"about":[{"href":"https:\/\/wavexia.com\/index.php?rest_route=\/wp\/v2\/types\/product"}],"replies":[{"embeddable":true,"href":"https:\/\/wavexia.com\/index.php?rest_route=%2Fwp%2Fv2%2Fcomments&post=5164"}],"wp:featuredmedia":[{"embeddable":true,"href":"https:\/\/wavexia.com\/index.php?rest_route=\/wp\/v2\/media\/5163"}],"wp:attachment":[{"href":"https:\/\/wavexia.com\/index.php?rest_route=%2Fwp%2Fv2%2Fmedia&parent=5164"}],"wp:term":[{"taxonomy":"pwb-brand","embeddable":true,"href":"https:\/\/wavexia.com\/index.php?rest_route=%2Fwp%2Fv2%2Fpwb-brand&post=5164"},{"taxonomy":"product_brand","embeddable":true,"href":"https:\/\/wavexia.com\/index.php?rest_route=%2Fwp%2Fv2%2Fproduct_brand&post=5164"},{"taxonomy":"product_cat","embeddable":true,"href":"https:\/\/wavexia.com\/index.php?rest_route=%2Fwp%2Fv2%2Fproduct_cat&post=5164"},{"taxonomy":"product_tag","embeddable":true,"href":"https:\/\/wavexia.com\/index.php?rest_route=%2Fwp%2Fv2%2Fproduct_tag&post=5164"}],"curies":[{"name":"wp","href":"https:\/\/api.w.org\/{rel}","templated":true}]}}